{"id":1063,"date":"2025-12-01T12:37:13","date_gmt":"2025-12-01T09:37:13","guid":{"rendered":"https:\/\/22bet.team\/argentina\/?page_id=1063"},"modified":"2026-03-08T22:47:03","modified_gmt":"2026-03-08T19:47:03","slug":"login","status":"publish","type":"page","link":"https:\/\/22bet.team\/argentina\/login\/","title":{"rendered":"Iniciar sesi\u00f3n"},"content":{"rendered":"","protected":false},"excerpt":{"rendered":"","protected":false},"author":1,"featured_media":0,"parent":0,"menu_order":0,"comment_status":"closed","ping_status":"closed","template":"","meta":{"_acf_changed":false,"footnotes":""},"class_list":["post-1063","page","type-page","status-publish","hentry"],"acf":[],"yoast_head":"<!-- This site is optimized with the Yoast SEO plugin v26.1.1 - https:\/\/yoast.com\/wordpress\/plugins\/seo\/ -->\n<title>22Bet Argentina Login \u1409 Mi Cuenta, Sitio Oficial y Registro<\/title>\n<meta name=\"description\" content=\"Iniciar sesi\u00f3n en tu cuenta personal de 22Bet: accede a tu cuenta a trav\u00e9s del sitio web oficial y el espejo funcional. Instrucciones paso a paso para la autorizaci\u00f3n, la recuperaci\u00f3n de la contrase\u00f1a y el registro con un bono del 100 %. Descubre c\u00f3mo iniciar sesi\u00f3n a trav\u00e9s de la aplicaci\u00f3n m\u00f3vil.\" \/>\n<meta name=\"robots\" content=\"index, follow, max-snippet:-1, max-image-preview:large, max-video-preview:-1\" \/>\n<link rel=\"canonical\" href=\"https:\/\/22bet.team\/argentina\/login\/\" \/>\n<meta property=\"og:locale\" content=\"es_ES\" \/>\n<meta property=\"og:type\" content=\"article\" \/>\n<meta property=\"og:title\" content=\"22Bet Argentina Login \u1409 Mi Cuenta, Sitio Oficial y Registro\" \/>\n<meta property=\"og:description\" content=\"Iniciar sesi\u00f3n en tu cuenta personal de 22Bet: accede a tu cuenta a trav\u00e9s del sitio web oficial y el espejo funcional. Instrucciones paso a paso para la autorizaci\u00f3n, la recuperaci\u00f3n de la contrase\u00f1a y el registro con un bono del 100 %. Descubre c\u00f3mo iniciar sesi\u00f3n a trav\u00e9s de la aplicaci\u00f3n m\u00f3vil.\" \/>\n<meta property=\"og:url\" content=\"https:\/\/22bet.team\/argentina\/login\/\" \/>\n<meta property=\"og:site_name\" content=\"22Bet Team AR\" \/>\n<meta property=\"article:modified_time\" content=\"2026-03-08T19:47:03+00:00\" \/>\n<meta name=\"twitter:card\" content=\"summary_large_image\" \/>\n<script type=\"application\/ld+json\" class=\"yoast-schema-graph\">{\"@context\":\"https:\/\/schema.org\",\"@graph\":[{\"@type\":\"WebPage\",\"@id\":\"https:\/\/22bet.team\/argentina\/login\/\",\"url\":\"https:\/\/22bet.team\/argentina\/login\/\",\"name\":\"22Bet Argentina Login \u1409 Mi Cuenta, Sitio Oficial y Registro\",\"isPartOf\":{\"@id\":\"http:\/\/22bet.team\/argentina\/#website\"},\"datePublished\":\"2025-12-01T09:37:13+00:00\",\"dateModified\":\"2026-03-08T19:47:03+00:00\",\"description\":\"Iniciar sesi\u00f3n en tu cuenta personal de 22Bet: accede a tu cuenta a trav\u00e9s del sitio web oficial y el espejo funcional. Instrucciones paso a paso para la autorizaci\u00f3n, la recuperaci\u00f3n de la contrase\u00f1a y el registro con un bono del 100 %. Descubre c\u00f3mo iniciar sesi\u00f3n a trav\u00e9s de la aplicaci\u00f3n m\u00f3vil.\",\"breadcrumb\":{\"@id\":\"https:\/\/22bet.team\/argentina\/login\/#breadcrumb\"},\"inLanguage\":\"es-AR\",\"potentialAction\":[{\"@type\":\"ReadAction\",\"target\":[\"https:\/\/22bet.team\/argentina\/login\/\"]}]},{\"@type\":\"BreadcrumbList\",\"@id\":\"https:\/\/22bet.team\/argentina\/login\/#breadcrumb\",\"itemListElement\":[{\"@type\":\"ListItem\",\"position\":1,\"name\":\"Home\",\"item\":\"http:\/\/22bet.team\/argentina\/\"},{\"@type\":\"ListItem\",\"position\":2,\"name\":\"Iniciar sesi\u00f3n\"}]},{\"@type\":\"WebSite\",\"@id\":\"http:\/\/22bet.team\/argentina\/#website\",\"url\":\"http:\/\/22bet.team\/argentina\/\",\"name\":\"22Bet Team AR\",\"description\":\"\",\"potentialAction\":[{\"@type\":\"SearchAction\",\"target\":{\"@type\":\"EntryPoint\",\"urlTemplate\":\"http:\/\/22bet.team\/argentina\/?s={search_term_string}\"},\"query-input\":{\"@type\":\"PropertyValueSpecification\",\"valueRequired\":true,\"valueName\":\"search_term_string\"}}],\"inLanguage\":\"es-AR\"}]}<\/script>\n<!-- \/ Yoast SEO plugin. -->","yoast_head_json":{"title":"22Bet Argentina Login \u1409 Mi Cuenta, Sitio Oficial y Registro","description":"Iniciar sesi\u00f3n en tu cuenta personal de 22Bet: accede a tu cuenta a trav\u00e9s del sitio web oficial y el espejo funcional. Instrucciones paso a paso para la autorizaci\u00f3n, la recuperaci\u00f3n de la contrase\u00f1a y el registro con un bono del 100 %. Descubre c\u00f3mo iniciar sesi\u00f3n a trav\u00e9s de la aplicaci\u00f3n m\u00f3vil.","robots":{"index":"index","follow":"follow","max-snippet":"max-snippet:-1","max-image-preview":"max-image-preview:large","max-video-preview":"max-video-preview:-1"},"canonical":"https:\/\/22bet.team\/argentina\/login\/","og_locale":"es_ES","og_type":"article","og_title":"22Bet Argentina Login \u1409 Mi Cuenta, Sitio Oficial y Registro","og_description":"Iniciar sesi\u00f3n en tu cuenta personal de 22Bet: accede a tu cuenta a trav\u00e9s del sitio web oficial y el espejo funcional. Instrucciones paso a paso para la autorizaci\u00f3n, la recuperaci\u00f3n de la contrase\u00f1a y el registro con un bono del 100 %. Descubre c\u00f3mo iniciar sesi\u00f3n a trav\u00e9s de la aplicaci\u00f3n m\u00f3vil.","og_url":"https:\/\/22bet.team\/argentina\/login\/","og_site_name":"22Bet Team AR","article_modified_time":"2026-03-08T19:47:03+00:00","twitter_card":"summary_large_image","schema":{"@context":"https:\/\/schema.org","@graph":[{"@type":"WebPage","@id":"https:\/\/22bet.team\/argentina\/login\/","url":"https:\/\/22bet.team\/argentina\/login\/","name":"22Bet Argentina Login \u1409 Mi Cuenta, Sitio Oficial y Registro","isPartOf":{"@id":"http:\/\/22bet.team\/argentina\/#website"},"datePublished":"2025-12-01T09:37:13+00:00","dateModified":"2026-03-08T19:47:03+00:00","description":"Iniciar sesi\u00f3n en tu cuenta personal de 22Bet: accede a tu cuenta a trav\u00e9s del sitio web oficial y el espejo funcional. Instrucciones paso a paso para la autorizaci\u00f3n, la recuperaci\u00f3n de la contrase\u00f1a y el registro con un bono del 100 %. Descubre c\u00f3mo iniciar sesi\u00f3n a trav\u00e9s de la aplicaci\u00f3n m\u00f3vil.","breadcrumb":{"@id":"https:\/\/22bet.team\/argentina\/login\/#breadcrumb"},"inLanguage":"es-AR","potentialAction":[{"@type":"ReadAction","target":["https:\/\/22bet.team\/argentina\/login\/"]}]},{"@type":"BreadcrumbList","@id":"https:\/\/22bet.team\/argentina\/login\/#breadcrumb","itemListElement":[{"@type":"ListItem","position":1,"name":"Home","item":"http:\/\/22bet.team\/argentina\/"},{"@type":"ListItem","position":2,"name":"Iniciar sesi\u00f3n"}]},{"@type":"WebSite","@id":"http:\/\/22bet.team\/argentina\/#website","url":"http:\/\/22bet.team\/argentina\/","name":"22Bet Team AR","description":"","potentialAction":[{"@type":"SearchAction","target":{"@type":"EntryPoint","urlTemplate":"http:\/\/22bet.team\/argentina\/?s={search_term_string}"},"query-input":{"@type":"PropertyValueSpecification","valueRequired":true,"valueName":"search_term_string"}}],"inLanguage":"es-AR"}]}},"_links":{"self":[{"href":"https:\/\/22bet.team\/argentina\/wp-json\/wp\/v2\/pages\/1063","targetHints":{"allow":["GET"]}}],"collection":[{"href":"https:\/\/22bet.team\/argentina\/wp-json\/wp\/v2\/pages"}],"about":[{"href":"https:\/\/22bet.team\/argentina\/wp-json\/wp\/v2\/types\/page"}],"author":[{"embeddable":true,"href":"https:\/\/22bet.team\/argentina\/wp-json\/wp\/v2\/users\/1"}],"replies":[{"embeddable":true,"href":"https:\/\/22bet.team\/argentina\/wp-json\/wp\/v2\/comments?post=1063"}],"version-history":[{"count":5,"href":"https:\/\/22bet.team\/argentina\/wp-json\/wp\/v2\/pages\/1063\/revisions"}],"predecessor-version":[{"id":1256,"href":"https:\/\/22bet.team\/argentina\/wp-json\/wp\/v2\/pages\/1063\/revisions\/1256"}],"wp:attachment":[{"href":"https:\/\/22bet.team\/argentina\/wp-json\/wp\/v2\/media?parent=1063"}],"curies":[{"name":"wp","href":"https:\/\/api.w.org\/{rel}","templated":true}]}}