{"id":1094,"date":"2025-12-02T17:34:13","date_gmt":"2025-12-02T14:34:13","guid":{"rendered":"https:\/\/22bet.team\/argentina\/?page_id=1094"},"modified":"2026-03-08T22:11:31","modified_gmt":"2026-03-08T19:11:31","slug":"registration","status":"publish","type":"page","link":"https:\/\/22bet.team\/argentina\/registration\/","title":{"rendered":"Registro"},"content":{"rendered":"","protected":false},"excerpt":{"rendered":"","protected":false},"author":1,"featured_media":0,"parent":0,"menu_order":0,"comment_status":"closed","ping_status":"closed","template":"","meta":{"_acf_changed":false,"footnotes":""},"class_list":["post-1094","page","type-page","status-publish","hentry"],"acf":[],"yoast_head":"<!-- This site is optimized with the Yoast SEO plugin v26.1.1 - https:\/\/yoast.com\/wordpress\/plugins\/seo\/ -->\n<title>Registro en 22Bet Argentina \u1409 100% de bono hasta 186.000 ARS<\/title>\n<meta name=\"description\" content=\"\u00bfC\u00f3mo registrarse en 22Bet y recibir un bono de bienvenida? Instrucciones paso a paso: registro r\u00e1pido por n\u00famero de tel\u00e9fono, a trav\u00e9s de redes sociales o correo electr\u00f3nico. Inicio de sesi\u00f3n en su cuenta personal, verificaci\u00f3n y t\u00e9rminos y condiciones del bono 2026.\" \/>\n<meta name=\"robots\" content=\"index, follow, max-snippet:-1, max-image-preview:large, max-video-preview:-1\" \/>\n<link rel=\"canonical\" href=\"https:\/\/22bet.team\/argentina\/registration\/\" \/>\n<meta property=\"og:locale\" content=\"es_ES\" \/>\n<meta property=\"og:type\" content=\"article\" \/>\n<meta property=\"og:title\" content=\"Registro en 22Bet Argentina \u1409 100% de bono hasta 186.000 ARS\" \/>\n<meta property=\"og:description\" content=\"\u00bfC\u00f3mo registrarse en 22Bet y recibir un bono de bienvenida? Instrucciones paso a paso: registro r\u00e1pido por n\u00famero de tel\u00e9fono, a trav\u00e9s de redes sociales o correo electr\u00f3nico. Inicio de sesi\u00f3n en su cuenta personal, verificaci\u00f3n y t\u00e9rminos y condiciones del bono 2026.\" \/>\n<meta property=\"og:url\" content=\"https:\/\/22bet.team\/argentina\/registration\/\" \/>\n<meta property=\"og:site_name\" content=\"22Bet Team AR\" \/>\n<meta property=\"article:modified_time\" content=\"2026-03-08T19:11:31+00:00\" \/>\n<meta name=\"twitter:card\" content=\"summary_large_image\" \/>\n<script type=\"application\/ld+json\" class=\"yoast-schema-graph\">{\"@context\":\"https:\/\/schema.org\",\"@graph\":[{\"@type\":\"WebPage\",\"@id\":\"https:\/\/22bet.team\/argentina\/registration\/\",\"url\":\"https:\/\/22bet.team\/argentina\/registration\/\",\"name\":\"Registro en 22Bet Argentina \u1409 100% de bono hasta 186.000 ARS\",\"isPartOf\":{\"@id\":\"http:\/\/22bet.team\/argentina\/#website\"},\"datePublished\":\"2025-12-02T14:34:13+00:00\",\"dateModified\":\"2026-03-08T19:11:31+00:00\",\"description\":\"\u00bfC\u00f3mo registrarse en 22Bet y recibir un bono de bienvenida? Instrucciones paso a paso: registro r\u00e1pido por n\u00famero de tel\u00e9fono, a trav\u00e9s de redes sociales o correo electr\u00f3nico. Inicio de sesi\u00f3n en su cuenta personal, verificaci\u00f3n y t\u00e9rminos y condiciones del bono 2026.\",\"breadcrumb\":{\"@id\":\"https:\/\/22bet.team\/argentina\/registration\/#breadcrumb\"},\"inLanguage\":\"es-AR\",\"potentialAction\":[{\"@type\":\"ReadAction\",\"target\":[\"https:\/\/22bet.team\/argentina\/registration\/\"]}]},{\"@type\":\"BreadcrumbList\",\"@id\":\"https:\/\/22bet.team\/argentina\/registration\/#breadcrumb\",\"itemListElement\":[{\"@type\":\"ListItem\",\"position\":1,\"name\":\"Home\",\"item\":\"http:\/\/22bet.team\/argentina\/\"},{\"@type\":\"ListItem\",\"position\":2,\"name\":\"Registro\"}]},{\"@type\":\"WebSite\",\"@id\":\"http:\/\/22bet.team\/argentina\/#website\",\"url\":\"http:\/\/22bet.team\/argentina\/\",\"name\":\"22Bet Team AR\",\"description\":\"\",\"potentialAction\":[{\"@type\":\"SearchAction\",\"target\":{\"@type\":\"EntryPoint\",\"urlTemplate\":\"http:\/\/22bet.team\/argentina\/?s={search_term_string}\"},\"query-input\":{\"@type\":\"PropertyValueSpecification\",\"valueRequired\":true,\"valueName\":\"search_term_string\"}}],\"inLanguage\":\"es-AR\"}]}<\/script>\n<!-- \/ Yoast SEO plugin. -->","yoast_head_json":{"title":"Registro en 22Bet Argentina \u1409 100% de bono hasta 186.000 ARS","description":"\u00bfC\u00f3mo registrarse en 22Bet y recibir un bono de bienvenida? Instrucciones paso a paso: registro r\u00e1pido por n\u00famero de tel\u00e9fono, a trav\u00e9s de redes sociales o correo electr\u00f3nico. Inicio de sesi\u00f3n en su cuenta personal, verificaci\u00f3n y t\u00e9rminos y condiciones del bono 2026.","robots":{"index":"index","follow":"follow","max-snippet":"max-snippet:-1","max-image-preview":"max-image-preview:large","max-video-preview":"max-video-preview:-1"},"canonical":"https:\/\/22bet.team\/argentina\/registration\/","og_locale":"es_ES","og_type":"article","og_title":"Registro en 22Bet Argentina \u1409 100% de bono hasta 186.000 ARS","og_description":"\u00bfC\u00f3mo registrarse en 22Bet y recibir un bono de bienvenida? Instrucciones paso a paso: registro r\u00e1pido por n\u00famero de tel\u00e9fono, a trav\u00e9s de redes sociales o correo electr\u00f3nico. Inicio de sesi\u00f3n en su cuenta personal, verificaci\u00f3n y t\u00e9rminos y condiciones del bono 2026.","og_url":"https:\/\/22bet.team\/argentina\/registration\/","og_site_name":"22Bet Team AR","article_modified_time":"2026-03-08T19:11:31+00:00","twitter_card":"summary_large_image","schema":{"@context":"https:\/\/schema.org","@graph":[{"@type":"WebPage","@id":"https:\/\/22bet.team\/argentina\/registration\/","url":"https:\/\/22bet.team\/argentina\/registration\/","name":"Registro en 22Bet Argentina \u1409 100% de bono hasta 186.000 ARS","isPartOf":{"@id":"http:\/\/22bet.team\/argentina\/#website"},"datePublished":"2025-12-02T14:34:13+00:00","dateModified":"2026-03-08T19:11:31+00:00","description":"\u00bfC\u00f3mo registrarse en 22Bet y recibir un bono de bienvenida? Instrucciones paso a paso: registro r\u00e1pido por n\u00famero de tel\u00e9fono, a trav\u00e9s de redes sociales o correo electr\u00f3nico. Inicio de sesi\u00f3n en su cuenta personal, verificaci\u00f3n y t\u00e9rminos y condiciones del bono 2026.","breadcrumb":{"@id":"https:\/\/22bet.team\/argentina\/registration\/#breadcrumb"},"inLanguage":"es-AR","potentialAction":[{"@type":"ReadAction","target":["https:\/\/22bet.team\/argentina\/registration\/"]}]},{"@type":"BreadcrumbList","@id":"https:\/\/22bet.team\/argentina\/registration\/#breadcrumb","itemListElement":[{"@type":"ListItem","position":1,"name":"Home","item":"http:\/\/22bet.team\/argentina\/"},{"@type":"ListItem","position":2,"name":"Registro"}]},{"@type":"WebSite","@id":"http:\/\/22bet.team\/argentina\/#website","url":"http:\/\/22bet.team\/argentina\/","name":"22Bet Team AR","description":"","potentialAction":[{"@type":"SearchAction","target":{"@type":"EntryPoint","urlTemplate":"http:\/\/22bet.team\/argentina\/?s={search_term_string}"},"query-input":{"@type":"PropertyValueSpecification","valueRequired":true,"valueName":"search_term_string"}}],"inLanguage":"es-AR"}]}},"_links":{"self":[{"href":"https:\/\/22bet.team\/argentina\/wp-json\/wp\/v2\/pages\/1094","targetHints":{"allow":["GET"]}}],"collection":[{"href":"https:\/\/22bet.team\/argentina\/wp-json\/wp\/v2\/pages"}],"about":[{"href":"https:\/\/22bet.team\/argentina\/wp-json\/wp\/v2\/types\/page"}],"author":[{"embeddable":true,"href":"https:\/\/22bet.team\/argentina\/wp-json\/wp\/v2\/users\/1"}],"replies":[{"embeddable":true,"href":"https:\/\/22bet.team\/argentina\/wp-json\/wp\/v2\/comments?post=1094"}],"version-history":[{"count":5,"href":"https:\/\/22bet.team\/argentina\/wp-json\/wp\/v2\/pages\/1094\/revisions"}],"predecessor-version":[{"id":1252,"href":"https:\/\/22bet.team\/argentina\/wp-json\/wp\/v2\/pages\/1094\/revisions\/1252"}],"wp:attachment":[{"href":"https:\/\/22bet.team\/argentina\/wp-json\/wp\/v2\/media?parent=1094"}],"curies":[{"name":"wp","href":"https:\/\/api.w.org\/{rel}","templated":true}]}}