{"id":1021,"date":"2025-11-24T16:18:29","date_gmt":"2025-11-24T13:18:29","guid":{"rendered":"https:\/\/22bet.team\/az\/?page_id=1021"},"modified":"2026-04-09T07:17:26","modified_gmt":"2026-04-09T04:17:26","slug":"bonus","status":"publish","type":"page","link":"https:\/\/22bet.team\/az\/bonus\/","title":{"rendered":"\u018flav\u0259"},"content":{"rendered":"","protected":false},"excerpt":{"rendered":"","protected":false},"author":1,"featured_media":0,"parent":0,"menu_order":0,"comment_status":"closed","ping_status":"closed","template":"","meta":{"_acf_changed":false,"footnotes":""},"class_list":["post-1021","page","type-page","status-publish","hentry"],"acf":[],"yoast_head":"<!-- This site is optimized with the Yoast SEO plugin v26.1.1 - https:\/\/yoast.com\/wordpress\/plugins\/seo\/ -->\n<title>22Bet Bonuslar\u0131 \u1409 200 AZN Xo\u015f G\u0259ldin T\u0259klifl\u0259ri v\u0259 X\u00fcsusi Aksiyalar<\/title>\n<meta name=\"description\" content=\"22Bet bonuslar\u0131 \u2014 m\u0259rc \u00fc\u00e7\u00fcn 200 AZN-d\u0259k v\u0259 kazino \u00fc\u00e7\u00fcn 600 AZN-d\u0259k xo\u015f g\u0259ldin bonusu, c\u00fcm\u0259 reloadu, ke\u015fbek, u\u011fursuz m\u0259rcl\u0259r seriyas\u0131 \u00fc\u00e7\u00fcn bonus v\u0259 daha \u00e7oxu. Biz qaydalar\u0131, veyceri v\u0259 m\u0259rc \u015f\u0259rtl\u0259rini t\u0259hlil edirik.\" \/>\n<meta name=\"robots\" content=\"index, follow, max-snippet:-1, max-image-preview:large, max-video-preview:-1\" \/>\n<link rel=\"canonical\" href=\"https:\/\/22bet.team\/az\/bonus\/\" \/>\n<meta property=\"og:locale\" content=\"az_AZ\" \/>\n<meta property=\"og:type\" content=\"article\" \/>\n<meta property=\"og:title\" content=\"22Bet Bonuslar\u0131 \u1409 200 AZN Xo\u015f G\u0259ldin T\u0259klifl\u0259ri v\u0259 X\u00fcsusi Aksiyalar\" \/>\n<meta property=\"og:description\" content=\"22Bet bonuslar\u0131 \u2014 m\u0259rc \u00fc\u00e7\u00fcn 200 AZN-d\u0259k v\u0259 kazino \u00fc\u00e7\u00fcn 600 AZN-d\u0259k xo\u015f g\u0259ldin bonusu, c\u00fcm\u0259 reloadu, ke\u015fbek, u\u011fursuz m\u0259rcl\u0259r seriyas\u0131 \u00fc\u00e7\u00fcn bonus v\u0259 daha \u00e7oxu. Biz qaydalar\u0131, veyceri v\u0259 m\u0259rc \u015f\u0259rtl\u0259rini t\u0259hlil edirik.\" \/>\n<meta property=\"og:url\" content=\"https:\/\/22bet.team\/az\/bonus\/\" \/>\n<meta property=\"og:site_name\" content=\"22Bet Team\" \/>\n<meta property=\"article:modified_time\" content=\"2026-04-09T04:17:26+00:00\" \/>\n<meta name=\"twitter:card\" content=\"summary_large_image\" \/>\n<script type=\"application\/ld+json\" class=\"yoast-schema-graph\">{\"@context\":\"https:\/\/schema.org\",\"@graph\":[{\"@type\":\"WebPage\",\"@id\":\"https:\/\/22bet.team\/az\/bonus\/\",\"url\":\"https:\/\/22bet.team\/az\/bonus\/\",\"name\":\"22Bet Bonuslar\u0131 \u1409 200 AZN Xo\u015f G\u0259ldin T\u0259klifl\u0259ri v\u0259 X\u00fcsusi Aksiyalar\",\"isPartOf\":{\"@id\":\"https:\/\/22bet.team\/az\/#website\"},\"datePublished\":\"2025-11-24T13:18:29+00:00\",\"dateModified\":\"2026-04-09T04:17:26+00:00\",\"description\":\"22Bet bonuslar\u0131 \u2014 m\u0259rc \u00fc\u00e7\u00fcn 200 AZN-d\u0259k v\u0259 kazino \u00fc\u00e7\u00fcn 600 AZN-d\u0259k xo\u015f g\u0259ldin bonusu, c\u00fcm\u0259 reloadu, ke\u015fbek, u\u011fursuz m\u0259rcl\u0259r seriyas\u0131 \u00fc\u00e7\u00fcn bonus v\u0259 daha \u00e7oxu. Biz qaydalar\u0131, veyceri v\u0259 m\u0259rc \u015f\u0259rtl\u0259rini t\u0259hlil edirik.\",\"breadcrumb\":{\"@id\":\"https:\/\/22bet.team\/az\/bonus\/#breadcrumb\"},\"inLanguage\":\"az\",\"potentialAction\":[{\"@type\":\"ReadAction\",\"target\":[\"https:\/\/22bet.team\/az\/bonus\/\"]}]},{\"@type\":\"BreadcrumbList\",\"@id\":\"https:\/\/22bet.team\/az\/bonus\/#breadcrumb\",\"itemListElement\":[{\"@type\":\"ListItem\",\"position\":1,\"name\":\"Home\",\"item\":\"https:\/\/22bet.team\/az\/\"},{\"@type\":\"ListItem\",\"position\":2,\"name\":\"\u018flav\u0259\"}]},{\"@type\":\"WebSite\",\"@id\":\"https:\/\/22bet.team\/az\/#website\",\"url\":\"https:\/\/22bet.team\/az\/\",\"name\":\"22Bet Team\",\"description\":\"\",\"potentialAction\":[{\"@type\":\"SearchAction\",\"target\":{\"@type\":\"EntryPoint\",\"urlTemplate\":\"https:\/\/22bet.team\/az\/?s={search_term_string}\"},\"query-input\":{\"@type\":\"PropertyValueSpecification\",\"valueRequired\":true,\"valueName\":\"search_term_string\"}}],\"inLanguage\":\"az\"}]}<\/script>\n<!-- \/ Yoast SEO plugin. -->","yoast_head_json":{"title":"22Bet Bonuslar\u0131 \u1409 200 AZN Xo\u015f G\u0259ldin T\u0259klifl\u0259ri v\u0259 X\u00fcsusi Aksiyalar","description":"22Bet bonuslar\u0131 \u2014 m\u0259rc \u00fc\u00e7\u00fcn 200 AZN-d\u0259k v\u0259 kazino \u00fc\u00e7\u00fcn 600 AZN-d\u0259k xo\u015f g\u0259ldin bonusu, c\u00fcm\u0259 reloadu, ke\u015fbek, u\u011fursuz m\u0259rcl\u0259r seriyas\u0131 \u00fc\u00e7\u00fcn bonus v\u0259 daha \u00e7oxu. Biz qaydalar\u0131, veyceri v\u0259 m\u0259rc \u015f\u0259rtl\u0259rini t\u0259hlil edirik.","robots":{"index":"index","follow":"follow","max-snippet":"max-snippet:-1","max-image-preview":"max-image-preview:large","max-video-preview":"max-video-preview:-1"},"canonical":"https:\/\/22bet.team\/az\/bonus\/","og_locale":"az_AZ","og_type":"article","og_title":"22Bet Bonuslar\u0131 \u1409 200 AZN Xo\u015f G\u0259ldin T\u0259klifl\u0259ri v\u0259 X\u00fcsusi Aksiyalar","og_description":"22Bet bonuslar\u0131 \u2014 m\u0259rc \u00fc\u00e7\u00fcn 200 AZN-d\u0259k v\u0259 kazino \u00fc\u00e7\u00fcn 600 AZN-d\u0259k xo\u015f g\u0259ldin bonusu, c\u00fcm\u0259 reloadu, ke\u015fbek, u\u011fursuz m\u0259rcl\u0259r seriyas\u0131 \u00fc\u00e7\u00fcn bonus v\u0259 daha \u00e7oxu. Biz qaydalar\u0131, veyceri v\u0259 m\u0259rc \u015f\u0259rtl\u0259rini t\u0259hlil edirik.","og_url":"https:\/\/22bet.team\/az\/bonus\/","og_site_name":"22Bet Team","article_modified_time":"2026-04-09T04:17:26+00:00","twitter_card":"summary_large_image","schema":{"@context":"https:\/\/schema.org","@graph":[{"@type":"WebPage","@id":"https:\/\/22bet.team\/az\/bonus\/","url":"https:\/\/22bet.team\/az\/bonus\/","name":"22Bet Bonuslar\u0131 \u1409 200 AZN Xo\u015f G\u0259ldin T\u0259klifl\u0259ri v\u0259 X\u00fcsusi Aksiyalar","isPartOf":{"@id":"https:\/\/22bet.team\/az\/#website"},"datePublished":"2025-11-24T13:18:29+00:00","dateModified":"2026-04-09T04:17:26+00:00","description":"22Bet bonuslar\u0131 \u2014 m\u0259rc \u00fc\u00e7\u00fcn 200 AZN-d\u0259k v\u0259 kazino \u00fc\u00e7\u00fcn 600 AZN-d\u0259k xo\u015f g\u0259ldin bonusu, c\u00fcm\u0259 reloadu, ke\u015fbek, u\u011fursuz m\u0259rcl\u0259r seriyas\u0131 \u00fc\u00e7\u00fcn bonus v\u0259 daha \u00e7oxu. Biz qaydalar\u0131, veyceri v\u0259 m\u0259rc \u015f\u0259rtl\u0259rini t\u0259hlil edirik.","breadcrumb":{"@id":"https:\/\/22bet.team\/az\/bonus\/#breadcrumb"},"inLanguage":"az","potentialAction":[{"@type":"ReadAction","target":["https:\/\/22bet.team\/az\/bonus\/"]}]},{"@type":"BreadcrumbList","@id":"https:\/\/22bet.team\/az\/bonus\/#breadcrumb","itemListElement":[{"@type":"ListItem","position":1,"name":"Home","item":"https:\/\/22bet.team\/az\/"},{"@type":"ListItem","position":2,"name":"\u018flav\u0259"}]},{"@type":"WebSite","@id":"https:\/\/22bet.team\/az\/#website","url":"https:\/\/22bet.team\/az\/","name":"22Bet Team","description":"","potentialAction":[{"@type":"SearchAction","target":{"@type":"EntryPoint","urlTemplate":"https:\/\/22bet.team\/az\/?s={search_term_string}"},"query-input":{"@type":"PropertyValueSpecification","valueRequired":true,"valueName":"search_term_string"}}],"inLanguage":"az"}]}},"_links":{"self":[{"href":"https:\/\/22bet.team\/az\/wp-json\/wp\/v2\/pages\/1021","targetHints":{"allow":["GET"]}}],"collection":[{"href":"https:\/\/22bet.team\/az\/wp-json\/wp\/v2\/pages"}],"about":[{"href":"https:\/\/22bet.team\/az\/wp-json\/wp\/v2\/types\/page"}],"author":[{"embeddable":true,"href":"https:\/\/22bet.team\/az\/wp-json\/wp\/v2\/users\/1"}],"replies":[{"embeddable":true,"href":"https:\/\/22bet.team\/az\/wp-json\/wp\/v2\/comments?post=1021"}],"version-history":[{"count":5,"href":"https:\/\/22bet.team\/az\/wp-json\/wp\/v2\/pages\/1021\/revisions"}],"predecessor-version":[{"id":1246,"href":"https:\/\/22bet.team\/az\/wp-json\/wp\/v2\/pages\/1021\/revisions\/1246"}],"wp:attachment":[{"href":"https:\/\/22bet.team\/az\/wp-json\/wp\/v2\/media?parent=1021"}],"curies":[{"name":"wp","href":"https:\/\/api.w.org\/{rel}","templated":true}]}}