{"id":1063,"date":"2025-12-01T12:37:13","date_gmt":"2025-12-01T09:37:13","guid":{"rendered":"https:\/\/22bet.team\/az\/?page_id=1063"},"modified":"2026-04-09T09:11:54","modified_gmt":"2026-04-09T06:11:54","slug":"login","status":"publish","type":"page","link":"https:\/\/22bet.team\/az\/login\/","title":{"rendered":"Giri\u015f"},"content":{"rendered":"","protected":false},"excerpt":{"rendered":"","protected":false},"author":1,"featured_media":0,"parent":0,"menu_order":0,"comment_status":"closed","ping_status":"closed","template":"","meta":{"_acf_changed":false,"footnotes":""},"class_list":["post-1063","page","type-page","status-publish","hentry"],"acf":[],"yoast_head":"<!-- This site is optimized with the Yoast SEO plugin v26.1.1 - https:\/\/yoast.com\/wordpress\/plugins\/seo\/ -->\n<title>22Bet Giri\u015fi \u1409 \u015e\u0259xsi Hesab, R\u0259smi Vebsayt v\u0259 Qeydiyyat<\/title>\n<meta name=\"description\" content=\"22Bet \u015f\u0259xsi hesab\u0131n\u0131za giri\u015f: hesab\u0131n\u0131za r\u0259smi vebsayt v\u0259 i\u015fl\u0259y\u0259n g\u00fczg\u00fc vasit\u0259sil\u0259 daxil olun. Avtorizasiya, \u015fifr\u0259nin b\u0259rpas\u0131 v\u0259 100% bonusla qeydiyyat \u00fc\u00e7\u00fcn add\u0131m-add\u0131m t\u0259limatlar. Mobil t\u0259tbiq vasit\u0259sil\u0259 nec\u0259 daxil olmaq bar\u0259d\u0259 m\u0259lumat \u0259ld\u0259 edin.\" \/>\n<meta name=\"robots\" content=\"index, follow, max-snippet:-1, max-image-preview:large, max-video-preview:-1\" \/>\n<link rel=\"canonical\" href=\"https:\/\/22bet.team\/az\/login\/\" \/>\n<meta property=\"og:locale\" content=\"az_AZ\" \/>\n<meta property=\"og:type\" content=\"article\" \/>\n<meta property=\"og:title\" content=\"22Bet Giri\u015fi \u1409 \u015e\u0259xsi Hesab, R\u0259smi Vebsayt v\u0259 Qeydiyyat\" \/>\n<meta property=\"og:description\" content=\"22Bet \u015f\u0259xsi hesab\u0131n\u0131za giri\u015f: hesab\u0131n\u0131za r\u0259smi vebsayt v\u0259 i\u015fl\u0259y\u0259n g\u00fczg\u00fc vasit\u0259sil\u0259 daxil olun. Avtorizasiya, \u015fifr\u0259nin b\u0259rpas\u0131 v\u0259 100% bonusla qeydiyyat \u00fc\u00e7\u00fcn add\u0131m-add\u0131m t\u0259limatlar. Mobil t\u0259tbiq vasit\u0259sil\u0259 nec\u0259 daxil olmaq bar\u0259d\u0259 m\u0259lumat \u0259ld\u0259 edin.\" \/>\n<meta property=\"og:url\" content=\"https:\/\/22bet.team\/az\/login\/\" \/>\n<meta property=\"og:site_name\" content=\"22Bet Team\" \/>\n<meta property=\"article:modified_time\" content=\"2026-04-09T06:11:54+00:00\" \/>\n<meta name=\"twitter:card\" content=\"summary_large_image\" \/>\n<script type=\"application\/ld+json\" class=\"yoast-schema-graph\">{\"@context\":\"https:\/\/schema.org\",\"@graph\":[{\"@type\":\"WebPage\",\"@id\":\"https:\/\/22bet.team\/az\/login\/\",\"url\":\"https:\/\/22bet.team\/az\/login\/\",\"name\":\"22Bet Giri\u015fi \u1409 \u015e\u0259xsi Hesab, R\u0259smi Vebsayt v\u0259 Qeydiyyat\",\"isPartOf\":{\"@id\":\"https:\/\/22bet.team\/az\/#website\"},\"datePublished\":\"2025-12-01T09:37:13+00:00\",\"dateModified\":\"2026-04-09T06:11:54+00:00\",\"description\":\"22Bet \u015f\u0259xsi hesab\u0131n\u0131za giri\u015f: hesab\u0131n\u0131za r\u0259smi vebsayt v\u0259 i\u015fl\u0259y\u0259n g\u00fczg\u00fc vasit\u0259sil\u0259 daxil olun. Avtorizasiya, \u015fifr\u0259nin b\u0259rpas\u0131 v\u0259 100% bonusla qeydiyyat \u00fc\u00e7\u00fcn add\u0131m-add\u0131m t\u0259limatlar. Mobil t\u0259tbiq vasit\u0259sil\u0259 nec\u0259 daxil olmaq bar\u0259d\u0259 m\u0259lumat \u0259ld\u0259 edin.\",\"breadcrumb\":{\"@id\":\"https:\/\/22bet.team\/az\/login\/#breadcrumb\"},\"inLanguage\":\"az\",\"potentialAction\":[{\"@type\":\"ReadAction\",\"target\":[\"https:\/\/22bet.team\/az\/login\/\"]}]},{\"@type\":\"BreadcrumbList\",\"@id\":\"https:\/\/22bet.team\/az\/login\/#breadcrumb\",\"itemListElement\":[{\"@type\":\"ListItem\",\"position\":1,\"name\":\"Home\",\"item\":\"https:\/\/22bet.team\/az\/\"},{\"@type\":\"ListItem\",\"position\":2,\"name\":\"Giri\u015f\"}]},{\"@type\":\"WebSite\",\"@id\":\"https:\/\/22bet.team\/az\/#website\",\"url\":\"https:\/\/22bet.team\/az\/\",\"name\":\"22Bet Team\",\"description\":\"\",\"potentialAction\":[{\"@type\":\"SearchAction\",\"target\":{\"@type\":\"EntryPoint\",\"urlTemplate\":\"https:\/\/22bet.team\/az\/?s={search_term_string}\"},\"query-input\":{\"@type\":\"PropertyValueSpecification\",\"valueRequired\":true,\"valueName\":\"search_term_string\"}}],\"inLanguage\":\"az\"}]}<\/script>\n<!-- \/ Yoast SEO plugin. -->","yoast_head_json":{"title":"22Bet Giri\u015fi \u1409 \u015e\u0259xsi Hesab, R\u0259smi Vebsayt v\u0259 Qeydiyyat","description":"22Bet \u015f\u0259xsi hesab\u0131n\u0131za giri\u015f: hesab\u0131n\u0131za r\u0259smi vebsayt v\u0259 i\u015fl\u0259y\u0259n g\u00fczg\u00fc vasit\u0259sil\u0259 daxil olun. Avtorizasiya, \u015fifr\u0259nin b\u0259rpas\u0131 v\u0259 100% bonusla qeydiyyat \u00fc\u00e7\u00fcn add\u0131m-add\u0131m t\u0259limatlar. Mobil t\u0259tbiq vasit\u0259sil\u0259 nec\u0259 daxil olmaq bar\u0259d\u0259 m\u0259lumat \u0259ld\u0259 edin.","robots":{"index":"index","follow":"follow","max-snippet":"max-snippet:-1","max-image-preview":"max-image-preview:large","max-video-preview":"max-video-preview:-1"},"canonical":"https:\/\/22bet.team\/az\/login\/","og_locale":"az_AZ","og_type":"article","og_title":"22Bet Giri\u015fi \u1409 \u015e\u0259xsi Hesab, R\u0259smi Vebsayt v\u0259 Qeydiyyat","og_description":"22Bet \u015f\u0259xsi hesab\u0131n\u0131za giri\u015f: hesab\u0131n\u0131za r\u0259smi vebsayt v\u0259 i\u015fl\u0259y\u0259n g\u00fczg\u00fc vasit\u0259sil\u0259 daxil olun. Avtorizasiya, \u015fifr\u0259nin b\u0259rpas\u0131 v\u0259 100% bonusla qeydiyyat \u00fc\u00e7\u00fcn add\u0131m-add\u0131m t\u0259limatlar. Mobil t\u0259tbiq vasit\u0259sil\u0259 nec\u0259 daxil olmaq bar\u0259d\u0259 m\u0259lumat \u0259ld\u0259 edin.","og_url":"https:\/\/22bet.team\/az\/login\/","og_site_name":"22Bet Team","article_modified_time":"2026-04-09T06:11:54+00:00","twitter_card":"summary_large_image","schema":{"@context":"https:\/\/schema.org","@graph":[{"@type":"WebPage","@id":"https:\/\/22bet.team\/az\/login\/","url":"https:\/\/22bet.team\/az\/login\/","name":"22Bet Giri\u015fi \u1409 \u015e\u0259xsi Hesab, R\u0259smi Vebsayt v\u0259 Qeydiyyat","isPartOf":{"@id":"https:\/\/22bet.team\/az\/#website"},"datePublished":"2025-12-01T09:37:13+00:00","dateModified":"2026-04-09T06:11:54+00:00","description":"22Bet \u015f\u0259xsi hesab\u0131n\u0131za giri\u015f: hesab\u0131n\u0131za r\u0259smi vebsayt v\u0259 i\u015fl\u0259y\u0259n g\u00fczg\u00fc vasit\u0259sil\u0259 daxil olun. Avtorizasiya, \u015fifr\u0259nin b\u0259rpas\u0131 v\u0259 100% bonusla qeydiyyat \u00fc\u00e7\u00fcn add\u0131m-add\u0131m t\u0259limatlar. Mobil t\u0259tbiq vasit\u0259sil\u0259 nec\u0259 daxil olmaq bar\u0259d\u0259 m\u0259lumat \u0259ld\u0259 edin.","breadcrumb":{"@id":"https:\/\/22bet.team\/az\/login\/#breadcrumb"},"inLanguage":"az","potentialAction":[{"@type":"ReadAction","target":["https:\/\/22bet.team\/az\/login\/"]}]},{"@type":"BreadcrumbList","@id":"https:\/\/22bet.team\/az\/login\/#breadcrumb","itemListElement":[{"@type":"ListItem","position":1,"name":"Home","item":"https:\/\/22bet.team\/az\/"},{"@type":"ListItem","position":2,"name":"Giri\u015f"}]},{"@type":"WebSite","@id":"https:\/\/22bet.team\/az\/#website","url":"https:\/\/22bet.team\/az\/","name":"22Bet Team","description":"","potentialAction":[{"@type":"SearchAction","target":{"@type":"EntryPoint","urlTemplate":"https:\/\/22bet.team\/az\/?s={search_term_string}"},"query-input":{"@type":"PropertyValueSpecification","valueRequired":true,"valueName":"search_term_string"}}],"inLanguage":"az"}]}},"_links":{"self":[{"href":"https:\/\/22bet.team\/az\/wp-json\/wp\/v2\/pages\/1063","targetHints":{"allow":["GET"]}}],"collection":[{"href":"https:\/\/22bet.team\/az\/wp-json\/wp\/v2\/pages"}],"about":[{"href":"https:\/\/22bet.team\/az\/wp-json\/wp\/v2\/types\/page"}],"author":[{"embeddable":true,"href":"https:\/\/22bet.team\/az\/wp-json\/wp\/v2\/users\/1"}],"replies":[{"embeddable":true,"href":"https:\/\/22bet.team\/az\/wp-json\/wp\/v2\/comments?post=1063"}],"version-history":[{"count":5,"href":"https:\/\/22bet.team\/az\/wp-json\/wp\/v2\/pages\/1063\/revisions"}],"predecessor-version":[{"id":1268,"href":"https:\/\/22bet.team\/az\/wp-json\/wp\/v2\/pages\/1063\/revisions\/1268"}],"wp:attachment":[{"href":"https:\/\/22bet.team\/az\/wp-json\/wp\/v2\/media?parent=1063"}],"curies":[{"name":"wp","href":"https:\/\/api.w.org\/{rel}","templated":true}]}}