{"id":1122,"date":"2025-12-03T16:37:12","date_gmt":"2025-12-03T13:37:12","guid":{"rendered":"https:\/\/22bet.team\/az\/?page_id=1122"},"modified":"2026-04-08T13:01:54","modified_gmt":"2026-04-08T10:01:54","slug":"affiliate","status":"publish","type":"page","link":"https:\/\/22bet.team\/az\/affiliate\/","title":{"rendered":"\u018ffiliat"},"content":{"rendered":"","protected":false},"excerpt":{"rendered":"","protected":false},"author":1,"featured_media":0,"parent":0,"menu_order":0,"comment_status":"closed","ping_status":"closed","template":"","meta":{"_acf_changed":false,"footnotes":""},"class_list":["post-1122","page","type-page","status-publish","hentry"],"acf":[],"yoast_head":"<!-- This site is optimized with the Yoast SEO plugin v26.1.1 - https:\/\/yoast.com\/wordpress\/plugins\/seo\/ -->\n<title>22Bet T\u0259r\u0259fda\u015f Proqram\u0131 \u1409 RevShare \u00fczr\u0259 50%-\u0259 q\u0259d\u0259r, CPA<\/title>\n<meta name=\"description\" content=\"22Bet t\u0259r\u0259fda\u015f\u0131 olun v\u0259 50%-d\u0259k RevShare v\u0259 ya y\u00fcks\u0259k CPA \u00f6d\u0259ni\u015fl\u0259ri \u0259ld\u0259 edin. R\u0259smi 22Bet Partners affilyat proqram\u0131: 200 AZN-d\u0259n ba\u015flayan ayl\u0131q \u00f6d\u0259ni\u015fl\u0259r, f\u0259rdi \u015f\u0259rtl\u0259r. \u0130ndi qeydiyyatdan ke\u00e7in!\" \/>\n<meta name=\"robots\" content=\"index, follow, max-snippet:-1, max-image-preview:large, max-video-preview:-1\" \/>\n<link rel=\"canonical\" href=\"https:\/\/22bet.team\/az\/affiliate\/\" \/>\n<meta property=\"og:locale\" content=\"az_AZ\" \/>\n<meta property=\"og:type\" content=\"article\" \/>\n<meta property=\"og:title\" content=\"22Bet T\u0259r\u0259fda\u015f Proqram\u0131 \u1409 RevShare \u00fczr\u0259 50%-\u0259 q\u0259d\u0259r, CPA\" \/>\n<meta property=\"og:description\" content=\"22Bet t\u0259r\u0259fda\u015f\u0131 olun v\u0259 50%-d\u0259k RevShare v\u0259 ya y\u00fcks\u0259k CPA \u00f6d\u0259ni\u015fl\u0259ri \u0259ld\u0259 edin. R\u0259smi 22Bet Partners affilyat proqram\u0131: 200 AZN-d\u0259n ba\u015flayan ayl\u0131q \u00f6d\u0259ni\u015fl\u0259r, f\u0259rdi \u015f\u0259rtl\u0259r. \u0130ndi qeydiyyatdan ke\u00e7in!\" \/>\n<meta property=\"og:url\" content=\"https:\/\/22bet.team\/az\/affiliate\/\" \/>\n<meta property=\"og:site_name\" content=\"22Bet Team\" \/>\n<meta property=\"article:modified_time\" content=\"2026-04-08T10:01:54+00:00\" \/>\n<meta name=\"twitter:card\" content=\"summary_large_image\" \/>\n<script type=\"application\/ld+json\" class=\"yoast-schema-graph\">{\"@context\":\"https:\/\/schema.org\",\"@graph\":[{\"@type\":\"WebPage\",\"@id\":\"https:\/\/22bet.team\/az\/affiliate\/\",\"url\":\"https:\/\/22bet.team\/az\/affiliate\/\",\"name\":\"22Bet T\u0259r\u0259fda\u015f Proqram\u0131 \u1409 RevShare \u00fczr\u0259 50%-\u0259 q\u0259d\u0259r, CPA\",\"isPartOf\":{\"@id\":\"https:\/\/22bet.team\/az\/#website\"},\"datePublished\":\"2025-12-03T13:37:12+00:00\",\"dateModified\":\"2026-04-08T10:01:54+00:00\",\"description\":\"22Bet t\u0259r\u0259fda\u015f\u0131 olun v\u0259 50%-d\u0259k RevShare v\u0259 ya y\u00fcks\u0259k CPA \u00f6d\u0259ni\u015fl\u0259ri \u0259ld\u0259 edin. R\u0259smi 22Bet Partners affilyat proqram\u0131: 200 AZN-d\u0259n ba\u015flayan ayl\u0131q \u00f6d\u0259ni\u015fl\u0259r, f\u0259rdi \u015f\u0259rtl\u0259r. \u0130ndi qeydiyyatdan ke\u00e7in!\",\"breadcrumb\":{\"@id\":\"https:\/\/22bet.team\/az\/affiliate\/#breadcrumb\"},\"inLanguage\":\"az\",\"potentialAction\":[{\"@type\":\"ReadAction\",\"target\":[\"https:\/\/22bet.team\/az\/affiliate\/\"]}]},{\"@type\":\"BreadcrumbList\",\"@id\":\"https:\/\/22bet.team\/az\/affiliate\/#breadcrumb\",\"itemListElement\":[{\"@type\":\"ListItem\",\"position\":1,\"name\":\"Home\",\"item\":\"https:\/\/22bet.team\/az\/\"},{\"@type\":\"ListItem\",\"position\":2,\"name\":\"\u018ffiliat\"}]},{\"@type\":\"WebSite\",\"@id\":\"https:\/\/22bet.team\/az\/#website\",\"url\":\"https:\/\/22bet.team\/az\/\",\"name\":\"22Bet Team\",\"description\":\"\",\"potentialAction\":[{\"@type\":\"SearchAction\",\"target\":{\"@type\":\"EntryPoint\",\"urlTemplate\":\"https:\/\/22bet.team\/az\/?s={search_term_string}\"},\"query-input\":{\"@type\":\"PropertyValueSpecification\",\"valueRequired\":true,\"valueName\":\"search_term_string\"}}],\"inLanguage\":\"az\"}]}<\/script>\n<!-- \/ Yoast SEO plugin. -->","yoast_head_json":{"title":"22Bet T\u0259r\u0259fda\u015f Proqram\u0131 \u1409 RevShare \u00fczr\u0259 50%-\u0259 q\u0259d\u0259r, CPA","description":"22Bet t\u0259r\u0259fda\u015f\u0131 olun v\u0259 50%-d\u0259k RevShare v\u0259 ya y\u00fcks\u0259k CPA \u00f6d\u0259ni\u015fl\u0259ri \u0259ld\u0259 edin. R\u0259smi 22Bet Partners affilyat proqram\u0131: 200 AZN-d\u0259n ba\u015flayan ayl\u0131q \u00f6d\u0259ni\u015fl\u0259r, f\u0259rdi \u015f\u0259rtl\u0259r. \u0130ndi qeydiyyatdan ke\u00e7in!","robots":{"index":"index","follow":"follow","max-snippet":"max-snippet:-1","max-image-preview":"max-image-preview:large","max-video-preview":"max-video-preview:-1"},"canonical":"https:\/\/22bet.team\/az\/affiliate\/","og_locale":"az_AZ","og_type":"article","og_title":"22Bet T\u0259r\u0259fda\u015f Proqram\u0131 \u1409 RevShare \u00fczr\u0259 50%-\u0259 q\u0259d\u0259r, CPA","og_description":"22Bet t\u0259r\u0259fda\u015f\u0131 olun v\u0259 50%-d\u0259k RevShare v\u0259 ya y\u00fcks\u0259k CPA \u00f6d\u0259ni\u015fl\u0259ri \u0259ld\u0259 edin. R\u0259smi 22Bet Partners affilyat proqram\u0131: 200 AZN-d\u0259n ba\u015flayan ayl\u0131q \u00f6d\u0259ni\u015fl\u0259r, f\u0259rdi \u015f\u0259rtl\u0259r. \u0130ndi qeydiyyatdan ke\u00e7in!","og_url":"https:\/\/22bet.team\/az\/affiliate\/","og_site_name":"22Bet Team","article_modified_time":"2026-04-08T10:01:54+00:00","twitter_card":"summary_large_image","schema":{"@context":"https:\/\/schema.org","@graph":[{"@type":"WebPage","@id":"https:\/\/22bet.team\/az\/affiliate\/","url":"https:\/\/22bet.team\/az\/affiliate\/","name":"22Bet T\u0259r\u0259fda\u015f Proqram\u0131 \u1409 RevShare \u00fczr\u0259 50%-\u0259 q\u0259d\u0259r, CPA","isPartOf":{"@id":"https:\/\/22bet.team\/az\/#website"},"datePublished":"2025-12-03T13:37:12+00:00","dateModified":"2026-04-08T10:01:54+00:00","description":"22Bet t\u0259r\u0259fda\u015f\u0131 olun v\u0259 50%-d\u0259k RevShare v\u0259 ya y\u00fcks\u0259k CPA \u00f6d\u0259ni\u015fl\u0259ri \u0259ld\u0259 edin. R\u0259smi 22Bet Partners affilyat proqram\u0131: 200 AZN-d\u0259n ba\u015flayan ayl\u0131q \u00f6d\u0259ni\u015fl\u0259r, f\u0259rdi \u015f\u0259rtl\u0259r. \u0130ndi qeydiyyatdan ke\u00e7in!","breadcrumb":{"@id":"https:\/\/22bet.team\/az\/affiliate\/#breadcrumb"},"inLanguage":"az","potentialAction":[{"@type":"ReadAction","target":["https:\/\/22bet.team\/az\/affiliate\/"]}]},{"@type":"BreadcrumbList","@id":"https:\/\/22bet.team\/az\/affiliate\/#breadcrumb","itemListElement":[{"@type":"ListItem","position":1,"name":"Home","item":"https:\/\/22bet.team\/az\/"},{"@type":"ListItem","position":2,"name":"\u018ffiliat"}]},{"@type":"WebSite","@id":"https:\/\/22bet.team\/az\/#website","url":"https:\/\/22bet.team\/az\/","name":"22Bet Team","description":"","potentialAction":[{"@type":"SearchAction","target":{"@type":"EntryPoint","urlTemplate":"https:\/\/22bet.team\/az\/?s={search_term_string}"},"query-input":{"@type":"PropertyValueSpecification","valueRequired":true,"valueName":"search_term_string"}}],"inLanguage":"az"}]}},"_links":{"self":[{"href":"https:\/\/22bet.team\/az\/wp-json\/wp\/v2\/pages\/1122","targetHints":{"allow":["GET"]}}],"collection":[{"href":"https:\/\/22bet.team\/az\/wp-json\/wp\/v2\/pages"}],"about":[{"href":"https:\/\/22bet.team\/az\/wp-json\/wp\/v2\/types\/page"}],"author":[{"embeddable":true,"href":"https:\/\/22bet.team\/az\/wp-json\/wp\/v2\/users\/1"}],"replies":[{"embeddable":true,"href":"https:\/\/22bet.team\/az\/wp-json\/wp\/v2\/comments?post=1122"}],"version-history":[{"count":5,"href":"https:\/\/22bet.team\/az\/wp-json\/wp\/v2\/pages\/1122\/revisions"}],"predecessor-version":[{"id":1236,"href":"https:\/\/22bet.team\/az\/wp-json\/wp\/v2\/pages\/1122\/revisions\/1236"}],"wp:attachment":[{"href":"https:\/\/22bet.team\/az\/wp-json\/wp\/v2\/media?parent=1122"}],"curies":[{"name":"wp","href":"https:\/\/api.w.org\/{rel}","templated":true}]}}