{"id":1169,"date":"2026-01-28T17:52:34","date_gmt":"2026-01-28T14:52:34","guid":{"rendered":"https:\/\/22bet.team\/az\/?page_id=1169"},"modified":"2026-04-09T07:36:23","modified_gmt":"2026-04-09T04:36:23","slug":"football","status":"publish","type":"page","link":"https:\/\/22bet.team\/az\/football\/","title":{"rendered":"Futbol"},"content":{"rendered":"","protected":false},"excerpt":{"rendered":"","protected":false},"author":1,"featured_media":0,"parent":0,"menu_order":0,"comment_status":"closed","ping_status":"closed","template":"","meta":{"_acf_changed":false,"footnotes":""},"class_list":["post-1169","page","type-page","status-publish","hentry"],"acf":[],"yoast_head":"<!-- This site is optimized with the Yoast SEO plugin v26.1.1 - https:\/\/yoast.com\/wordpress\/plugins\/seo\/ -->\n<title>22Bet Futbol M\u0259rcl\u0259ri \u1409 \u018fn Yax\u015f\u0131 \u018fmsallar v\u0259 Bonuslar<\/title>\n<meta name=\"description\" content=\"22Bet il\u0259 futbol m\u0259rcl\u0259ri! Biz \u0259n yax\u015f\u0131 \u0259msallar\u0131, geni\u015f mat\u00e7 se\u00e7imini v\u0259 yeni oyun\u00e7ular \u00fc\u00e7\u00fcn s\u0259xav\u0259tli bonuslar t\u0259klif edirik. Bu g\u00fcn qazanma\u011fa ba\u015flay\u0131n!\" \/>\n<meta name=\"robots\" content=\"index, follow, max-snippet:-1, max-image-preview:large, max-video-preview:-1\" \/>\n<link rel=\"canonical\" href=\"https:\/\/22bet.team\/az\/football\/\" \/>\n<meta property=\"og:locale\" content=\"az_AZ\" \/>\n<meta property=\"og:type\" content=\"article\" \/>\n<meta property=\"og:title\" content=\"22Bet Futbol M\u0259rcl\u0259ri \u1409 \u018fn Yax\u015f\u0131 \u018fmsallar v\u0259 Bonuslar\" \/>\n<meta property=\"og:description\" content=\"22Bet il\u0259 futbol m\u0259rcl\u0259ri! Biz \u0259n yax\u015f\u0131 \u0259msallar\u0131, geni\u015f mat\u00e7 se\u00e7imini v\u0259 yeni oyun\u00e7ular \u00fc\u00e7\u00fcn s\u0259xav\u0259tli bonuslar t\u0259klif edirik. Bu g\u00fcn qazanma\u011fa ba\u015flay\u0131n!\" \/>\n<meta property=\"og:url\" content=\"https:\/\/22bet.team\/az\/football\/\" \/>\n<meta property=\"og:site_name\" content=\"22Bet Team\" \/>\n<meta property=\"article:modified_time\" content=\"2026-04-09T04:36:23+00:00\" \/>\n<meta name=\"twitter:card\" content=\"summary_large_image\" \/>\n<script type=\"application\/ld+json\" class=\"yoast-schema-graph\">{\"@context\":\"https:\/\/schema.org\",\"@graph\":[{\"@type\":\"WebPage\",\"@id\":\"https:\/\/22bet.team\/az\/football\/\",\"url\":\"https:\/\/22bet.team\/az\/football\/\",\"name\":\"22Bet Futbol M\u0259rcl\u0259ri \u1409 \u018fn Yax\u015f\u0131 \u018fmsallar v\u0259 Bonuslar\",\"isPartOf\":{\"@id\":\"https:\/\/22bet.team\/az\/#website\"},\"datePublished\":\"2026-01-28T14:52:34+00:00\",\"dateModified\":\"2026-04-09T04:36:23+00:00\",\"description\":\"22Bet il\u0259 futbol m\u0259rcl\u0259ri! Biz \u0259n yax\u015f\u0131 \u0259msallar\u0131, geni\u015f mat\u00e7 se\u00e7imini v\u0259 yeni oyun\u00e7ular \u00fc\u00e7\u00fcn s\u0259xav\u0259tli bonuslar t\u0259klif edirik. Bu g\u00fcn qazanma\u011fa ba\u015flay\u0131n!\",\"breadcrumb\":{\"@id\":\"https:\/\/22bet.team\/az\/football\/#breadcrumb\"},\"inLanguage\":\"az\",\"potentialAction\":[{\"@type\":\"ReadAction\",\"target\":[\"https:\/\/22bet.team\/az\/football\/\"]}]},{\"@type\":\"BreadcrumbList\",\"@id\":\"https:\/\/22bet.team\/az\/football\/#breadcrumb\",\"itemListElement\":[{\"@type\":\"ListItem\",\"position\":1,\"name\":\"Home\",\"item\":\"https:\/\/22bet.team\/az\/\"},{\"@type\":\"ListItem\",\"position\":2,\"name\":\"Futbol\"}]},{\"@type\":\"WebSite\",\"@id\":\"https:\/\/22bet.team\/az\/#website\",\"url\":\"https:\/\/22bet.team\/az\/\",\"name\":\"22Bet Team\",\"description\":\"\",\"potentialAction\":[{\"@type\":\"SearchAction\",\"target\":{\"@type\":\"EntryPoint\",\"urlTemplate\":\"https:\/\/22bet.team\/az\/?s={search_term_string}\"},\"query-input\":{\"@type\":\"PropertyValueSpecification\",\"valueRequired\":true,\"valueName\":\"search_term_string\"}}],\"inLanguage\":\"az\"}]}<\/script>\n<!-- \/ Yoast SEO plugin. -->","yoast_head_json":{"title":"22Bet Futbol M\u0259rcl\u0259ri \u1409 \u018fn Yax\u015f\u0131 \u018fmsallar v\u0259 Bonuslar","description":"22Bet il\u0259 futbol m\u0259rcl\u0259ri! Biz \u0259n yax\u015f\u0131 \u0259msallar\u0131, geni\u015f mat\u00e7 se\u00e7imini v\u0259 yeni oyun\u00e7ular \u00fc\u00e7\u00fcn s\u0259xav\u0259tli bonuslar t\u0259klif edirik. Bu g\u00fcn qazanma\u011fa ba\u015flay\u0131n!","robots":{"index":"index","follow":"follow","max-snippet":"max-snippet:-1","max-image-preview":"max-image-preview:large","max-video-preview":"max-video-preview:-1"},"canonical":"https:\/\/22bet.team\/az\/football\/","og_locale":"az_AZ","og_type":"article","og_title":"22Bet Futbol M\u0259rcl\u0259ri \u1409 \u018fn Yax\u015f\u0131 \u018fmsallar v\u0259 Bonuslar","og_description":"22Bet il\u0259 futbol m\u0259rcl\u0259ri! Biz \u0259n yax\u015f\u0131 \u0259msallar\u0131, geni\u015f mat\u00e7 se\u00e7imini v\u0259 yeni oyun\u00e7ular \u00fc\u00e7\u00fcn s\u0259xav\u0259tli bonuslar t\u0259klif edirik. Bu g\u00fcn qazanma\u011fa ba\u015flay\u0131n!","og_url":"https:\/\/22bet.team\/az\/football\/","og_site_name":"22Bet Team","article_modified_time":"2026-04-09T04:36:23+00:00","twitter_card":"summary_large_image","schema":{"@context":"https:\/\/schema.org","@graph":[{"@type":"WebPage","@id":"https:\/\/22bet.team\/az\/football\/","url":"https:\/\/22bet.team\/az\/football\/","name":"22Bet Futbol M\u0259rcl\u0259ri \u1409 \u018fn Yax\u015f\u0131 \u018fmsallar v\u0259 Bonuslar","isPartOf":{"@id":"https:\/\/22bet.team\/az\/#website"},"datePublished":"2026-01-28T14:52:34+00:00","dateModified":"2026-04-09T04:36:23+00:00","description":"22Bet il\u0259 futbol m\u0259rcl\u0259ri! Biz \u0259n yax\u015f\u0131 \u0259msallar\u0131, geni\u015f mat\u00e7 se\u00e7imini v\u0259 yeni oyun\u00e7ular \u00fc\u00e7\u00fcn s\u0259xav\u0259tli bonuslar t\u0259klif edirik. Bu g\u00fcn qazanma\u011fa ba\u015flay\u0131n!","breadcrumb":{"@id":"https:\/\/22bet.team\/az\/football\/#breadcrumb"},"inLanguage":"az","potentialAction":[{"@type":"ReadAction","target":["https:\/\/22bet.team\/az\/football\/"]}]},{"@type":"BreadcrumbList","@id":"https:\/\/22bet.team\/az\/football\/#breadcrumb","itemListElement":[{"@type":"ListItem","position":1,"name":"Home","item":"https:\/\/22bet.team\/az\/"},{"@type":"ListItem","position":2,"name":"Futbol"}]},{"@type":"WebSite","@id":"https:\/\/22bet.team\/az\/#website","url":"https:\/\/22bet.team\/az\/","name":"22Bet Team","description":"","potentialAction":[{"@type":"SearchAction","target":{"@type":"EntryPoint","urlTemplate":"https:\/\/22bet.team\/az\/?s={search_term_string}"},"query-input":{"@type":"PropertyValueSpecification","valueRequired":true,"valueName":"search_term_string"}}],"inLanguage":"az"}]}},"_links":{"self":[{"href":"https:\/\/22bet.team\/az\/wp-json\/wp\/v2\/pages\/1169","targetHints":{"allow":["GET"]}}],"collection":[{"href":"https:\/\/22bet.team\/az\/wp-json\/wp\/v2\/pages"}],"about":[{"href":"https:\/\/22bet.team\/az\/wp-json\/wp\/v2\/types\/page"}],"author":[{"embeddable":true,"href":"https:\/\/22bet.team\/az\/wp-json\/wp\/v2\/users\/1"}],"replies":[{"embeddable":true,"href":"https:\/\/22bet.team\/az\/wp-json\/wp\/v2\/comments?post=1169"}],"version-history":[{"count":5,"href":"https:\/\/22bet.team\/az\/wp-json\/wp\/v2\/pages\/1169\/revisions"}],"predecessor-version":[{"id":1254,"href":"https:\/\/22bet.team\/az\/wp-json\/wp\/v2\/pages\/1169\/revisions\/1254"}],"wp:attachment":[{"href":"https:\/\/22bet.team\/az\/wp-json\/wp\/v2\/media?parent=1169"}],"curies":[{"name":"wp","href":"https:\/\/api.w.org\/{rel}","templated":true}]}}