{"id":1177,"date":"2026-01-28T18:35:04","date_gmt":"2026-01-28T15:35:04","guid":{"rendered":"https:\/\/22bet.team\/az\/?page_id=1177"},"modified":"2026-04-09T08:05:02","modified_gmt":"2026-04-09T05:05:02","slug":"hockey","status":"publish","type":"page","link":"https:\/\/22bet.team\/az\/hockey\/","title":{"rendered":"Xokkey"},"content":{"rendered":"","protected":false},"excerpt":{"rendered":"","protected":false},"author":1,"featured_media":0,"parent":0,"menu_order":0,"comment_status":"closed","ping_status":"closed","template":"","meta":{"_acf_changed":false,"footnotes":""},"class_list":["post-1177","page","type-page","status-publish","hentry"],"acf":[],"yoast_head":"<!-- This site is optimized with the Yoast SEO plugin v26.1.1 - https:\/\/yoast.com\/wordpress\/plugins\/seo\/ -->\n<title>22Bet Hokkey M\u0259rcl\u0259ri \u1409 \u018fn Yax\u015f\u0131 \u018fmsallar v\u0259 Canl\u0131 M\u0259rcl\u0259r<\/title>\n<meta name=\"description\" content=\"22Bet il\u0259 xokkey m\u0259rcl\u0259ri! Lisenziyal\u0131 bukmeker geni\u015f idman n\u00f6vl\u0259ri, y\u00fcks\u0259k \u0259msallar v\u0259 g\u0259lirli bonuslar t\u0259klif edir. Geni\u015f m\u0259rc \u00e7e\u015fidi v\u0259 kriptovalyuta daxil olmaqla t\u0259hl\u00fck\u0259siz \u00f6d\u0259ni\u015fl\u0259r \u00fc\u00e7\u00fcn biz\u0259 qo\u015fulun.\" \/>\n<meta name=\"robots\" content=\"index, follow, max-snippet:-1, max-image-preview:large, max-video-preview:-1\" \/>\n<link rel=\"canonical\" href=\"https:\/\/22bet.team\/az\/hockey\/\" \/>\n<meta property=\"og:locale\" content=\"az_AZ\" \/>\n<meta property=\"og:type\" content=\"article\" \/>\n<meta property=\"og:title\" content=\"22Bet Hokkey M\u0259rcl\u0259ri \u1409 \u018fn Yax\u015f\u0131 \u018fmsallar v\u0259 Canl\u0131 M\u0259rcl\u0259r\" \/>\n<meta property=\"og:description\" content=\"22Bet il\u0259 xokkey m\u0259rcl\u0259ri! Lisenziyal\u0131 bukmeker geni\u015f idman n\u00f6vl\u0259ri, y\u00fcks\u0259k \u0259msallar v\u0259 g\u0259lirli bonuslar t\u0259klif edir. Geni\u015f m\u0259rc \u00e7e\u015fidi v\u0259 kriptovalyuta daxil olmaqla t\u0259hl\u00fck\u0259siz \u00f6d\u0259ni\u015fl\u0259r \u00fc\u00e7\u00fcn biz\u0259 qo\u015fulun.\" \/>\n<meta property=\"og:url\" content=\"https:\/\/22bet.team\/az\/hockey\/\" \/>\n<meta property=\"og:site_name\" content=\"22Bet Team\" \/>\n<meta property=\"article:modified_time\" content=\"2026-04-09T05:05:02+00:00\" \/>\n<meta name=\"twitter:card\" content=\"summary_large_image\" \/>\n<script type=\"application\/ld+json\" class=\"yoast-schema-graph\">{\"@context\":\"https:\/\/schema.org\",\"@graph\":[{\"@type\":\"WebPage\",\"@id\":\"https:\/\/22bet.team\/az\/hockey\/\",\"url\":\"https:\/\/22bet.team\/az\/hockey\/\",\"name\":\"22Bet Hokkey M\u0259rcl\u0259ri \u1409 \u018fn Yax\u015f\u0131 \u018fmsallar v\u0259 Canl\u0131 M\u0259rcl\u0259r\",\"isPartOf\":{\"@id\":\"https:\/\/22bet.team\/az\/#website\"},\"datePublished\":\"2026-01-28T15:35:04+00:00\",\"dateModified\":\"2026-04-09T05:05:02+00:00\",\"description\":\"22Bet il\u0259 xokkey m\u0259rcl\u0259ri! Lisenziyal\u0131 bukmeker geni\u015f idman n\u00f6vl\u0259ri, y\u00fcks\u0259k \u0259msallar v\u0259 g\u0259lirli bonuslar t\u0259klif edir. Geni\u015f m\u0259rc \u00e7e\u015fidi v\u0259 kriptovalyuta daxil olmaqla t\u0259hl\u00fck\u0259siz \u00f6d\u0259ni\u015fl\u0259r \u00fc\u00e7\u00fcn biz\u0259 qo\u015fulun.\",\"breadcrumb\":{\"@id\":\"https:\/\/22bet.team\/az\/hockey\/#breadcrumb\"},\"inLanguage\":\"az\",\"potentialAction\":[{\"@type\":\"ReadAction\",\"target\":[\"https:\/\/22bet.team\/az\/hockey\/\"]}]},{\"@type\":\"BreadcrumbList\",\"@id\":\"https:\/\/22bet.team\/az\/hockey\/#breadcrumb\",\"itemListElement\":[{\"@type\":\"ListItem\",\"position\":1,\"name\":\"Home\",\"item\":\"https:\/\/22bet.team\/az\/\"},{\"@type\":\"ListItem\",\"position\":2,\"name\":\"Xokkey\"}]},{\"@type\":\"WebSite\",\"@id\":\"https:\/\/22bet.team\/az\/#website\",\"url\":\"https:\/\/22bet.team\/az\/\",\"name\":\"22Bet Team\",\"description\":\"\",\"potentialAction\":[{\"@type\":\"SearchAction\",\"target\":{\"@type\":\"EntryPoint\",\"urlTemplate\":\"https:\/\/22bet.team\/az\/?s={search_term_string}\"},\"query-input\":{\"@type\":\"PropertyValueSpecification\",\"valueRequired\":true,\"valueName\":\"search_term_string\"}}],\"inLanguage\":\"az\"}]}<\/script>\n<!-- \/ Yoast SEO plugin. -->","yoast_head_json":{"title":"22Bet Hokkey M\u0259rcl\u0259ri \u1409 \u018fn Yax\u015f\u0131 \u018fmsallar v\u0259 Canl\u0131 M\u0259rcl\u0259r","description":"22Bet il\u0259 xokkey m\u0259rcl\u0259ri! Lisenziyal\u0131 bukmeker geni\u015f idman n\u00f6vl\u0259ri, y\u00fcks\u0259k \u0259msallar v\u0259 g\u0259lirli bonuslar t\u0259klif edir. Geni\u015f m\u0259rc \u00e7e\u015fidi v\u0259 kriptovalyuta daxil olmaqla t\u0259hl\u00fck\u0259siz \u00f6d\u0259ni\u015fl\u0259r \u00fc\u00e7\u00fcn biz\u0259 qo\u015fulun.","robots":{"index":"index","follow":"follow","max-snippet":"max-snippet:-1","max-image-preview":"max-image-preview:large","max-video-preview":"max-video-preview:-1"},"canonical":"https:\/\/22bet.team\/az\/hockey\/","og_locale":"az_AZ","og_type":"article","og_title":"22Bet Hokkey M\u0259rcl\u0259ri \u1409 \u018fn Yax\u015f\u0131 \u018fmsallar v\u0259 Canl\u0131 M\u0259rcl\u0259r","og_description":"22Bet il\u0259 xokkey m\u0259rcl\u0259ri! Lisenziyal\u0131 bukmeker geni\u015f idman n\u00f6vl\u0259ri, y\u00fcks\u0259k \u0259msallar v\u0259 g\u0259lirli bonuslar t\u0259klif edir. Geni\u015f m\u0259rc \u00e7e\u015fidi v\u0259 kriptovalyuta daxil olmaqla t\u0259hl\u00fck\u0259siz \u00f6d\u0259ni\u015fl\u0259r \u00fc\u00e7\u00fcn biz\u0259 qo\u015fulun.","og_url":"https:\/\/22bet.team\/az\/hockey\/","og_site_name":"22Bet Team","article_modified_time":"2026-04-09T05:05:02+00:00","twitter_card":"summary_large_image","schema":{"@context":"https:\/\/schema.org","@graph":[{"@type":"WebPage","@id":"https:\/\/22bet.team\/az\/hockey\/","url":"https:\/\/22bet.team\/az\/hockey\/","name":"22Bet Hokkey M\u0259rcl\u0259ri \u1409 \u018fn Yax\u015f\u0131 \u018fmsallar v\u0259 Canl\u0131 M\u0259rcl\u0259r","isPartOf":{"@id":"https:\/\/22bet.team\/az\/#website"},"datePublished":"2026-01-28T15:35:04+00:00","dateModified":"2026-04-09T05:05:02+00:00","description":"22Bet il\u0259 xokkey m\u0259rcl\u0259ri! Lisenziyal\u0131 bukmeker geni\u015f idman n\u00f6vl\u0259ri, y\u00fcks\u0259k \u0259msallar v\u0259 g\u0259lirli bonuslar t\u0259klif edir. Geni\u015f m\u0259rc \u00e7e\u015fidi v\u0259 kriptovalyuta daxil olmaqla t\u0259hl\u00fck\u0259siz \u00f6d\u0259ni\u015fl\u0259r \u00fc\u00e7\u00fcn biz\u0259 qo\u015fulun.","breadcrumb":{"@id":"https:\/\/22bet.team\/az\/hockey\/#breadcrumb"},"inLanguage":"az","potentialAction":[{"@type":"ReadAction","target":["https:\/\/22bet.team\/az\/hockey\/"]}]},{"@type":"BreadcrumbList","@id":"https:\/\/22bet.team\/az\/hockey\/#breadcrumb","itemListElement":[{"@type":"ListItem","position":1,"name":"Home","item":"https:\/\/22bet.team\/az\/"},{"@type":"ListItem","position":2,"name":"Xokkey"}]},{"@type":"WebSite","@id":"https:\/\/22bet.team\/az\/#website","url":"https:\/\/22bet.team\/az\/","name":"22Bet Team","description":"","potentialAction":[{"@type":"SearchAction","target":{"@type":"EntryPoint","urlTemplate":"https:\/\/22bet.team\/az\/?s={search_term_string}"},"query-input":{"@type":"PropertyValueSpecification","valueRequired":true,"valueName":"search_term_string"}}],"inLanguage":"az"}]}},"_links":{"self":[{"href":"https:\/\/22bet.team\/az\/wp-json\/wp\/v2\/pages\/1177","targetHints":{"allow":["GET"]}}],"collection":[{"href":"https:\/\/22bet.team\/az\/wp-json\/wp\/v2\/pages"}],"about":[{"href":"https:\/\/22bet.team\/az\/wp-json\/wp\/v2\/types\/page"}],"author":[{"embeddable":true,"href":"https:\/\/22bet.team\/az\/wp-json\/wp\/v2\/users\/1"}],"replies":[{"embeddable":true,"href":"https:\/\/22bet.team\/az\/wp-json\/wp\/v2\/comments?post=1177"}],"version-history":[{"count":5,"href":"https:\/\/22bet.team\/az\/wp-json\/wp\/v2\/pages\/1177\/revisions"}],"predecessor-version":[{"id":1263,"href":"https:\/\/22bet.team\/az\/wp-json\/wp\/v2\/pages\/1177\/revisions\/1263"}],"wp:attachment":[{"href":"https:\/\/22bet.team\/az\/wp-json\/wp\/v2\/media?parent=1177"}],"curies":[{"name":"wp","href":"https:\/\/api.w.org\/{rel}","templated":true}]}}