{"id":1190,"date":"2026-01-28T20:59:12","date_gmt":"2026-01-28T17:59:12","guid":{"rendered":"https:\/\/22bet.team\/az\/?page_id=1190"},"modified":"2026-04-09T07:27:38","modified_gmt":"2026-04-09T04:27:38","slug":"boxing","status":"publish","type":"page","link":"https:\/\/22bet.team\/az\/boxing\/","title":{"rendered":"Boks"},"content":{"rendered":"","protected":false},"excerpt":{"rendered":"","protected":false},"author":1,"featured_media":0,"parent":0,"menu_order":0,"comment_status":"closed","ping_status":"closed","template":"","meta":{"_acf_changed":false,"footnotes":""},"class_list":["post-1190","page","type-page","status-publish","hentry"],"acf":[],"yoast_head":"<!-- This site is optimized with the Yoast SEO plugin v26.1.1 - https:\/\/yoast.com\/wordpress\/plugins\/seo\/ -->\n<title>22Bet Boks: Y\u00fcks\u0259k \u0259msallar v\u0259 bonuslarla m\u0259rc<\/title>\n<meta name=\"description\" content=\"22Bet il\u0259 boks \u00fczr\u0259 m\u0259rcl\u0259r edin! Y\u00fcks\u0259k \u0259msallar\u0131, \u0259n yax\u015f\u0131 turnirl\u0259ri v\u0259 unikal bonuslar\u0131 k\u0259\u015ff edin. Biz\u0259 qo\u015fulun v\u0259 boks m\u0259rcl\u0259rind\u0259 qazanma\u011fa ba\u015flay\u0131n!\" \/>\n<meta name=\"robots\" content=\"index, follow, max-snippet:-1, max-image-preview:large, max-video-preview:-1\" \/>\n<link rel=\"canonical\" href=\"https:\/\/22bet.team\/az\/boxing\/\" \/>\n<meta property=\"og:locale\" content=\"az_AZ\" \/>\n<meta property=\"og:type\" content=\"article\" \/>\n<meta property=\"og:title\" content=\"22Bet Boks: Y\u00fcks\u0259k \u0259msallar v\u0259 bonuslarla m\u0259rc\" \/>\n<meta property=\"og:description\" content=\"22Bet il\u0259 boks \u00fczr\u0259 m\u0259rcl\u0259r edin! Y\u00fcks\u0259k \u0259msallar\u0131, \u0259n yax\u015f\u0131 turnirl\u0259ri v\u0259 unikal bonuslar\u0131 k\u0259\u015ff edin. Biz\u0259 qo\u015fulun v\u0259 boks m\u0259rcl\u0259rind\u0259 qazanma\u011fa ba\u015flay\u0131n!\" \/>\n<meta property=\"og:url\" content=\"https:\/\/22bet.team\/az\/boxing\/\" \/>\n<meta property=\"og:site_name\" content=\"22Bet Team\" \/>\n<meta property=\"article:modified_time\" content=\"2026-04-09T04:27:38+00:00\" \/>\n<meta name=\"twitter:card\" content=\"summary_large_image\" \/>\n<script type=\"application\/ld+json\" class=\"yoast-schema-graph\">{\"@context\":\"https:\/\/schema.org\",\"@graph\":[{\"@type\":\"WebPage\",\"@id\":\"https:\/\/22bet.team\/az\/boxing\/\",\"url\":\"https:\/\/22bet.team\/az\/boxing\/\",\"name\":\"22Bet Boks: Y\u00fcks\u0259k \u0259msallar v\u0259 bonuslarla m\u0259rc\",\"isPartOf\":{\"@id\":\"https:\/\/22bet.team\/az\/#website\"},\"datePublished\":\"2026-01-28T17:59:12+00:00\",\"dateModified\":\"2026-04-09T04:27:38+00:00\",\"description\":\"22Bet il\u0259 boks \u00fczr\u0259 m\u0259rcl\u0259r edin! Y\u00fcks\u0259k \u0259msallar\u0131, \u0259n yax\u015f\u0131 turnirl\u0259ri v\u0259 unikal bonuslar\u0131 k\u0259\u015ff edin. Biz\u0259 qo\u015fulun v\u0259 boks m\u0259rcl\u0259rind\u0259 qazanma\u011fa ba\u015flay\u0131n!\",\"breadcrumb\":{\"@id\":\"https:\/\/22bet.team\/az\/boxing\/#breadcrumb\"},\"inLanguage\":\"az\",\"potentialAction\":[{\"@type\":\"ReadAction\",\"target\":[\"https:\/\/22bet.team\/az\/boxing\/\"]}]},{\"@type\":\"BreadcrumbList\",\"@id\":\"https:\/\/22bet.team\/az\/boxing\/#breadcrumb\",\"itemListElement\":[{\"@type\":\"ListItem\",\"position\":1,\"name\":\"Home\",\"item\":\"https:\/\/22bet.team\/az\/\"},{\"@type\":\"ListItem\",\"position\":2,\"name\":\"Boks\"}]},{\"@type\":\"WebSite\",\"@id\":\"https:\/\/22bet.team\/az\/#website\",\"url\":\"https:\/\/22bet.team\/az\/\",\"name\":\"22Bet Team\",\"description\":\"\",\"potentialAction\":[{\"@type\":\"SearchAction\",\"target\":{\"@type\":\"EntryPoint\",\"urlTemplate\":\"https:\/\/22bet.team\/az\/?s={search_term_string}\"},\"query-input\":{\"@type\":\"PropertyValueSpecification\",\"valueRequired\":true,\"valueName\":\"search_term_string\"}}],\"inLanguage\":\"az\"}]}<\/script>\n<!-- \/ Yoast SEO plugin. -->","yoast_head_json":{"title":"22Bet Boks: Y\u00fcks\u0259k \u0259msallar v\u0259 bonuslarla m\u0259rc","description":"22Bet il\u0259 boks \u00fczr\u0259 m\u0259rcl\u0259r edin! Y\u00fcks\u0259k \u0259msallar\u0131, \u0259n yax\u015f\u0131 turnirl\u0259ri v\u0259 unikal bonuslar\u0131 k\u0259\u015ff edin. Biz\u0259 qo\u015fulun v\u0259 boks m\u0259rcl\u0259rind\u0259 qazanma\u011fa ba\u015flay\u0131n!","robots":{"index":"index","follow":"follow","max-snippet":"max-snippet:-1","max-image-preview":"max-image-preview:large","max-video-preview":"max-video-preview:-1"},"canonical":"https:\/\/22bet.team\/az\/boxing\/","og_locale":"az_AZ","og_type":"article","og_title":"22Bet Boks: Y\u00fcks\u0259k \u0259msallar v\u0259 bonuslarla m\u0259rc","og_description":"22Bet il\u0259 boks \u00fczr\u0259 m\u0259rcl\u0259r edin! Y\u00fcks\u0259k \u0259msallar\u0131, \u0259n yax\u015f\u0131 turnirl\u0259ri v\u0259 unikal bonuslar\u0131 k\u0259\u015ff edin. Biz\u0259 qo\u015fulun v\u0259 boks m\u0259rcl\u0259rind\u0259 qazanma\u011fa ba\u015flay\u0131n!","og_url":"https:\/\/22bet.team\/az\/boxing\/","og_site_name":"22Bet Team","article_modified_time":"2026-04-09T04:27:38+00:00","twitter_card":"summary_large_image","schema":{"@context":"https:\/\/schema.org","@graph":[{"@type":"WebPage","@id":"https:\/\/22bet.team\/az\/boxing\/","url":"https:\/\/22bet.team\/az\/boxing\/","name":"22Bet Boks: Y\u00fcks\u0259k \u0259msallar v\u0259 bonuslarla m\u0259rc","isPartOf":{"@id":"https:\/\/22bet.team\/az\/#website"},"datePublished":"2026-01-28T17:59:12+00:00","dateModified":"2026-04-09T04:27:38+00:00","description":"22Bet il\u0259 boks \u00fczr\u0259 m\u0259rcl\u0259r edin! Y\u00fcks\u0259k \u0259msallar\u0131, \u0259n yax\u015f\u0131 turnirl\u0259ri v\u0259 unikal bonuslar\u0131 k\u0259\u015ff edin. Biz\u0259 qo\u015fulun v\u0259 boks m\u0259rcl\u0259rind\u0259 qazanma\u011fa ba\u015flay\u0131n!","breadcrumb":{"@id":"https:\/\/22bet.team\/az\/boxing\/#breadcrumb"},"inLanguage":"az","potentialAction":[{"@type":"ReadAction","target":["https:\/\/22bet.team\/az\/boxing\/"]}]},{"@type":"BreadcrumbList","@id":"https:\/\/22bet.team\/az\/boxing\/#breadcrumb","itemListElement":[{"@type":"ListItem","position":1,"name":"Home","item":"https:\/\/22bet.team\/az\/"},{"@type":"ListItem","position":2,"name":"Boks"}]},{"@type":"WebSite","@id":"https:\/\/22bet.team\/az\/#website","url":"https:\/\/22bet.team\/az\/","name":"22Bet Team","description":"","potentialAction":[{"@type":"SearchAction","target":{"@type":"EntryPoint","urlTemplate":"https:\/\/22bet.team\/az\/?s={search_term_string}"},"query-input":{"@type":"PropertyValueSpecification","valueRequired":true,"valueName":"search_term_string"}}],"inLanguage":"az"}]}},"_links":{"self":[{"href":"https:\/\/22bet.team\/az\/wp-json\/wp\/v2\/pages\/1190","targetHints":{"allow":["GET"]}}],"collection":[{"href":"https:\/\/22bet.team\/az\/wp-json\/wp\/v2\/pages"}],"about":[{"href":"https:\/\/22bet.team\/az\/wp-json\/wp\/v2\/types\/page"}],"author":[{"embeddable":true,"href":"https:\/\/22bet.team\/az\/wp-json\/wp\/v2\/users\/1"}],"replies":[{"embeddable":true,"href":"https:\/\/22bet.team\/az\/wp-json\/wp\/v2\/comments?post=1190"}],"version-history":[{"count":5,"href":"https:\/\/22bet.team\/az\/wp-json\/wp\/v2\/pages\/1190\/revisions"}],"predecessor-version":[{"id":1250,"href":"https:\/\/22bet.team\/az\/wp-json\/wp\/v2\/pages\/1190\/revisions\/1250"}],"wp:attachment":[{"href":"https:\/\/22bet.team\/az\/wp-json\/wp\/v2\/media?parent=1190"}],"curies":[{"name":"wp","href":"https:\/\/api.w.org\/{rel}","templated":true}]}}