{"id":2,"date":"2025-08-22T14:28:47","date_gmt":"2025-08-22T11:28:47","guid":{"rendered":"https:\/\/22bet.team\/az\/?page_id=2"},"modified":"2026-04-09T08:57:23","modified_gmt":"2026-04-09T05:57:23","slug":"home","status":"publish","type":"page","link":"https:\/\/22bet.team\/az\/","title":{"rendered":"Ana s\u0259hif\u0259"},"content":{"rendered":"","protected":false},"excerpt":{"rendered":"","protected":false},"author":1,"featured_media":1156,"parent":0,"menu_order":0,"comment_status":"closed","ping_status":"closed","template":"","meta":{"_acf_changed":false,"footnotes":""},"class_list":["post-2","page","type-page","status-publish","has-post-thumbnail","hentry"],"acf":[],"yoast_head":"<!-- This site is optimized with the Yoast SEO plugin v26.1.1 - https:\/\/yoast.com\/wordpress\/plugins\/seo\/ -->\n<title>22Bet M\u0259rcl\u0259r v\u0259 Kazino | \u018fn Yax\u015f\u0131 \u0130dman \u018fmsallar\u0131 v\u0259 Bonuslar<\/title>\n<meta name=\"description\" content=\"22Bet \u2013 geni\u015f idman m\u0259rc se\u00e7iml\u0259ri v\u0259 m\u00fcst\u0259sna kazino t\u0259cr\u00fcb\u0259si t\u0259klif ed\u0259n apar\u0131c\u0131 onlayn m\u0259rc platformas\u0131d\u0131r. H\u0259m yeni, h\u0259m d\u0259 t\u0259cr\u00fcb\u0259li oyun\u00e7ular \u00fc\u00e7\u00fcn s\u0259xav\u0259tli bonuslar, canl\u0131 m\u0259rc funksiyalar\u0131 v\u0259 r\u0259qab\u0259t\u0259davaml\u0131 \u0259msallar\u0131 k\u0259\u015ff edin.\" \/>\n<meta name=\"robots\" content=\"index, follow, max-snippet:-1, max-image-preview:large, max-video-preview:-1\" \/>\n<link rel=\"canonical\" href=\"https:\/\/22bet.team\/az\/\" \/>\n<meta property=\"og:locale\" content=\"az_AZ\" \/>\n<meta property=\"og:type\" content=\"article\" \/>\n<meta property=\"og:title\" content=\"22Bet M\u0259rcl\u0259r v\u0259 Kazino | \u018fn Yax\u015f\u0131 \u0130dman \u018fmsallar\u0131 v\u0259 Bonuslar\" \/>\n<meta property=\"og:description\" content=\"22Bet \u2013 geni\u015f idman m\u0259rc se\u00e7iml\u0259ri v\u0259 m\u00fcst\u0259sna kazino t\u0259cr\u00fcb\u0259si t\u0259klif ed\u0259n apar\u0131c\u0131 onlayn m\u0259rc platformas\u0131d\u0131r. H\u0259m yeni, h\u0259m d\u0259 t\u0259cr\u00fcb\u0259li oyun\u00e7ular \u00fc\u00e7\u00fcn s\u0259xav\u0259tli bonuslar, canl\u0131 m\u0259rc funksiyalar\u0131 v\u0259 r\u0259qab\u0259t\u0259davaml\u0131 \u0259msallar\u0131 k\u0259\u015ff edin.\" \/>\n<meta property=\"og:url\" content=\"https:\/\/22bet.team\/az\/\" \/>\n<meta property=\"og:site_name\" content=\"22Bet Team\" \/>\n<meta property=\"article:modified_time\" content=\"2026-04-09T05:57:23+00:00\" \/>\n<meta property=\"og:image\" content=\"https:\/\/22bet.team\/az\/wp-content\/uploads\/sites\/43\/22bet-team-001-1-1.webp\" \/>\n\t<meta property=\"og:image:width\" content=\"600\" \/>\n\t<meta property=\"og:image:height\" content=\"420\" \/>\n\t<meta property=\"og:image:type\" content=\"image\/webp\" \/>\n<meta name=\"twitter:card\" content=\"summary_large_image\" \/>\n<meta name=\"twitter:label1\" content=\"Est. reading time\" \/>\n\t<meta name=\"twitter:data1\" content=\"1 minute\" \/>\n<script type=\"application\/ld+json\" class=\"yoast-schema-graph\">{\"@context\":\"https:\/\/schema.org\",\"@graph\":[{\"@type\":\"WebPage\",\"@id\":\"https:\/\/22bet.team\/az\/\",\"url\":\"https:\/\/22bet.team\/az\/\",\"name\":\"22Bet M\u0259rcl\u0259r v\u0259 Kazino | \u018fn Yax\u015f\u0131 \u0130dman \u018fmsallar\u0131 v\u0259 Bonuslar\",\"isPartOf\":{\"@id\":\"https:\/\/22bet.team\/az\/#website\"},\"primaryImageOfPage\":{\"@id\":\"https:\/\/22bet.team\/az\/#primaryimage\"},\"image\":{\"@id\":\"https:\/\/22bet.team\/az\/#primaryimage\"},\"thumbnailUrl\":\"https:\/\/22bet.team\/az\/wp-content\/uploads\/sites\/43\/22bet-team-001-1-1.webp\",\"datePublished\":\"2025-08-22T11:28:47+00:00\",\"dateModified\":\"2026-04-09T05:57:23+00:00\",\"description\":\"22Bet \u2013 geni\u015f idman m\u0259rc se\u00e7iml\u0259ri v\u0259 m\u00fcst\u0259sna kazino t\u0259cr\u00fcb\u0259si t\u0259klif ed\u0259n apar\u0131c\u0131 onlayn m\u0259rc platformas\u0131d\u0131r. H\u0259m yeni, h\u0259m d\u0259 t\u0259cr\u00fcb\u0259li oyun\u00e7ular \u00fc\u00e7\u00fcn s\u0259xav\u0259tli bonuslar, canl\u0131 m\u0259rc funksiyalar\u0131 v\u0259 r\u0259qab\u0259t\u0259davaml\u0131 \u0259msallar\u0131 k\u0259\u015ff edin.\",\"breadcrumb\":{\"@id\":\"https:\/\/22bet.team\/az\/#breadcrumb\"},\"inLanguage\":\"az\",\"potentialAction\":[{\"@type\":\"ReadAction\",\"target\":[\"https:\/\/22bet.team\/az\/\"]}]},{\"@type\":\"ImageObject\",\"inLanguage\":\"az\",\"@id\":\"https:\/\/22bet.team\/az\/#primaryimage\",\"url\":\"https:\/\/22bet.team\/az\/wp-content\/uploads\/sites\/43\/22bet-team-001-1-1.webp\",\"contentUrl\":\"https:\/\/22bet.team\/az\/wp-content\/uploads\/sites\/43\/22bet-team-001-1-1.webp\",\"width\":600,\"height\":420},{\"@type\":\"BreadcrumbList\",\"@id\":\"https:\/\/22bet.team\/az\/#breadcrumb\",\"itemListElement\":[{\"@type\":\"ListItem\",\"position\":1,\"name\":\"Home\",\"item\":\"https:\/\/22bet.team\/az\/\"},{\"@type\":\"ListItem\",\"position\":2,\"name\":\"Ana s\u0259hif\u0259\"}]},{\"@type\":\"WebSite\",\"@id\":\"https:\/\/22bet.team\/az\/#website\",\"url\":\"https:\/\/22bet.team\/az\/\",\"name\":\"22Bet Team\",\"description\":\"\",\"potentialAction\":[{\"@type\":\"SearchAction\",\"target\":{\"@type\":\"EntryPoint\",\"urlTemplate\":\"https:\/\/22bet.team\/az\/?s={search_term_string}\"},\"query-input\":{\"@type\":\"PropertyValueSpecification\",\"valueRequired\":true,\"valueName\":\"search_term_string\"}}],\"inLanguage\":\"az\"}]}<\/script>\n<!-- \/ Yoast SEO plugin. -->","yoast_head_json":{"title":"22Bet M\u0259rcl\u0259r v\u0259 Kazino | \u018fn Yax\u015f\u0131 \u0130dman \u018fmsallar\u0131 v\u0259 Bonuslar","description":"22Bet \u2013 geni\u015f idman m\u0259rc se\u00e7iml\u0259ri v\u0259 m\u00fcst\u0259sna kazino t\u0259cr\u00fcb\u0259si t\u0259klif ed\u0259n apar\u0131c\u0131 onlayn m\u0259rc platformas\u0131d\u0131r. H\u0259m yeni, h\u0259m d\u0259 t\u0259cr\u00fcb\u0259li oyun\u00e7ular \u00fc\u00e7\u00fcn s\u0259xav\u0259tli bonuslar, canl\u0131 m\u0259rc funksiyalar\u0131 v\u0259 r\u0259qab\u0259t\u0259davaml\u0131 \u0259msallar\u0131 k\u0259\u015ff edin.","robots":{"index":"index","follow":"follow","max-snippet":"max-snippet:-1","max-image-preview":"max-image-preview:large","max-video-preview":"max-video-preview:-1"},"canonical":"https:\/\/22bet.team\/az\/","og_locale":"az_AZ","og_type":"article","og_title":"22Bet M\u0259rcl\u0259r v\u0259 Kazino | \u018fn Yax\u015f\u0131 \u0130dman \u018fmsallar\u0131 v\u0259 Bonuslar","og_description":"22Bet \u2013 geni\u015f idman m\u0259rc se\u00e7iml\u0259ri v\u0259 m\u00fcst\u0259sna kazino t\u0259cr\u00fcb\u0259si t\u0259klif ed\u0259n apar\u0131c\u0131 onlayn m\u0259rc platformas\u0131d\u0131r. H\u0259m yeni, h\u0259m d\u0259 t\u0259cr\u00fcb\u0259li oyun\u00e7ular \u00fc\u00e7\u00fcn s\u0259xav\u0259tli bonuslar, canl\u0131 m\u0259rc funksiyalar\u0131 v\u0259 r\u0259qab\u0259t\u0259davaml\u0131 \u0259msallar\u0131 k\u0259\u015ff edin.","og_url":"https:\/\/22bet.team\/az\/","og_site_name":"22Bet Team","article_modified_time":"2026-04-09T05:57:23+00:00","og_image":[{"width":600,"height":420,"url":"https:\/\/22bet.team\/az\/wp-content\/uploads\/sites\/43\/22bet-team-001-1-1.webp","type":"image\/webp"}],"twitter_card":"summary_large_image","twitter_misc":{"Est. reading time":"1 minute"},"schema":{"@context":"https:\/\/schema.org","@graph":[{"@type":"WebPage","@id":"https:\/\/22bet.team\/az\/","url":"https:\/\/22bet.team\/az\/","name":"22Bet M\u0259rcl\u0259r v\u0259 Kazino | \u018fn Yax\u015f\u0131 \u0130dman \u018fmsallar\u0131 v\u0259 Bonuslar","isPartOf":{"@id":"https:\/\/22bet.team\/az\/#website"},"primaryImageOfPage":{"@id":"https:\/\/22bet.team\/az\/#primaryimage"},"image":{"@id":"https:\/\/22bet.team\/az\/#primaryimage"},"thumbnailUrl":"https:\/\/22bet.team\/az\/wp-content\/uploads\/sites\/43\/22bet-team-001-1-1.webp","datePublished":"2025-08-22T11:28:47+00:00","dateModified":"2026-04-09T05:57:23+00:00","description":"22Bet \u2013 geni\u015f idman m\u0259rc se\u00e7iml\u0259ri v\u0259 m\u00fcst\u0259sna kazino t\u0259cr\u00fcb\u0259si t\u0259klif ed\u0259n apar\u0131c\u0131 onlayn m\u0259rc platformas\u0131d\u0131r. H\u0259m yeni, h\u0259m d\u0259 t\u0259cr\u00fcb\u0259li oyun\u00e7ular \u00fc\u00e7\u00fcn s\u0259xav\u0259tli bonuslar, canl\u0131 m\u0259rc funksiyalar\u0131 v\u0259 r\u0259qab\u0259t\u0259davaml\u0131 \u0259msallar\u0131 k\u0259\u015ff edin.","breadcrumb":{"@id":"https:\/\/22bet.team\/az\/#breadcrumb"},"inLanguage":"az","potentialAction":[{"@type":"ReadAction","target":["https:\/\/22bet.team\/az\/"]}]},{"@type":"ImageObject","inLanguage":"az","@id":"https:\/\/22bet.team\/az\/#primaryimage","url":"https:\/\/22bet.team\/az\/wp-content\/uploads\/sites\/43\/22bet-team-001-1-1.webp","contentUrl":"https:\/\/22bet.team\/az\/wp-content\/uploads\/sites\/43\/22bet-team-001-1-1.webp","width":600,"height":420},{"@type":"BreadcrumbList","@id":"https:\/\/22bet.team\/az\/#breadcrumb","itemListElement":[{"@type":"ListItem","position":1,"name":"Home","item":"https:\/\/22bet.team\/az\/"},{"@type":"ListItem","position":2,"name":"Ana s\u0259hif\u0259"}]},{"@type":"WebSite","@id":"https:\/\/22bet.team\/az\/#website","url":"https:\/\/22bet.team\/az\/","name":"22Bet Team","description":"","potentialAction":[{"@type":"SearchAction","target":{"@type":"EntryPoint","urlTemplate":"https:\/\/22bet.team\/az\/?s={search_term_string}"},"query-input":{"@type":"PropertyValueSpecification","valueRequired":true,"valueName":"search_term_string"}}],"inLanguage":"az"}]}},"_links":{"self":[{"href":"https:\/\/22bet.team\/az\/wp-json\/wp\/v2\/pages\/2","targetHints":{"allow":["GET"]}}],"collection":[{"href":"https:\/\/22bet.team\/az\/wp-json\/wp\/v2\/pages"}],"about":[{"href":"https:\/\/22bet.team\/az\/wp-json\/wp\/v2\/types\/page"}],"author":[{"embeddable":true,"href":"https:\/\/22bet.team\/az\/wp-json\/wp\/v2\/users\/1"}],"replies":[{"embeddable":true,"href":"https:\/\/22bet.team\/az\/wp-json\/wp\/v2\/comments?post=2"}],"version-history":[{"count":5,"href":"https:\/\/22bet.team\/az\/wp-json\/wp\/v2\/pages\/2\/revisions"}],"predecessor-version":[{"id":1267,"href":"https:\/\/22bet.team\/az\/wp-json\/wp\/v2\/pages\/2\/revisions\/1267"}],"wp:featuredmedia":[{"embeddable":true,"href":"https:\/\/22bet.team\/az\/wp-json\/wp\/v2\/media\/1156"}],"wp:attachment":[{"href":"https:\/\/22bet.team\/az\/wp-json\/wp\/v2\/media?parent=2"}],"curies":[{"name":"wp","href":"https:\/\/api.w.org\/{rel}","templated":true}]}}