{"id":830,"date":"2025-11-14T09:42:58","date_gmt":"2025-11-14T06:42:58","guid":{"rendered":"https:\/\/22bet.team\/az\/?page_id=830"},"modified":"2026-04-08T13:46:06","modified_gmt":"2026-04-08T10:46:06","slug":"app","status":"publish","type":"page","link":"https:\/\/22bet.team\/az\/app\/","title":{"rendered":"T\u0259tbiq"},"content":{"rendered":"","protected":false},"excerpt":{"rendered":"","protected":false},"author":1,"featured_media":0,"parent":0,"menu_order":0,"comment_status":"closed","ping_status":"closed","template":"","meta":{"_acf_changed":false,"footnotes":""},"class_list":["post-830","page","type-page","status-publish","hentry"],"acf":[],"yoast_head":"<!-- This site is optimized with the Yoast SEO plugin v26.1.1 - https:\/\/yoast.com\/wordpress\/plugins\/seo\/ -->\n<title>22Bet T\u0259tbiqi \u2014 M\u0259rc v\u0259 kazino \u00fc\u00e7\u00fcn x\u00fcsusiyy\u0259tl\u0259r v\u0259 \u00fcst\u00fcnl\u00fckl\u0259r<\/title>\n<meta name=\"description\" content=\"22Bet t\u0259tbiqi \u2014 Android v\u0259 iOS \u00fc\u00e7\u00fcn y\u00fckl\u0259yin v\u0259 canl\u0131 m\u0259rcl\u0259r\u0259, kazinoya, bonuslara v\u0259 s\u00fcr\u0259tli \u00f6d\u0259ni\u015fl\u0259r\u0259 ani giri\u015f \u0259ld\u0259 edin. M\u00fcasir, rahat v\u0259 t\u0259hl\u00fck\u0259siz mobil interfeys.\" \/>\n<meta name=\"robots\" content=\"index, follow, max-snippet:-1, max-image-preview:large, max-video-preview:-1\" \/>\n<link rel=\"canonical\" href=\"https:\/\/22bet.team\/az\/app\/\" \/>\n<meta property=\"og:locale\" content=\"az_AZ\" \/>\n<meta property=\"og:type\" content=\"article\" \/>\n<meta property=\"og:title\" content=\"22Bet T\u0259tbiqi \u2014 M\u0259rc v\u0259 kazino \u00fc\u00e7\u00fcn x\u00fcsusiyy\u0259tl\u0259r v\u0259 \u00fcst\u00fcnl\u00fckl\u0259r\" \/>\n<meta property=\"og:description\" content=\"22Bet t\u0259tbiqi \u2014 Android v\u0259 iOS \u00fc\u00e7\u00fcn y\u00fckl\u0259yin v\u0259 canl\u0131 m\u0259rcl\u0259r\u0259, kazinoya, bonuslara v\u0259 s\u00fcr\u0259tli \u00f6d\u0259ni\u015fl\u0259r\u0259 ani giri\u015f \u0259ld\u0259 edin. M\u00fcasir, rahat v\u0259 t\u0259hl\u00fck\u0259siz mobil interfeys.\" \/>\n<meta property=\"og:url\" content=\"https:\/\/22bet.team\/az\/app\/\" \/>\n<meta property=\"og:site_name\" content=\"22Bet Team\" \/>\n<meta property=\"article:modified_time\" content=\"2026-04-08T10:46:06+00:00\" \/>\n<meta name=\"twitter:card\" content=\"summary_large_image\" \/>\n<script type=\"application\/ld+json\" class=\"yoast-schema-graph\">{\"@context\":\"https:\/\/schema.org\",\"@graph\":[{\"@type\":\"WebPage\",\"@id\":\"https:\/\/22bet.team\/az\/app\/\",\"url\":\"https:\/\/22bet.team\/az\/app\/\",\"name\":\"22Bet T\u0259tbiqi \u2014 M\u0259rc v\u0259 kazino \u00fc\u00e7\u00fcn x\u00fcsusiyy\u0259tl\u0259r v\u0259 \u00fcst\u00fcnl\u00fckl\u0259r\",\"isPartOf\":{\"@id\":\"https:\/\/22bet.team\/az\/#website\"},\"datePublished\":\"2025-11-14T06:42:58+00:00\",\"dateModified\":\"2026-04-08T10:46:06+00:00\",\"description\":\"22Bet t\u0259tbiqi \u2014 Android v\u0259 iOS \u00fc\u00e7\u00fcn y\u00fckl\u0259yin v\u0259 canl\u0131 m\u0259rcl\u0259r\u0259, kazinoya, bonuslara v\u0259 s\u00fcr\u0259tli \u00f6d\u0259ni\u015fl\u0259r\u0259 ani giri\u015f \u0259ld\u0259 edin. M\u00fcasir, rahat v\u0259 t\u0259hl\u00fck\u0259siz mobil interfeys.\",\"breadcrumb\":{\"@id\":\"https:\/\/22bet.team\/az\/app\/#breadcrumb\"},\"inLanguage\":\"az\",\"potentialAction\":[{\"@type\":\"ReadAction\",\"target\":[\"https:\/\/22bet.team\/az\/app\/\"]}]},{\"@type\":\"BreadcrumbList\",\"@id\":\"https:\/\/22bet.team\/az\/app\/#breadcrumb\",\"itemListElement\":[{\"@type\":\"ListItem\",\"position\":1,\"name\":\"Home\",\"item\":\"https:\/\/22bet.team\/az\/\"},{\"@type\":\"ListItem\",\"position\":2,\"name\":\"T\u0259tbiq\"}]},{\"@type\":\"WebSite\",\"@id\":\"https:\/\/22bet.team\/az\/#website\",\"url\":\"https:\/\/22bet.team\/az\/\",\"name\":\"22Bet Team\",\"description\":\"\",\"potentialAction\":[{\"@type\":\"SearchAction\",\"target\":{\"@type\":\"EntryPoint\",\"urlTemplate\":\"https:\/\/22bet.team\/az\/?s={search_term_string}\"},\"query-input\":{\"@type\":\"PropertyValueSpecification\",\"valueRequired\":true,\"valueName\":\"search_term_string\"}}],\"inLanguage\":\"az\"}]}<\/script>\n<!-- \/ Yoast SEO plugin. -->","yoast_head_json":{"title":"22Bet T\u0259tbiqi \u2014 M\u0259rc v\u0259 kazino \u00fc\u00e7\u00fcn x\u00fcsusiyy\u0259tl\u0259r v\u0259 \u00fcst\u00fcnl\u00fckl\u0259r","description":"22Bet t\u0259tbiqi \u2014 Android v\u0259 iOS \u00fc\u00e7\u00fcn y\u00fckl\u0259yin v\u0259 canl\u0131 m\u0259rcl\u0259r\u0259, kazinoya, bonuslara v\u0259 s\u00fcr\u0259tli \u00f6d\u0259ni\u015fl\u0259r\u0259 ani giri\u015f \u0259ld\u0259 edin. M\u00fcasir, rahat v\u0259 t\u0259hl\u00fck\u0259siz mobil interfeys.","robots":{"index":"index","follow":"follow","max-snippet":"max-snippet:-1","max-image-preview":"max-image-preview:large","max-video-preview":"max-video-preview:-1"},"canonical":"https:\/\/22bet.team\/az\/app\/","og_locale":"az_AZ","og_type":"article","og_title":"22Bet T\u0259tbiqi \u2014 M\u0259rc v\u0259 kazino \u00fc\u00e7\u00fcn x\u00fcsusiyy\u0259tl\u0259r v\u0259 \u00fcst\u00fcnl\u00fckl\u0259r","og_description":"22Bet t\u0259tbiqi \u2014 Android v\u0259 iOS \u00fc\u00e7\u00fcn y\u00fckl\u0259yin v\u0259 canl\u0131 m\u0259rcl\u0259r\u0259, kazinoya, bonuslara v\u0259 s\u00fcr\u0259tli \u00f6d\u0259ni\u015fl\u0259r\u0259 ani giri\u015f \u0259ld\u0259 edin. M\u00fcasir, rahat v\u0259 t\u0259hl\u00fck\u0259siz mobil interfeys.","og_url":"https:\/\/22bet.team\/az\/app\/","og_site_name":"22Bet Team","article_modified_time":"2026-04-08T10:46:06+00:00","twitter_card":"summary_large_image","schema":{"@context":"https:\/\/schema.org","@graph":[{"@type":"WebPage","@id":"https:\/\/22bet.team\/az\/app\/","url":"https:\/\/22bet.team\/az\/app\/","name":"22Bet T\u0259tbiqi \u2014 M\u0259rc v\u0259 kazino \u00fc\u00e7\u00fcn x\u00fcsusiyy\u0259tl\u0259r v\u0259 \u00fcst\u00fcnl\u00fckl\u0259r","isPartOf":{"@id":"https:\/\/22bet.team\/az\/#website"},"datePublished":"2025-11-14T06:42:58+00:00","dateModified":"2026-04-08T10:46:06+00:00","description":"22Bet t\u0259tbiqi \u2014 Android v\u0259 iOS \u00fc\u00e7\u00fcn y\u00fckl\u0259yin v\u0259 canl\u0131 m\u0259rcl\u0259r\u0259, kazinoya, bonuslara v\u0259 s\u00fcr\u0259tli \u00f6d\u0259ni\u015fl\u0259r\u0259 ani giri\u015f \u0259ld\u0259 edin. M\u00fcasir, rahat v\u0259 t\u0259hl\u00fck\u0259siz mobil interfeys.","breadcrumb":{"@id":"https:\/\/22bet.team\/az\/app\/#breadcrumb"},"inLanguage":"az","potentialAction":[{"@type":"ReadAction","target":["https:\/\/22bet.team\/az\/app\/"]}]},{"@type":"BreadcrumbList","@id":"https:\/\/22bet.team\/az\/app\/#breadcrumb","itemListElement":[{"@type":"ListItem","position":1,"name":"Home","item":"https:\/\/22bet.team\/az\/"},{"@type":"ListItem","position":2,"name":"T\u0259tbiq"}]},{"@type":"WebSite","@id":"https:\/\/22bet.team\/az\/#website","url":"https:\/\/22bet.team\/az\/","name":"22Bet Team","description":"","potentialAction":[{"@type":"SearchAction","target":{"@type":"EntryPoint","urlTemplate":"https:\/\/22bet.team\/az\/?s={search_term_string}"},"query-input":{"@type":"PropertyValueSpecification","valueRequired":true,"valueName":"search_term_string"}}],"inLanguage":"az"}]}},"_links":{"self":[{"href":"https:\/\/22bet.team\/az\/wp-json\/wp\/v2\/pages\/830","targetHints":{"allow":["GET"]}}],"collection":[{"href":"https:\/\/22bet.team\/az\/wp-json\/wp\/v2\/pages"}],"about":[{"href":"https:\/\/22bet.team\/az\/wp-json\/wp\/v2\/types\/page"}],"author":[{"embeddable":true,"href":"https:\/\/22bet.team\/az\/wp-json\/wp\/v2\/users\/1"}],"replies":[{"embeddable":true,"href":"https:\/\/22bet.team\/az\/wp-json\/wp\/v2\/comments?post=830"}],"version-history":[{"count":5,"href":"https:\/\/22bet.team\/az\/wp-json\/wp\/v2\/pages\/830\/revisions"}],"predecessor-version":[{"id":1244,"href":"https:\/\/22bet.team\/az\/wp-json\/wp\/v2\/pages\/830\/revisions\/1244"}],"wp:attachment":[{"href":"https:\/\/22bet.team\/az\/wp-json\/wp\/v2\/media?parent=830"}],"curies":[{"name":"wp","href":"https:\/\/api.w.org\/{rel}","templated":true}]}}