{"id":961,"date":"2025-11-19T09:25:55","date_gmt":"2025-11-19T06:25:55","guid":{"rendered":"https:\/\/22bet.team\/az\/?page_id=961"},"modified":"2026-04-08T13:26:07","modified_gmt":"2026-04-08T10:26:07","slug":"apk","status":"publish","type":"page","link":"https:\/\/22bet.team\/az\/apk\/","title":{"rendered":"APK"},"content":{"rendered":"","protected":false},"excerpt":{"rendered":"","protected":false},"author":1,"featured_media":0,"parent":0,"menu_order":0,"comment_status":"closed","ping_status":"closed","template":"","meta":{"_acf_changed":false,"footnotes":""},"class_list":["post-961","page","type-page","status-publish","hentry"],"acf":[],"yoast_head":"<!-- This site is optimized with the Yoast SEO plugin v26.1.1 - https:\/\/yoast.com\/wordpress\/plugins\/seo\/ -->\n<title>22Bet APK y\u00fckl\u0259: \u0130dman m\u0259rcl\u0259ri v\u0259 kazino \u00fc\u00e7\u00fcn s\u00fcr\u0259tli t\u0259tbiq<\/title>\n<meta name=\"description\" content=\"\u0130dman m\u0259rcl\u0259ri v\u0259 qumar \u00fc\u00e7\u00fcn 22Bet APK t\u0259tbiqini y\u00fckl\u0259yin. 20-d\u0259n \u00e7ox idman n\u00f6v\u00fcn\u0259, y\u00fcks\u0259k \u0259msallara v\u0259 yeni istifad\u0259\u00e7il\u0259r \u00fc\u00e7\u00fcn unikal bonuslara \u00e7\u0131x\u0131\u015f \u0259ld\u0259 edin. Android cihaz\u0131n\u0131zda oynay\u0131n v\u0259 qazan\u0131n!\" \/>\n<meta name=\"robots\" content=\"index, follow, max-snippet:-1, max-image-preview:large, max-video-preview:-1\" \/>\n<link rel=\"canonical\" href=\"https:\/\/22bet.team\/az\/apk\/\" \/>\n<meta property=\"og:locale\" content=\"az_AZ\" \/>\n<meta property=\"og:type\" content=\"article\" \/>\n<meta property=\"og:title\" content=\"22Bet APK y\u00fckl\u0259: \u0130dman m\u0259rcl\u0259ri v\u0259 kazino \u00fc\u00e7\u00fcn s\u00fcr\u0259tli t\u0259tbiq\" \/>\n<meta property=\"og:description\" content=\"\u0130dman m\u0259rcl\u0259ri v\u0259 qumar \u00fc\u00e7\u00fcn 22Bet APK t\u0259tbiqini y\u00fckl\u0259yin. 20-d\u0259n \u00e7ox idman n\u00f6v\u00fcn\u0259, y\u00fcks\u0259k \u0259msallara v\u0259 yeni istifad\u0259\u00e7il\u0259r \u00fc\u00e7\u00fcn unikal bonuslara \u00e7\u0131x\u0131\u015f \u0259ld\u0259 edin. Android cihaz\u0131n\u0131zda oynay\u0131n v\u0259 qazan\u0131n!\" \/>\n<meta property=\"og:url\" content=\"https:\/\/22bet.team\/az\/apk\/\" \/>\n<meta property=\"og:site_name\" content=\"22Bet Team\" \/>\n<meta property=\"article:modified_time\" content=\"2026-04-08T10:26:07+00:00\" \/>\n<meta name=\"twitter:card\" content=\"summary_large_image\" \/>\n<script type=\"application\/ld+json\" class=\"yoast-schema-graph\">{\"@context\":\"https:\/\/schema.org\",\"@graph\":[{\"@type\":\"WebPage\",\"@id\":\"https:\/\/22bet.team\/az\/apk\/\",\"url\":\"https:\/\/22bet.team\/az\/apk\/\",\"name\":\"22Bet APK y\u00fckl\u0259: \u0130dman m\u0259rcl\u0259ri v\u0259 kazino \u00fc\u00e7\u00fcn s\u00fcr\u0259tli t\u0259tbiq\",\"isPartOf\":{\"@id\":\"https:\/\/22bet.team\/az\/#website\"},\"datePublished\":\"2025-11-19T06:25:55+00:00\",\"dateModified\":\"2026-04-08T10:26:07+00:00\",\"description\":\"\u0130dman m\u0259rcl\u0259ri v\u0259 qumar \u00fc\u00e7\u00fcn 22Bet APK t\u0259tbiqini y\u00fckl\u0259yin. 20-d\u0259n \u00e7ox idman n\u00f6v\u00fcn\u0259, y\u00fcks\u0259k \u0259msallara v\u0259 yeni istifad\u0259\u00e7il\u0259r \u00fc\u00e7\u00fcn unikal bonuslara \u00e7\u0131x\u0131\u015f \u0259ld\u0259 edin. Android cihaz\u0131n\u0131zda oynay\u0131n v\u0259 qazan\u0131n!\",\"breadcrumb\":{\"@id\":\"https:\/\/22bet.team\/az\/apk\/#breadcrumb\"},\"inLanguage\":\"az\",\"potentialAction\":[{\"@type\":\"ReadAction\",\"target\":[\"https:\/\/22bet.team\/az\/apk\/\"]}]},{\"@type\":\"BreadcrumbList\",\"@id\":\"https:\/\/22bet.team\/az\/apk\/#breadcrumb\",\"itemListElement\":[{\"@type\":\"ListItem\",\"position\":1,\"name\":\"Home\",\"item\":\"https:\/\/22bet.team\/az\/\"},{\"@type\":\"ListItem\",\"position\":2,\"name\":\"APK\"}]},{\"@type\":\"WebSite\",\"@id\":\"https:\/\/22bet.team\/az\/#website\",\"url\":\"https:\/\/22bet.team\/az\/\",\"name\":\"22Bet Team\",\"description\":\"\",\"potentialAction\":[{\"@type\":\"SearchAction\",\"target\":{\"@type\":\"EntryPoint\",\"urlTemplate\":\"https:\/\/22bet.team\/az\/?s={search_term_string}\"},\"query-input\":{\"@type\":\"PropertyValueSpecification\",\"valueRequired\":true,\"valueName\":\"search_term_string\"}}],\"inLanguage\":\"az\"}]}<\/script>\n<!-- \/ Yoast SEO plugin. -->","yoast_head_json":{"title":"22Bet APK y\u00fckl\u0259: \u0130dman m\u0259rcl\u0259ri v\u0259 kazino \u00fc\u00e7\u00fcn s\u00fcr\u0259tli t\u0259tbiq","description":"\u0130dman m\u0259rcl\u0259ri v\u0259 qumar \u00fc\u00e7\u00fcn 22Bet APK t\u0259tbiqini y\u00fckl\u0259yin. 20-d\u0259n \u00e7ox idman n\u00f6v\u00fcn\u0259, y\u00fcks\u0259k \u0259msallara v\u0259 yeni istifad\u0259\u00e7il\u0259r \u00fc\u00e7\u00fcn unikal bonuslara \u00e7\u0131x\u0131\u015f \u0259ld\u0259 edin. Android cihaz\u0131n\u0131zda oynay\u0131n v\u0259 qazan\u0131n!","robots":{"index":"index","follow":"follow","max-snippet":"max-snippet:-1","max-image-preview":"max-image-preview:large","max-video-preview":"max-video-preview:-1"},"canonical":"https:\/\/22bet.team\/az\/apk\/","og_locale":"az_AZ","og_type":"article","og_title":"22Bet APK y\u00fckl\u0259: \u0130dman m\u0259rcl\u0259ri v\u0259 kazino \u00fc\u00e7\u00fcn s\u00fcr\u0259tli t\u0259tbiq","og_description":"\u0130dman m\u0259rcl\u0259ri v\u0259 qumar \u00fc\u00e7\u00fcn 22Bet APK t\u0259tbiqini y\u00fckl\u0259yin. 20-d\u0259n \u00e7ox idman n\u00f6v\u00fcn\u0259, y\u00fcks\u0259k \u0259msallara v\u0259 yeni istifad\u0259\u00e7il\u0259r \u00fc\u00e7\u00fcn unikal bonuslara \u00e7\u0131x\u0131\u015f \u0259ld\u0259 edin. Android cihaz\u0131n\u0131zda oynay\u0131n v\u0259 qazan\u0131n!","og_url":"https:\/\/22bet.team\/az\/apk\/","og_site_name":"22Bet Team","article_modified_time":"2026-04-08T10:26:07+00:00","twitter_card":"summary_large_image","schema":{"@context":"https:\/\/schema.org","@graph":[{"@type":"WebPage","@id":"https:\/\/22bet.team\/az\/apk\/","url":"https:\/\/22bet.team\/az\/apk\/","name":"22Bet APK y\u00fckl\u0259: \u0130dman m\u0259rcl\u0259ri v\u0259 kazino \u00fc\u00e7\u00fcn s\u00fcr\u0259tli t\u0259tbiq","isPartOf":{"@id":"https:\/\/22bet.team\/az\/#website"},"datePublished":"2025-11-19T06:25:55+00:00","dateModified":"2026-04-08T10:26:07+00:00","description":"\u0130dman m\u0259rcl\u0259ri v\u0259 qumar \u00fc\u00e7\u00fcn 22Bet APK t\u0259tbiqini y\u00fckl\u0259yin. 20-d\u0259n \u00e7ox idman n\u00f6v\u00fcn\u0259, y\u00fcks\u0259k \u0259msallara v\u0259 yeni istifad\u0259\u00e7il\u0259r \u00fc\u00e7\u00fcn unikal bonuslara \u00e7\u0131x\u0131\u015f \u0259ld\u0259 edin. Android cihaz\u0131n\u0131zda oynay\u0131n v\u0259 qazan\u0131n!","breadcrumb":{"@id":"https:\/\/22bet.team\/az\/apk\/#breadcrumb"},"inLanguage":"az","potentialAction":[{"@type":"ReadAction","target":["https:\/\/22bet.team\/az\/apk\/"]}]},{"@type":"BreadcrumbList","@id":"https:\/\/22bet.team\/az\/apk\/#breadcrumb","itemListElement":[{"@type":"ListItem","position":1,"name":"Home","item":"https:\/\/22bet.team\/az\/"},{"@type":"ListItem","position":2,"name":"APK"}]},{"@type":"WebSite","@id":"https:\/\/22bet.team\/az\/#website","url":"https:\/\/22bet.team\/az\/","name":"22Bet Team","description":"","potentialAction":[{"@type":"SearchAction","target":{"@type":"EntryPoint","urlTemplate":"https:\/\/22bet.team\/az\/?s={search_term_string}"},"query-input":{"@type":"PropertyValueSpecification","valueRequired":true,"valueName":"search_term_string"}}],"inLanguage":"az"}]}},"_links":{"self":[{"href":"https:\/\/22bet.team\/az\/wp-json\/wp\/v2\/pages\/961","targetHints":{"allow":["GET"]}}],"collection":[{"href":"https:\/\/22bet.team\/az\/wp-json\/wp\/v2\/pages"}],"about":[{"href":"https:\/\/22bet.team\/az\/wp-json\/wp\/v2\/types\/page"}],"author":[{"embeddable":true,"href":"https:\/\/22bet.team\/az\/wp-json\/wp\/v2\/users\/1"}],"replies":[{"embeddable":true,"href":"https:\/\/22bet.team\/az\/wp-json\/wp\/v2\/comments?post=961"}],"version-history":[{"count":5,"href":"https:\/\/22bet.team\/az\/wp-json\/wp\/v2\/pages\/961\/revisions"}],"predecessor-version":[{"id":1241,"href":"https:\/\/22bet.team\/az\/wp-json\/wp\/v2\/pages\/961\/revisions\/1241"}],"wp:attachment":[{"href":"https:\/\/22bet.team\/az\/wp-json\/wp\/v2\/media?parent=961"}],"curies":[{"name":"wp","href":"https:\/\/api.w.org\/{rel}","templated":true}]}}