{"id":987,"date":"2025-11-20T10:37:40","date_gmt":"2025-11-20T07:37:40","guid":{"rendered":"https:\/\/22bet.team\/az\/?page_id=987"},"modified":"2026-04-09T08:32:41","modified_gmt":"2026-04-09T05:32:41","slug":"casino","status":"publish","type":"page","link":"https:\/\/22bet.team\/az\/casino\/","title":{"rendered":"Kazino"},"content":{"rendered":"","protected":false},"excerpt":{"rendered":"","protected":false},"author":1,"featured_media":0,"parent":0,"menu_order":0,"comment_status":"closed","ping_status":"closed","template":"","meta":{"_acf_changed":false,"footnotes":""},"class_list":["post-987","page","type-page","status-publish","hentry"],"acf":[],"yoast_head":"<!-- This site is optimized with the Yoast SEO plugin v26.1.1 - https:\/\/yoast.com\/wordpress\/plugins\/seo\/ -->\n<title>22Bet Kazinosu | \u018fn yax\u015f\u0131 oyunlar, bonuslar, canl\u0131 oyunlar<\/title>\n<meta name=\"description\" content=\"22Bet Kazino il\u0259 qumar d\u00fcnyas\u0131na daxil olun! Maraql\u0131 slotlardan, m\u00f6ht\u0259\u015f\u0259m canl\u0131 oyunlardan v\u0259 3000 AZN-d\u0259k s\u0259xav\u0259tli bonuslardan h\u0259zz al\u0131n. 22Bet-\u0259 qo\u015fulun v\u0259 t\u0259hl\u00fck\u0259siz, lisenziyal\u0131 m\u00fchitd\u0259 b\u0259nz\u0259rsiz oyun t\u0259cr\u00fcb\u0259sinin dad\u0131n\u0131 \u00e7\u0131xar\u0131n.\" \/>\n<meta name=\"robots\" content=\"index, follow, max-snippet:-1, max-image-preview:large, max-video-preview:-1\" \/>\n<link rel=\"canonical\" href=\"https:\/\/22bet.team\/az\/casino\/\" \/>\n<meta property=\"og:locale\" content=\"az_AZ\" \/>\n<meta property=\"og:type\" content=\"article\" \/>\n<meta property=\"og:title\" content=\"22Bet Kazinosu | \u018fn yax\u015f\u0131 oyunlar, bonuslar, canl\u0131 oyunlar\" \/>\n<meta property=\"og:description\" content=\"22Bet Kazino il\u0259 qumar d\u00fcnyas\u0131na daxil olun! Maraql\u0131 slotlardan, m\u00f6ht\u0259\u015f\u0259m canl\u0131 oyunlardan v\u0259 3000 AZN-d\u0259k s\u0259xav\u0259tli bonuslardan h\u0259zz al\u0131n. 22Bet-\u0259 qo\u015fulun v\u0259 t\u0259hl\u00fck\u0259siz, lisenziyal\u0131 m\u00fchitd\u0259 b\u0259nz\u0259rsiz oyun t\u0259cr\u00fcb\u0259sinin dad\u0131n\u0131 \u00e7\u0131xar\u0131n.\" \/>\n<meta property=\"og:url\" content=\"https:\/\/22bet.team\/az\/casino\/\" \/>\n<meta property=\"og:site_name\" content=\"22Bet Team\" \/>\n<meta property=\"article:modified_time\" content=\"2026-04-09T05:32:41+00:00\" \/>\n<meta name=\"twitter:card\" content=\"summary_large_image\" \/>\n<script type=\"application\/ld+json\" class=\"yoast-schema-graph\">{\"@context\":\"https:\/\/schema.org\",\"@graph\":[{\"@type\":\"WebPage\",\"@id\":\"https:\/\/22bet.team\/az\/casino\/\",\"url\":\"https:\/\/22bet.team\/az\/casino\/\",\"name\":\"22Bet Kazinosu | \u018fn yax\u015f\u0131 oyunlar, bonuslar, canl\u0131 oyunlar\",\"isPartOf\":{\"@id\":\"https:\/\/22bet.team\/az\/#website\"},\"datePublished\":\"2025-11-20T07:37:40+00:00\",\"dateModified\":\"2026-04-09T05:32:41+00:00\",\"description\":\"22Bet Kazino il\u0259 qumar d\u00fcnyas\u0131na daxil olun! Maraql\u0131 slotlardan, m\u00f6ht\u0259\u015f\u0259m canl\u0131 oyunlardan v\u0259 3000 AZN-d\u0259k s\u0259xav\u0259tli bonuslardan h\u0259zz al\u0131n. 22Bet-\u0259 qo\u015fulun v\u0259 t\u0259hl\u00fck\u0259siz, lisenziyal\u0131 m\u00fchitd\u0259 b\u0259nz\u0259rsiz oyun t\u0259cr\u00fcb\u0259sinin dad\u0131n\u0131 \u00e7\u0131xar\u0131n.\",\"breadcrumb\":{\"@id\":\"https:\/\/22bet.team\/az\/casino\/#breadcrumb\"},\"inLanguage\":\"az\",\"potentialAction\":[{\"@type\":\"ReadAction\",\"target\":[\"https:\/\/22bet.team\/az\/casino\/\"]}]},{\"@type\":\"BreadcrumbList\",\"@id\":\"https:\/\/22bet.team\/az\/casino\/#breadcrumb\",\"itemListElement\":[{\"@type\":\"ListItem\",\"position\":1,\"name\":\"Home\",\"item\":\"https:\/\/22bet.team\/az\/\"},{\"@type\":\"ListItem\",\"position\":2,\"name\":\"Kazino\"}]},{\"@type\":\"WebSite\",\"@id\":\"https:\/\/22bet.team\/az\/#website\",\"url\":\"https:\/\/22bet.team\/az\/\",\"name\":\"22Bet Team\",\"description\":\"\",\"potentialAction\":[{\"@type\":\"SearchAction\",\"target\":{\"@type\":\"EntryPoint\",\"urlTemplate\":\"https:\/\/22bet.team\/az\/?s={search_term_string}\"},\"query-input\":{\"@type\":\"PropertyValueSpecification\",\"valueRequired\":true,\"valueName\":\"search_term_string\"}}],\"inLanguage\":\"az\"}]}<\/script>\n<!-- \/ Yoast SEO plugin. -->","yoast_head_json":{"title":"22Bet Kazinosu | \u018fn yax\u015f\u0131 oyunlar, bonuslar, canl\u0131 oyunlar","description":"22Bet Kazino il\u0259 qumar d\u00fcnyas\u0131na daxil olun! Maraql\u0131 slotlardan, m\u00f6ht\u0259\u015f\u0259m canl\u0131 oyunlardan v\u0259 3000 AZN-d\u0259k s\u0259xav\u0259tli bonuslardan h\u0259zz al\u0131n. 22Bet-\u0259 qo\u015fulun v\u0259 t\u0259hl\u00fck\u0259siz, lisenziyal\u0131 m\u00fchitd\u0259 b\u0259nz\u0259rsiz oyun t\u0259cr\u00fcb\u0259sinin dad\u0131n\u0131 \u00e7\u0131xar\u0131n.","robots":{"index":"index","follow":"follow","max-snippet":"max-snippet:-1","max-image-preview":"max-image-preview:large","max-video-preview":"max-video-preview:-1"},"canonical":"https:\/\/22bet.team\/az\/casino\/","og_locale":"az_AZ","og_type":"article","og_title":"22Bet Kazinosu | \u018fn yax\u015f\u0131 oyunlar, bonuslar, canl\u0131 oyunlar","og_description":"22Bet Kazino il\u0259 qumar d\u00fcnyas\u0131na daxil olun! Maraql\u0131 slotlardan, m\u00f6ht\u0259\u015f\u0259m canl\u0131 oyunlardan v\u0259 3000 AZN-d\u0259k s\u0259xav\u0259tli bonuslardan h\u0259zz al\u0131n. 22Bet-\u0259 qo\u015fulun v\u0259 t\u0259hl\u00fck\u0259siz, lisenziyal\u0131 m\u00fchitd\u0259 b\u0259nz\u0259rsiz oyun t\u0259cr\u00fcb\u0259sinin dad\u0131n\u0131 \u00e7\u0131xar\u0131n.","og_url":"https:\/\/22bet.team\/az\/casino\/","og_site_name":"22Bet Team","article_modified_time":"2026-04-09T05:32:41+00:00","twitter_card":"summary_large_image","schema":{"@context":"https:\/\/schema.org","@graph":[{"@type":"WebPage","@id":"https:\/\/22bet.team\/az\/casino\/","url":"https:\/\/22bet.team\/az\/casino\/","name":"22Bet Kazinosu | \u018fn yax\u015f\u0131 oyunlar, bonuslar, canl\u0131 oyunlar","isPartOf":{"@id":"https:\/\/22bet.team\/az\/#website"},"datePublished":"2025-11-20T07:37:40+00:00","dateModified":"2026-04-09T05:32:41+00:00","description":"22Bet Kazino il\u0259 qumar d\u00fcnyas\u0131na daxil olun! Maraql\u0131 slotlardan, m\u00f6ht\u0259\u015f\u0259m canl\u0131 oyunlardan v\u0259 3000 AZN-d\u0259k s\u0259xav\u0259tli bonuslardan h\u0259zz al\u0131n. 22Bet-\u0259 qo\u015fulun v\u0259 t\u0259hl\u00fck\u0259siz, lisenziyal\u0131 m\u00fchitd\u0259 b\u0259nz\u0259rsiz oyun t\u0259cr\u00fcb\u0259sinin dad\u0131n\u0131 \u00e7\u0131xar\u0131n.","breadcrumb":{"@id":"https:\/\/22bet.team\/az\/casino\/#breadcrumb"},"inLanguage":"az","potentialAction":[{"@type":"ReadAction","target":["https:\/\/22bet.team\/az\/casino\/"]}]},{"@type":"BreadcrumbList","@id":"https:\/\/22bet.team\/az\/casino\/#breadcrumb","itemListElement":[{"@type":"ListItem","position":1,"name":"Home","item":"https:\/\/22bet.team\/az\/"},{"@type":"ListItem","position":2,"name":"Kazino"}]},{"@type":"WebSite","@id":"https:\/\/22bet.team\/az\/#website","url":"https:\/\/22bet.team\/az\/","name":"22Bet Team","description":"","potentialAction":[{"@type":"SearchAction","target":{"@type":"EntryPoint","urlTemplate":"https:\/\/22bet.team\/az\/?s={search_term_string}"},"query-input":{"@type":"PropertyValueSpecification","valueRequired":true,"valueName":"search_term_string"}}],"inLanguage":"az"}]}},"_links":{"self":[{"href":"https:\/\/22bet.team\/az\/wp-json\/wp\/v2\/pages\/987","targetHints":{"allow":["GET"]}}],"collection":[{"href":"https:\/\/22bet.team\/az\/wp-json\/wp\/v2\/pages"}],"about":[{"href":"https:\/\/22bet.team\/az\/wp-json\/wp\/v2\/types\/page"}],"author":[{"embeddable":true,"href":"https:\/\/22bet.team\/az\/wp-json\/wp\/v2\/users\/1"}],"replies":[{"embeddable":true,"href":"https:\/\/22bet.team\/az\/wp-json\/wp\/v2\/comments?post=987"}],"version-history":[{"count":5,"href":"https:\/\/22bet.team\/az\/wp-json\/wp\/v2\/pages\/987\/revisions"}],"predecessor-version":[{"id":1265,"href":"https:\/\/22bet.team\/az\/wp-json\/wp\/v2\/pages\/987\/revisions\/1265"}],"wp:attachment":[{"href":"https:\/\/22bet.team\/az\/wp-json\/wp\/v2\/media?parent=987"}],"curies":[{"name":"wp","href":"https:\/\/api.w.org\/{rel}","templated":true}]}}