{"id":1044,"date":"2025-11-25T09:38:51","date_gmt":"2025-11-25T06:38:51","guid":{"rendered":"https:\/\/22bet.team\/br\/?page_id=1044"},"modified":"2026-03-11T21:02:48","modified_gmt":"2026-03-11T18:02:48","slug":"promo-code","status":"publish","type":"page","link":"https:\/\/22bet.team\/br\/promo-code\/","title":{"rendered":"C\u00f3digo promocional"},"content":{"rendered":"","protected":false},"excerpt":{"rendered":"","protected":false},"author":1,"featured_media":0,"parent":0,"menu_order":0,"comment_status":"closed","ping_status":"closed","template":"","meta":{"_acf_changed":false,"footnotes":""},"class_list":["post-1044","page","type-page","status-publish","hentry"],"acf":[],"yoast_head":"<!-- This site is optimized with the Yoast SEO plugin v26.1.1 - https:\/\/yoast.com\/wordpress\/plugins\/seo\/ -->\n<title>C\u00f3digo promocional 22Bet \u1409 Como obter um 100% 9.000 BRL<\/title>\n<meta name=\"description\" content=\"Ganhe um b\u00f4nus de at\u00e9 R$ 9.000 com o c\u00f3digo promocional da 22Bet Brasil! \u00c9 um novo jogador? Ganhe 30 rodadas gr\u00e1tis sem necessidade de dep\u00f3sito e tenha acesso a ofertas exclusivas. Descubra como se registrar e ativar seus b\u00f4nus.\" \/>\n<meta name=\"robots\" content=\"index, follow, max-snippet:-1, max-image-preview:large, max-video-preview:-1\" \/>\n<link rel=\"canonical\" href=\"https:\/\/22bet.team\/br\/promo-code\/\" \/>\n<meta property=\"og:locale\" content=\"pt_BR\" \/>\n<meta property=\"og:type\" content=\"article\" \/>\n<meta property=\"og:title\" content=\"C\u00f3digo promocional 22Bet \u1409 Como obter um 100% 9.000 BRL\" \/>\n<meta property=\"og:description\" content=\"Ganhe um b\u00f4nus de at\u00e9 R$ 9.000 com o c\u00f3digo promocional da 22Bet Brasil! \u00c9 um novo jogador? Ganhe 30 rodadas gr\u00e1tis sem necessidade de dep\u00f3sito e tenha acesso a ofertas exclusivas. Descubra como se registrar e ativar seus b\u00f4nus.\" \/>\n<meta property=\"og:url\" content=\"https:\/\/22bet.team\/br\/promo-code\/\" \/>\n<meta property=\"og:site_name\" content=\"22bet.team br\" \/>\n<meta property=\"article:modified_time\" content=\"2026-03-11T18:02:48+00:00\" \/>\n<meta name=\"twitter:card\" content=\"summary_large_image\" \/>\n<script type=\"application\/ld+json\" class=\"yoast-schema-graph\">{\"@context\":\"https:\/\/schema.org\",\"@graph\":[{\"@type\":\"WebPage\",\"@id\":\"https:\/\/22bet.team\/br\/promo-code\/\",\"url\":\"https:\/\/22bet.team\/br\/promo-code\/\",\"name\":\"C\u00f3digo promocional 22Bet \u1409 Como obter um 100% 9.000 BRL\",\"isPartOf\":{\"@id\":\"http:\/\/22bet.team\/br\/#website\"},\"datePublished\":\"2025-11-25T06:38:51+00:00\",\"dateModified\":\"2026-03-11T18:02:48+00:00\",\"description\":\"Ganhe um b\u00f4nus de at\u00e9 R$ 9.000 com o c\u00f3digo promocional da 22Bet Brasil! \u00c9 um novo jogador? Ganhe 30 rodadas gr\u00e1tis sem necessidade de dep\u00f3sito e tenha acesso a ofertas exclusivas. Descubra como se registrar e ativar seus b\u00f4nus.\",\"breadcrumb\":{\"@id\":\"https:\/\/22bet.team\/br\/promo-code\/#breadcrumb\"},\"inLanguage\":\"pt-BR\",\"potentialAction\":[{\"@type\":\"ReadAction\",\"target\":[\"https:\/\/22bet.team\/br\/promo-code\/\"]}]},{\"@type\":\"BreadcrumbList\",\"@id\":\"https:\/\/22bet.team\/br\/promo-code\/#breadcrumb\",\"itemListElement\":[{\"@type\":\"ListItem\",\"position\":1,\"name\":\"Home\",\"item\":\"http:\/\/22bet.team\/br\/\"},{\"@type\":\"ListItem\",\"position\":2,\"name\":\"C\u00f3digo promocional\"}]},{\"@type\":\"WebSite\",\"@id\":\"http:\/\/22bet.team\/br\/#website\",\"url\":\"http:\/\/22bet.team\/br\/\",\"name\":\"22bet.team br\",\"description\":\"\",\"potentialAction\":[{\"@type\":\"SearchAction\",\"target\":{\"@type\":\"EntryPoint\",\"urlTemplate\":\"http:\/\/22bet.team\/br\/?s={search_term_string}\"},\"query-input\":{\"@type\":\"PropertyValueSpecification\",\"valueRequired\":true,\"valueName\":\"search_term_string\"}}],\"inLanguage\":\"pt-BR\"}]}<\/script>\n<!-- \/ Yoast SEO plugin. -->","yoast_head_json":{"title":"C\u00f3digo promocional 22Bet \u1409 Como obter um 100% 9.000 BRL","description":"Ganhe um b\u00f4nus de at\u00e9 R$ 9.000 com o c\u00f3digo promocional da 22Bet Brasil! \u00c9 um novo jogador? Ganhe 30 rodadas gr\u00e1tis sem necessidade de dep\u00f3sito e tenha acesso a ofertas exclusivas. Descubra como se registrar e ativar seus b\u00f4nus.","robots":{"index":"index","follow":"follow","max-snippet":"max-snippet:-1","max-image-preview":"max-image-preview:large","max-video-preview":"max-video-preview:-1"},"canonical":"https:\/\/22bet.team\/br\/promo-code\/","og_locale":"pt_BR","og_type":"article","og_title":"C\u00f3digo promocional 22Bet \u1409 Como obter um 100% 9.000 BRL","og_description":"Ganhe um b\u00f4nus de at\u00e9 R$ 9.000 com o c\u00f3digo promocional da 22Bet Brasil! \u00c9 um novo jogador? Ganhe 30 rodadas gr\u00e1tis sem necessidade de dep\u00f3sito e tenha acesso a ofertas exclusivas. Descubra como se registrar e ativar seus b\u00f4nus.","og_url":"https:\/\/22bet.team\/br\/promo-code\/","og_site_name":"22bet.team br","article_modified_time":"2026-03-11T18:02:48+00:00","twitter_card":"summary_large_image","schema":{"@context":"https:\/\/schema.org","@graph":[{"@type":"WebPage","@id":"https:\/\/22bet.team\/br\/promo-code\/","url":"https:\/\/22bet.team\/br\/promo-code\/","name":"C\u00f3digo promocional 22Bet \u1409 Como obter um 100% 9.000 BRL","isPartOf":{"@id":"http:\/\/22bet.team\/br\/#website"},"datePublished":"2025-11-25T06:38:51+00:00","dateModified":"2026-03-11T18:02:48+00:00","description":"Ganhe um b\u00f4nus de at\u00e9 R$ 9.000 com o c\u00f3digo promocional da 22Bet Brasil! \u00c9 um novo jogador? Ganhe 30 rodadas gr\u00e1tis sem necessidade de dep\u00f3sito e tenha acesso a ofertas exclusivas. Descubra como se registrar e ativar seus b\u00f4nus.","breadcrumb":{"@id":"https:\/\/22bet.team\/br\/promo-code\/#breadcrumb"},"inLanguage":"pt-BR","potentialAction":[{"@type":"ReadAction","target":["https:\/\/22bet.team\/br\/promo-code\/"]}]},{"@type":"BreadcrumbList","@id":"https:\/\/22bet.team\/br\/promo-code\/#breadcrumb","itemListElement":[{"@type":"ListItem","position":1,"name":"Home","item":"http:\/\/22bet.team\/br\/"},{"@type":"ListItem","position":2,"name":"C\u00f3digo promocional"}]},{"@type":"WebSite","@id":"http:\/\/22bet.team\/br\/#website","url":"http:\/\/22bet.team\/br\/","name":"22bet.team br","description":"","potentialAction":[{"@type":"SearchAction","target":{"@type":"EntryPoint","urlTemplate":"http:\/\/22bet.team\/br\/?s={search_term_string}"},"query-input":{"@type":"PropertyValueSpecification","valueRequired":true,"valueName":"search_term_string"}}],"inLanguage":"pt-BR"}]}},"_links":{"self":[{"href":"https:\/\/22bet.team\/br\/wp-json\/wp\/v2\/pages\/1044","targetHints":{"allow":["GET"]}}],"collection":[{"href":"https:\/\/22bet.team\/br\/wp-json\/wp\/v2\/pages"}],"about":[{"href":"https:\/\/22bet.team\/br\/wp-json\/wp\/v2\/types\/page"}],"author":[{"embeddable":true,"href":"https:\/\/22bet.team\/br\/wp-json\/wp\/v2\/users\/1"}],"replies":[{"embeddable":true,"href":"https:\/\/22bet.team\/br\/wp-json\/wp\/v2\/comments?post=1044"}],"version-history":[{"count":5,"href":"https:\/\/22bet.team\/br\/wp-json\/wp\/v2\/pages\/1044\/revisions"}],"predecessor-version":[{"id":1256,"href":"https:\/\/22bet.team\/br\/wp-json\/wp\/v2\/pages\/1044\/revisions\/1256"}],"wp:attachment":[{"href":"https:\/\/22bet.team\/br\/wp-json\/wp\/v2\/media?parent=1044"}],"curies":[{"name":"wp","href":"https:\/\/api.w.org\/{rel}","templated":true}]}}