{"id":1063,"date":"2025-12-01T12:37:13","date_gmt":"2025-12-01T09:37:13","guid":{"rendered":"https:\/\/22bet.team\/br\/?page_id=1063"},"modified":"2026-03-11T21:05:44","modified_gmt":"2026-03-11T18:05:44","slug":"login","status":"publish","type":"page","link":"https:\/\/22bet.team\/br\/login\/","title":{"rendered":"Entrar"},"content":{"rendered":"","protected":false},"excerpt":{"rendered":"","protected":false},"author":1,"featured_media":0,"parent":0,"menu_order":0,"comment_status":"closed","ping_status":"closed","template":"","meta":{"_acf_changed":false,"footnotes":""},"class_list":["post-1063","page","type-page","status-publish","hentry"],"acf":[],"yoast_head":"<!-- This site is optimized with the Yoast SEO plugin v26.1.1 - https:\/\/yoast.com\/wordpress\/plugins\/seo\/ -->\n<title>22Bet Login \u1409 Conta pessoal, site oficial e registro<\/title>\n<meta name=\"description\" content=\"Fa\u00e7a login na sua conta pessoal da 22Bet Brasil: acesse sua conta pelo site oficial e pelo espelho funcional. Instru\u00e7\u00f5es passo a passo para autoriza\u00e7\u00e3o, recupera\u00e7\u00e3o de senha e registro com b\u00f4nus de 100%. Saiba como fazer login pelo aplicativo m\u00f3vel.\" \/>\n<meta name=\"robots\" content=\"index, follow, max-snippet:-1, max-image-preview:large, max-video-preview:-1\" \/>\n<link rel=\"canonical\" href=\"https:\/\/22bet.team\/br\/login\/\" \/>\n<meta property=\"og:locale\" content=\"pt_BR\" \/>\n<meta property=\"og:type\" content=\"article\" \/>\n<meta property=\"og:title\" content=\"22Bet Login \u1409 Conta pessoal, site oficial e registro\" \/>\n<meta property=\"og:description\" content=\"Fa\u00e7a login na sua conta pessoal da 22Bet Brasil: acesse sua conta pelo site oficial e pelo espelho funcional. Instru\u00e7\u00f5es passo a passo para autoriza\u00e7\u00e3o, recupera\u00e7\u00e3o de senha e registro com b\u00f4nus de 100%. Saiba como fazer login pelo aplicativo m\u00f3vel.\" \/>\n<meta property=\"og:url\" content=\"https:\/\/22bet.team\/br\/login\/\" \/>\n<meta property=\"og:site_name\" content=\"22bet.team br\" \/>\n<meta property=\"article:modified_time\" content=\"2026-03-11T18:05:44+00:00\" \/>\n<meta name=\"twitter:card\" content=\"summary_large_image\" \/>\n<script type=\"application\/ld+json\" class=\"yoast-schema-graph\">{\"@context\":\"https:\/\/schema.org\",\"@graph\":[{\"@type\":\"WebPage\",\"@id\":\"https:\/\/22bet.team\/br\/login\/\",\"url\":\"https:\/\/22bet.team\/br\/login\/\",\"name\":\"22Bet Login \u1409 Conta pessoal, site oficial e registro\",\"isPartOf\":{\"@id\":\"http:\/\/22bet.team\/br\/#website\"},\"datePublished\":\"2025-12-01T09:37:13+00:00\",\"dateModified\":\"2026-03-11T18:05:44+00:00\",\"description\":\"Fa\u00e7a login na sua conta pessoal da 22Bet Brasil: acesse sua conta pelo site oficial e pelo espelho funcional. Instru\u00e7\u00f5es passo a passo para autoriza\u00e7\u00e3o, recupera\u00e7\u00e3o de senha e registro com b\u00f4nus de 100%. Saiba como fazer login pelo aplicativo m\u00f3vel.\",\"breadcrumb\":{\"@id\":\"https:\/\/22bet.team\/br\/login\/#breadcrumb\"},\"inLanguage\":\"pt-BR\",\"potentialAction\":[{\"@type\":\"ReadAction\",\"target\":[\"https:\/\/22bet.team\/br\/login\/\"]}]},{\"@type\":\"BreadcrumbList\",\"@id\":\"https:\/\/22bet.team\/br\/login\/#breadcrumb\",\"itemListElement\":[{\"@type\":\"ListItem\",\"position\":1,\"name\":\"Home\",\"item\":\"http:\/\/22bet.team\/br\/\"},{\"@type\":\"ListItem\",\"position\":2,\"name\":\"Entrar\"}]},{\"@type\":\"WebSite\",\"@id\":\"http:\/\/22bet.team\/br\/#website\",\"url\":\"http:\/\/22bet.team\/br\/\",\"name\":\"22bet.team br\",\"description\":\"\",\"potentialAction\":[{\"@type\":\"SearchAction\",\"target\":{\"@type\":\"EntryPoint\",\"urlTemplate\":\"http:\/\/22bet.team\/br\/?s={search_term_string}\"},\"query-input\":{\"@type\":\"PropertyValueSpecification\",\"valueRequired\":true,\"valueName\":\"search_term_string\"}}],\"inLanguage\":\"pt-BR\"}]}<\/script>\n<!-- \/ Yoast SEO plugin. -->","yoast_head_json":{"title":"22Bet Login \u1409 Conta pessoal, site oficial e registro","description":"Fa\u00e7a login na sua conta pessoal da 22Bet Brasil: acesse sua conta pelo site oficial e pelo espelho funcional. Instru\u00e7\u00f5es passo a passo para autoriza\u00e7\u00e3o, recupera\u00e7\u00e3o de senha e registro com b\u00f4nus de 100%. Saiba como fazer login pelo aplicativo m\u00f3vel.","robots":{"index":"index","follow":"follow","max-snippet":"max-snippet:-1","max-image-preview":"max-image-preview:large","max-video-preview":"max-video-preview:-1"},"canonical":"https:\/\/22bet.team\/br\/login\/","og_locale":"pt_BR","og_type":"article","og_title":"22Bet Login \u1409 Conta pessoal, site oficial e registro","og_description":"Fa\u00e7a login na sua conta pessoal da 22Bet Brasil: acesse sua conta pelo site oficial e pelo espelho funcional. Instru\u00e7\u00f5es passo a passo para autoriza\u00e7\u00e3o, recupera\u00e7\u00e3o de senha e registro com b\u00f4nus de 100%. Saiba como fazer login pelo aplicativo m\u00f3vel.","og_url":"https:\/\/22bet.team\/br\/login\/","og_site_name":"22bet.team br","article_modified_time":"2026-03-11T18:05:44+00:00","twitter_card":"summary_large_image","schema":{"@context":"https:\/\/schema.org","@graph":[{"@type":"WebPage","@id":"https:\/\/22bet.team\/br\/login\/","url":"https:\/\/22bet.team\/br\/login\/","name":"22Bet Login \u1409 Conta pessoal, site oficial e registro","isPartOf":{"@id":"http:\/\/22bet.team\/br\/#website"},"datePublished":"2025-12-01T09:37:13+00:00","dateModified":"2026-03-11T18:05:44+00:00","description":"Fa\u00e7a login na sua conta pessoal da 22Bet Brasil: acesse sua conta pelo site oficial e pelo espelho funcional. Instru\u00e7\u00f5es passo a passo para autoriza\u00e7\u00e3o, recupera\u00e7\u00e3o de senha e registro com b\u00f4nus de 100%. Saiba como fazer login pelo aplicativo m\u00f3vel.","breadcrumb":{"@id":"https:\/\/22bet.team\/br\/login\/#breadcrumb"},"inLanguage":"pt-BR","potentialAction":[{"@type":"ReadAction","target":["https:\/\/22bet.team\/br\/login\/"]}]},{"@type":"BreadcrumbList","@id":"https:\/\/22bet.team\/br\/login\/#breadcrumb","itemListElement":[{"@type":"ListItem","position":1,"name":"Home","item":"http:\/\/22bet.team\/br\/"},{"@type":"ListItem","position":2,"name":"Entrar"}]},{"@type":"WebSite","@id":"http:\/\/22bet.team\/br\/#website","url":"http:\/\/22bet.team\/br\/","name":"22bet.team br","description":"","potentialAction":[{"@type":"SearchAction","target":{"@type":"EntryPoint","urlTemplate":"http:\/\/22bet.team\/br\/?s={search_term_string}"},"query-input":{"@type":"PropertyValueSpecification","valueRequired":true,"valueName":"search_term_string"}}],"inLanguage":"pt-BR"}]}},"_links":{"self":[{"href":"https:\/\/22bet.team\/br\/wp-json\/wp\/v2\/pages\/1063","targetHints":{"allow":["GET"]}}],"collection":[{"href":"https:\/\/22bet.team\/br\/wp-json\/wp\/v2\/pages"}],"about":[{"href":"https:\/\/22bet.team\/br\/wp-json\/wp\/v2\/types\/page"}],"author":[{"embeddable":true,"href":"https:\/\/22bet.team\/br\/wp-json\/wp\/v2\/users\/1"}],"replies":[{"embeddable":true,"href":"https:\/\/22bet.team\/br\/wp-json\/wp\/v2\/comments?post=1063"}],"version-history":[{"count":5,"href":"https:\/\/22bet.team\/br\/wp-json\/wp\/v2\/pages\/1063\/revisions"}],"predecessor-version":[{"id":1257,"href":"https:\/\/22bet.team\/br\/wp-json\/wp\/v2\/pages\/1063\/revisions\/1257"}],"wp:attachment":[{"href":"https:\/\/22bet.team\/br\/wp-json\/wp\/v2\/media?parent=1063"}],"curies":[{"name":"wp","href":"https:\/\/api.w.org\/{rel}","templated":true}]}}