{"id":1173,"date":"2026-01-28T18:10:39","date_gmt":"2026-01-28T15:10:39","guid":{"rendered":"https:\/\/22bet.team\/br\/?page_id=1173"},"modified":"2026-02-18T17:14:21","modified_gmt":"2026-02-18T14:14:21","slug":"volleyball","status":"publish","type":"page","link":"https:\/\/22bet.team\/br\/volleyball\/","title":{"rendered":"Voleibol"},"content":{"rendered":"","protected":false},"excerpt":{"rendered":"","protected":false},"author":1,"featured_media":0,"parent":0,"menu_order":0,"comment_status":"closed","ping_status":"closed","template":"","meta":{"_acf_changed":false,"footnotes":""},"class_list":["post-1173","page","type-page","status-publish","hentry"],"acf":[],"yoast_head":"<!-- This site is optimized with the Yoast SEO plugin v26.1.1 - https:\/\/yoast.com\/wordpress\/plugins\/seo\/ -->\n<title>Apostas em voleibol na 22Bet \u1409 Odds elevadas e b\u00f4nus exclusivos<\/title>\n<meta name=\"description\" content=\"Aposte no voleibol com a 22Bet Brasil! Odds elevadas, uma variedade de ligas e torneios, bem como b\u00f4nus exclusivos garantem uma experi\u00eancia de apostas emocionante. Junte-se a n\u00f3s e comece a ganhar hoje mesmo!\" \/>\n<meta name=\"robots\" content=\"index, follow, max-snippet:-1, max-image-preview:large, max-video-preview:-1\" \/>\n<link rel=\"canonical\" href=\"http:\/\/22bet.team\/br\/volleyball\/\" \/>\n<meta property=\"og:locale\" content=\"pt_BR\" \/>\n<meta property=\"og:type\" content=\"article\" \/>\n<meta property=\"og:title\" content=\"Apostas em voleibol na 22Bet \u1409 Odds elevadas e b\u00f4nus exclusivos\" \/>\n<meta property=\"og:description\" content=\"Aposte no voleibol com a 22Bet Brasil! Odds elevadas, uma variedade de ligas e torneios, bem como b\u00f4nus exclusivos garantem uma experi\u00eancia de apostas emocionante. Junte-se a n\u00f3s e comece a ganhar hoje mesmo!\" \/>\n<meta property=\"og:url\" content=\"http:\/\/22bet.team\/br\/volleyball\/\" \/>\n<meta property=\"og:site_name\" content=\"22bet.team br\" \/>\n<meta property=\"article:modified_time\" content=\"2026-02-18T14:14:21+00:00\" \/>\n<meta name=\"twitter:card\" content=\"summary_large_image\" \/>\n<script type=\"application\/ld+json\" class=\"yoast-schema-graph\">{\"@context\":\"https:\/\/schema.org\",\"@graph\":[{\"@type\":\"WebPage\",\"@id\":\"http:\/\/22bet.team\/br\/volleyball\/\",\"url\":\"http:\/\/22bet.team\/br\/volleyball\/\",\"name\":\"Apostas em voleibol na 22Bet \u1409 Odds elevadas e b\u00f4nus exclusivos\",\"isPartOf\":{\"@id\":\"http:\/\/22bet.team\/br\/#website\"},\"datePublished\":\"2026-01-28T15:10:39+00:00\",\"dateModified\":\"2026-02-18T14:14:21+00:00\",\"description\":\"Aposte no voleibol com a 22Bet Brasil! Odds elevadas, uma variedade de ligas e torneios, bem como b\u00f4nus exclusivos garantem uma experi\u00eancia de apostas emocionante. Junte-se a n\u00f3s e comece a ganhar hoje mesmo!\",\"breadcrumb\":{\"@id\":\"http:\/\/22bet.team\/br\/volleyball\/#breadcrumb\"},\"inLanguage\":\"pt-BR\",\"potentialAction\":[{\"@type\":\"ReadAction\",\"target\":[\"http:\/\/22bet.team\/br\/volleyball\/\"]}]},{\"@type\":\"BreadcrumbList\",\"@id\":\"http:\/\/22bet.team\/br\/volleyball\/#breadcrumb\",\"itemListElement\":[{\"@type\":\"ListItem\",\"position\":1,\"name\":\"Home\",\"item\":\"http:\/\/22bet.team\/br\/\"},{\"@type\":\"ListItem\",\"position\":2,\"name\":\"Voleibol\"}]},{\"@type\":\"WebSite\",\"@id\":\"http:\/\/22bet.team\/br\/#website\",\"url\":\"http:\/\/22bet.team\/br\/\",\"name\":\"22bet.team br\",\"description\":\"\",\"potentialAction\":[{\"@type\":\"SearchAction\",\"target\":{\"@type\":\"EntryPoint\",\"urlTemplate\":\"http:\/\/22bet.team\/br\/?s={search_term_string}\"},\"query-input\":{\"@type\":\"PropertyValueSpecification\",\"valueRequired\":true,\"valueName\":\"search_term_string\"}}],\"inLanguage\":\"pt-BR\"}]}<\/script>\n<!-- \/ Yoast SEO plugin. -->","yoast_head_json":{"title":"Apostas em voleibol na 22Bet \u1409 Odds elevadas e b\u00f4nus exclusivos","description":"Aposte no voleibol com a 22Bet Brasil! Odds elevadas, uma variedade de ligas e torneios, bem como b\u00f4nus exclusivos garantem uma experi\u00eancia de apostas emocionante. Junte-se a n\u00f3s e comece a ganhar hoje mesmo!","robots":{"index":"index","follow":"follow","max-snippet":"max-snippet:-1","max-image-preview":"max-image-preview:large","max-video-preview":"max-video-preview:-1"},"canonical":"http:\/\/22bet.team\/br\/volleyball\/","og_locale":"pt_BR","og_type":"article","og_title":"Apostas em voleibol na 22Bet \u1409 Odds elevadas e b\u00f4nus exclusivos","og_description":"Aposte no voleibol com a 22Bet Brasil! Odds elevadas, uma variedade de ligas e torneios, bem como b\u00f4nus exclusivos garantem uma experi\u00eancia de apostas emocionante. Junte-se a n\u00f3s e comece a ganhar hoje mesmo!","og_url":"http:\/\/22bet.team\/br\/volleyball\/","og_site_name":"22bet.team br","article_modified_time":"2026-02-18T14:14:21+00:00","twitter_card":"summary_large_image","schema":{"@context":"https:\/\/schema.org","@graph":[{"@type":"WebPage","@id":"http:\/\/22bet.team\/br\/volleyball\/","url":"http:\/\/22bet.team\/br\/volleyball\/","name":"Apostas em voleibol na 22Bet \u1409 Odds elevadas e b\u00f4nus exclusivos","isPartOf":{"@id":"http:\/\/22bet.team\/br\/#website"},"datePublished":"2026-01-28T15:10:39+00:00","dateModified":"2026-02-18T14:14:21+00:00","description":"Aposte no voleibol com a 22Bet Brasil! Odds elevadas, uma variedade de ligas e torneios, bem como b\u00f4nus exclusivos garantem uma experi\u00eancia de apostas emocionante. Junte-se a n\u00f3s e comece a ganhar hoje mesmo!","breadcrumb":{"@id":"http:\/\/22bet.team\/br\/volleyball\/#breadcrumb"},"inLanguage":"pt-BR","potentialAction":[{"@type":"ReadAction","target":["http:\/\/22bet.team\/br\/volleyball\/"]}]},{"@type":"BreadcrumbList","@id":"http:\/\/22bet.team\/br\/volleyball\/#breadcrumb","itemListElement":[{"@type":"ListItem","position":1,"name":"Home","item":"http:\/\/22bet.team\/br\/"},{"@type":"ListItem","position":2,"name":"Voleibol"}]},{"@type":"WebSite","@id":"http:\/\/22bet.team\/br\/#website","url":"http:\/\/22bet.team\/br\/","name":"22bet.team br","description":"","potentialAction":[{"@type":"SearchAction","target":{"@type":"EntryPoint","urlTemplate":"http:\/\/22bet.team\/br\/?s={search_term_string}"},"query-input":{"@type":"PropertyValueSpecification","valueRequired":true,"valueName":"search_term_string"}}],"inLanguage":"pt-BR"}]}},"_links":{"self":[{"href":"https:\/\/22bet.team\/br\/wp-json\/wp\/v2\/pages\/1173","targetHints":{"allow":["GET"]}}],"collection":[{"href":"https:\/\/22bet.team\/br\/wp-json\/wp\/v2\/pages"}],"about":[{"href":"https:\/\/22bet.team\/br\/wp-json\/wp\/v2\/types\/page"}],"author":[{"embeddable":true,"href":"https:\/\/22bet.team\/br\/wp-json\/wp\/v2\/users\/1"}],"replies":[{"embeddable":true,"href":"https:\/\/22bet.team\/br\/wp-json\/wp\/v2\/comments?post=1173"}],"version-history":[{"count":5,"href":"https:\/\/22bet.team\/br\/wp-json\/wp\/v2\/pages\/1173\/revisions"}],"predecessor-version":[{"id":1254,"href":"https:\/\/22bet.team\/br\/wp-json\/wp\/v2\/pages\/1173\/revisions\/1254"}],"wp:attachment":[{"href":"https:\/\/22bet.team\/br\/wp-json\/wp\/v2\/media?parent=1173"}],"curies":[{"name":"wp","href":"https:\/\/api.w.org\/{rel}","templated":true}]}}