{"id":1177,"date":"2026-01-28T18:35:04","date_gmt":"2026-01-28T15:35:04","guid":{"rendered":"https:\/\/22bet.team\/br\/?page_id=1177"},"modified":"2026-02-18T15:28:08","modified_gmt":"2026-02-18T12:28:08","slug":"hockey","status":"publish","type":"page","link":"https:\/\/22bet.team\/br\/hockey\/","title":{"rendered":"H\u00f3quei"},"content":{"rendered":"","protected":false},"excerpt":{"rendered":"","protected":false},"author":1,"featured_media":0,"parent":0,"menu_order":0,"comment_status":"closed","ping_status":"closed","template":"","meta":{"_acf_changed":false,"footnotes":""},"class_list":["post-1177","page","type-page","status-publish","hentry"],"acf":[],"yoast_head":"<!-- This site is optimized with the Yoast SEO plugin v26.1.1 - https:\/\/yoast.com\/wordpress\/plugins\/seo\/ -->\n<title>22Bet Apostas em h\u00f3quei no gelo \u1409 Melhores odds e apostas<\/title>\n<meta name=\"description\" content=\"Apostas em h\u00f3quei com a 22Bet Brasil! Uma casa de apostas licenciada que oferece uma ampla variedade de esportes, odds elevadas e b\u00f4nus lucrativos. Junte-se a n\u00f3s para uma ampla sele\u00e7\u00e3o de apostas e pagamentos seguros, incluindo criptomoedas.\" \/>\n<meta name=\"robots\" content=\"index, follow, max-snippet:-1, max-image-preview:large, max-video-preview:-1\" \/>\n<link rel=\"canonical\" href=\"https:\/\/22bet.team\/br\/hockey\/\" \/>\n<meta property=\"og:locale\" content=\"pt_BR\" \/>\n<meta property=\"og:type\" content=\"article\" \/>\n<meta property=\"og:title\" content=\"22Bet Apostas em h\u00f3quei no gelo \u1409 Melhores odds e apostas\" \/>\n<meta property=\"og:description\" content=\"Apostas em h\u00f3quei com a 22Bet Brasil! Uma casa de apostas licenciada que oferece uma ampla variedade de esportes, odds elevadas e b\u00f4nus lucrativos. Junte-se a n\u00f3s para uma ampla sele\u00e7\u00e3o de apostas e pagamentos seguros, incluindo criptomoedas.\" \/>\n<meta property=\"og:url\" content=\"https:\/\/22bet.team\/br\/hockey\/\" \/>\n<meta property=\"og:site_name\" content=\"22bet.team br\" \/>\n<meta property=\"article:modified_time\" content=\"2026-02-18T12:28:08+00:00\" \/>\n<meta name=\"twitter:card\" content=\"summary_large_image\" \/>\n<script type=\"application\/ld+json\" class=\"yoast-schema-graph\">{\"@context\":\"https:\/\/schema.org\",\"@graph\":[{\"@type\":\"WebPage\",\"@id\":\"https:\/\/22bet.team\/br\/hockey\/\",\"url\":\"https:\/\/22bet.team\/br\/hockey\/\",\"name\":\"22Bet Apostas em h\u00f3quei no gelo \u1409 Melhores odds e apostas\",\"isPartOf\":{\"@id\":\"http:\/\/22bet.team\/br\/#website\"},\"datePublished\":\"2026-01-28T15:35:04+00:00\",\"dateModified\":\"2026-02-18T12:28:08+00:00\",\"description\":\"Apostas em h\u00f3quei com a 22Bet Brasil! Uma casa de apostas licenciada que oferece uma ampla variedade de esportes, odds elevadas e b\u00f4nus lucrativos. Junte-se a n\u00f3s para uma ampla sele\u00e7\u00e3o de apostas e pagamentos seguros, incluindo criptomoedas.\",\"breadcrumb\":{\"@id\":\"https:\/\/22bet.team\/br\/hockey\/#breadcrumb\"},\"inLanguage\":\"pt-BR\",\"potentialAction\":[{\"@type\":\"ReadAction\",\"target\":[\"https:\/\/22bet.team\/br\/hockey\/\"]}]},{\"@type\":\"BreadcrumbList\",\"@id\":\"https:\/\/22bet.team\/br\/hockey\/#breadcrumb\",\"itemListElement\":[{\"@type\":\"ListItem\",\"position\":1,\"name\":\"Home\",\"item\":\"http:\/\/22bet.team\/br\/\"},{\"@type\":\"ListItem\",\"position\":2,\"name\":\"H\u00f3quei\"}]},{\"@type\":\"WebSite\",\"@id\":\"http:\/\/22bet.team\/br\/#website\",\"url\":\"http:\/\/22bet.team\/br\/\",\"name\":\"22bet.team br\",\"description\":\"\",\"potentialAction\":[{\"@type\":\"SearchAction\",\"target\":{\"@type\":\"EntryPoint\",\"urlTemplate\":\"http:\/\/22bet.team\/br\/?s={search_term_string}\"},\"query-input\":{\"@type\":\"PropertyValueSpecification\",\"valueRequired\":true,\"valueName\":\"search_term_string\"}}],\"inLanguage\":\"pt-BR\"}]}<\/script>\n<!-- \/ Yoast SEO plugin. -->","yoast_head_json":{"title":"22Bet Apostas em h\u00f3quei no gelo \u1409 Melhores odds e apostas","description":"Apostas em h\u00f3quei com a 22Bet Brasil! Uma casa de apostas licenciada que oferece uma ampla variedade de esportes, odds elevadas e b\u00f4nus lucrativos. Junte-se a n\u00f3s para uma ampla sele\u00e7\u00e3o de apostas e pagamentos seguros, incluindo criptomoedas.","robots":{"index":"index","follow":"follow","max-snippet":"max-snippet:-1","max-image-preview":"max-image-preview:large","max-video-preview":"max-video-preview:-1"},"canonical":"https:\/\/22bet.team\/br\/hockey\/","og_locale":"pt_BR","og_type":"article","og_title":"22Bet Apostas em h\u00f3quei no gelo \u1409 Melhores odds e apostas","og_description":"Apostas em h\u00f3quei com a 22Bet Brasil! Uma casa de apostas licenciada que oferece uma ampla variedade de esportes, odds elevadas e b\u00f4nus lucrativos. Junte-se a n\u00f3s para uma ampla sele\u00e7\u00e3o de apostas e pagamentos seguros, incluindo criptomoedas.","og_url":"https:\/\/22bet.team\/br\/hockey\/","og_site_name":"22bet.team br","article_modified_time":"2026-02-18T12:28:08+00:00","twitter_card":"summary_large_image","schema":{"@context":"https:\/\/schema.org","@graph":[{"@type":"WebPage","@id":"https:\/\/22bet.team\/br\/hockey\/","url":"https:\/\/22bet.team\/br\/hockey\/","name":"22Bet Apostas em h\u00f3quei no gelo \u1409 Melhores odds e apostas","isPartOf":{"@id":"http:\/\/22bet.team\/br\/#website"},"datePublished":"2026-01-28T15:35:04+00:00","dateModified":"2026-02-18T12:28:08+00:00","description":"Apostas em h\u00f3quei com a 22Bet Brasil! Uma casa de apostas licenciada que oferece uma ampla variedade de esportes, odds elevadas e b\u00f4nus lucrativos. Junte-se a n\u00f3s para uma ampla sele\u00e7\u00e3o de apostas e pagamentos seguros, incluindo criptomoedas.","breadcrumb":{"@id":"https:\/\/22bet.team\/br\/hockey\/#breadcrumb"},"inLanguage":"pt-BR","potentialAction":[{"@type":"ReadAction","target":["https:\/\/22bet.team\/br\/hockey\/"]}]},{"@type":"BreadcrumbList","@id":"https:\/\/22bet.team\/br\/hockey\/#breadcrumb","itemListElement":[{"@type":"ListItem","position":1,"name":"Home","item":"http:\/\/22bet.team\/br\/"},{"@type":"ListItem","position":2,"name":"H\u00f3quei"}]},{"@type":"WebSite","@id":"http:\/\/22bet.team\/br\/#website","url":"http:\/\/22bet.team\/br\/","name":"22bet.team br","description":"","potentialAction":[{"@type":"SearchAction","target":{"@type":"EntryPoint","urlTemplate":"http:\/\/22bet.team\/br\/?s={search_term_string}"},"query-input":{"@type":"PropertyValueSpecification","valueRequired":true,"valueName":"search_term_string"}}],"inLanguage":"pt-BR"}]}},"_links":{"self":[{"href":"https:\/\/22bet.team\/br\/wp-json\/wp\/v2\/pages\/1177","targetHints":{"allow":["GET"]}}],"collection":[{"href":"https:\/\/22bet.team\/br\/wp-json\/wp\/v2\/pages"}],"about":[{"href":"https:\/\/22bet.team\/br\/wp-json\/wp\/v2\/types\/page"}],"author":[{"embeddable":true,"href":"https:\/\/22bet.team\/br\/wp-json\/wp\/v2\/users\/1"}],"replies":[{"embeddable":true,"href":"https:\/\/22bet.team\/br\/wp-json\/wp\/v2\/comments?post=1177"}],"version-history":[{"count":5,"href":"https:\/\/22bet.team\/br\/wp-json\/wp\/v2\/pages\/1177\/revisions"}],"predecessor-version":[{"id":1243,"href":"https:\/\/22bet.team\/br\/wp-json\/wp\/v2\/pages\/1177\/revisions\/1243"}],"wp:attachment":[{"href":"https:\/\/22bet.team\/br\/wp-json\/wp\/v2\/media?parent=1177"}],"curies":[{"name":"wp","href":"https:\/\/api.w.org\/{rel}","templated":true}]}}