{"id":1186,"date":"2026-01-28T20:35:39","date_gmt":"2026-01-28T17:35:39","guid":{"rendered":"https:\/\/22bet.team\/br\/?page_id=1186"},"modified":"2026-02-18T15:17:25","modified_gmt":"2026-02-18T12:17:25","slug":"esports","status":"publish","type":"page","link":"https:\/\/22bet.team\/br\/esports\/","title":{"rendered":"eSports"},"content":{"rendered":"","protected":false},"excerpt":{"rendered":"","protected":false},"author":1,"featured_media":0,"parent":0,"menu_order":0,"comment_status":"closed","ping_status":"closed","template":"","meta":{"_acf_changed":false,"footnotes":""},"class_list":["post-1186","page","type-page","status-publish","hentry"],"acf":[],"yoast_head":"<!-- This site is optimized with the Yoast SEO plugin v26.1.1 - https:\/\/yoast.com\/wordpress\/plugins\/seo\/ -->\n<title>Esports 22bet \u2714\ufe0f Apostas, previs\u00f5es para os principais torneios<\/title>\n<meta name=\"description\" content=\"Aposte em esportes eletr\u00f4nicos na 22bet Brasil! Fa\u00e7a previs\u00f5es sobre torneios de Dota 2, CS2 e LoL, obtenha odds elevadas e ganhe. Uma casa de apostas completa para esportes eletr\u00f4nicos espera por voc\u00ea.\" \/>\n<meta name=\"robots\" content=\"index, follow, max-snippet:-1, max-image-preview:large, max-video-preview:-1\" \/>\n<link rel=\"canonical\" href=\"https:\/\/22bet.team\/br\/esports\/\" \/>\n<meta property=\"og:locale\" content=\"pt_BR\" \/>\n<meta property=\"og:type\" content=\"article\" \/>\n<meta property=\"og:title\" content=\"Esports 22bet \u2714\ufe0f Apostas, previs\u00f5es para os principais torneios\" \/>\n<meta property=\"og:description\" content=\"Aposte em esportes eletr\u00f4nicos na 22bet Brasil! Fa\u00e7a previs\u00f5es sobre torneios de Dota 2, CS2 e LoL, obtenha odds elevadas e ganhe. Uma casa de apostas completa para esportes eletr\u00f4nicos espera por voc\u00ea.\" \/>\n<meta property=\"og:url\" content=\"https:\/\/22bet.team\/br\/esports\/\" \/>\n<meta property=\"og:site_name\" content=\"22bet.team br\" \/>\n<meta property=\"article:modified_time\" content=\"2026-02-18T12:17:25+00:00\" \/>\n<meta name=\"twitter:card\" content=\"summary_large_image\" \/>\n<script type=\"application\/ld+json\" class=\"yoast-schema-graph\">{\"@context\":\"https:\/\/schema.org\",\"@graph\":[{\"@type\":\"WebPage\",\"@id\":\"https:\/\/22bet.team\/br\/esports\/\",\"url\":\"https:\/\/22bet.team\/br\/esports\/\",\"name\":\"Esports 22bet \u2714\ufe0f Apostas, previs\u00f5es para os principais torneios\",\"isPartOf\":{\"@id\":\"http:\/\/22bet.team\/br\/#website\"},\"datePublished\":\"2026-01-28T17:35:39+00:00\",\"dateModified\":\"2026-02-18T12:17:25+00:00\",\"description\":\"Aposte em esportes eletr\u00f4nicos na 22bet Brasil! Fa\u00e7a previs\u00f5es sobre torneios de Dota 2, CS2 e LoL, obtenha odds elevadas e ganhe. Uma casa de apostas completa para esportes eletr\u00f4nicos espera por voc\u00ea.\",\"breadcrumb\":{\"@id\":\"https:\/\/22bet.team\/br\/esports\/#breadcrumb\"},\"inLanguage\":\"pt-BR\",\"potentialAction\":[{\"@type\":\"ReadAction\",\"target\":[\"https:\/\/22bet.team\/br\/esports\/\"]}]},{\"@type\":\"BreadcrumbList\",\"@id\":\"https:\/\/22bet.team\/br\/esports\/#breadcrumb\",\"itemListElement\":[{\"@type\":\"ListItem\",\"position\":1,\"name\":\"Home\",\"item\":\"http:\/\/22bet.team\/br\/\"},{\"@type\":\"ListItem\",\"position\":2,\"name\":\"eSports\"}]},{\"@type\":\"WebSite\",\"@id\":\"http:\/\/22bet.team\/br\/#website\",\"url\":\"http:\/\/22bet.team\/br\/\",\"name\":\"22bet.team br\",\"description\":\"\",\"potentialAction\":[{\"@type\":\"SearchAction\",\"target\":{\"@type\":\"EntryPoint\",\"urlTemplate\":\"http:\/\/22bet.team\/br\/?s={search_term_string}\"},\"query-input\":{\"@type\":\"PropertyValueSpecification\",\"valueRequired\":true,\"valueName\":\"search_term_string\"}}],\"inLanguage\":\"pt-BR\"}]}<\/script>\n<!-- \/ Yoast SEO plugin. -->","yoast_head_json":{"title":"Esports 22bet \u2714\ufe0f Apostas, previs\u00f5es para os principais torneios","description":"Aposte em esportes eletr\u00f4nicos na 22bet Brasil! Fa\u00e7a previs\u00f5es sobre torneios de Dota 2, CS2 e LoL, obtenha odds elevadas e ganhe. Uma casa de apostas completa para esportes eletr\u00f4nicos espera por voc\u00ea.","robots":{"index":"index","follow":"follow","max-snippet":"max-snippet:-1","max-image-preview":"max-image-preview:large","max-video-preview":"max-video-preview:-1"},"canonical":"https:\/\/22bet.team\/br\/esports\/","og_locale":"pt_BR","og_type":"article","og_title":"Esports 22bet \u2714\ufe0f Apostas, previs\u00f5es para os principais torneios","og_description":"Aposte em esportes eletr\u00f4nicos na 22bet Brasil! Fa\u00e7a previs\u00f5es sobre torneios de Dota 2, CS2 e LoL, obtenha odds elevadas e ganhe. Uma casa de apostas completa para esportes eletr\u00f4nicos espera por voc\u00ea.","og_url":"https:\/\/22bet.team\/br\/esports\/","og_site_name":"22bet.team br","article_modified_time":"2026-02-18T12:17:25+00:00","twitter_card":"summary_large_image","schema":{"@context":"https:\/\/schema.org","@graph":[{"@type":"WebPage","@id":"https:\/\/22bet.team\/br\/esports\/","url":"https:\/\/22bet.team\/br\/esports\/","name":"Esports 22bet \u2714\ufe0f Apostas, previs\u00f5es para os principais torneios","isPartOf":{"@id":"http:\/\/22bet.team\/br\/#website"},"datePublished":"2026-01-28T17:35:39+00:00","dateModified":"2026-02-18T12:17:25+00:00","description":"Aposte em esportes eletr\u00f4nicos na 22bet Brasil! Fa\u00e7a previs\u00f5es sobre torneios de Dota 2, CS2 e LoL, obtenha odds elevadas e ganhe. Uma casa de apostas completa para esportes eletr\u00f4nicos espera por voc\u00ea.","breadcrumb":{"@id":"https:\/\/22bet.team\/br\/esports\/#breadcrumb"},"inLanguage":"pt-BR","potentialAction":[{"@type":"ReadAction","target":["https:\/\/22bet.team\/br\/esports\/"]}]},{"@type":"BreadcrumbList","@id":"https:\/\/22bet.team\/br\/esports\/#breadcrumb","itemListElement":[{"@type":"ListItem","position":1,"name":"Home","item":"http:\/\/22bet.team\/br\/"},{"@type":"ListItem","position":2,"name":"eSports"}]},{"@type":"WebSite","@id":"http:\/\/22bet.team\/br\/#website","url":"http:\/\/22bet.team\/br\/","name":"22bet.team br","description":"","potentialAction":[{"@type":"SearchAction","target":{"@type":"EntryPoint","urlTemplate":"http:\/\/22bet.team\/br\/?s={search_term_string}"},"query-input":{"@type":"PropertyValueSpecification","valueRequired":true,"valueName":"search_term_string"}}],"inLanguage":"pt-BR"}]}},"_links":{"self":[{"href":"https:\/\/22bet.team\/br\/wp-json\/wp\/v2\/pages\/1186","targetHints":{"allow":["GET"]}}],"collection":[{"href":"https:\/\/22bet.team\/br\/wp-json\/wp\/v2\/pages"}],"about":[{"href":"https:\/\/22bet.team\/br\/wp-json\/wp\/v2\/types\/page"}],"author":[{"embeddable":true,"href":"https:\/\/22bet.team\/br\/wp-json\/wp\/v2\/users\/1"}],"replies":[{"embeddable":true,"href":"https:\/\/22bet.team\/br\/wp-json\/wp\/v2\/comments?post=1186"}],"version-history":[{"count":3,"href":"https:\/\/22bet.team\/br\/wp-json\/wp\/v2\/pages\/1186\/revisions"}],"predecessor-version":[{"id":1239,"href":"https:\/\/22bet.team\/br\/wp-json\/wp\/v2\/pages\/1186\/revisions\/1239"}],"wp:attachment":[{"href":"https:\/\/22bet.team\/br\/wp-json\/wp\/v2\/media?parent=1186"}],"curies":[{"name":"wp","href":"https:\/\/api.w.org\/{rel}","templated":true}]}}