{"id":830,"date":"2025-11-14T09:42:58","date_gmt":"2025-11-14T06:42:58","guid":{"rendered":"https:\/\/22bet.team\/br\/?page_id=830"},"modified":"2026-02-18T14:44:44","modified_gmt":"2026-02-18T11:44:44","slug":"app","status":"publish","type":"page","link":"https:\/\/22bet.team\/br\/app\/","title":{"rendered":"Aplicativo"},"content":{"rendered":"","protected":false},"excerpt":{"rendered":"","protected":false},"author":1,"featured_media":0,"parent":0,"menu_order":0,"comment_status":"closed","ping_status":"closed","template":"","meta":{"_acf_changed":false,"footnotes":""},"class_list":["post-830","page","type-page","status-publish","hentry"],"acf":[],"yoast_head":"<!-- This site is optimized with the Yoast SEO plugin v26.1.1 - https:\/\/yoast.com\/wordpress\/plugins\/seo\/ -->\n<title>Aplicativo 22Bet \u2b07\ufe0f Recursos e benef\u00edcios para apostas e cassino<\/title>\n<meta name=\"description\" content=\"Aplicativo 22Bet Brasil \u2014 baixe-o no Android e iOS e tenha acesso instant\u00e2neo a apostas ao vivo, cassino, b\u00f4nus e pagamentos r\u00e1pidos. Interface m\u00f3vel moderna, conveniente e segura.\" \/>\n<meta name=\"robots\" content=\"index, follow, max-snippet:-1, max-image-preview:large, max-video-preview:-1\" \/>\n<link rel=\"canonical\" href=\"http:\/\/22bet.team\/br\/app\/\" \/>\n<meta property=\"og:locale\" content=\"pt_BR\" \/>\n<meta property=\"og:type\" content=\"article\" \/>\n<meta property=\"og:title\" content=\"Aplicativo 22Bet \u2b07\ufe0f Recursos e benef\u00edcios para apostas e cassino\" \/>\n<meta property=\"og:description\" content=\"Aplicativo 22Bet Brasil \u2014 baixe-o no Android e iOS e tenha acesso instant\u00e2neo a apostas ao vivo, cassino, b\u00f4nus e pagamentos r\u00e1pidos. Interface m\u00f3vel moderna, conveniente e segura.\" \/>\n<meta property=\"og:url\" content=\"http:\/\/22bet.team\/br\/app\/\" \/>\n<meta property=\"og:site_name\" content=\"22bet.team br\" \/>\n<meta property=\"article:modified_time\" content=\"2026-02-18T11:44:44+00:00\" \/>\n<meta name=\"twitter:card\" content=\"summary_large_image\" \/>\n<script type=\"application\/ld+json\" class=\"yoast-schema-graph\">{\"@context\":\"https:\/\/schema.org\",\"@graph\":[{\"@type\":\"WebPage\",\"@id\":\"http:\/\/22bet.team\/br\/app\/\",\"url\":\"http:\/\/22bet.team\/br\/app\/\",\"name\":\"Aplicativo 22Bet \u2b07\ufe0f Recursos e benef\u00edcios para apostas e cassino\",\"isPartOf\":{\"@id\":\"http:\/\/22bet.team\/br\/#website\"},\"datePublished\":\"2025-11-14T06:42:58+00:00\",\"dateModified\":\"2026-02-18T11:44:44+00:00\",\"description\":\"Aplicativo 22Bet Brasil \u2014 baixe-o no Android e iOS e tenha acesso instant\u00e2neo a apostas ao vivo, cassino, b\u00f4nus e pagamentos r\u00e1pidos. Interface m\u00f3vel moderna, conveniente e segura.\",\"breadcrumb\":{\"@id\":\"http:\/\/22bet.team\/br\/app\/#breadcrumb\"},\"inLanguage\":\"pt-BR\",\"potentialAction\":[{\"@type\":\"ReadAction\",\"target\":[\"http:\/\/22bet.team\/br\/app\/\"]}]},{\"@type\":\"BreadcrumbList\",\"@id\":\"http:\/\/22bet.team\/br\/app\/#breadcrumb\",\"itemListElement\":[{\"@type\":\"ListItem\",\"position\":1,\"name\":\"Home\",\"item\":\"http:\/\/22bet.team\/br\/\"},{\"@type\":\"ListItem\",\"position\":2,\"name\":\"Aplicativo\"}]},{\"@type\":\"WebSite\",\"@id\":\"http:\/\/22bet.team\/br\/#website\",\"url\":\"http:\/\/22bet.team\/br\/\",\"name\":\"22bet.team br\",\"description\":\"\",\"potentialAction\":[{\"@type\":\"SearchAction\",\"target\":{\"@type\":\"EntryPoint\",\"urlTemplate\":\"http:\/\/22bet.team\/br\/?s={search_term_string}\"},\"query-input\":{\"@type\":\"PropertyValueSpecification\",\"valueRequired\":true,\"valueName\":\"search_term_string\"}}],\"inLanguage\":\"pt-BR\"}]}<\/script>\n<!-- \/ Yoast SEO plugin. -->","yoast_head_json":{"title":"Aplicativo 22Bet \u2b07\ufe0f Recursos e benef\u00edcios para apostas e cassino","description":"Aplicativo 22Bet Brasil \u2014 baixe-o no Android e iOS e tenha acesso instant\u00e2neo a apostas ao vivo, cassino, b\u00f4nus e pagamentos r\u00e1pidos. Interface m\u00f3vel moderna, conveniente e segura.","robots":{"index":"index","follow":"follow","max-snippet":"max-snippet:-1","max-image-preview":"max-image-preview:large","max-video-preview":"max-video-preview:-1"},"canonical":"http:\/\/22bet.team\/br\/app\/","og_locale":"pt_BR","og_type":"article","og_title":"Aplicativo 22Bet \u2b07\ufe0f Recursos e benef\u00edcios para apostas e cassino","og_description":"Aplicativo 22Bet Brasil \u2014 baixe-o no Android e iOS e tenha acesso instant\u00e2neo a apostas ao vivo, cassino, b\u00f4nus e pagamentos r\u00e1pidos. Interface m\u00f3vel moderna, conveniente e segura.","og_url":"http:\/\/22bet.team\/br\/app\/","og_site_name":"22bet.team br","article_modified_time":"2026-02-18T11:44:44+00:00","twitter_card":"summary_large_image","schema":{"@context":"https:\/\/schema.org","@graph":[{"@type":"WebPage","@id":"http:\/\/22bet.team\/br\/app\/","url":"http:\/\/22bet.team\/br\/app\/","name":"Aplicativo 22Bet \u2b07\ufe0f Recursos e benef\u00edcios para apostas e cassino","isPartOf":{"@id":"http:\/\/22bet.team\/br\/#website"},"datePublished":"2025-11-14T06:42:58+00:00","dateModified":"2026-02-18T11:44:44+00:00","description":"Aplicativo 22Bet Brasil \u2014 baixe-o no Android e iOS e tenha acesso instant\u00e2neo a apostas ao vivo, cassino, b\u00f4nus e pagamentos r\u00e1pidos. Interface m\u00f3vel moderna, conveniente e segura.","breadcrumb":{"@id":"http:\/\/22bet.team\/br\/app\/#breadcrumb"},"inLanguage":"pt-BR","potentialAction":[{"@type":"ReadAction","target":["http:\/\/22bet.team\/br\/app\/"]}]},{"@type":"BreadcrumbList","@id":"http:\/\/22bet.team\/br\/app\/#breadcrumb","itemListElement":[{"@type":"ListItem","position":1,"name":"Home","item":"http:\/\/22bet.team\/br\/"},{"@type":"ListItem","position":2,"name":"Aplicativo"}]},{"@type":"WebSite","@id":"http:\/\/22bet.team\/br\/#website","url":"http:\/\/22bet.team\/br\/","name":"22bet.team br","description":"","potentialAction":[{"@type":"SearchAction","target":{"@type":"EntryPoint","urlTemplate":"http:\/\/22bet.team\/br\/?s={search_term_string}"},"query-input":{"@type":"PropertyValueSpecification","valueRequired":true,"valueName":"search_term_string"}}],"inLanguage":"pt-BR"}]}},"_links":{"self":[{"href":"https:\/\/22bet.team\/br\/wp-json\/wp\/v2\/pages\/830","targetHints":{"allow":["GET"]}}],"collection":[{"href":"https:\/\/22bet.team\/br\/wp-json\/wp\/v2\/pages"}],"about":[{"href":"https:\/\/22bet.team\/br\/wp-json\/wp\/v2\/types\/page"}],"author":[{"embeddable":true,"href":"https:\/\/22bet.team\/br\/wp-json\/wp\/v2\/users\/1"}],"replies":[{"embeddable":true,"href":"https:\/\/22bet.team\/br\/wp-json\/wp\/v2\/comments?post=830"}],"version-history":[{"count":5,"href":"https:\/\/22bet.team\/br\/wp-json\/wp\/v2\/pages\/830\/revisions"}],"predecessor-version":[{"id":1232,"href":"https:\/\/22bet.team\/br\/wp-json\/wp\/v2\/pages\/830\/revisions\/1232"}],"wp:attachment":[{"href":"https:\/\/22bet.team\/br\/wp-json\/wp\/v2\/media?parent=830"}],"curies":[{"name":"wp","href":"https:\/\/api.w.org\/{rel}","templated":true}]}}