{"id":1021,"date":"2025-11-24T16:18:29","date_gmt":"2025-11-24T13:18:29","guid":{"rendered":"https:\/\/22bet.team\/ch\/?page_id=1021"},"modified":"2026-02-16T08:49:50","modified_gmt":"2026-02-16T05:49:50","slug":"bonus","status":"publish","type":"page","link":"https:\/\/22bet.team\/ch\/bonus\/","title":{"rendered":"Bonus"},"content":{"rendered":"","protected":false},"excerpt":{"rendered":"","protected":false},"author":1,"featured_media":0,"parent":0,"menu_order":0,"comment_status":"closed","ping_status":"closed","template":"","meta":{"_acf_changed":false,"footnotes":""},"class_list":["post-1021","page","type-page","status-publish","hentry"],"acf":[],"yoast_head":"<!-- This site is optimized with the Yoast SEO plugin v26.1.1 - https:\/\/yoast.com\/wordpress\/plugins\/seo\/ -->\n<title>22Bet Boni \ud83e\udd11 Willkommensbonus &amp; Aktionen<\/title>\n<meta name=\"description\" content=\"22Bet Schweiz-Boni \u2013 Willkommensbonus von bis zu 100 CHF f\u00fcr Wetten und bis zu 270 CHF f\u00fcr das Casino, Freitag-Reload, Cashback, Bonus f\u00fcr eine Reihe erfolgloser Wetten und vieles mehr. Wir analysieren die Regeln, Einsatz- und Umsatzbedingungen.\" \/>\n<meta name=\"robots\" content=\"index, follow, max-snippet:-1, max-image-preview:large, max-video-preview:-1\" \/>\n<link rel=\"canonical\" href=\"https:\/\/22bet.team\/ch\/bonus\/\" \/>\n<meta property=\"og:locale\" content=\"de_DE\" \/>\n<meta property=\"og:type\" content=\"article\" \/>\n<meta property=\"og:title\" content=\"22Bet Boni \ud83e\udd11 Willkommensbonus &amp; Aktionen\" \/>\n<meta property=\"og:description\" content=\"22Bet Schweiz-Boni \u2013 Willkommensbonus von bis zu 100 CHF f\u00fcr Wetten und bis zu 270 CHF f\u00fcr das Casino, Freitag-Reload, Cashback, Bonus f\u00fcr eine Reihe erfolgloser Wetten und vieles mehr. Wir analysieren die Regeln, Einsatz- und Umsatzbedingungen.\" \/>\n<meta property=\"og:url\" content=\"https:\/\/22bet.team\/ch\/bonus\/\" \/>\n<meta property=\"og:site_name\" content=\"22Bet Team ch\" \/>\n<meta property=\"article:modified_time\" content=\"2026-02-16T05:49:50+00:00\" \/>\n<meta name=\"twitter:card\" content=\"summary_large_image\" \/>\n<script type=\"application\/ld+json\" class=\"yoast-schema-graph\">{\"@context\":\"https:\/\/schema.org\",\"@graph\":[{\"@type\":\"WebPage\",\"@id\":\"https:\/\/22bet.team\/ch\/bonus\/\",\"url\":\"https:\/\/22bet.team\/ch\/bonus\/\",\"name\":\"22Bet Boni \ud83e\udd11 Willkommensbonus & Aktionen\",\"isPartOf\":{\"@id\":\"https:\/\/22bet.team\/ch\/#website\"},\"datePublished\":\"2025-11-24T13:18:29+00:00\",\"dateModified\":\"2026-02-16T05:49:50+00:00\",\"description\":\"22Bet Schweiz-Boni \u2013 Willkommensbonus von bis zu 100 CHF f\u00fcr Wetten und bis zu 270 CHF f\u00fcr das Casino, Freitag-Reload, Cashback, Bonus f\u00fcr eine Reihe erfolgloser Wetten und vieles mehr. Wir analysieren die Regeln, Einsatz- und Umsatzbedingungen.\",\"breadcrumb\":{\"@id\":\"https:\/\/22bet.team\/ch\/bonus\/#breadcrumb\"},\"inLanguage\":\"de-CH\",\"potentialAction\":[{\"@type\":\"ReadAction\",\"target\":[\"https:\/\/22bet.team\/ch\/bonus\/\"]}]},{\"@type\":\"BreadcrumbList\",\"@id\":\"https:\/\/22bet.team\/ch\/bonus\/#breadcrumb\",\"itemListElement\":[{\"@type\":\"ListItem\",\"position\":1,\"name\":\"Home\",\"item\":\"https:\/\/22bet.team\/ch\/\"},{\"@type\":\"ListItem\",\"position\":2,\"name\":\"Bonus\"}]},{\"@type\":\"WebSite\",\"@id\":\"https:\/\/22bet.team\/ch\/#website\",\"url\":\"https:\/\/22bet.team\/ch\/\",\"name\":\"22Bet Team ch\",\"description\":\"\",\"potentialAction\":[{\"@type\":\"SearchAction\",\"target\":{\"@type\":\"EntryPoint\",\"urlTemplate\":\"https:\/\/22bet.team\/ch\/?s={search_term_string}\"},\"query-input\":{\"@type\":\"PropertyValueSpecification\",\"valueRequired\":true,\"valueName\":\"search_term_string\"}}],\"inLanguage\":\"de-CH\"}]}<\/script>\n<!-- \/ Yoast SEO plugin. -->","yoast_head_json":{"title":"22Bet Boni \ud83e\udd11 Willkommensbonus & Aktionen","description":"22Bet Schweiz-Boni \u2013 Willkommensbonus von bis zu 100 CHF f\u00fcr Wetten und bis zu 270 CHF f\u00fcr das Casino, Freitag-Reload, Cashback, Bonus f\u00fcr eine Reihe erfolgloser Wetten und vieles mehr. Wir analysieren die Regeln, Einsatz- und Umsatzbedingungen.","robots":{"index":"index","follow":"follow","max-snippet":"max-snippet:-1","max-image-preview":"max-image-preview:large","max-video-preview":"max-video-preview:-1"},"canonical":"https:\/\/22bet.team\/ch\/bonus\/","og_locale":"de_DE","og_type":"article","og_title":"22Bet Boni \ud83e\udd11 Willkommensbonus & Aktionen","og_description":"22Bet Schweiz-Boni \u2013 Willkommensbonus von bis zu 100 CHF f\u00fcr Wetten und bis zu 270 CHF f\u00fcr das Casino, Freitag-Reload, Cashback, Bonus f\u00fcr eine Reihe erfolgloser Wetten und vieles mehr. Wir analysieren die Regeln, Einsatz- und Umsatzbedingungen.","og_url":"https:\/\/22bet.team\/ch\/bonus\/","og_site_name":"22Bet Team ch","article_modified_time":"2026-02-16T05:49:50+00:00","twitter_card":"summary_large_image","schema":{"@context":"https:\/\/schema.org","@graph":[{"@type":"WebPage","@id":"https:\/\/22bet.team\/ch\/bonus\/","url":"https:\/\/22bet.team\/ch\/bonus\/","name":"22Bet Boni \ud83e\udd11 Willkommensbonus & Aktionen","isPartOf":{"@id":"https:\/\/22bet.team\/ch\/#website"},"datePublished":"2025-11-24T13:18:29+00:00","dateModified":"2026-02-16T05:49:50+00:00","description":"22Bet Schweiz-Boni \u2013 Willkommensbonus von bis zu 100 CHF f\u00fcr Wetten und bis zu 270 CHF f\u00fcr das Casino, Freitag-Reload, Cashback, Bonus f\u00fcr eine Reihe erfolgloser Wetten und vieles mehr. Wir analysieren die Regeln, Einsatz- und Umsatzbedingungen.","breadcrumb":{"@id":"https:\/\/22bet.team\/ch\/bonus\/#breadcrumb"},"inLanguage":"de-CH","potentialAction":[{"@type":"ReadAction","target":["https:\/\/22bet.team\/ch\/bonus\/"]}]},{"@type":"BreadcrumbList","@id":"https:\/\/22bet.team\/ch\/bonus\/#breadcrumb","itemListElement":[{"@type":"ListItem","position":1,"name":"Home","item":"https:\/\/22bet.team\/ch\/"},{"@type":"ListItem","position":2,"name":"Bonus"}]},{"@type":"WebSite","@id":"https:\/\/22bet.team\/ch\/#website","url":"https:\/\/22bet.team\/ch\/","name":"22Bet Team ch","description":"","potentialAction":[{"@type":"SearchAction","target":{"@type":"EntryPoint","urlTemplate":"https:\/\/22bet.team\/ch\/?s={search_term_string}"},"query-input":{"@type":"PropertyValueSpecification","valueRequired":true,"valueName":"search_term_string"}}],"inLanguage":"de-CH"}]}},"_links":{"self":[{"href":"https:\/\/22bet.team\/ch\/wp-json\/wp\/v2\/pages\/1021","targetHints":{"allow":["GET"]}}],"collection":[{"href":"https:\/\/22bet.team\/ch\/wp-json\/wp\/v2\/pages"}],"about":[{"href":"https:\/\/22bet.team\/ch\/wp-json\/wp\/v2\/types\/page"}],"author":[{"embeddable":true,"href":"https:\/\/22bet.team\/ch\/wp-json\/wp\/v2\/users\/1"}],"replies":[{"embeddable":true,"href":"https:\/\/22bet.team\/ch\/wp-json\/wp\/v2\/comments?post=1021"}],"version-history":[{"count":5,"href":"https:\/\/22bet.team\/ch\/wp-json\/wp\/v2\/pages\/1021\/revisions"}],"predecessor-version":[{"id":1197,"href":"https:\/\/22bet.team\/ch\/wp-json\/wp\/v2\/pages\/1021\/revisions\/1197"}],"wp:attachment":[{"href":"https:\/\/22bet.team\/ch\/wp-json\/wp\/v2\/media?parent=1021"}],"curies":[{"name":"wp","href":"https:\/\/api.w.org\/{rel}","templated":true}]}}