{"id":1063,"date":"2025-12-01T12:37:13","date_gmt":"2025-12-01T09:37:13","guid":{"rendered":"https:\/\/22bet.team\/ch\/?page_id=1063"},"modified":"2026-02-15T08:55:38","modified_gmt":"2026-02-15T05:55:38","slug":"login","status":"publish","type":"page","link":"https:\/\/22bet.team\/ch\/login\/","title":{"rendered":"Anmelden"},"content":{"rendered":"","protected":false},"excerpt":{"rendered":"","protected":false},"author":1,"featured_media":0,"parent":0,"menu_order":0,"comment_status":"closed","ping_status":"closed","template":"","meta":{"_acf_changed":false,"footnotes":""},"class_list":["post-1063","page","type-page","status-publish","hentry"],"acf":[],"yoast_head":"<!-- This site is optimized with the Yoast SEO plugin v26.1.1 - https:\/\/yoast.com\/wordpress\/plugins\/seo\/ -->\n<title>22Bet Anmelden \ud83d\udd11 Konto &amp; Registrierung<\/title>\n<meta name=\"description\" content=\"Anmeldung in Ihrem pers\u00f6nlichen 22Bet Schweiz-Konto Greifen Sie \u00fcber die offizielle Website und den funktionierenden Mirror auf Ihr Konto zu. Schritt-f\u00fcr-Schritt-Anleitung f\u00fcr die Autorisierung, Passwortwiederherstellung und Registrierung mit einem 100 %-Bonus. Erfahren Sie, wie Sie sich \u00fcber die mobile App anmelden k\u00f6nnen.\" \/>\n<meta name=\"robots\" content=\"index, follow, max-snippet:-1, max-image-preview:large, max-video-preview:-1\" \/>\n<link rel=\"canonical\" href=\"https:\/\/22bet.team\/ch\/login\/\" \/>\n<meta property=\"og:locale\" content=\"de_DE\" \/>\n<meta property=\"og:type\" content=\"article\" \/>\n<meta property=\"og:title\" content=\"22Bet Anmelden \ud83d\udd11 Konto &amp; Registrierung\" \/>\n<meta property=\"og:description\" content=\"Anmeldung in Ihrem pers\u00f6nlichen 22Bet Schweiz-Konto Greifen Sie \u00fcber die offizielle Website und den funktionierenden Mirror auf Ihr Konto zu. Schritt-f\u00fcr-Schritt-Anleitung f\u00fcr die Autorisierung, Passwortwiederherstellung und Registrierung mit einem 100 %-Bonus. Erfahren Sie, wie Sie sich \u00fcber die mobile App anmelden k\u00f6nnen.\" \/>\n<meta property=\"og:url\" content=\"https:\/\/22bet.team\/ch\/login\/\" \/>\n<meta property=\"og:site_name\" content=\"22Bet Team ch\" \/>\n<meta property=\"article:modified_time\" content=\"2026-02-15T05:55:38+00:00\" \/>\n<meta name=\"twitter:card\" content=\"summary_large_image\" \/>\n<script type=\"application\/ld+json\" class=\"yoast-schema-graph\">{\"@context\":\"https:\/\/schema.org\",\"@graph\":[{\"@type\":\"WebPage\",\"@id\":\"https:\/\/22bet.team\/ch\/login\/\",\"url\":\"https:\/\/22bet.team\/ch\/login\/\",\"name\":\"22Bet Anmelden \ud83d\udd11 Konto & Registrierung\",\"isPartOf\":{\"@id\":\"https:\/\/22bet.team\/ch\/#website\"},\"datePublished\":\"2025-12-01T09:37:13+00:00\",\"dateModified\":\"2026-02-15T05:55:38+00:00\",\"description\":\"Anmeldung in Ihrem pers\u00f6nlichen 22Bet Schweiz-Konto Greifen Sie \u00fcber die offizielle Website und den funktionierenden Mirror auf Ihr Konto zu. Schritt-f\u00fcr-Schritt-Anleitung f\u00fcr die Autorisierung, Passwortwiederherstellung und Registrierung mit einem 100 %-Bonus. Erfahren Sie, wie Sie sich \u00fcber die mobile App anmelden k\u00f6nnen.\",\"breadcrumb\":{\"@id\":\"https:\/\/22bet.team\/ch\/login\/#breadcrumb\"},\"inLanguage\":\"de-CH\",\"potentialAction\":[{\"@type\":\"ReadAction\",\"target\":[\"https:\/\/22bet.team\/ch\/login\/\"]}]},{\"@type\":\"BreadcrumbList\",\"@id\":\"https:\/\/22bet.team\/ch\/login\/#breadcrumb\",\"itemListElement\":[{\"@type\":\"ListItem\",\"position\":1,\"name\":\"Home\",\"item\":\"http:\/\/22bet.team\/ch\/\"},{\"@type\":\"ListItem\",\"position\":2,\"name\":\"Anmelden\"}]},{\"@type\":\"WebSite\",\"@id\":\"https:\/\/22bet.team\/ch\/#website\",\"url\":\"https:\/\/22bet.team\/ch\/\",\"name\":\"22Bet Team ch\",\"description\":\"\",\"potentialAction\":[{\"@type\":\"SearchAction\",\"target\":{\"@type\":\"EntryPoint\",\"urlTemplate\":\"https:\/\/22bet.team\/ch\/?s={search_term_string}\"},\"query-input\":{\"@type\":\"PropertyValueSpecification\",\"valueRequired\":true,\"valueName\":\"search_term_string\"}}],\"inLanguage\":\"de-CH\"}]}<\/script>\n<!-- \/ Yoast SEO plugin. -->","yoast_head_json":{"title":"22Bet Anmelden \ud83d\udd11 Konto & Registrierung","description":"Anmeldung in Ihrem pers\u00f6nlichen 22Bet Schweiz-Konto Greifen Sie \u00fcber die offizielle Website und den funktionierenden Mirror auf Ihr Konto zu. Schritt-f\u00fcr-Schritt-Anleitung f\u00fcr die Autorisierung, Passwortwiederherstellung und Registrierung mit einem 100 %-Bonus. Erfahren Sie, wie Sie sich \u00fcber die mobile App anmelden k\u00f6nnen.","robots":{"index":"index","follow":"follow","max-snippet":"max-snippet:-1","max-image-preview":"max-image-preview:large","max-video-preview":"max-video-preview:-1"},"canonical":"https:\/\/22bet.team\/ch\/login\/","og_locale":"de_DE","og_type":"article","og_title":"22Bet Anmelden \ud83d\udd11 Konto & Registrierung","og_description":"Anmeldung in Ihrem pers\u00f6nlichen 22Bet Schweiz-Konto Greifen Sie \u00fcber die offizielle Website und den funktionierenden Mirror auf Ihr Konto zu. Schritt-f\u00fcr-Schritt-Anleitung f\u00fcr die Autorisierung, Passwortwiederherstellung und Registrierung mit einem 100 %-Bonus. Erfahren Sie, wie Sie sich \u00fcber die mobile App anmelden k\u00f6nnen.","og_url":"https:\/\/22bet.team\/ch\/login\/","og_site_name":"22Bet Team ch","article_modified_time":"2026-02-15T05:55:38+00:00","twitter_card":"summary_large_image","schema":{"@context":"https:\/\/schema.org","@graph":[{"@type":"WebPage","@id":"https:\/\/22bet.team\/ch\/login\/","url":"https:\/\/22bet.team\/ch\/login\/","name":"22Bet Anmelden \ud83d\udd11 Konto & Registrierung","isPartOf":{"@id":"https:\/\/22bet.team\/ch\/#website"},"datePublished":"2025-12-01T09:37:13+00:00","dateModified":"2026-02-15T05:55:38+00:00","description":"Anmeldung in Ihrem pers\u00f6nlichen 22Bet Schweiz-Konto Greifen Sie \u00fcber die offizielle Website und den funktionierenden Mirror auf Ihr Konto zu. Schritt-f\u00fcr-Schritt-Anleitung f\u00fcr die Autorisierung, Passwortwiederherstellung und Registrierung mit einem 100 %-Bonus. Erfahren Sie, wie Sie sich \u00fcber die mobile App anmelden k\u00f6nnen.","breadcrumb":{"@id":"https:\/\/22bet.team\/ch\/login\/#breadcrumb"},"inLanguage":"de-CH","potentialAction":[{"@type":"ReadAction","target":["https:\/\/22bet.team\/ch\/login\/"]}]},{"@type":"BreadcrumbList","@id":"https:\/\/22bet.team\/ch\/login\/#breadcrumb","itemListElement":[{"@type":"ListItem","position":1,"name":"Home","item":"http:\/\/22bet.team\/ch\/"},{"@type":"ListItem","position":2,"name":"Anmelden"}]},{"@type":"WebSite","@id":"https:\/\/22bet.team\/ch\/#website","url":"https:\/\/22bet.team\/ch\/","name":"22Bet Team ch","description":"","potentialAction":[{"@type":"SearchAction","target":{"@type":"EntryPoint","urlTemplate":"https:\/\/22bet.team\/ch\/?s={search_term_string}"},"query-input":{"@type":"PropertyValueSpecification","valueRequired":true,"valueName":"search_term_string"}}],"inLanguage":"de-CH"}]}},"_links":{"self":[{"href":"https:\/\/22bet.team\/ch\/wp-json\/wp\/v2\/pages\/1063","targetHints":{"allow":["GET"]}}],"collection":[{"href":"https:\/\/22bet.team\/ch\/wp-json\/wp\/v2\/pages"}],"about":[{"href":"https:\/\/22bet.team\/ch\/wp-json\/wp\/v2\/types\/page"}],"author":[{"embeddable":true,"href":"https:\/\/22bet.team\/ch\/wp-json\/wp\/v2\/users\/1"}],"replies":[{"embeddable":true,"href":"https:\/\/22bet.team\/ch\/wp-json\/wp\/v2\/comments?post=1063"}],"version-history":[{"count":5,"href":"https:\/\/22bet.team\/ch\/wp-json\/wp\/v2\/pages\/1063\/revisions"}],"predecessor-version":[{"id":1181,"href":"https:\/\/22bet.team\/ch\/wp-json\/wp\/v2\/pages\/1063\/revisions\/1181"}],"wp:attachment":[{"href":"https:\/\/22bet.team\/ch\/wp-json\/wp\/v2\/media?parent=1063"}],"curies":[{"name":"wp","href":"https:\/\/api.w.org\/{rel}","templated":true}]}}