{"id":830,"date":"2025-11-14T09:42:58","date_gmt":"2025-11-14T06:42:58","guid":{"rendered":"https:\/\/22bet.team\/cl\/?page_id=830"},"modified":"2026-04-10T17:16:19","modified_gmt":"2026-04-10T14:16:19","slug":"app","status":"publish","type":"page","link":"https:\/\/22bet.team\/cl\/app\/","title":{"rendered":"Aplicaci\u00f3n"},"content":{"rendered":"","protected":false},"excerpt":{"rendered":"","protected":false},"author":1,"featured_media":0,"parent":0,"menu_order":0,"comment_status":"closed","ping_status":"closed","template":"","meta":{"_acf_changed":false,"footnotes":""},"class_list":["post-830","page","type-page","status-publish","hentry"],"acf":[],"yoast_head":"<!-- This site is optimized with the Yoast SEO plugin v26.1.1 - https:\/\/yoast.com\/wordpress\/plugins\/seo\/ -->\n<title>Aplicaci\u00f3n 22Bet Chile \u2b07\ufe0f Funciones para apuestas y casino<\/title>\n<meta name=\"description\" content=\"Aplicaci\u00f3n de 22Bet: desc\u00e1rgala en Android y iOS y disfruta de acceso inmediato a apuestas en vivo, casino, bonos y pagos r\u00e1pidos. Interfaz m\u00f3vil moderna, pr\u00e1ctica y segura.\" \/>\n<meta name=\"robots\" content=\"noindex, follow, max-snippet:-1, max-image-preview:large, max-video-preview:-1\" \/>\n<meta property=\"og:locale\" content=\"es_ES\" \/>\n<meta property=\"og:type\" content=\"article\" \/>\n<meta property=\"og:title\" content=\"Aplicaci\u00f3n 22Bet Chile \u2b07\ufe0f Funciones para apuestas y casino\" \/>\n<meta property=\"og:description\" content=\"Aplicaci\u00f3n de 22Bet: desc\u00e1rgala en Android y iOS y disfruta de acceso inmediato a apuestas en vivo, casino, bonos y pagos r\u00e1pidos. Interfaz m\u00f3vil moderna, pr\u00e1ctica y segura.\" \/>\n<meta property=\"og:url\" content=\"https:\/\/22bet.team\/cl\/app\/\" \/>\n<meta property=\"og:site_name\" content=\"22Bet Team CL\" \/>\n<meta property=\"article:modified_time\" content=\"2026-04-10T14:16:19+00:00\" \/>\n<meta name=\"twitter:card\" content=\"summary_large_image\" \/>\n<script type=\"application\/ld+json\" class=\"yoast-schema-graph\">{\"@context\":\"https:\/\/schema.org\",\"@graph\":[{\"@type\":\"WebPage\",\"@id\":\"https:\/\/22bet.team\/cl\/app\/\",\"url\":\"https:\/\/22bet.team\/cl\/app\/\",\"name\":\"Aplicaci\u00f3n 22Bet Chile \u2b07\ufe0f Funciones para apuestas y casino\",\"isPartOf\":{\"@id\":\"https:\/\/22bet.team\/cl\/#website\"},\"datePublished\":\"2025-11-14T06:42:58+00:00\",\"dateModified\":\"2026-04-10T14:16:19+00:00\",\"description\":\"Aplicaci\u00f3n de 22Bet: desc\u00e1rgala en Android y iOS y disfruta de acceso inmediato a apuestas en vivo, casino, bonos y pagos r\u00e1pidos. Interfaz m\u00f3vil moderna, pr\u00e1ctica y segura.\",\"breadcrumb\":{\"@id\":\"https:\/\/22bet.team\/cl\/app\/#breadcrumb\"},\"inLanguage\":\"es-CL\",\"potentialAction\":[{\"@type\":\"ReadAction\",\"target\":[\"https:\/\/22bet.team\/cl\/app\/\"]}]},{\"@type\":\"BreadcrumbList\",\"@id\":\"https:\/\/22bet.team\/cl\/app\/#breadcrumb\",\"itemListElement\":[{\"@type\":\"ListItem\",\"position\":1,\"name\":\"Home\",\"item\":\"https:\/\/22bet.team\/cl\/\"},{\"@type\":\"ListItem\",\"position\":2,\"name\":\"Aplicaci\u00f3n\"}]},{\"@type\":\"WebSite\",\"@id\":\"https:\/\/22bet.team\/cl\/#website\",\"url\":\"https:\/\/22bet.team\/cl\/\",\"name\":\"22Bet Team CL\",\"description\":\"\",\"potentialAction\":[{\"@type\":\"SearchAction\",\"target\":{\"@type\":\"EntryPoint\",\"urlTemplate\":\"https:\/\/22bet.team\/cl\/?s={search_term_string}\"},\"query-input\":{\"@type\":\"PropertyValueSpecification\",\"valueRequired\":true,\"valueName\":\"search_term_string\"}}],\"inLanguage\":\"es-CL\"}]}<\/script>\n<!-- \/ Yoast SEO plugin. -->","yoast_head_json":{"title":"Aplicaci\u00f3n 22Bet Chile \u2b07\ufe0f Funciones para apuestas y casino","description":"Aplicaci\u00f3n de 22Bet: desc\u00e1rgala en Android y iOS y disfruta de acceso inmediato a apuestas en vivo, casino, bonos y pagos r\u00e1pidos. Interfaz m\u00f3vil moderna, pr\u00e1ctica y segura.","robots":{"index":"noindex","follow":"follow","max-snippet":"max-snippet:-1","max-image-preview":"max-image-preview:large","max-video-preview":"max-video-preview:-1"},"og_locale":"es_ES","og_type":"article","og_title":"Aplicaci\u00f3n 22Bet Chile \u2b07\ufe0f Funciones para apuestas y casino","og_description":"Aplicaci\u00f3n de 22Bet: desc\u00e1rgala en Android y iOS y disfruta de acceso inmediato a apuestas en vivo, casino, bonos y pagos r\u00e1pidos. Interfaz m\u00f3vil moderna, pr\u00e1ctica y segura.","og_url":"https:\/\/22bet.team\/cl\/app\/","og_site_name":"22Bet Team CL","article_modified_time":"2026-04-10T14:16:19+00:00","twitter_card":"summary_large_image","schema":{"@context":"https:\/\/schema.org","@graph":[{"@type":"WebPage","@id":"https:\/\/22bet.team\/cl\/app\/","url":"https:\/\/22bet.team\/cl\/app\/","name":"Aplicaci\u00f3n 22Bet Chile \u2b07\ufe0f Funciones para apuestas y casino","isPartOf":{"@id":"https:\/\/22bet.team\/cl\/#website"},"datePublished":"2025-11-14T06:42:58+00:00","dateModified":"2026-04-10T14:16:19+00:00","description":"Aplicaci\u00f3n de 22Bet: desc\u00e1rgala en Android y iOS y disfruta de acceso inmediato a apuestas en vivo, casino, bonos y pagos r\u00e1pidos. Interfaz m\u00f3vil moderna, pr\u00e1ctica y segura.","breadcrumb":{"@id":"https:\/\/22bet.team\/cl\/app\/#breadcrumb"},"inLanguage":"es-CL","potentialAction":[{"@type":"ReadAction","target":["https:\/\/22bet.team\/cl\/app\/"]}]},{"@type":"BreadcrumbList","@id":"https:\/\/22bet.team\/cl\/app\/#breadcrumb","itemListElement":[{"@type":"ListItem","position":1,"name":"Home","item":"https:\/\/22bet.team\/cl\/"},{"@type":"ListItem","position":2,"name":"Aplicaci\u00f3n"}]},{"@type":"WebSite","@id":"https:\/\/22bet.team\/cl\/#website","url":"https:\/\/22bet.team\/cl\/","name":"22Bet Team CL","description":"","potentialAction":[{"@type":"SearchAction","target":{"@type":"EntryPoint","urlTemplate":"https:\/\/22bet.team\/cl\/?s={search_term_string}"},"query-input":{"@type":"PropertyValueSpecification","valueRequired":true,"valueName":"search_term_string"}}],"inLanguage":"es-CL"}]}},"_links":{"self":[{"href":"https:\/\/22bet.team\/cl\/wp-json\/wp\/v2\/pages\/830","targetHints":{"allow":["GET"]}}],"collection":[{"href":"https:\/\/22bet.team\/cl\/wp-json\/wp\/v2\/pages"}],"about":[{"href":"https:\/\/22bet.team\/cl\/wp-json\/wp\/v2\/types\/page"}],"author":[{"embeddable":true,"href":"https:\/\/22bet.team\/cl\/wp-json\/wp\/v2\/users\/1"}],"replies":[{"embeddable":true,"href":"https:\/\/22bet.team\/cl\/wp-json\/wp\/v2\/comments?post=830"}],"version-history":[{"count":5,"href":"https:\/\/22bet.team\/cl\/wp-json\/wp\/v2\/pages\/830\/revisions"}],"predecessor-version":[{"id":1242,"href":"https:\/\/22bet.team\/cl\/wp-json\/wp\/v2\/pages\/830\/revisions\/1242"}],"wp:attachment":[{"href":"https:\/\/22bet.team\/cl\/wp-json\/wp\/v2\/media?parent=830"}],"curies":[{"name":"wp","href":"https:\/\/api.w.org\/{rel}","templated":true}]}}