{"id":961,"date":"2025-11-19T09:25:55","date_gmt":"2025-11-19T06:25:55","guid":{"rendered":"https:\/\/22bet.team\/cl\/?page_id=961"},"modified":"2026-04-10T16:53:23","modified_gmt":"2026-04-10T13:53:23","slug":"apk","status":"publish","type":"page","link":"https:\/\/22bet.team\/cl\/apk\/","title":{"rendered":"Apk"},"content":{"rendered":"","protected":false},"excerpt":{"rendered":"","protected":false},"author":1,"featured_media":0,"parent":0,"menu_order":0,"comment_status":"closed","ping_status":"closed","template":"","meta":{"_acf_changed":false,"footnotes":""},"class_list":["post-961","page","type-page","status-publish","hentry"],"acf":[],"yoast_head":"<!-- This site is optimized with the Yoast SEO plugin v26.1.1 - https:\/\/yoast.com\/wordpress\/plugins\/seo\/ -->\n<title>Descargar APK de 22Bet Chile \u1409 App r\u00e1pida<\/title>\n<meta name=\"description\" content=\"Descarga la aplicaci\u00f3n 22Bet APK para hacer apuestas deportivas y jugar. Disfruta de m\u00e1s de 20 deportes, cuotas elevadas y bonos exclusivos para nuevos usuarios. \u00a1Juega y gana directamente desde tu Android!\" \/>\n<meta name=\"robots\" content=\"noindex, follow, max-snippet:-1, max-image-preview:large, max-video-preview:-1\" \/>\n<meta property=\"og:locale\" content=\"es_ES\" \/>\n<meta property=\"og:type\" content=\"article\" \/>\n<meta property=\"og:title\" content=\"Descargar APK de 22Bet Chile \u1409 App r\u00e1pida\" \/>\n<meta property=\"og:description\" content=\"Descarga la aplicaci\u00f3n 22Bet APK para hacer apuestas deportivas y jugar. Disfruta de m\u00e1s de 20 deportes, cuotas elevadas y bonos exclusivos para nuevos usuarios. \u00a1Juega y gana directamente desde tu Android!\" \/>\n<meta property=\"og:url\" content=\"https:\/\/22bet.team\/cl\/apk\/\" \/>\n<meta property=\"og:site_name\" content=\"22Bet Team CL\" \/>\n<meta property=\"article:modified_time\" content=\"2026-04-10T13:53:23+00:00\" \/>\n<meta name=\"twitter:card\" content=\"summary_large_image\" \/>\n<script type=\"application\/ld+json\" class=\"yoast-schema-graph\">{\"@context\":\"https:\/\/schema.org\",\"@graph\":[{\"@type\":\"WebPage\",\"@id\":\"https:\/\/22bet.team\/cl\/apk\/\",\"url\":\"https:\/\/22bet.team\/cl\/apk\/\",\"name\":\"Descargar APK de 22Bet Chile \u1409 App r\u00e1pida\",\"isPartOf\":{\"@id\":\"https:\/\/22bet.team\/cl\/#website\"},\"datePublished\":\"2025-11-19T06:25:55+00:00\",\"dateModified\":\"2026-04-10T13:53:23+00:00\",\"description\":\"Descarga la aplicaci\u00f3n 22Bet APK para hacer apuestas deportivas y jugar. Disfruta de m\u00e1s de 20 deportes, cuotas elevadas y bonos exclusivos para nuevos usuarios. \u00a1Juega y gana directamente desde tu Android!\",\"breadcrumb\":{\"@id\":\"https:\/\/22bet.team\/cl\/apk\/#breadcrumb\"},\"inLanguage\":\"es-CL\",\"potentialAction\":[{\"@type\":\"ReadAction\",\"target\":[\"https:\/\/22bet.team\/cl\/apk\/\"]}]},{\"@type\":\"BreadcrumbList\",\"@id\":\"https:\/\/22bet.team\/cl\/apk\/#breadcrumb\",\"itemListElement\":[{\"@type\":\"ListItem\",\"position\":1,\"name\":\"Home\",\"item\":\"https:\/\/22bet.team\/cl\/\"},{\"@type\":\"ListItem\",\"position\":2,\"name\":\"Apk\"}]},{\"@type\":\"WebSite\",\"@id\":\"https:\/\/22bet.team\/cl\/#website\",\"url\":\"https:\/\/22bet.team\/cl\/\",\"name\":\"22Bet Team CL\",\"description\":\"\",\"potentialAction\":[{\"@type\":\"SearchAction\",\"target\":{\"@type\":\"EntryPoint\",\"urlTemplate\":\"https:\/\/22bet.team\/cl\/?s={search_term_string}\"},\"query-input\":{\"@type\":\"PropertyValueSpecification\",\"valueRequired\":true,\"valueName\":\"search_term_string\"}}],\"inLanguage\":\"es-CL\"}]}<\/script>\n<!-- \/ Yoast SEO plugin. -->","yoast_head_json":{"title":"Descargar APK de 22Bet Chile \u1409 App r\u00e1pida","description":"Descarga la aplicaci\u00f3n 22Bet APK para hacer apuestas deportivas y jugar. Disfruta de m\u00e1s de 20 deportes, cuotas elevadas y bonos exclusivos para nuevos usuarios. \u00a1Juega y gana directamente desde tu Android!","robots":{"index":"noindex","follow":"follow","max-snippet":"max-snippet:-1","max-image-preview":"max-image-preview:large","max-video-preview":"max-video-preview:-1"},"og_locale":"es_ES","og_type":"article","og_title":"Descargar APK de 22Bet Chile \u1409 App r\u00e1pida","og_description":"Descarga la aplicaci\u00f3n 22Bet APK para hacer apuestas deportivas y jugar. Disfruta de m\u00e1s de 20 deportes, cuotas elevadas y bonos exclusivos para nuevos usuarios. \u00a1Juega y gana directamente desde tu Android!","og_url":"https:\/\/22bet.team\/cl\/apk\/","og_site_name":"22Bet Team CL","article_modified_time":"2026-04-10T13:53:23+00:00","twitter_card":"summary_large_image","schema":{"@context":"https:\/\/schema.org","@graph":[{"@type":"WebPage","@id":"https:\/\/22bet.team\/cl\/apk\/","url":"https:\/\/22bet.team\/cl\/apk\/","name":"Descargar APK de 22Bet Chile \u1409 App r\u00e1pida","isPartOf":{"@id":"https:\/\/22bet.team\/cl\/#website"},"datePublished":"2025-11-19T06:25:55+00:00","dateModified":"2026-04-10T13:53:23+00:00","description":"Descarga la aplicaci\u00f3n 22Bet APK para hacer apuestas deportivas y jugar. Disfruta de m\u00e1s de 20 deportes, cuotas elevadas y bonos exclusivos para nuevos usuarios. \u00a1Juega y gana directamente desde tu Android!","breadcrumb":{"@id":"https:\/\/22bet.team\/cl\/apk\/#breadcrumb"},"inLanguage":"es-CL","potentialAction":[{"@type":"ReadAction","target":["https:\/\/22bet.team\/cl\/apk\/"]}]},{"@type":"BreadcrumbList","@id":"https:\/\/22bet.team\/cl\/apk\/#breadcrumb","itemListElement":[{"@type":"ListItem","position":1,"name":"Home","item":"https:\/\/22bet.team\/cl\/"},{"@type":"ListItem","position":2,"name":"Apk"}]},{"@type":"WebSite","@id":"https:\/\/22bet.team\/cl\/#website","url":"https:\/\/22bet.team\/cl\/","name":"22Bet Team CL","description":"","potentialAction":[{"@type":"SearchAction","target":{"@type":"EntryPoint","urlTemplate":"https:\/\/22bet.team\/cl\/?s={search_term_string}"},"query-input":{"@type":"PropertyValueSpecification","valueRequired":true,"valueName":"search_term_string"}}],"inLanguage":"es-CL"}]}},"_links":{"self":[{"href":"https:\/\/22bet.team\/cl\/wp-json\/wp\/v2\/pages\/961","targetHints":{"allow":["GET"]}}],"collection":[{"href":"https:\/\/22bet.team\/cl\/wp-json\/wp\/v2\/pages"}],"about":[{"href":"https:\/\/22bet.team\/cl\/wp-json\/wp\/v2\/types\/page"}],"author":[{"embeddable":true,"href":"https:\/\/22bet.team\/cl\/wp-json\/wp\/v2\/users\/1"}],"replies":[{"embeddable":true,"href":"https:\/\/22bet.team\/cl\/wp-json\/wp\/v2\/comments?post=961"}],"version-history":[{"count":5,"href":"https:\/\/22bet.team\/cl\/wp-json\/wp\/v2\/pages\/961\/revisions"}],"predecessor-version":[{"id":1240,"href":"https:\/\/22bet.team\/cl\/wp-json\/wp\/v2\/pages\/961\/revisions\/1240"}],"wp:attachment":[{"href":"https:\/\/22bet.team\/cl\/wp-json\/wp\/v2\/media?parent=961"}],"curies":[{"name":"wp","href":"https:\/\/api.w.org\/{rel}","templated":true}]}}