{"id":1044,"date":"2025-11-25T09:38:51","date_gmt":"2025-11-25T06:38:51","guid":{"rendered":"https:\/\/22bet.team\/co\/?page_id=1044"},"modified":"2026-02-20T19:12:58","modified_gmt":"2026-02-20T16:12:58","slug":"promo-code","status":"publish","type":"page","link":"https:\/\/22bet.team\/co\/promo-code\/","title":{"rendered":"C\u00f3digo promocional"},"content":{"rendered":"","protected":false},"excerpt":{"rendered":"","protected":false},"author":1,"featured_media":0,"parent":0,"menu_order":0,"comment_status":"closed","ping_status":"closed","template":"","meta":{"_acf_changed":false,"footnotes":""},"class_list":["post-1044","page","type-page","status-publish","hentry"],"acf":[],"yoast_head":"<!-- This site is optimized with the Yoast SEO plugin v26.1.1 - https:\/\/yoast.com\/wordpress\/plugins\/seo\/ -->\n<title>C\u00f3digo promocional 22Bet \u1409 Bono del 100% hasta 6.504.000 COP<\/title>\n<meta name=\"description\" content=\"Consigue un bono de hasta 4345000 COP con el c\u00f3digo promocional de 22Bet Colombia! Eres nuevo jugador? Gana 30 giros gratis sin necesidad de dep\u00f3sito y accede a ofertas \u00fanicas. Descubre c\u00f3mo registrarte y activar tus bonos.\" \/>\n<meta name=\"robots\" content=\"index, follow, max-snippet:-1, max-image-preview:large, max-video-preview:-1\" \/>\n<link rel=\"canonical\" href=\"http:\/\/22bet.team\/co\/promo-code\/\" \/>\n<meta property=\"og:locale\" content=\"es_ES\" \/>\n<meta property=\"og:type\" content=\"article\" \/>\n<meta property=\"og:title\" content=\"C\u00f3digo promocional 22Bet \u1409 Bono del 100% hasta 6.504.000 COP\" \/>\n<meta property=\"og:description\" content=\"Consigue un bono de hasta 4345000 COP con el c\u00f3digo promocional de 22Bet Colombia! Eres nuevo jugador? Gana 30 giros gratis sin necesidad de dep\u00f3sito y accede a ofertas \u00fanicas. Descubre c\u00f3mo registrarte y activar tus bonos.\" \/>\n<meta property=\"og:url\" content=\"http:\/\/22bet.team\/co\/promo-code\/\" \/>\n<meta property=\"og:site_name\" content=\"22Bet Team co\" \/>\n<meta property=\"article:modified_time\" content=\"2026-02-20T16:12:58+00:00\" \/>\n<meta name=\"twitter:card\" content=\"summary_large_image\" \/>\n<script type=\"application\/ld+json\" class=\"yoast-schema-graph\">{\"@context\":\"https:\/\/schema.org\",\"@graph\":[{\"@type\":\"WebPage\",\"@id\":\"http:\/\/22bet.team\/co\/promo-code\/\",\"url\":\"http:\/\/22bet.team\/co\/promo-code\/\",\"name\":\"C\u00f3digo promocional 22Bet \u1409 Bono del 100% hasta 6.504.000 COP\",\"isPartOf\":{\"@id\":\"http:\/\/22bet.team\/co\/#website\"},\"datePublished\":\"2025-11-25T06:38:51+00:00\",\"dateModified\":\"2026-02-20T16:12:58+00:00\",\"description\":\"Consigue un bono de hasta 4345000 COP con el c\u00f3digo promocional de 22Bet Colombia! Eres nuevo jugador? Gana 30 giros gratis sin necesidad de dep\u00f3sito y accede a ofertas \u00fanicas. Descubre c\u00f3mo registrarte y activar tus bonos.\",\"breadcrumb\":{\"@id\":\"http:\/\/22bet.team\/co\/promo-code\/#breadcrumb\"},\"inLanguage\":\"es-CO\",\"potentialAction\":[{\"@type\":\"ReadAction\",\"target\":[\"http:\/\/22bet.team\/co\/promo-code\/\"]}]},{\"@type\":\"BreadcrumbList\",\"@id\":\"http:\/\/22bet.team\/co\/promo-code\/#breadcrumb\",\"itemListElement\":[{\"@type\":\"ListItem\",\"position\":1,\"name\":\"Home\",\"item\":\"http:\/\/22bet.team\/co\/\"},{\"@type\":\"ListItem\",\"position\":2,\"name\":\"C\u00f3digo promocional\"}]},{\"@type\":\"WebSite\",\"@id\":\"http:\/\/22bet.team\/co\/#website\",\"url\":\"http:\/\/22bet.team\/co\/\",\"name\":\"22Bet Team co\",\"description\":\"\",\"potentialAction\":[{\"@type\":\"SearchAction\",\"target\":{\"@type\":\"EntryPoint\",\"urlTemplate\":\"http:\/\/22bet.team\/co\/?s={search_term_string}\"},\"query-input\":{\"@type\":\"PropertyValueSpecification\",\"valueRequired\":true,\"valueName\":\"search_term_string\"}}],\"inLanguage\":\"es-CO\"}]}<\/script>\n<!-- \/ Yoast SEO plugin. -->","yoast_head_json":{"title":"C\u00f3digo promocional 22Bet \u1409 Bono del 100% hasta 6.504.000 COP","description":"Consigue un bono de hasta 4345000 COP con el c\u00f3digo promocional de 22Bet Colombia! Eres nuevo jugador? Gana 30 giros gratis sin necesidad de dep\u00f3sito y accede a ofertas \u00fanicas. Descubre c\u00f3mo registrarte y activar tus bonos.","robots":{"index":"index","follow":"follow","max-snippet":"max-snippet:-1","max-image-preview":"max-image-preview:large","max-video-preview":"max-video-preview:-1"},"canonical":"http:\/\/22bet.team\/co\/promo-code\/","og_locale":"es_ES","og_type":"article","og_title":"C\u00f3digo promocional 22Bet \u1409 Bono del 100% hasta 6.504.000 COP","og_description":"Consigue un bono de hasta 4345000 COP con el c\u00f3digo promocional de 22Bet Colombia! Eres nuevo jugador? Gana 30 giros gratis sin necesidad de dep\u00f3sito y accede a ofertas \u00fanicas. Descubre c\u00f3mo registrarte y activar tus bonos.","og_url":"http:\/\/22bet.team\/co\/promo-code\/","og_site_name":"22Bet Team co","article_modified_time":"2026-02-20T16:12:58+00:00","twitter_card":"summary_large_image","schema":{"@context":"https:\/\/schema.org","@graph":[{"@type":"WebPage","@id":"http:\/\/22bet.team\/co\/promo-code\/","url":"http:\/\/22bet.team\/co\/promo-code\/","name":"C\u00f3digo promocional 22Bet \u1409 Bono del 100% hasta 6.504.000 COP","isPartOf":{"@id":"http:\/\/22bet.team\/co\/#website"},"datePublished":"2025-11-25T06:38:51+00:00","dateModified":"2026-02-20T16:12:58+00:00","description":"Consigue un bono de hasta 4345000 COP con el c\u00f3digo promocional de 22Bet Colombia! Eres nuevo jugador? Gana 30 giros gratis sin necesidad de dep\u00f3sito y accede a ofertas \u00fanicas. Descubre c\u00f3mo registrarte y activar tus bonos.","breadcrumb":{"@id":"http:\/\/22bet.team\/co\/promo-code\/#breadcrumb"},"inLanguage":"es-CO","potentialAction":[{"@type":"ReadAction","target":["http:\/\/22bet.team\/co\/promo-code\/"]}]},{"@type":"BreadcrumbList","@id":"http:\/\/22bet.team\/co\/promo-code\/#breadcrumb","itemListElement":[{"@type":"ListItem","position":1,"name":"Home","item":"http:\/\/22bet.team\/co\/"},{"@type":"ListItem","position":2,"name":"C\u00f3digo promocional"}]},{"@type":"WebSite","@id":"http:\/\/22bet.team\/co\/#website","url":"http:\/\/22bet.team\/co\/","name":"22Bet Team co","description":"","potentialAction":[{"@type":"SearchAction","target":{"@type":"EntryPoint","urlTemplate":"http:\/\/22bet.team\/co\/?s={search_term_string}"},"query-input":{"@type":"PropertyValueSpecification","valueRequired":true,"valueName":"search_term_string"}}],"inLanguage":"es-CO"}]}},"_links":{"self":[{"href":"https:\/\/22bet.team\/co\/wp-json\/wp\/v2\/pages\/1044","targetHints":{"allow":["GET"]}}],"collection":[{"href":"https:\/\/22bet.team\/co\/wp-json\/wp\/v2\/pages"}],"about":[{"href":"https:\/\/22bet.team\/co\/wp-json\/wp\/v2\/types\/page"}],"author":[{"embeddable":true,"href":"https:\/\/22bet.team\/co\/wp-json\/wp\/v2\/users\/1"}],"replies":[{"embeddable":true,"href":"https:\/\/22bet.team\/co\/wp-json\/wp\/v2\/comments?post=1044"}],"version-history":[{"count":4,"href":"https:\/\/22bet.team\/co\/wp-json\/wp\/v2\/pages\/1044\/revisions"}],"predecessor-version":[{"id":1271,"href":"https:\/\/22bet.team\/co\/wp-json\/wp\/v2\/pages\/1044\/revisions\/1271"}],"wp:attachment":[{"href":"https:\/\/22bet.team\/co\/wp-json\/wp\/v2\/media?parent=1044"}],"curies":[{"name":"wp","href":"https:\/\/api.w.org\/{rel}","templated":true}]}}