{"id":1094,"date":"2025-12-02T17:34:13","date_gmt":"2025-12-02T14:34:13","guid":{"rendered":"https:\/\/22bet.team\/co\/?page_id=1094"},"modified":"2026-02-20T19:51:32","modified_gmt":"2026-02-20T16:51:32","slug":"registration","status":"publish","type":"page","link":"https:\/\/22bet.team\/co\/registration\/","title":{"rendered":"Inscripci\u00f3n"},"content":{"rendered":"","protected":false},"excerpt":{"rendered":"","protected":false},"author":1,"featured_media":0,"parent":0,"menu_order":0,"comment_status":"closed","ping_status":"closed","template":"","meta":{"_acf_changed":false,"footnotes":""},"class_list":["post-1094","page","type-page","status-publish","hentry"],"acf":[],"yoast_head":"<!-- This site is optimized with the Yoast SEO plugin v26.1.1 - https:\/\/yoast.com\/wordpress\/plugins\/seo\/ -->\n<title>Reg\u00edstrate 22Bet \u1409 del 100% hasta 446000COP primer dep\u00f3sito<\/title>\n<meta name=\"description\" content=\"C\u00f3mo registrarse en 22Bet Colombia y recibir un bono de bienvenida? Instrucciones paso a paso: registro r\u00e1pido por n\u00famero de tel\u00e9fono, a trav\u00e9s de redes sociales o correo electr\u00f3nico. Inicio de sesi\u00f3n en su cuenta personal, verificaci\u00f3n y t\u00e9rminos y condiciones del bono 2026.\" \/>\n<meta name=\"robots\" content=\"index, follow, max-snippet:-1, max-image-preview:large, max-video-preview:-1\" \/>\n<link rel=\"canonical\" href=\"http:\/\/22bet.team\/co\/registration\/\" \/>\n<meta property=\"og:locale\" content=\"es_ES\" \/>\n<meta property=\"og:type\" content=\"article\" \/>\n<meta property=\"og:title\" content=\"Reg\u00edstrate 22Bet \u1409 del 100% hasta 446000COP primer dep\u00f3sito\" \/>\n<meta property=\"og:description\" content=\"C\u00f3mo registrarse en 22Bet Colombia y recibir un bono de bienvenida? Instrucciones paso a paso: registro r\u00e1pido por n\u00famero de tel\u00e9fono, a trav\u00e9s de redes sociales o correo electr\u00f3nico. Inicio de sesi\u00f3n en su cuenta personal, verificaci\u00f3n y t\u00e9rminos y condiciones del bono 2026.\" \/>\n<meta property=\"og:url\" content=\"http:\/\/22bet.team\/co\/registration\/\" \/>\n<meta property=\"og:site_name\" content=\"22Bet Team co\" \/>\n<meta property=\"article:modified_time\" content=\"2026-02-20T16:51:32+00:00\" \/>\n<meta name=\"twitter:card\" content=\"summary_large_image\" \/>\n<script type=\"application\/ld+json\" class=\"yoast-schema-graph\">{\"@context\":\"https:\/\/schema.org\",\"@graph\":[{\"@type\":\"WebPage\",\"@id\":\"http:\/\/22bet.team\/co\/registration\/\",\"url\":\"http:\/\/22bet.team\/co\/registration\/\",\"name\":\"Reg\u00edstrate 22Bet \u1409 del 100% hasta 446000COP primer dep\u00f3sito\",\"isPartOf\":{\"@id\":\"http:\/\/22bet.team\/co\/#website\"},\"datePublished\":\"2025-12-02T14:34:13+00:00\",\"dateModified\":\"2026-02-20T16:51:32+00:00\",\"description\":\"C\u00f3mo registrarse en 22Bet Colombia y recibir un bono de bienvenida? Instrucciones paso a paso: registro r\u00e1pido por n\u00famero de tel\u00e9fono, a trav\u00e9s de redes sociales o correo electr\u00f3nico. Inicio de sesi\u00f3n en su cuenta personal, verificaci\u00f3n y t\u00e9rminos y condiciones del bono 2026.\",\"breadcrumb\":{\"@id\":\"http:\/\/22bet.team\/co\/registration\/#breadcrumb\"},\"inLanguage\":\"es-CO\",\"potentialAction\":[{\"@type\":\"ReadAction\",\"target\":[\"http:\/\/22bet.team\/co\/registration\/\"]}]},{\"@type\":\"BreadcrumbList\",\"@id\":\"http:\/\/22bet.team\/co\/registration\/#breadcrumb\",\"itemListElement\":[{\"@type\":\"ListItem\",\"position\":1,\"name\":\"Home\",\"item\":\"http:\/\/22bet.team\/co\/\"},{\"@type\":\"ListItem\",\"position\":2,\"name\":\"Inscripci\u00f3n\"}]},{\"@type\":\"WebSite\",\"@id\":\"http:\/\/22bet.team\/co\/#website\",\"url\":\"http:\/\/22bet.team\/co\/\",\"name\":\"22Bet Team co\",\"description\":\"\",\"potentialAction\":[{\"@type\":\"SearchAction\",\"target\":{\"@type\":\"EntryPoint\",\"urlTemplate\":\"http:\/\/22bet.team\/co\/?s={search_term_string}\"},\"query-input\":{\"@type\":\"PropertyValueSpecification\",\"valueRequired\":true,\"valueName\":\"search_term_string\"}}],\"inLanguage\":\"es-CO\"}]}<\/script>\n<!-- \/ Yoast SEO plugin. -->","yoast_head_json":{"title":"Reg\u00edstrate 22Bet \u1409 del 100% hasta 446000COP primer dep\u00f3sito","description":"C\u00f3mo registrarse en 22Bet Colombia y recibir un bono de bienvenida? Instrucciones paso a paso: registro r\u00e1pido por n\u00famero de tel\u00e9fono, a trav\u00e9s de redes sociales o correo electr\u00f3nico. Inicio de sesi\u00f3n en su cuenta personal, verificaci\u00f3n y t\u00e9rminos y condiciones del bono 2026.","robots":{"index":"index","follow":"follow","max-snippet":"max-snippet:-1","max-image-preview":"max-image-preview:large","max-video-preview":"max-video-preview:-1"},"canonical":"http:\/\/22bet.team\/co\/registration\/","og_locale":"es_ES","og_type":"article","og_title":"Reg\u00edstrate 22Bet \u1409 del 100% hasta 446000COP primer dep\u00f3sito","og_description":"C\u00f3mo registrarse en 22Bet Colombia y recibir un bono de bienvenida? Instrucciones paso a paso: registro r\u00e1pido por n\u00famero de tel\u00e9fono, a trav\u00e9s de redes sociales o correo electr\u00f3nico. Inicio de sesi\u00f3n en su cuenta personal, verificaci\u00f3n y t\u00e9rminos y condiciones del bono 2026.","og_url":"http:\/\/22bet.team\/co\/registration\/","og_site_name":"22Bet Team co","article_modified_time":"2026-02-20T16:51:32+00:00","twitter_card":"summary_large_image","schema":{"@context":"https:\/\/schema.org","@graph":[{"@type":"WebPage","@id":"http:\/\/22bet.team\/co\/registration\/","url":"http:\/\/22bet.team\/co\/registration\/","name":"Reg\u00edstrate 22Bet \u1409 del 100% hasta 446000COP primer dep\u00f3sito","isPartOf":{"@id":"http:\/\/22bet.team\/co\/#website"},"datePublished":"2025-12-02T14:34:13+00:00","dateModified":"2026-02-20T16:51:32+00:00","description":"C\u00f3mo registrarse en 22Bet Colombia y recibir un bono de bienvenida? Instrucciones paso a paso: registro r\u00e1pido por n\u00famero de tel\u00e9fono, a trav\u00e9s de redes sociales o correo electr\u00f3nico. Inicio de sesi\u00f3n en su cuenta personal, verificaci\u00f3n y t\u00e9rminos y condiciones del bono 2026.","breadcrumb":{"@id":"http:\/\/22bet.team\/co\/registration\/#breadcrumb"},"inLanguage":"es-CO","potentialAction":[{"@type":"ReadAction","target":["http:\/\/22bet.team\/co\/registration\/"]}]},{"@type":"BreadcrumbList","@id":"http:\/\/22bet.team\/co\/registration\/#breadcrumb","itemListElement":[{"@type":"ListItem","position":1,"name":"Home","item":"http:\/\/22bet.team\/co\/"},{"@type":"ListItem","position":2,"name":"Inscripci\u00f3n"}]},{"@type":"WebSite","@id":"http:\/\/22bet.team\/co\/#website","url":"http:\/\/22bet.team\/co\/","name":"22Bet Team co","description":"","potentialAction":[{"@type":"SearchAction","target":{"@type":"EntryPoint","urlTemplate":"http:\/\/22bet.team\/co\/?s={search_term_string}"},"query-input":{"@type":"PropertyValueSpecification","valueRequired":true,"valueName":"search_term_string"}}],"inLanguage":"es-CO"}]}},"_links":{"self":[{"href":"https:\/\/22bet.team\/co\/wp-json\/wp\/v2\/pages\/1094","targetHints":{"allow":["GET"]}}],"collection":[{"href":"https:\/\/22bet.team\/co\/wp-json\/wp\/v2\/pages"}],"about":[{"href":"https:\/\/22bet.team\/co\/wp-json\/wp\/v2\/types\/page"}],"author":[{"embeddable":true,"href":"https:\/\/22bet.team\/co\/wp-json\/wp\/v2\/users\/1"}],"replies":[{"embeddable":true,"href":"https:\/\/22bet.team\/co\/wp-json\/wp\/v2\/comments?post=1094"}],"version-history":[{"count":5,"href":"https:\/\/22bet.team\/co\/wp-json\/wp\/v2\/pages\/1094\/revisions"}],"predecessor-version":[{"id":1274,"href":"https:\/\/22bet.team\/co\/wp-json\/wp\/v2\/pages\/1094\/revisions\/1274"}],"wp:attachment":[{"href":"https:\/\/22bet.team\/co\/wp-json\/wp\/v2\/media?parent=1094"}],"curies":[{"name":"wp","href":"https:\/\/api.w.org\/{rel}","templated":true}]}}