{"id":1173,"date":"2026-01-28T18:10:39","date_gmt":"2026-01-28T15:10:39","guid":{"rendered":"https:\/\/22bet.team\/co\/?page_id=1173"},"modified":"2026-02-20T19:26:06","modified_gmt":"2026-02-20T16:26:06","slug":"volleyball","status":"publish","type":"page","link":"https:\/\/22bet.team\/co\/volleyball\/","title":{"rendered":"Voleibol"},"content":{"rendered":"","protected":false},"excerpt":{"rendered":"","protected":false},"author":1,"featured_media":0,"parent":0,"menu_order":0,"comment_status":"closed","ping_status":"closed","template":"","meta":{"_acf_changed":false,"footnotes":""},"class_list":["post-1173","page","type-page","status-publish","hentry"],"acf":[],"yoast_head":"<!-- This site is optimized with the Yoast SEO plugin v26.1.1 - https:\/\/yoast.com\/wordpress\/plugins\/seo\/ -->\n<title>Apuestas de voleibol en 22Bet \u1409 Cuotas altas y bonos \u00fanicos<\/title>\n<meta name=\"description\" content=\"Apuesta al voleibol con 22Bet Colombia! Cuotas altas, una gran variedad de ligas y torneos, as\u00ed como bonos \u00fanicos garantizan una experiencia de apuestas emocionante. \u00danete a nosotros y empieza a ganar hoy mismo!\" \/>\n<meta name=\"robots\" content=\"index, follow, max-snippet:-1, max-image-preview:large, max-video-preview:-1\" \/>\n<link rel=\"canonical\" href=\"http:\/\/22bet.team\/co\/volleyball\/\" \/>\n<meta property=\"og:locale\" content=\"es_ES\" \/>\n<meta property=\"og:type\" content=\"article\" \/>\n<meta property=\"og:title\" content=\"Apuestas de voleibol en 22Bet \u1409 Cuotas altas y bonos \u00fanicos\" \/>\n<meta property=\"og:description\" content=\"Apuesta al voleibol con 22Bet Colombia! Cuotas altas, una gran variedad de ligas y torneos, as\u00ed como bonos \u00fanicos garantizan una experiencia de apuestas emocionante. \u00danete a nosotros y empieza a ganar hoy mismo!\" \/>\n<meta property=\"og:url\" content=\"http:\/\/22bet.team\/co\/volleyball\/\" \/>\n<meta property=\"og:site_name\" content=\"22Bet Team co\" \/>\n<meta property=\"article:modified_time\" content=\"2026-02-20T16:26:06+00:00\" \/>\n<meta name=\"twitter:card\" content=\"summary_large_image\" \/>\n<script type=\"application\/ld+json\" class=\"yoast-schema-graph\">{\"@context\":\"https:\/\/schema.org\",\"@graph\":[{\"@type\":\"WebPage\",\"@id\":\"http:\/\/22bet.team\/co\/volleyball\/\",\"url\":\"http:\/\/22bet.team\/co\/volleyball\/\",\"name\":\"Apuestas de voleibol en 22Bet \u1409 Cuotas altas y bonos \u00fanicos\",\"isPartOf\":{\"@id\":\"http:\/\/22bet.team\/co\/#website\"},\"datePublished\":\"2026-01-28T15:10:39+00:00\",\"dateModified\":\"2026-02-20T16:26:06+00:00\",\"description\":\"Apuesta al voleibol con 22Bet Colombia! Cuotas altas, una gran variedad de ligas y torneos, as\u00ed como bonos \u00fanicos garantizan una experiencia de apuestas emocionante. \u00danete a nosotros y empieza a ganar hoy mismo!\",\"breadcrumb\":{\"@id\":\"http:\/\/22bet.team\/co\/volleyball\/#breadcrumb\"},\"inLanguage\":\"es-CO\",\"potentialAction\":[{\"@type\":\"ReadAction\",\"target\":[\"http:\/\/22bet.team\/co\/volleyball\/\"]}]},{\"@type\":\"BreadcrumbList\",\"@id\":\"http:\/\/22bet.team\/co\/volleyball\/#breadcrumb\",\"itemListElement\":[{\"@type\":\"ListItem\",\"position\":1,\"name\":\"Home\",\"item\":\"http:\/\/22bet.team\/co\/\"},{\"@type\":\"ListItem\",\"position\":2,\"name\":\"Voleibol\"}]},{\"@type\":\"WebSite\",\"@id\":\"http:\/\/22bet.team\/co\/#website\",\"url\":\"http:\/\/22bet.team\/co\/\",\"name\":\"22Bet Team co\",\"description\":\"\",\"potentialAction\":[{\"@type\":\"SearchAction\",\"target\":{\"@type\":\"EntryPoint\",\"urlTemplate\":\"http:\/\/22bet.team\/co\/?s={search_term_string}\"},\"query-input\":{\"@type\":\"PropertyValueSpecification\",\"valueRequired\":true,\"valueName\":\"search_term_string\"}}],\"inLanguage\":\"es-CO\"}]}<\/script>\n<!-- \/ Yoast SEO plugin. -->","yoast_head_json":{"title":"Apuestas de voleibol en 22Bet \u1409 Cuotas altas y bonos \u00fanicos","description":"Apuesta al voleibol con 22Bet Colombia! Cuotas altas, una gran variedad de ligas y torneos, as\u00ed como bonos \u00fanicos garantizan una experiencia de apuestas emocionante. \u00danete a nosotros y empieza a ganar hoy mismo!","robots":{"index":"index","follow":"follow","max-snippet":"max-snippet:-1","max-image-preview":"max-image-preview:large","max-video-preview":"max-video-preview:-1"},"canonical":"http:\/\/22bet.team\/co\/volleyball\/","og_locale":"es_ES","og_type":"article","og_title":"Apuestas de voleibol en 22Bet \u1409 Cuotas altas y bonos \u00fanicos","og_description":"Apuesta al voleibol con 22Bet Colombia! Cuotas altas, una gran variedad de ligas y torneos, as\u00ed como bonos \u00fanicos garantizan una experiencia de apuestas emocionante. \u00danete a nosotros y empieza a ganar hoy mismo!","og_url":"http:\/\/22bet.team\/co\/volleyball\/","og_site_name":"22Bet Team co","article_modified_time":"2026-02-20T16:26:06+00:00","twitter_card":"summary_large_image","schema":{"@context":"https:\/\/schema.org","@graph":[{"@type":"WebPage","@id":"http:\/\/22bet.team\/co\/volleyball\/","url":"http:\/\/22bet.team\/co\/volleyball\/","name":"Apuestas de voleibol en 22Bet \u1409 Cuotas altas y bonos \u00fanicos","isPartOf":{"@id":"http:\/\/22bet.team\/co\/#website"},"datePublished":"2026-01-28T15:10:39+00:00","dateModified":"2026-02-20T16:26:06+00:00","description":"Apuesta al voleibol con 22Bet Colombia! Cuotas altas, una gran variedad de ligas y torneos, as\u00ed como bonos \u00fanicos garantizan una experiencia de apuestas emocionante. \u00danete a nosotros y empieza a ganar hoy mismo!","breadcrumb":{"@id":"http:\/\/22bet.team\/co\/volleyball\/#breadcrumb"},"inLanguage":"es-CO","potentialAction":[{"@type":"ReadAction","target":["http:\/\/22bet.team\/co\/volleyball\/"]}]},{"@type":"BreadcrumbList","@id":"http:\/\/22bet.team\/co\/volleyball\/#breadcrumb","itemListElement":[{"@type":"ListItem","position":1,"name":"Home","item":"http:\/\/22bet.team\/co\/"},{"@type":"ListItem","position":2,"name":"Voleibol"}]},{"@type":"WebSite","@id":"http:\/\/22bet.team\/co\/#website","url":"http:\/\/22bet.team\/co\/","name":"22Bet Team co","description":"","potentialAction":[{"@type":"SearchAction","target":{"@type":"EntryPoint","urlTemplate":"http:\/\/22bet.team\/co\/?s={search_term_string}"},"query-input":{"@type":"PropertyValueSpecification","valueRequired":true,"valueName":"search_term_string"}}],"inLanguage":"es-CO"}]}},"_links":{"self":[{"href":"https:\/\/22bet.team\/co\/wp-json\/wp\/v2\/pages\/1173","targetHints":{"allow":["GET"]}}],"collection":[{"href":"https:\/\/22bet.team\/co\/wp-json\/wp\/v2\/pages"}],"about":[{"href":"https:\/\/22bet.team\/co\/wp-json\/wp\/v2\/types\/page"}],"author":[{"embeddable":true,"href":"https:\/\/22bet.team\/co\/wp-json\/wp\/v2\/users\/1"}],"replies":[{"embeddable":true,"href":"https:\/\/22bet.team\/co\/wp-json\/wp\/v2\/comments?post=1173"}],"version-history":[{"count":5,"href":"https:\/\/22bet.team\/co\/wp-json\/wp\/v2\/pages\/1173\/revisions"}],"predecessor-version":[{"id":1290,"href":"https:\/\/22bet.team\/co\/wp-json\/wp\/v2\/pages\/1173\/revisions\/1290"}],"wp:attachment":[{"href":"https:\/\/22bet.team\/co\/wp-json\/wp\/v2\/media?parent=1173"}],"curies":[{"name":"wp","href":"https:\/\/api.w.org\/{rel}","templated":true}]}}