{"id":830,"date":"2025-11-14T09:42:58","date_gmt":"2025-11-14T06:42:58","guid":{"rendered":"https:\/\/22bet.team\/co\/?page_id=830"},"modified":"2026-02-20T19:08:34","modified_gmt":"2026-02-20T16:08:34","slug":"app","status":"publish","type":"page","link":"https:\/\/22bet.team\/co\/app\/","title":{"rendered":"Aplicaci\u00f3n"},"content":{"rendered":"","protected":false},"excerpt":{"rendered":"","protected":false},"author":1,"featured_media":0,"parent":0,"menu_order":0,"comment_status":"closed","ping_status":"closed","template":"","meta":{"_acf_changed":false,"footnotes":""},"class_list":["post-830","page","type-page","status-publish","hentry"],"acf":[],"yoast_head":"<!-- This site is optimized with the Yoast SEO plugin v26.1.1 - https:\/\/yoast.com\/wordpress\/plugins\/seo\/ -->\n<title>Aplicaci\u00f3n 22Bet \u2b07\ufe0f Ventajas para las apuestas y el casino<\/title>\n<meta name=\"description\" content=\"Aplicaci\u00f3n 22Bet Colombia desc\u00e1rguela en Android e iOS y obtenga acceso instant\u00e1neo a apuestas en vivo, casino, bonificaciones y pagos r\u00e1pidos. Interfaz m\u00f3vil moderna, c\u00f3moda y segura.\" \/>\n<meta name=\"robots\" content=\"index, follow, max-snippet:-1, max-image-preview:large, max-video-preview:-1\" \/>\n<link rel=\"canonical\" href=\"http:\/\/22bet.team\/co\/app\/\" \/>\n<meta property=\"og:locale\" content=\"es_ES\" \/>\n<meta property=\"og:type\" content=\"article\" \/>\n<meta property=\"og:title\" content=\"Aplicaci\u00f3n 22Bet \u2b07\ufe0f Ventajas para las apuestas y el casino\" \/>\n<meta property=\"og:description\" content=\"Aplicaci\u00f3n 22Bet Colombia desc\u00e1rguela en Android e iOS y obtenga acceso instant\u00e1neo a apuestas en vivo, casino, bonificaciones y pagos r\u00e1pidos. Interfaz m\u00f3vil moderna, c\u00f3moda y segura.\" \/>\n<meta property=\"og:url\" content=\"http:\/\/22bet.team\/co\/app\/\" \/>\n<meta property=\"og:site_name\" content=\"22Bet Team co\" \/>\n<meta property=\"article:modified_time\" content=\"2026-02-20T16:08:34+00:00\" \/>\n<meta name=\"twitter:card\" content=\"summary_large_image\" \/>\n<script type=\"application\/ld+json\" class=\"yoast-schema-graph\">{\"@context\":\"https:\/\/schema.org\",\"@graph\":[{\"@type\":\"WebPage\",\"@id\":\"http:\/\/22bet.team\/co\/app\/\",\"url\":\"http:\/\/22bet.team\/co\/app\/\",\"name\":\"Aplicaci\u00f3n 22Bet \u2b07\ufe0f Ventajas para las apuestas y el casino\",\"isPartOf\":{\"@id\":\"http:\/\/22bet.team\/co\/#website\"},\"datePublished\":\"2025-11-14T06:42:58+00:00\",\"dateModified\":\"2026-02-20T16:08:34+00:00\",\"description\":\"Aplicaci\u00f3n 22Bet Colombia desc\u00e1rguela en Android e iOS y obtenga acceso instant\u00e1neo a apuestas en vivo, casino, bonificaciones y pagos r\u00e1pidos. Interfaz m\u00f3vil moderna, c\u00f3moda y segura.\",\"breadcrumb\":{\"@id\":\"http:\/\/22bet.team\/co\/app\/#breadcrumb\"},\"inLanguage\":\"es-CO\",\"potentialAction\":[{\"@type\":\"ReadAction\",\"target\":[\"http:\/\/22bet.team\/co\/app\/\"]}]},{\"@type\":\"BreadcrumbList\",\"@id\":\"http:\/\/22bet.team\/co\/app\/#breadcrumb\",\"itemListElement\":[{\"@type\":\"ListItem\",\"position\":1,\"name\":\"Home\",\"item\":\"http:\/\/22bet.team\/co\/\"},{\"@type\":\"ListItem\",\"position\":2,\"name\":\"Aplicaci\u00f3n\"}]},{\"@type\":\"WebSite\",\"@id\":\"http:\/\/22bet.team\/co\/#website\",\"url\":\"http:\/\/22bet.team\/co\/\",\"name\":\"22Bet Team co\",\"description\":\"\",\"potentialAction\":[{\"@type\":\"SearchAction\",\"target\":{\"@type\":\"EntryPoint\",\"urlTemplate\":\"http:\/\/22bet.team\/co\/?s={search_term_string}\"},\"query-input\":{\"@type\":\"PropertyValueSpecification\",\"valueRequired\":true,\"valueName\":\"search_term_string\"}}],\"inLanguage\":\"es-CO\"}]}<\/script>\n<!-- \/ Yoast SEO plugin. -->","yoast_head_json":{"title":"Aplicaci\u00f3n 22Bet \u2b07\ufe0f Ventajas para las apuestas y el casino","description":"Aplicaci\u00f3n 22Bet Colombia desc\u00e1rguela en Android e iOS y obtenga acceso instant\u00e1neo a apuestas en vivo, casino, bonificaciones y pagos r\u00e1pidos. Interfaz m\u00f3vil moderna, c\u00f3moda y segura.","robots":{"index":"index","follow":"follow","max-snippet":"max-snippet:-1","max-image-preview":"max-image-preview:large","max-video-preview":"max-video-preview:-1"},"canonical":"http:\/\/22bet.team\/co\/app\/","og_locale":"es_ES","og_type":"article","og_title":"Aplicaci\u00f3n 22Bet \u2b07\ufe0f Ventajas para las apuestas y el casino","og_description":"Aplicaci\u00f3n 22Bet Colombia desc\u00e1rguela en Android e iOS y obtenga acceso instant\u00e1neo a apuestas en vivo, casino, bonificaciones y pagos r\u00e1pidos. Interfaz m\u00f3vil moderna, c\u00f3moda y segura.","og_url":"http:\/\/22bet.team\/co\/app\/","og_site_name":"22Bet Team co","article_modified_time":"2026-02-20T16:08:34+00:00","twitter_card":"summary_large_image","schema":{"@context":"https:\/\/schema.org","@graph":[{"@type":"WebPage","@id":"http:\/\/22bet.team\/co\/app\/","url":"http:\/\/22bet.team\/co\/app\/","name":"Aplicaci\u00f3n 22Bet \u2b07\ufe0f Ventajas para las apuestas y el casino","isPartOf":{"@id":"http:\/\/22bet.team\/co\/#website"},"datePublished":"2025-11-14T06:42:58+00:00","dateModified":"2026-02-20T16:08:34+00:00","description":"Aplicaci\u00f3n 22Bet Colombia desc\u00e1rguela en Android e iOS y obtenga acceso instant\u00e1neo a apuestas en vivo, casino, bonificaciones y pagos r\u00e1pidos. Interfaz m\u00f3vil moderna, c\u00f3moda y segura.","breadcrumb":{"@id":"http:\/\/22bet.team\/co\/app\/#breadcrumb"},"inLanguage":"es-CO","potentialAction":[{"@type":"ReadAction","target":["http:\/\/22bet.team\/co\/app\/"]}]},{"@type":"BreadcrumbList","@id":"http:\/\/22bet.team\/co\/app\/#breadcrumb","itemListElement":[{"@type":"ListItem","position":1,"name":"Home","item":"http:\/\/22bet.team\/co\/"},{"@type":"ListItem","position":2,"name":"Aplicaci\u00f3n"}]},{"@type":"WebSite","@id":"http:\/\/22bet.team\/co\/#website","url":"http:\/\/22bet.team\/co\/","name":"22Bet Team co","description":"","potentialAction":[{"@type":"SearchAction","target":{"@type":"EntryPoint","urlTemplate":"http:\/\/22bet.team\/co\/?s={search_term_string}"},"query-input":{"@type":"PropertyValueSpecification","valueRequired":true,"valueName":"search_term_string"}}],"inLanguage":"es-CO"}]}},"_links":{"self":[{"href":"https:\/\/22bet.team\/co\/wp-json\/wp\/v2\/pages\/830","targetHints":{"allow":["GET"]}}],"collection":[{"href":"https:\/\/22bet.team\/co\/wp-json\/wp\/v2\/pages"}],"about":[{"href":"https:\/\/22bet.team\/co\/wp-json\/wp\/v2\/types\/page"}],"author":[{"embeddable":true,"href":"https:\/\/22bet.team\/co\/wp-json\/wp\/v2\/users\/1"}],"replies":[{"embeddable":true,"href":"https:\/\/22bet.team\/co\/wp-json\/wp\/v2\/comments?post=830"}],"version-history":[{"count":4,"href":"https:\/\/22bet.team\/co\/wp-json\/wp\/v2\/pages\/830\/revisions"}],"predecessor-version":[{"id":1278,"href":"https:\/\/22bet.team\/co\/wp-json\/wp\/v2\/pages\/830\/revisions\/1278"}],"wp:attachment":[{"href":"https:\/\/22bet.team\/co\/wp-json\/wp\/v2\/media?parent=830"}],"curies":[{"name":"wp","href":"https:\/\/api.w.org\/{rel}","templated":true}]}}