{"id":961,"date":"2025-11-19T09:25:55","date_gmt":"2025-11-19T06:25:55","guid":{"rendered":"https:\/\/22bet.team\/co\/?page_id=961"},"modified":"2026-02-20T19:05:55","modified_gmt":"2026-02-20T16:05:55","slug":"apk","status":"publish","type":"page","link":"https:\/\/22bet.team\/co\/apk\/","title":{"rendered":"Apk"},"content":{"rendered":"","protected":false},"excerpt":{"rendered":"","protected":false},"author":1,"featured_media":0,"parent":0,"menu_order":0,"comment_status":"closed","ping_status":"closed","template":"","meta":{"_acf_changed":false,"footnotes":""},"class_list":["post-961","page","type-page","status-publish","hentry"],"acf":[],"yoast_head":"<!-- This site is optimized with the Yoast SEO plugin v26.1.1 - https:\/\/yoast.com\/wordpress\/plugins\/seo\/ -->\n<title>APK 22Bet \u1409 Aplicaci\u00f3n r\u00e1pida para apuestas deportivas y casino<\/title>\n<meta name=\"description\" content=\"Descarga la aplicaci\u00f3n APK de 22Bet Colombia para realizar apuestas deportivas y juegos de azar. Accede a m\u00e1s de 20 deportes, cuotas altas y bonos exclusivos para nuevos usuarios. Juega y gana directamente desde tu dispositivo Android!\" \/>\n<meta name=\"robots\" content=\"index, follow, max-snippet:-1, max-image-preview:large, max-video-preview:-1\" \/>\n<link rel=\"canonical\" href=\"http:\/\/22bet.team\/co\/apk\/\" \/>\n<meta property=\"og:locale\" content=\"es_ES\" \/>\n<meta property=\"og:type\" content=\"article\" \/>\n<meta property=\"og:title\" content=\"APK 22Bet \u1409 Aplicaci\u00f3n r\u00e1pida para apuestas deportivas y casino\" \/>\n<meta property=\"og:description\" content=\"Descarga la aplicaci\u00f3n APK de 22Bet Colombia para realizar apuestas deportivas y juegos de azar. Accede a m\u00e1s de 20 deportes, cuotas altas y bonos exclusivos para nuevos usuarios. Juega y gana directamente desde tu dispositivo Android!\" \/>\n<meta property=\"og:url\" content=\"http:\/\/22bet.team\/co\/apk\/\" \/>\n<meta property=\"og:site_name\" content=\"22Bet Team co\" \/>\n<meta property=\"article:modified_time\" content=\"2026-02-20T16:05:55+00:00\" \/>\n<meta name=\"twitter:card\" content=\"summary_large_image\" \/>\n<script type=\"application\/ld+json\" class=\"yoast-schema-graph\">{\"@context\":\"https:\/\/schema.org\",\"@graph\":[{\"@type\":\"WebPage\",\"@id\":\"http:\/\/22bet.team\/co\/apk\/\",\"url\":\"http:\/\/22bet.team\/co\/apk\/\",\"name\":\"APK 22Bet \u1409 Aplicaci\u00f3n r\u00e1pida para apuestas deportivas y casino\",\"isPartOf\":{\"@id\":\"http:\/\/22bet.team\/co\/#website\"},\"datePublished\":\"2025-11-19T06:25:55+00:00\",\"dateModified\":\"2026-02-20T16:05:55+00:00\",\"description\":\"Descarga la aplicaci\u00f3n APK de 22Bet Colombia para realizar apuestas deportivas y juegos de azar. Accede a m\u00e1s de 20 deportes, cuotas altas y bonos exclusivos para nuevos usuarios. Juega y gana directamente desde tu dispositivo Android!\",\"breadcrumb\":{\"@id\":\"http:\/\/22bet.team\/co\/apk\/#breadcrumb\"},\"inLanguage\":\"es-CO\",\"potentialAction\":[{\"@type\":\"ReadAction\",\"target\":[\"http:\/\/22bet.team\/co\/apk\/\"]}]},{\"@type\":\"BreadcrumbList\",\"@id\":\"http:\/\/22bet.team\/co\/apk\/#breadcrumb\",\"itemListElement\":[{\"@type\":\"ListItem\",\"position\":1,\"name\":\"Home\",\"item\":\"http:\/\/22bet.team\/co\/\"},{\"@type\":\"ListItem\",\"position\":2,\"name\":\"Apk\"}]},{\"@type\":\"WebSite\",\"@id\":\"http:\/\/22bet.team\/co\/#website\",\"url\":\"http:\/\/22bet.team\/co\/\",\"name\":\"22Bet Team co\",\"description\":\"\",\"potentialAction\":[{\"@type\":\"SearchAction\",\"target\":{\"@type\":\"EntryPoint\",\"urlTemplate\":\"http:\/\/22bet.team\/co\/?s={search_term_string}\"},\"query-input\":{\"@type\":\"PropertyValueSpecification\",\"valueRequired\":true,\"valueName\":\"search_term_string\"}}],\"inLanguage\":\"es-CO\"}]}<\/script>\n<!-- \/ Yoast SEO plugin. -->","yoast_head_json":{"title":"APK 22Bet \u1409 Aplicaci\u00f3n r\u00e1pida para apuestas deportivas y casino","description":"Descarga la aplicaci\u00f3n APK de 22Bet Colombia para realizar apuestas deportivas y juegos de azar. Accede a m\u00e1s de 20 deportes, cuotas altas y bonos exclusivos para nuevos usuarios. Juega y gana directamente desde tu dispositivo Android!","robots":{"index":"index","follow":"follow","max-snippet":"max-snippet:-1","max-image-preview":"max-image-preview:large","max-video-preview":"max-video-preview:-1"},"canonical":"http:\/\/22bet.team\/co\/apk\/","og_locale":"es_ES","og_type":"article","og_title":"APK 22Bet \u1409 Aplicaci\u00f3n r\u00e1pida para apuestas deportivas y casino","og_description":"Descarga la aplicaci\u00f3n APK de 22Bet Colombia para realizar apuestas deportivas y juegos de azar. Accede a m\u00e1s de 20 deportes, cuotas altas y bonos exclusivos para nuevos usuarios. Juega y gana directamente desde tu dispositivo Android!","og_url":"http:\/\/22bet.team\/co\/apk\/","og_site_name":"22Bet Team co","article_modified_time":"2026-02-20T16:05:55+00:00","twitter_card":"summary_large_image","schema":{"@context":"https:\/\/schema.org","@graph":[{"@type":"WebPage","@id":"http:\/\/22bet.team\/co\/apk\/","url":"http:\/\/22bet.team\/co\/apk\/","name":"APK 22Bet \u1409 Aplicaci\u00f3n r\u00e1pida para apuestas deportivas y casino","isPartOf":{"@id":"http:\/\/22bet.team\/co\/#website"},"datePublished":"2025-11-19T06:25:55+00:00","dateModified":"2026-02-20T16:05:55+00:00","description":"Descarga la aplicaci\u00f3n APK de 22Bet Colombia para realizar apuestas deportivas y juegos de azar. Accede a m\u00e1s de 20 deportes, cuotas altas y bonos exclusivos para nuevos usuarios. Juega y gana directamente desde tu dispositivo Android!","breadcrumb":{"@id":"http:\/\/22bet.team\/co\/apk\/#breadcrumb"},"inLanguage":"es-CO","potentialAction":[{"@type":"ReadAction","target":["http:\/\/22bet.team\/co\/apk\/"]}]},{"@type":"BreadcrumbList","@id":"http:\/\/22bet.team\/co\/apk\/#breadcrumb","itemListElement":[{"@type":"ListItem","position":1,"name":"Home","item":"http:\/\/22bet.team\/co\/"},{"@type":"ListItem","position":2,"name":"Apk"}]},{"@type":"WebSite","@id":"http:\/\/22bet.team\/co\/#website","url":"http:\/\/22bet.team\/co\/","name":"22Bet Team co","description":"","potentialAction":[{"@type":"SearchAction","target":{"@type":"EntryPoint","urlTemplate":"http:\/\/22bet.team\/co\/?s={search_term_string}"},"query-input":{"@type":"PropertyValueSpecification","valueRequired":true,"valueName":"search_term_string"}}],"inLanguage":"es-CO"}]}},"_links":{"self":[{"href":"https:\/\/22bet.team\/co\/wp-json\/wp\/v2\/pages\/961","targetHints":{"allow":["GET"]}}],"collection":[{"href":"https:\/\/22bet.team\/co\/wp-json\/wp\/v2\/pages"}],"about":[{"href":"https:\/\/22bet.team\/co\/wp-json\/wp\/v2\/types\/page"}],"author":[{"embeddable":true,"href":"https:\/\/22bet.team\/co\/wp-json\/wp\/v2\/users\/1"}],"replies":[{"embeddable":true,"href":"https:\/\/22bet.team\/co\/wp-json\/wp\/v2\/comments?post=961"}],"version-history":[{"count":5,"href":"https:\/\/22bet.team\/co\/wp-json\/wp\/v2\/pages\/961\/revisions"}],"predecessor-version":[{"id":1285,"href":"https:\/\/22bet.team\/co\/wp-json\/wp\/v2\/pages\/961\/revisions\/1285"}],"wp:attachment":[{"href":"https:\/\/22bet.team\/co\/wp-json\/wp\/v2\/media?parent=961"}],"curies":[{"name":"wp","href":"https:\/\/api.w.org\/{rel}","templated":true}]}}