{"id":987,"date":"2025-11-20T10:37:40","date_gmt":"2025-11-20T07:37:40","guid":{"rendered":"https:\/\/22bet.team\/co\/?page_id=987"},"modified":"2026-02-20T14:32:25","modified_gmt":"2026-02-20T11:32:25","slug":"casino","status":"publish","type":"page","link":"https:\/\/22bet.team\/co\/casino\/","title":{"rendered":"Casino"},"content":{"rendered":"","protected":false},"excerpt":{"rendered":"","protected":false},"author":1,"featured_media":0,"parent":0,"menu_order":0,"comment_status":"closed","ping_status":"closed","template":"","meta":{"_acf_changed":false,"footnotes":""},"class_list":["post-987","page","type-page","status-publish","hentry"],"acf":[],"yoast_head":"<!-- This site is optimized with the Yoast SEO plugin v26.1.1 - https:\/\/yoast.com\/wordpress\/plugins\/seo\/ -->\n<title>Casino 22Bet | Los mejores juegos, bonos y juegos en vivo<\/title>\n<meta name=\"description\" content=\"Sum\u00e9rgete en el mundo del juego con 22Bet Colombia Casino! Disfruta de emocionantes tragamonedas, magn\u00edficos juegos en vivo y generosos bonos de hasta 5492000 COP. \u00danete a 22Bet y disfruta de una experiencia de juego sin igual en un entorno seguro y con licencia.\" \/>\n<meta name=\"robots\" content=\"index, follow, max-snippet:-1, max-image-preview:large, max-video-preview:-1\" \/>\n<link rel=\"canonical\" href=\"http:\/\/22bet.team\/co\/casino\/\" \/>\n<meta property=\"og:locale\" content=\"es_ES\" \/>\n<meta property=\"og:type\" content=\"article\" \/>\n<meta property=\"og:title\" content=\"Casino 22Bet | Los mejores juegos, bonos y juegos en vivo\" \/>\n<meta property=\"og:description\" content=\"Sum\u00e9rgete en el mundo del juego con 22Bet Colombia Casino! Disfruta de emocionantes tragamonedas, magn\u00edficos juegos en vivo y generosos bonos de hasta 5492000 COP. \u00danete a 22Bet y disfruta de una experiencia de juego sin igual en un entorno seguro y con licencia.\" \/>\n<meta property=\"og:url\" content=\"http:\/\/22bet.team\/co\/casino\/\" \/>\n<meta property=\"og:site_name\" content=\"22Bet Team co\" \/>\n<meta property=\"article:modified_time\" content=\"2026-02-20T11:32:25+00:00\" \/>\n<meta name=\"twitter:card\" content=\"summary_large_image\" \/>\n<script type=\"application\/ld+json\" class=\"yoast-schema-graph\">{\"@context\":\"https:\/\/schema.org\",\"@graph\":[{\"@type\":\"WebPage\",\"@id\":\"http:\/\/22bet.team\/co\/casino\/\",\"url\":\"http:\/\/22bet.team\/co\/casino\/\",\"name\":\"Casino 22Bet | Los mejores juegos, bonos y juegos en vivo\",\"isPartOf\":{\"@id\":\"http:\/\/22bet.team\/co\/#website\"},\"datePublished\":\"2025-11-20T07:37:40+00:00\",\"dateModified\":\"2026-02-20T11:32:25+00:00\",\"description\":\"Sum\u00e9rgete en el mundo del juego con 22Bet Colombia Casino! Disfruta de emocionantes tragamonedas, magn\u00edficos juegos en vivo y generosos bonos de hasta 5492000 COP. \u00danete a 22Bet y disfruta de una experiencia de juego sin igual en un entorno seguro y con licencia.\",\"breadcrumb\":{\"@id\":\"http:\/\/22bet.team\/co\/casino\/#breadcrumb\"},\"inLanguage\":\"es-CO\",\"potentialAction\":[{\"@type\":\"ReadAction\",\"target\":[\"http:\/\/22bet.team\/co\/casino\/\"]}]},{\"@type\":\"BreadcrumbList\",\"@id\":\"http:\/\/22bet.team\/co\/casino\/#breadcrumb\",\"itemListElement\":[{\"@type\":\"ListItem\",\"position\":1,\"name\":\"Home\",\"item\":\"http:\/\/22bet.team\/co\/\"},{\"@type\":\"ListItem\",\"position\":2,\"name\":\"Casino\"}]},{\"@type\":\"WebSite\",\"@id\":\"http:\/\/22bet.team\/co\/#website\",\"url\":\"http:\/\/22bet.team\/co\/\",\"name\":\"22Bet Team co\",\"description\":\"\",\"potentialAction\":[{\"@type\":\"SearchAction\",\"target\":{\"@type\":\"EntryPoint\",\"urlTemplate\":\"http:\/\/22bet.team\/co\/?s={search_term_string}\"},\"query-input\":{\"@type\":\"PropertyValueSpecification\",\"valueRequired\":true,\"valueName\":\"search_term_string\"}}],\"inLanguage\":\"es-CO\"}]}<\/script>\n<!-- \/ Yoast SEO plugin. -->","yoast_head_json":{"title":"Casino 22Bet | Los mejores juegos, bonos y juegos en vivo","description":"Sum\u00e9rgete en el mundo del juego con 22Bet Colombia Casino! Disfruta de emocionantes tragamonedas, magn\u00edficos juegos en vivo y generosos bonos de hasta 5492000 COP. \u00danete a 22Bet y disfruta de una experiencia de juego sin igual en un entorno seguro y con licencia.","robots":{"index":"index","follow":"follow","max-snippet":"max-snippet:-1","max-image-preview":"max-image-preview:large","max-video-preview":"max-video-preview:-1"},"canonical":"http:\/\/22bet.team\/co\/casino\/","og_locale":"es_ES","og_type":"article","og_title":"Casino 22Bet | Los mejores juegos, bonos y juegos en vivo","og_description":"Sum\u00e9rgete en el mundo del juego con 22Bet Colombia Casino! Disfruta de emocionantes tragamonedas, magn\u00edficos juegos en vivo y generosos bonos de hasta 5492000 COP. \u00danete a 22Bet y disfruta de una experiencia de juego sin igual en un entorno seguro y con licencia.","og_url":"http:\/\/22bet.team\/co\/casino\/","og_site_name":"22Bet Team co","article_modified_time":"2026-02-20T11:32:25+00:00","twitter_card":"summary_large_image","schema":{"@context":"https:\/\/schema.org","@graph":[{"@type":"WebPage","@id":"http:\/\/22bet.team\/co\/casino\/","url":"http:\/\/22bet.team\/co\/casino\/","name":"Casino 22Bet | Los mejores juegos, bonos y juegos en vivo","isPartOf":{"@id":"http:\/\/22bet.team\/co\/#website"},"datePublished":"2025-11-20T07:37:40+00:00","dateModified":"2026-02-20T11:32:25+00:00","description":"Sum\u00e9rgete en el mundo del juego con 22Bet Colombia Casino! Disfruta de emocionantes tragamonedas, magn\u00edficos juegos en vivo y generosos bonos de hasta 5492000 COP. \u00danete a 22Bet y disfruta de una experiencia de juego sin igual en un entorno seguro y con licencia.","breadcrumb":{"@id":"http:\/\/22bet.team\/co\/casino\/#breadcrumb"},"inLanguage":"es-CO","potentialAction":[{"@type":"ReadAction","target":["http:\/\/22bet.team\/co\/casino\/"]}]},{"@type":"BreadcrumbList","@id":"http:\/\/22bet.team\/co\/casino\/#breadcrumb","itemListElement":[{"@type":"ListItem","position":1,"name":"Home","item":"http:\/\/22bet.team\/co\/"},{"@type":"ListItem","position":2,"name":"Casino"}]},{"@type":"WebSite","@id":"http:\/\/22bet.team\/co\/#website","url":"http:\/\/22bet.team\/co\/","name":"22Bet Team co","description":"","potentialAction":[{"@type":"SearchAction","target":{"@type":"EntryPoint","urlTemplate":"http:\/\/22bet.team\/co\/?s={search_term_string}"},"query-input":{"@type":"PropertyValueSpecification","valueRequired":true,"valueName":"search_term_string"}}],"inLanguage":"es-CO"}]}},"_links":{"self":[{"href":"https:\/\/22bet.team\/co\/wp-json\/wp\/v2\/pages\/987","targetHints":{"allow":["GET"]}}],"collection":[{"href":"https:\/\/22bet.team\/co\/wp-json\/wp\/v2\/pages"}],"about":[{"href":"https:\/\/22bet.team\/co\/wp-json\/wp\/v2\/types\/page"}],"author":[{"embeddable":true,"href":"https:\/\/22bet.team\/co\/wp-json\/wp\/v2\/users\/1"}],"replies":[{"embeddable":true,"href":"https:\/\/22bet.team\/co\/wp-json\/wp\/v2\/comments?post=987"}],"version-history":[{"count":5,"href":"https:\/\/22bet.team\/co\/wp-json\/wp\/v2\/pages\/987\/revisions"}],"predecessor-version":[{"id":1281,"href":"https:\/\/22bet.team\/co\/wp-json\/wp\/v2\/pages\/987\/revisions\/1281"}],"wp:attachment":[{"href":"https:\/\/22bet.team\/co\/wp-json\/wp\/v2\/media?parent=987"}],"curies":[{"name":"wp","href":"https:\/\/api.w.org\/{rel}","templated":true}]}}