{"id":1044,"date":"2025-11-25T09:38:51","date_gmt":"2025-11-25T06:38:51","guid":{"rendered":"https:\/\/22bet.team\/cs\/?page_id=1044"},"modified":"2025-12-20T10:27:24","modified_gmt":"2025-12-20T07:27:24","slug":"promo-code","status":"publish","type":"page","link":"https:\/\/22bet.team\/cs\/promo-code\/","title":{"rendered":"Promo k\u00f3d"},"content":{"rendered":"","protected":false},"excerpt":{"rendered":"","protected":false},"author":1,"featured_media":0,"parent":0,"menu_order":0,"comment_status":"closed","ping_status":"closed","template":"","meta":{"_acf_changed":false,"footnotes":""},"class_list":["post-1044","page","type-page","status-publish","hentry"],"acf":[],"yoast_head":"<!-- This site is optimized with the Yoast SEO plugin v26.1.1 - https:\/\/yoast.com\/wordpress\/plugins\/seo\/ -->\n<title>Promo k\u00f3d 22Bet \u1409 Jak z\u00edskat 100% bonus a\u017e do v\u00fd\u0161e 35 000 K\u010d<\/title>\n<meta name=\"description\" content=\"Z\u00edskejte bonus a\u017e 35 000 K\u010d s promo k\u00f3dem 22Bet! Nov\u00fd hr\u00e1\u010d? Z\u00edskejte 30 zato\u010den\u00ed zdarma bez nutnosti vkladu a z\u00edskejte p\u0159\u00edstup k jedine\u010dn\u00fdm nab\u00eddk\u00e1m. Zjist\u011bte, jak se zaregistrovat a aktivovat sv\u00e9 bonusy.\" \/>\n<meta name=\"robots\" content=\"index, follow, max-snippet:-1, max-image-preview:large, max-video-preview:-1\" \/>\n<link rel=\"canonical\" href=\"https:\/\/22bet.team\/cs\/promo-code\/\" \/>\n<meta property=\"og:locale\" content=\"cs_CZ\" \/>\n<meta property=\"og:type\" content=\"article\" \/>\n<meta property=\"og:title\" content=\"Promo k\u00f3d 22Bet \u1409 Jak z\u00edskat 100% bonus a\u017e do v\u00fd\u0161e 35 000 K\u010d\" \/>\n<meta property=\"og:description\" content=\"Z\u00edskejte bonus a\u017e 35 000 K\u010d s promo k\u00f3dem 22Bet! Nov\u00fd hr\u00e1\u010d? Z\u00edskejte 30 zato\u010den\u00ed zdarma bez nutnosti vkladu a z\u00edskejte p\u0159\u00edstup k jedine\u010dn\u00fdm nab\u00eddk\u00e1m. Zjist\u011bte, jak se zaregistrovat a aktivovat sv\u00e9 bonusy.\" \/>\n<meta property=\"og:url\" content=\"https:\/\/22bet.team\/cs\/promo-code\/\" \/>\n<meta property=\"og:site_name\" content=\"22Bet Team cs\" \/>\n<meta property=\"article:modified_time\" content=\"2025-12-20T07:27:24+00:00\" \/>\n<meta name=\"twitter:card\" content=\"summary_large_image\" \/>\n<script type=\"application\/ld+json\" class=\"yoast-schema-graph\">{\"@context\":\"https:\/\/schema.org\",\"@graph\":[{\"@type\":\"WebPage\",\"@id\":\"https:\/\/22bet.team\/cs\/promo-code\/\",\"url\":\"https:\/\/22bet.team\/cs\/promo-code\/\",\"name\":\"Promo k\u00f3d 22Bet \u1409 Jak z\u00edskat 100% bonus a\u017e do v\u00fd\u0161e 35 000 K\u010d\",\"isPartOf\":{\"@id\":\"http:\/\/22bet.team\/cs\/#website\"},\"datePublished\":\"2025-11-25T06:38:51+00:00\",\"dateModified\":\"2025-12-20T07:27:24+00:00\",\"description\":\"Z\u00edskejte bonus a\u017e 35 000 K\u010d s promo k\u00f3dem 22Bet! Nov\u00fd hr\u00e1\u010d? Z\u00edskejte 30 zato\u010den\u00ed zdarma bez nutnosti vkladu a z\u00edskejte p\u0159\u00edstup k jedine\u010dn\u00fdm nab\u00eddk\u00e1m. Zjist\u011bte, jak se zaregistrovat a aktivovat sv\u00e9 bonusy.\",\"breadcrumb\":{\"@id\":\"https:\/\/22bet.team\/cs\/promo-code\/#breadcrumb\"},\"inLanguage\":\"cs\",\"potentialAction\":[{\"@type\":\"ReadAction\",\"target\":[\"https:\/\/22bet.team\/cs\/promo-code\/\"]}]},{\"@type\":\"BreadcrumbList\",\"@id\":\"https:\/\/22bet.team\/cs\/promo-code\/#breadcrumb\",\"itemListElement\":[{\"@type\":\"ListItem\",\"position\":1,\"name\":\"Home\",\"item\":\"http:\/\/22bet.team\/cs\/\"},{\"@type\":\"ListItem\",\"position\":2,\"name\":\"Promo k\u00f3d\"}]},{\"@type\":\"WebSite\",\"@id\":\"http:\/\/22bet.team\/cs\/#website\",\"url\":\"http:\/\/22bet.team\/cs\/\",\"name\":\"22Bet Team cs\",\"description\":\"\",\"potentialAction\":[{\"@type\":\"SearchAction\",\"target\":{\"@type\":\"EntryPoint\",\"urlTemplate\":\"http:\/\/22bet.team\/cs\/?s={search_term_string}\"},\"query-input\":{\"@type\":\"PropertyValueSpecification\",\"valueRequired\":true,\"valueName\":\"search_term_string\"}}],\"inLanguage\":\"cs\"}]}<\/script>\n<!-- \/ Yoast SEO plugin. -->","yoast_head_json":{"title":"Promo k\u00f3d 22Bet \u1409 Jak z\u00edskat 100% bonus a\u017e do v\u00fd\u0161e 35 000 K\u010d","description":"Z\u00edskejte bonus a\u017e 35 000 K\u010d s promo k\u00f3dem 22Bet! Nov\u00fd hr\u00e1\u010d? Z\u00edskejte 30 zato\u010den\u00ed zdarma bez nutnosti vkladu a z\u00edskejte p\u0159\u00edstup k jedine\u010dn\u00fdm nab\u00eddk\u00e1m. Zjist\u011bte, jak se zaregistrovat a aktivovat sv\u00e9 bonusy.","robots":{"index":"index","follow":"follow","max-snippet":"max-snippet:-1","max-image-preview":"max-image-preview:large","max-video-preview":"max-video-preview:-1"},"canonical":"https:\/\/22bet.team\/cs\/promo-code\/","og_locale":"cs_CZ","og_type":"article","og_title":"Promo k\u00f3d 22Bet \u1409 Jak z\u00edskat 100% bonus a\u017e do v\u00fd\u0161e 35 000 K\u010d","og_description":"Z\u00edskejte bonus a\u017e 35 000 K\u010d s promo k\u00f3dem 22Bet! Nov\u00fd hr\u00e1\u010d? Z\u00edskejte 30 zato\u010den\u00ed zdarma bez nutnosti vkladu a z\u00edskejte p\u0159\u00edstup k jedine\u010dn\u00fdm nab\u00eddk\u00e1m. Zjist\u011bte, jak se zaregistrovat a aktivovat sv\u00e9 bonusy.","og_url":"https:\/\/22bet.team\/cs\/promo-code\/","og_site_name":"22Bet Team cs","article_modified_time":"2025-12-20T07:27:24+00:00","twitter_card":"summary_large_image","schema":{"@context":"https:\/\/schema.org","@graph":[{"@type":"WebPage","@id":"https:\/\/22bet.team\/cs\/promo-code\/","url":"https:\/\/22bet.team\/cs\/promo-code\/","name":"Promo k\u00f3d 22Bet \u1409 Jak z\u00edskat 100% bonus a\u017e do v\u00fd\u0161e 35 000 K\u010d","isPartOf":{"@id":"http:\/\/22bet.team\/cs\/#website"},"datePublished":"2025-11-25T06:38:51+00:00","dateModified":"2025-12-20T07:27:24+00:00","description":"Z\u00edskejte bonus a\u017e 35 000 K\u010d s promo k\u00f3dem 22Bet! Nov\u00fd hr\u00e1\u010d? Z\u00edskejte 30 zato\u010den\u00ed zdarma bez nutnosti vkladu a z\u00edskejte p\u0159\u00edstup k jedine\u010dn\u00fdm nab\u00eddk\u00e1m. Zjist\u011bte, jak se zaregistrovat a aktivovat sv\u00e9 bonusy.","breadcrumb":{"@id":"https:\/\/22bet.team\/cs\/promo-code\/#breadcrumb"},"inLanguage":"cs","potentialAction":[{"@type":"ReadAction","target":["https:\/\/22bet.team\/cs\/promo-code\/"]}]},{"@type":"BreadcrumbList","@id":"https:\/\/22bet.team\/cs\/promo-code\/#breadcrumb","itemListElement":[{"@type":"ListItem","position":1,"name":"Home","item":"http:\/\/22bet.team\/cs\/"},{"@type":"ListItem","position":2,"name":"Promo k\u00f3d"}]},{"@type":"WebSite","@id":"http:\/\/22bet.team\/cs\/#website","url":"http:\/\/22bet.team\/cs\/","name":"22Bet Team cs","description":"","potentialAction":[{"@type":"SearchAction","target":{"@type":"EntryPoint","urlTemplate":"http:\/\/22bet.team\/cs\/?s={search_term_string}"},"query-input":{"@type":"PropertyValueSpecification","valueRequired":true,"valueName":"search_term_string"}}],"inLanguage":"cs"}]}},"_links":{"self":[{"href":"https:\/\/22bet.team\/cs\/wp-json\/wp\/v2\/pages\/1044","targetHints":{"allow":["GET"]}}],"collection":[{"href":"https:\/\/22bet.team\/cs\/wp-json\/wp\/v2\/pages"}],"about":[{"href":"https:\/\/22bet.team\/cs\/wp-json\/wp\/v2\/types\/page"}],"author":[{"embeddable":true,"href":"https:\/\/22bet.team\/cs\/wp-json\/wp\/v2\/users\/1"}],"replies":[{"embeddable":true,"href":"https:\/\/22bet.team\/cs\/wp-json\/wp\/v2\/comments?post=1044"}],"version-history":[{"count":11,"href":"https:\/\/22bet.team\/cs\/wp-json\/wp\/v2\/pages\/1044\/revisions"}],"predecessor-version":[{"id":1182,"href":"https:\/\/22bet.team\/cs\/wp-json\/wp\/v2\/pages\/1044\/revisions\/1182"}],"wp:attachment":[{"href":"https:\/\/22bet.team\/cs\/wp-json\/wp\/v2\/media?parent=1044"}],"curies":[{"name":"wp","href":"https:\/\/api.w.org\/{rel}","templated":true}]}}