{"id":830,"date":"2025-11-14T09:42:58","date_gmt":"2025-11-14T06:42:58","guid":{"rendered":"https:\/\/22bet.team\/cs\/?page_id=830"},"modified":"2025-12-19T11:27:38","modified_gmt":"2025-12-19T08:27:38","slug":"app","status":"publish","type":"page","link":"https:\/\/22bet.team\/cs\/app\/","title":{"rendered":"Aplikace"},"content":{"rendered":"","protected":false},"excerpt":{"rendered":"","protected":false},"author":1,"featured_media":0,"parent":0,"menu_order":0,"comment_status":"closed","ping_status":"closed","template":"","meta":{"_acf_changed":false,"footnotes":""},"class_list":["post-830","page","type-page","status-publish","hentry"],"acf":[],"yoast_head":"<!-- This site is optimized with the Yoast SEO plugin v26.1.1 - https:\/\/yoast.com\/wordpress\/plugins\/seo\/ -->\n<title>Aplikace 22Bet \u2b07\ufe0f Funkce a v\u00fdhody pro s\u00e1zen\u00ed a kasino<\/title>\n<meta name=\"description\" content=\"Aplikace 22Bet \u2013 st\u00e1hn\u011bte si ji na Android a iOS a z\u00edskejte okam\u017eit\u00fd p\u0159\u00edstup k live s\u00e1zk\u00e1m, kasinu, bonus\u016fm a rychl\u00fdm platb\u00e1m. Modern\u00ed, pohodln\u00e9 a bezpe\u010dn\u00e9 mobiln\u00ed rozhran\u00ed.\" \/>\n<meta name=\"robots\" content=\"index, follow, max-snippet:-1, max-image-preview:large, max-video-preview:-1\" \/>\n<link rel=\"canonical\" href=\"https:\/\/22bet.team\/cs\/app\/\" \/>\n<meta property=\"og:locale\" content=\"cs_CZ\" \/>\n<meta property=\"og:type\" content=\"article\" \/>\n<meta property=\"og:title\" content=\"Aplikace 22Bet \u2b07\ufe0f Funkce a v\u00fdhody pro s\u00e1zen\u00ed a kasino\" \/>\n<meta property=\"og:description\" content=\"Aplikace 22Bet \u2013 st\u00e1hn\u011bte si ji na Android a iOS a z\u00edskejte okam\u017eit\u00fd p\u0159\u00edstup k live s\u00e1zk\u00e1m, kasinu, bonus\u016fm a rychl\u00fdm platb\u00e1m. Modern\u00ed, pohodln\u00e9 a bezpe\u010dn\u00e9 mobiln\u00ed rozhran\u00ed.\" \/>\n<meta property=\"og:url\" content=\"https:\/\/22bet.team\/cs\/app\/\" \/>\n<meta property=\"og:site_name\" content=\"22Bet Team cs\" \/>\n<meta property=\"article:modified_time\" content=\"2025-12-19T08:27:38+00:00\" \/>\n<meta name=\"twitter:card\" content=\"summary_large_image\" \/>\n<script type=\"application\/ld+json\" class=\"yoast-schema-graph\">{\"@context\":\"https:\/\/schema.org\",\"@graph\":[{\"@type\":\"WebPage\",\"@id\":\"https:\/\/22bet.team\/cs\/app\/\",\"url\":\"https:\/\/22bet.team\/cs\/app\/\",\"name\":\"Aplikace 22Bet \u2b07\ufe0f Funkce a v\u00fdhody pro s\u00e1zen\u00ed a kasino\",\"isPartOf\":{\"@id\":\"http:\/\/22bet.team\/cs\/#website\"},\"datePublished\":\"2025-11-14T06:42:58+00:00\",\"dateModified\":\"2025-12-19T08:27:38+00:00\",\"description\":\"Aplikace 22Bet \u2013 st\u00e1hn\u011bte si ji na Android a iOS a z\u00edskejte okam\u017eit\u00fd p\u0159\u00edstup k live s\u00e1zk\u00e1m, kasinu, bonus\u016fm a rychl\u00fdm platb\u00e1m. Modern\u00ed, pohodln\u00e9 a bezpe\u010dn\u00e9 mobiln\u00ed rozhran\u00ed.\",\"breadcrumb\":{\"@id\":\"https:\/\/22bet.team\/cs\/app\/#breadcrumb\"},\"inLanguage\":\"cs\",\"potentialAction\":[{\"@type\":\"ReadAction\",\"target\":[\"https:\/\/22bet.team\/cs\/app\/\"]}]},{\"@type\":\"BreadcrumbList\",\"@id\":\"https:\/\/22bet.team\/cs\/app\/#breadcrumb\",\"itemListElement\":[{\"@type\":\"ListItem\",\"position\":1,\"name\":\"Home\",\"item\":\"http:\/\/22bet.team\/cs\/\"},{\"@type\":\"ListItem\",\"position\":2,\"name\":\"Aplikace\"}]},{\"@type\":\"WebSite\",\"@id\":\"http:\/\/22bet.team\/cs\/#website\",\"url\":\"http:\/\/22bet.team\/cs\/\",\"name\":\"22Bet Team cs\",\"description\":\"\",\"potentialAction\":[{\"@type\":\"SearchAction\",\"target\":{\"@type\":\"EntryPoint\",\"urlTemplate\":\"http:\/\/22bet.team\/cs\/?s={search_term_string}\"},\"query-input\":{\"@type\":\"PropertyValueSpecification\",\"valueRequired\":true,\"valueName\":\"search_term_string\"}}],\"inLanguage\":\"cs\"}]}<\/script>\n<!-- \/ Yoast SEO plugin. -->","yoast_head_json":{"title":"Aplikace 22Bet \u2b07\ufe0f Funkce a v\u00fdhody pro s\u00e1zen\u00ed a kasino","description":"Aplikace 22Bet \u2013 st\u00e1hn\u011bte si ji na Android a iOS a z\u00edskejte okam\u017eit\u00fd p\u0159\u00edstup k live s\u00e1zk\u00e1m, kasinu, bonus\u016fm a rychl\u00fdm platb\u00e1m. Modern\u00ed, pohodln\u00e9 a bezpe\u010dn\u00e9 mobiln\u00ed rozhran\u00ed.","robots":{"index":"index","follow":"follow","max-snippet":"max-snippet:-1","max-image-preview":"max-image-preview:large","max-video-preview":"max-video-preview:-1"},"canonical":"https:\/\/22bet.team\/cs\/app\/","og_locale":"cs_CZ","og_type":"article","og_title":"Aplikace 22Bet \u2b07\ufe0f Funkce a v\u00fdhody pro s\u00e1zen\u00ed a kasino","og_description":"Aplikace 22Bet \u2013 st\u00e1hn\u011bte si ji na Android a iOS a z\u00edskejte okam\u017eit\u00fd p\u0159\u00edstup k live s\u00e1zk\u00e1m, kasinu, bonus\u016fm a rychl\u00fdm platb\u00e1m. Modern\u00ed, pohodln\u00e9 a bezpe\u010dn\u00e9 mobiln\u00ed rozhran\u00ed.","og_url":"https:\/\/22bet.team\/cs\/app\/","og_site_name":"22Bet Team cs","article_modified_time":"2025-12-19T08:27:38+00:00","twitter_card":"summary_large_image","schema":{"@context":"https:\/\/schema.org","@graph":[{"@type":"WebPage","@id":"https:\/\/22bet.team\/cs\/app\/","url":"https:\/\/22bet.team\/cs\/app\/","name":"Aplikace 22Bet \u2b07\ufe0f Funkce a v\u00fdhody pro s\u00e1zen\u00ed a kasino","isPartOf":{"@id":"http:\/\/22bet.team\/cs\/#website"},"datePublished":"2025-11-14T06:42:58+00:00","dateModified":"2025-12-19T08:27:38+00:00","description":"Aplikace 22Bet \u2013 st\u00e1hn\u011bte si ji na Android a iOS a z\u00edskejte okam\u017eit\u00fd p\u0159\u00edstup k live s\u00e1zk\u00e1m, kasinu, bonus\u016fm a rychl\u00fdm platb\u00e1m. Modern\u00ed, pohodln\u00e9 a bezpe\u010dn\u00e9 mobiln\u00ed rozhran\u00ed.","breadcrumb":{"@id":"https:\/\/22bet.team\/cs\/app\/#breadcrumb"},"inLanguage":"cs","potentialAction":[{"@type":"ReadAction","target":["https:\/\/22bet.team\/cs\/app\/"]}]},{"@type":"BreadcrumbList","@id":"https:\/\/22bet.team\/cs\/app\/#breadcrumb","itemListElement":[{"@type":"ListItem","position":1,"name":"Home","item":"http:\/\/22bet.team\/cs\/"},{"@type":"ListItem","position":2,"name":"Aplikace"}]},{"@type":"WebSite","@id":"http:\/\/22bet.team\/cs\/#website","url":"http:\/\/22bet.team\/cs\/","name":"22Bet Team cs","description":"","potentialAction":[{"@type":"SearchAction","target":{"@type":"EntryPoint","urlTemplate":"http:\/\/22bet.team\/cs\/?s={search_term_string}"},"query-input":{"@type":"PropertyValueSpecification","valueRequired":true,"valueName":"search_term_string"}}],"inLanguage":"cs"}]}},"_links":{"self":[{"href":"https:\/\/22bet.team\/cs\/wp-json\/wp\/v2\/pages\/830","targetHints":{"allow":["GET"]}}],"collection":[{"href":"https:\/\/22bet.team\/cs\/wp-json\/wp\/v2\/pages"}],"about":[{"href":"https:\/\/22bet.team\/cs\/wp-json\/wp\/v2\/types\/page"}],"author":[{"embeddable":true,"href":"https:\/\/22bet.team\/cs\/wp-json\/wp\/v2\/users\/1"}],"replies":[{"embeddable":true,"href":"https:\/\/22bet.team\/cs\/wp-json\/wp\/v2\/comments?post=830"}],"version-history":[{"count":15,"href":"https:\/\/22bet.team\/cs\/wp-json\/wp\/v2\/pages\/830\/revisions"}],"predecessor-version":[{"id":1162,"href":"https:\/\/22bet.team\/cs\/wp-json\/wp\/v2\/pages\/830\/revisions\/1162"}],"wp:attachment":[{"href":"https:\/\/22bet.team\/cs\/wp-json\/wp\/v2\/media?parent=830"}],"curies":[{"name":"wp","href":"https:\/\/api.w.org\/{rel}","templated":true}]}}