{"id":987,"date":"2025-11-20T10:37:40","date_gmt":"2025-11-20T07:37:40","guid":{"rendered":"https:\/\/22bet.team\/cs\/?page_id=987"},"modified":"2025-12-19T15:01:05","modified_gmt":"2025-12-19T12:01:05","slug":"casino","status":"publish","type":"page","link":"https:\/\/22bet.team\/cs\/casino\/","title":{"rendered":"Kasino"},"content":{"rendered":"","protected":false},"excerpt":{"rendered":"","protected":false},"author":1,"featured_media":0,"parent":0,"menu_order":0,"comment_status":"closed","ping_status":"closed","template":"","meta":{"_acf_changed":false,"footnotes":""},"class_list":["post-987","page","type-page","status-publish","hentry"],"acf":[],"yoast_head":"<!-- This site is optimized with the Yoast SEO plugin v26.1.1 - https:\/\/yoast.com\/wordpress\/plugins\/seo\/ -->\n<title>22Bet Casino | Nejlep\u0161\u00ed hry, bonusy, \u017eiv\u00e9 hry<\/title>\n<meta name=\"description\" content=\"Pono\u0159te se do sv\u011bta hazardu s 22Bet Casino! U\u017eijte si vzru\u0161uj\u00edc\u00ed automaty, skv\u011bl\u00e9 \u017eiv\u00e9 hry a \u0161t\u011bdr\u00e9 bonusy a\u017e do v\u00fd\u0161e 35 000 K\u010d. P\u0159ipojte se k 22Bet a u\u017eijte si bezkonkuren\u010dn\u00ed hern\u00ed z\u00e1\u017eitek v bezpe\u010dn\u00e9m a licencovan\u00e9m prost\u0159ed\u00ed.\" \/>\n<meta name=\"robots\" content=\"index, follow, max-snippet:-1, max-image-preview:large, max-video-preview:-1\" \/>\n<link rel=\"canonical\" href=\"https:\/\/22bet.team\/cs\/casino\/\" \/>\n<meta property=\"og:locale\" content=\"cs_CZ\" \/>\n<meta property=\"og:type\" content=\"article\" \/>\n<meta property=\"og:title\" content=\"22Bet Casino | Nejlep\u0161\u00ed hry, bonusy, \u017eiv\u00e9 hry\" \/>\n<meta property=\"og:description\" content=\"Pono\u0159te se do sv\u011bta hazardu s 22Bet Casino! U\u017eijte si vzru\u0161uj\u00edc\u00ed automaty, skv\u011bl\u00e9 \u017eiv\u00e9 hry a \u0161t\u011bdr\u00e9 bonusy a\u017e do v\u00fd\u0161e 35 000 K\u010d. P\u0159ipojte se k 22Bet a u\u017eijte si bezkonkuren\u010dn\u00ed hern\u00ed z\u00e1\u017eitek v bezpe\u010dn\u00e9m a licencovan\u00e9m prost\u0159ed\u00ed.\" \/>\n<meta property=\"og:url\" content=\"https:\/\/22bet.team\/cs\/casino\/\" \/>\n<meta property=\"og:site_name\" content=\"22Bet Team cs\" \/>\n<meta property=\"article:modified_time\" content=\"2025-12-19T12:01:05+00:00\" \/>\n<meta name=\"twitter:card\" content=\"summary_large_image\" \/>\n<script type=\"application\/ld+json\" class=\"yoast-schema-graph\">{\"@context\":\"https:\/\/schema.org\",\"@graph\":[{\"@type\":\"WebPage\",\"@id\":\"https:\/\/22bet.team\/cs\/casino\/\",\"url\":\"https:\/\/22bet.team\/cs\/casino\/\",\"name\":\"22Bet Casino | Nejlep\u0161\u00ed hry, bonusy, \u017eiv\u00e9 hry\",\"isPartOf\":{\"@id\":\"http:\/\/22bet.team\/cs\/#website\"},\"datePublished\":\"2025-11-20T07:37:40+00:00\",\"dateModified\":\"2025-12-19T12:01:05+00:00\",\"description\":\"Pono\u0159te se do sv\u011bta hazardu s 22Bet Casino! U\u017eijte si vzru\u0161uj\u00edc\u00ed automaty, skv\u011bl\u00e9 \u017eiv\u00e9 hry a \u0161t\u011bdr\u00e9 bonusy a\u017e do v\u00fd\u0161e 35 000 K\u010d. P\u0159ipojte se k 22Bet a u\u017eijte si bezkonkuren\u010dn\u00ed hern\u00ed z\u00e1\u017eitek v bezpe\u010dn\u00e9m a licencovan\u00e9m prost\u0159ed\u00ed.\",\"breadcrumb\":{\"@id\":\"https:\/\/22bet.team\/cs\/casino\/#breadcrumb\"},\"inLanguage\":\"cs\",\"potentialAction\":[{\"@type\":\"ReadAction\",\"target\":[\"https:\/\/22bet.team\/cs\/casino\/\"]}]},{\"@type\":\"BreadcrumbList\",\"@id\":\"https:\/\/22bet.team\/cs\/casino\/#breadcrumb\",\"itemListElement\":[{\"@type\":\"ListItem\",\"position\":1,\"name\":\"Home\",\"item\":\"http:\/\/22bet.team\/cs\/\"},{\"@type\":\"ListItem\",\"position\":2,\"name\":\"Kasino\"}]},{\"@type\":\"WebSite\",\"@id\":\"http:\/\/22bet.team\/cs\/#website\",\"url\":\"http:\/\/22bet.team\/cs\/\",\"name\":\"22Bet Team cs\",\"description\":\"\",\"potentialAction\":[{\"@type\":\"SearchAction\",\"target\":{\"@type\":\"EntryPoint\",\"urlTemplate\":\"http:\/\/22bet.team\/cs\/?s={search_term_string}\"},\"query-input\":{\"@type\":\"PropertyValueSpecification\",\"valueRequired\":true,\"valueName\":\"search_term_string\"}}],\"inLanguage\":\"cs\"}]}<\/script>\n<!-- \/ Yoast SEO plugin. -->","yoast_head_json":{"title":"22Bet Casino | Nejlep\u0161\u00ed hry, bonusy, \u017eiv\u00e9 hry","description":"Pono\u0159te se do sv\u011bta hazardu s 22Bet Casino! U\u017eijte si vzru\u0161uj\u00edc\u00ed automaty, skv\u011bl\u00e9 \u017eiv\u00e9 hry a \u0161t\u011bdr\u00e9 bonusy a\u017e do v\u00fd\u0161e 35 000 K\u010d. P\u0159ipojte se k 22Bet a u\u017eijte si bezkonkuren\u010dn\u00ed hern\u00ed z\u00e1\u017eitek v bezpe\u010dn\u00e9m a licencovan\u00e9m prost\u0159ed\u00ed.","robots":{"index":"index","follow":"follow","max-snippet":"max-snippet:-1","max-image-preview":"max-image-preview:large","max-video-preview":"max-video-preview:-1"},"canonical":"https:\/\/22bet.team\/cs\/casino\/","og_locale":"cs_CZ","og_type":"article","og_title":"22Bet Casino | Nejlep\u0161\u00ed hry, bonusy, \u017eiv\u00e9 hry","og_description":"Pono\u0159te se do sv\u011bta hazardu s 22Bet Casino! U\u017eijte si vzru\u0161uj\u00edc\u00ed automaty, skv\u011bl\u00e9 \u017eiv\u00e9 hry a \u0161t\u011bdr\u00e9 bonusy a\u017e do v\u00fd\u0161e 35 000 K\u010d. P\u0159ipojte se k 22Bet a u\u017eijte si bezkonkuren\u010dn\u00ed hern\u00ed z\u00e1\u017eitek v bezpe\u010dn\u00e9m a licencovan\u00e9m prost\u0159ed\u00ed.","og_url":"https:\/\/22bet.team\/cs\/casino\/","og_site_name":"22Bet Team cs","article_modified_time":"2025-12-19T12:01:05+00:00","twitter_card":"summary_large_image","schema":{"@context":"https:\/\/schema.org","@graph":[{"@type":"WebPage","@id":"https:\/\/22bet.team\/cs\/casino\/","url":"https:\/\/22bet.team\/cs\/casino\/","name":"22Bet Casino | Nejlep\u0161\u00ed hry, bonusy, \u017eiv\u00e9 hry","isPartOf":{"@id":"http:\/\/22bet.team\/cs\/#website"},"datePublished":"2025-11-20T07:37:40+00:00","dateModified":"2025-12-19T12:01:05+00:00","description":"Pono\u0159te se do sv\u011bta hazardu s 22Bet Casino! U\u017eijte si vzru\u0161uj\u00edc\u00ed automaty, skv\u011bl\u00e9 \u017eiv\u00e9 hry a \u0161t\u011bdr\u00e9 bonusy a\u017e do v\u00fd\u0161e 35 000 K\u010d. P\u0159ipojte se k 22Bet a u\u017eijte si bezkonkuren\u010dn\u00ed hern\u00ed z\u00e1\u017eitek v bezpe\u010dn\u00e9m a licencovan\u00e9m prost\u0159ed\u00ed.","breadcrumb":{"@id":"https:\/\/22bet.team\/cs\/casino\/#breadcrumb"},"inLanguage":"cs","potentialAction":[{"@type":"ReadAction","target":["https:\/\/22bet.team\/cs\/casino\/"]}]},{"@type":"BreadcrumbList","@id":"https:\/\/22bet.team\/cs\/casino\/#breadcrumb","itemListElement":[{"@type":"ListItem","position":1,"name":"Home","item":"http:\/\/22bet.team\/cs\/"},{"@type":"ListItem","position":2,"name":"Kasino"}]},{"@type":"WebSite","@id":"http:\/\/22bet.team\/cs\/#website","url":"http:\/\/22bet.team\/cs\/","name":"22Bet Team cs","description":"","potentialAction":[{"@type":"SearchAction","target":{"@type":"EntryPoint","urlTemplate":"http:\/\/22bet.team\/cs\/?s={search_term_string}"},"query-input":{"@type":"PropertyValueSpecification","valueRequired":true,"valueName":"search_term_string"}}],"inLanguage":"cs"}]}},"_links":{"self":[{"href":"https:\/\/22bet.team\/cs\/wp-json\/wp\/v2\/pages\/987","targetHints":{"allow":["GET"]}}],"collection":[{"href":"https:\/\/22bet.team\/cs\/wp-json\/wp\/v2\/pages"}],"about":[{"href":"https:\/\/22bet.team\/cs\/wp-json\/wp\/v2\/types\/page"}],"author":[{"embeddable":true,"href":"https:\/\/22bet.team\/cs\/wp-json\/wp\/v2\/users\/1"}],"replies":[{"embeddable":true,"href":"https:\/\/22bet.team\/cs\/wp-json\/wp\/v2\/comments?post=987"}],"version-history":[{"count":11,"href":"https:\/\/22bet.team\/cs\/wp-json\/wp\/v2\/pages\/987\/revisions"}],"predecessor-version":[{"id":1177,"href":"https:\/\/22bet.team\/cs\/wp-json\/wp\/v2\/pages\/987\/revisions\/1177"}],"wp:attachment":[{"href":"https:\/\/22bet.team\/cs\/wp-json\/wp\/v2\/media?parent=987"}],"curies":[{"name":"wp","href":"https:\/\/api.w.org\/{rel}","templated":true}]}}