{"id":1021,"date":"2025-11-24T16:18:29","date_gmt":"2025-11-24T13:18:29","guid":{"rendered":"https:\/\/22bet.team\/da\/?page_id=1021"},"modified":"2026-02-09T11:00:39","modified_gmt":"2026-02-09T08:00:39","slug":"bonus","status":"publish","type":"page","link":"https:\/\/22bet.team\/da\/bonus\/","title":{"rendered":"Bonus"},"content":{"rendered":"","protected":false},"excerpt":{"rendered":"","protected":false},"author":1,"featured_media":0,"parent":0,"menu_order":0,"comment_status":"closed","ping_status":"closed","template":"","meta":{"_acf_changed":false,"footnotes":""},"class_list":["post-1021","page","type-page","status-publish","hentry"],"acf":[],"yoast_head":"<!-- This site is optimized with the Yoast SEO plugin v26.1.1 - https:\/\/yoast.com\/wordpress\/plugins\/seo\/ -->\n<title>22Bet bonusser \u1409 Velkomsttilbud 900 DKK og s\u00e6rlige kampagner<\/title>\n<meta name=\"description\" content=\"22Bet bonusser \u2014 velkomstbonus op til 900 DKK til v\u00e6ddem\u00e5l og op til 2.200 DKK til casinoet, fredagsreload, cashback, bonus for en r\u00e6kke mislykkede v\u00e6ddem\u00e5l og meget mere. Vi analyserer reglerne, indsatsen og indsatsbetingelserne.\" \/>\n<meta name=\"robots\" content=\"index, follow, max-snippet:-1, max-image-preview:large, max-video-preview:-1\" \/>\n<link rel=\"canonical\" href=\"http:\/\/22bet.team\/da\/bonus\/\" \/>\n<meta property=\"og:locale\" content=\"da_DK\" \/>\n<meta property=\"og:type\" content=\"article\" \/>\n<meta property=\"og:title\" content=\"22Bet bonusser \u1409 Velkomsttilbud 900 DKK og s\u00e6rlige kampagner\" \/>\n<meta property=\"og:description\" content=\"22Bet bonusser \u2014 velkomstbonus op til 900 DKK til v\u00e6ddem\u00e5l og op til 2.200 DKK til casinoet, fredagsreload, cashback, bonus for en r\u00e6kke mislykkede v\u00e6ddem\u00e5l og meget mere. Vi analyserer reglerne, indsatsen og indsatsbetingelserne.\" \/>\n<meta property=\"og:url\" content=\"http:\/\/22bet.team\/da\/bonus\/\" \/>\n<meta property=\"og:site_name\" content=\"22bet Team da\" \/>\n<meta property=\"article:modified_time\" content=\"2026-02-09T08:00:39+00:00\" \/>\n<meta name=\"twitter:card\" content=\"summary_large_image\" \/>\n<script type=\"application\/ld+json\" class=\"yoast-schema-graph\">{\"@context\":\"https:\/\/schema.org\",\"@graph\":[{\"@type\":\"WebPage\",\"@id\":\"http:\/\/22bet.team\/da\/bonus\/\",\"url\":\"http:\/\/22bet.team\/da\/bonus\/\",\"name\":\"22Bet bonusser \u1409 Velkomsttilbud 900 DKK og s\u00e6rlige kampagner\",\"isPartOf\":{\"@id\":\"https:\/\/22bet.team\/da\/#website\"},\"datePublished\":\"2025-11-24T13:18:29+00:00\",\"dateModified\":\"2026-02-09T08:00:39+00:00\",\"description\":\"22Bet bonusser \u2014 velkomstbonus op til 900 DKK til v\u00e6ddem\u00e5l og op til 2.200 DKK til casinoet, fredagsreload, cashback, bonus for en r\u00e6kke mislykkede v\u00e6ddem\u00e5l og meget mere. Vi analyserer reglerne, indsatsen og indsatsbetingelserne.\",\"breadcrumb\":{\"@id\":\"http:\/\/22bet.team\/da\/bonus\/#breadcrumb\"},\"inLanguage\":\"da-DK\",\"potentialAction\":[{\"@type\":\"ReadAction\",\"target\":[\"http:\/\/22bet.team\/da\/bonus\/\"]}]},{\"@type\":\"BreadcrumbList\",\"@id\":\"http:\/\/22bet.team\/da\/bonus\/#breadcrumb\",\"itemListElement\":[{\"@type\":\"ListItem\",\"position\":1,\"name\":\"Home\",\"item\":\"https:\/\/22bet.team\/da\/\"},{\"@type\":\"ListItem\",\"position\":2,\"name\":\"Bonus\"}]},{\"@type\":\"WebSite\",\"@id\":\"https:\/\/22bet.team\/da\/#website\",\"url\":\"https:\/\/22bet.team\/da\/\",\"name\":\"22bet Team da\",\"description\":\"\",\"potentialAction\":[{\"@type\":\"SearchAction\",\"target\":{\"@type\":\"EntryPoint\",\"urlTemplate\":\"https:\/\/22bet.team\/da\/?s={search_term_string}\"},\"query-input\":{\"@type\":\"PropertyValueSpecification\",\"valueRequired\":true,\"valueName\":\"search_term_string\"}}],\"inLanguage\":\"da-DK\"}]}<\/script>\n<!-- \/ Yoast SEO plugin. -->","yoast_head_json":{"title":"22Bet bonusser \u1409 Velkomsttilbud 900 DKK og s\u00e6rlige kampagner","description":"22Bet bonusser \u2014 velkomstbonus op til 900 DKK til v\u00e6ddem\u00e5l og op til 2.200 DKK til casinoet, fredagsreload, cashback, bonus for en r\u00e6kke mislykkede v\u00e6ddem\u00e5l og meget mere. Vi analyserer reglerne, indsatsen og indsatsbetingelserne.","robots":{"index":"index","follow":"follow","max-snippet":"max-snippet:-1","max-image-preview":"max-image-preview:large","max-video-preview":"max-video-preview:-1"},"canonical":"http:\/\/22bet.team\/da\/bonus\/","og_locale":"da_DK","og_type":"article","og_title":"22Bet bonusser \u1409 Velkomsttilbud 900 DKK og s\u00e6rlige kampagner","og_description":"22Bet bonusser \u2014 velkomstbonus op til 900 DKK til v\u00e6ddem\u00e5l og op til 2.200 DKK til casinoet, fredagsreload, cashback, bonus for en r\u00e6kke mislykkede v\u00e6ddem\u00e5l og meget mere. Vi analyserer reglerne, indsatsen og indsatsbetingelserne.","og_url":"http:\/\/22bet.team\/da\/bonus\/","og_site_name":"22bet Team da","article_modified_time":"2026-02-09T08:00:39+00:00","twitter_card":"summary_large_image","schema":{"@context":"https:\/\/schema.org","@graph":[{"@type":"WebPage","@id":"http:\/\/22bet.team\/da\/bonus\/","url":"http:\/\/22bet.team\/da\/bonus\/","name":"22Bet bonusser \u1409 Velkomsttilbud 900 DKK og s\u00e6rlige kampagner","isPartOf":{"@id":"https:\/\/22bet.team\/da\/#website"},"datePublished":"2025-11-24T13:18:29+00:00","dateModified":"2026-02-09T08:00:39+00:00","description":"22Bet bonusser \u2014 velkomstbonus op til 900 DKK til v\u00e6ddem\u00e5l og op til 2.200 DKK til casinoet, fredagsreload, cashback, bonus for en r\u00e6kke mislykkede v\u00e6ddem\u00e5l og meget mere. Vi analyserer reglerne, indsatsen og indsatsbetingelserne.","breadcrumb":{"@id":"http:\/\/22bet.team\/da\/bonus\/#breadcrumb"},"inLanguage":"da-DK","potentialAction":[{"@type":"ReadAction","target":["http:\/\/22bet.team\/da\/bonus\/"]}]},{"@type":"BreadcrumbList","@id":"http:\/\/22bet.team\/da\/bonus\/#breadcrumb","itemListElement":[{"@type":"ListItem","position":1,"name":"Home","item":"https:\/\/22bet.team\/da\/"},{"@type":"ListItem","position":2,"name":"Bonus"}]},{"@type":"WebSite","@id":"https:\/\/22bet.team\/da\/#website","url":"https:\/\/22bet.team\/da\/","name":"22bet Team da","description":"","potentialAction":[{"@type":"SearchAction","target":{"@type":"EntryPoint","urlTemplate":"https:\/\/22bet.team\/da\/?s={search_term_string}"},"query-input":{"@type":"PropertyValueSpecification","valueRequired":true,"valueName":"search_term_string"}}],"inLanguage":"da-DK"}]}},"_links":{"self":[{"href":"https:\/\/22bet.team\/da\/wp-json\/wp\/v2\/pages\/1021","targetHints":{"allow":["GET"]}}],"collection":[{"href":"https:\/\/22bet.team\/da\/wp-json\/wp\/v2\/pages"}],"about":[{"href":"https:\/\/22bet.team\/da\/wp-json\/wp\/v2\/types\/page"}],"author":[{"embeddable":true,"href":"https:\/\/22bet.team\/da\/wp-json\/wp\/v2\/users\/1"}],"replies":[{"embeddable":true,"href":"https:\/\/22bet.team\/da\/wp-json\/wp\/v2\/comments?post=1021"}],"version-history":[{"count":5,"href":"https:\/\/22bet.team\/da\/wp-json\/wp\/v2\/pages\/1021\/revisions"}],"predecessor-version":[{"id":1230,"href":"https:\/\/22bet.team\/da\/wp-json\/wp\/v2\/pages\/1021\/revisions\/1230"}],"wp:attachment":[{"href":"https:\/\/22bet.team\/da\/wp-json\/wp\/v2\/media?parent=1021"}],"curies":[{"name":"wp","href":"https:\/\/api.w.org\/{rel}","templated":true}]}}