{"id":1044,"date":"2025-11-25T09:38:51","date_gmt":"2025-11-25T06:38:51","guid":{"rendered":"https:\/\/22bet.team\/da\/?page_id=1044"},"modified":"2026-02-09T13:43:46","modified_gmt":"2026-02-09T10:43:46","slug":"promo-code","status":"publish","type":"page","link":"https:\/\/22bet.team\/da\/promo-code\/","title":{"rendered":"Kampagnekode"},"content":{"rendered":"","protected":false},"excerpt":{"rendered":"","protected":false},"author":1,"featured_media":0,"parent":0,"menu_order":0,"comment_status":"closed","ping_status":"closed","template":"","meta":{"_acf_changed":false,"footnotes":""},"class_list":["post-1044","page","type-page","status-publish","hentry"],"acf":[],"yoast_head":"<!-- This site is optimized with the Yoast SEO plugin v26.1.1 - https:\/\/yoast.com\/wordpress\/plugins\/seo\/ -->\n<title>22Bet kampagnekode \u1409 S\u00e5dan f\u00e5r du en bonus 11.200 DKK<\/title>\n<meta name=\"description\" content=\"F\u00e5 en bonus p\u00e5 op til 11.200 DKK med 22Bet-promokoden! Ny spiller? F\u00e5 30 gratis spins uden krav om indskud og f\u00e5 adgang til unikke tilbud. Find ud af, hvordan du registrerer dig og aktiverer dine bonusser.\" \/>\n<meta name=\"robots\" content=\"index, follow, max-snippet:-1, max-image-preview:large, max-video-preview:-1\" \/>\n<link rel=\"canonical\" href=\"https:\/\/22bet.team\/da\/promo-code\/\" \/>\n<meta property=\"og:locale\" content=\"da_DK\" \/>\n<meta property=\"og:type\" content=\"article\" \/>\n<meta property=\"og:title\" content=\"22Bet kampagnekode \u1409 S\u00e5dan f\u00e5r du en bonus 11.200 DKK\" \/>\n<meta property=\"og:description\" content=\"F\u00e5 en bonus p\u00e5 op til 11.200 DKK med 22Bet-promokoden! Ny spiller? F\u00e5 30 gratis spins uden krav om indskud og f\u00e5 adgang til unikke tilbud. Find ud af, hvordan du registrerer dig og aktiverer dine bonusser.\" \/>\n<meta property=\"og:url\" content=\"https:\/\/22bet.team\/da\/promo-code\/\" \/>\n<meta property=\"og:site_name\" content=\"22bet Team da\" \/>\n<meta property=\"article:modified_time\" content=\"2026-02-09T10:43:46+00:00\" \/>\n<meta name=\"twitter:card\" content=\"summary_large_image\" \/>\n<script type=\"application\/ld+json\" class=\"yoast-schema-graph\">{\"@context\":\"https:\/\/schema.org\",\"@graph\":[{\"@type\":\"WebPage\",\"@id\":\"https:\/\/22bet.team\/da\/promo-code\/\",\"url\":\"https:\/\/22bet.team\/da\/promo-code\/\",\"name\":\"22Bet kampagnekode \u1409 S\u00e5dan f\u00e5r du en bonus 11.200 DKK\",\"isPartOf\":{\"@id\":\"https:\/\/22bet.team\/da\/#website\"},\"datePublished\":\"2025-11-25T06:38:51+00:00\",\"dateModified\":\"2026-02-09T10:43:46+00:00\",\"description\":\"F\u00e5 en bonus p\u00e5 op til 11.200 DKK med 22Bet-promokoden! Ny spiller? F\u00e5 30 gratis spins uden krav om indskud og f\u00e5 adgang til unikke tilbud. Find ud af, hvordan du registrerer dig og aktiverer dine bonusser.\",\"breadcrumb\":{\"@id\":\"https:\/\/22bet.team\/da\/promo-code\/#breadcrumb\"},\"inLanguage\":\"da-DK\",\"potentialAction\":[{\"@type\":\"ReadAction\",\"target\":[\"https:\/\/22bet.team\/da\/promo-code\/\"]}]},{\"@type\":\"BreadcrumbList\",\"@id\":\"https:\/\/22bet.team\/da\/promo-code\/#breadcrumb\",\"itemListElement\":[{\"@type\":\"ListItem\",\"position\":1,\"name\":\"Home\",\"item\":\"https:\/\/22bet.team\/da\/\"},{\"@type\":\"ListItem\",\"position\":2,\"name\":\"Kampagnekode\"}]},{\"@type\":\"WebSite\",\"@id\":\"https:\/\/22bet.team\/da\/#website\",\"url\":\"https:\/\/22bet.team\/da\/\",\"name\":\"22bet Team da\",\"description\":\"\",\"potentialAction\":[{\"@type\":\"SearchAction\",\"target\":{\"@type\":\"EntryPoint\",\"urlTemplate\":\"https:\/\/22bet.team\/da\/?s={search_term_string}\"},\"query-input\":{\"@type\":\"PropertyValueSpecification\",\"valueRequired\":true,\"valueName\":\"search_term_string\"}}],\"inLanguage\":\"da-DK\"}]}<\/script>\n<!-- \/ Yoast SEO plugin. -->","yoast_head_json":{"title":"22Bet kampagnekode \u1409 S\u00e5dan f\u00e5r du en bonus 11.200 DKK","description":"F\u00e5 en bonus p\u00e5 op til 11.200 DKK med 22Bet-promokoden! Ny spiller? F\u00e5 30 gratis spins uden krav om indskud og f\u00e5 adgang til unikke tilbud. Find ud af, hvordan du registrerer dig og aktiverer dine bonusser.","robots":{"index":"index","follow":"follow","max-snippet":"max-snippet:-1","max-image-preview":"max-image-preview:large","max-video-preview":"max-video-preview:-1"},"canonical":"https:\/\/22bet.team\/da\/promo-code\/","og_locale":"da_DK","og_type":"article","og_title":"22Bet kampagnekode \u1409 S\u00e5dan f\u00e5r du en bonus 11.200 DKK","og_description":"F\u00e5 en bonus p\u00e5 op til 11.200 DKK med 22Bet-promokoden! Ny spiller? F\u00e5 30 gratis spins uden krav om indskud og f\u00e5 adgang til unikke tilbud. Find ud af, hvordan du registrerer dig og aktiverer dine bonusser.","og_url":"https:\/\/22bet.team\/da\/promo-code\/","og_site_name":"22bet Team da","article_modified_time":"2026-02-09T10:43:46+00:00","twitter_card":"summary_large_image","schema":{"@context":"https:\/\/schema.org","@graph":[{"@type":"WebPage","@id":"https:\/\/22bet.team\/da\/promo-code\/","url":"https:\/\/22bet.team\/da\/promo-code\/","name":"22Bet kampagnekode \u1409 S\u00e5dan f\u00e5r du en bonus 11.200 DKK","isPartOf":{"@id":"https:\/\/22bet.team\/da\/#website"},"datePublished":"2025-11-25T06:38:51+00:00","dateModified":"2026-02-09T10:43:46+00:00","description":"F\u00e5 en bonus p\u00e5 op til 11.200 DKK med 22Bet-promokoden! Ny spiller? F\u00e5 30 gratis spins uden krav om indskud og f\u00e5 adgang til unikke tilbud. Find ud af, hvordan du registrerer dig og aktiverer dine bonusser.","breadcrumb":{"@id":"https:\/\/22bet.team\/da\/promo-code\/#breadcrumb"},"inLanguage":"da-DK","potentialAction":[{"@type":"ReadAction","target":["https:\/\/22bet.team\/da\/promo-code\/"]}]},{"@type":"BreadcrumbList","@id":"https:\/\/22bet.team\/da\/promo-code\/#breadcrumb","itemListElement":[{"@type":"ListItem","position":1,"name":"Home","item":"https:\/\/22bet.team\/da\/"},{"@type":"ListItem","position":2,"name":"Kampagnekode"}]},{"@type":"WebSite","@id":"https:\/\/22bet.team\/da\/#website","url":"https:\/\/22bet.team\/da\/","name":"22bet Team da","description":"","potentialAction":[{"@type":"SearchAction","target":{"@type":"EntryPoint","urlTemplate":"https:\/\/22bet.team\/da\/?s={search_term_string}"},"query-input":{"@type":"PropertyValueSpecification","valueRequired":true,"valueName":"search_term_string"}}],"inLanguage":"da-DK"}]}},"_links":{"self":[{"href":"https:\/\/22bet.team\/da\/wp-json\/wp\/v2\/pages\/1044","targetHints":{"allow":["GET"]}}],"collection":[{"href":"https:\/\/22bet.team\/da\/wp-json\/wp\/v2\/pages"}],"about":[{"href":"https:\/\/22bet.team\/da\/wp-json\/wp\/v2\/types\/page"}],"author":[{"embeddable":true,"href":"https:\/\/22bet.team\/da\/wp-json\/wp\/v2\/users\/1"}],"replies":[{"embeddable":true,"href":"https:\/\/22bet.team\/da\/wp-json\/wp\/v2\/comments?post=1044"}],"version-history":[{"count":5,"href":"https:\/\/22bet.team\/da\/wp-json\/wp\/v2\/pages\/1044\/revisions"}],"predecessor-version":[{"id":1253,"href":"https:\/\/22bet.team\/da\/wp-json\/wp\/v2\/pages\/1044\/revisions\/1253"}],"wp:attachment":[{"href":"https:\/\/22bet.team\/da\/wp-json\/wp\/v2\/media?parent=1044"}],"curies":[{"name":"wp","href":"https:\/\/api.w.org\/{rel}","templated":true}]}}