{"id":1177,"date":"2026-01-28T18:35:04","date_gmt":"2026-01-28T15:35:04","guid":{"rendered":"https:\/\/22bet.team\/da\/?page_id=1177"},"modified":"2026-02-09T11:40:57","modified_gmt":"2026-02-09T08:40:57","slug":"hockey","status":"publish","type":"page","link":"https:\/\/22bet.team\/da\/hockey\/","title":{"rendered":"Hockey"},"content":{"rendered":"","protected":false},"excerpt":{"rendered":"","protected":false},"author":1,"featured_media":0,"parent":0,"menu_order":0,"comment_status":"closed","ping_status":"closed","template":"","meta":{"_acf_changed":false,"footnotes":""},"class_list":["post-1177","page","type-page","status-publish","hentry"],"acf":[],"yoast_head":"<!-- This site is optimized with the Yoast SEO plugin v26.1.1 - https:\/\/yoast.com\/wordpress\/plugins\/seo\/ -->\n<title>22Bet Ishockey-v\u00e6ddem\u00e5l \u1409 Bedste odds og live-v\u00e6ddem\u00e5l<\/title>\n<meta name=\"description\" content=\"Hockey-v\u00e6ddem\u00e5l hos 22Bet! En licenseret bookmaker, der tilbyder et bredt udvalg af sportsgrene, h\u00f8je odds og lukrative bonusser. Tilmeld dig og f\u00e5 adgang til et bredt udvalg af v\u00e6ddem\u00e5l og sikre betalinger, herunder kryptovaluta.\" \/>\n<meta name=\"robots\" content=\"index, follow, max-snippet:-1, max-image-preview:large, max-video-preview:-1\" \/>\n<link rel=\"canonical\" href=\"http:\/\/22bet.team\/da\/hockey\/\" \/>\n<meta property=\"og:locale\" content=\"da_DK\" \/>\n<meta property=\"og:type\" content=\"article\" \/>\n<meta property=\"og:title\" content=\"22Bet Ishockey-v\u00e6ddem\u00e5l \u1409 Bedste odds og live-v\u00e6ddem\u00e5l\" \/>\n<meta property=\"og:description\" content=\"Hockey-v\u00e6ddem\u00e5l hos 22Bet! En licenseret bookmaker, der tilbyder et bredt udvalg af sportsgrene, h\u00f8je odds og lukrative bonusser. Tilmeld dig og f\u00e5 adgang til et bredt udvalg af v\u00e6ddem\u00e5l og sikre betalinger, herunder kryptovaluta.\" \/>\n<meta property=\"og:url\" content=\"http:\/\/22bet.team\/da\/hockey\/\" \/>\n<meta property=\"og:site_name\" content=\"22bet Team da\" \/>\n<meta property=\"article:modified_time\" content=\"2026-02-09T08:40:57+00:00\" \/>\n<meta name=\"twitter:card\" content=\"summary_large_image\" \/>\n<script type=\"application\/ld+json\" class=\"yoast-schema-graph\">{\"@context\":\"https:\/\/schema.org\",\"@graph\":[{\"@type\":\"WebPage\",\"@id\":\"http:\/\/22bet.team\/da\/hockey\/\",\"url\":\"http:\/\/22bet.team\/da\/hockey\/\",\"name\":\"22Bet Ishockey-v\u00e6ddem\u00e5l \u1409 Bedste odds og live-v\u00e6ddem\u00e5l\",\"isPartOf\":{\"@id\":\"https:\/\/22bet.team\/da\/#website\"},\"datePublished\":\"2026-01-28T15:35:04+00:00\",\"dateModified\":\"2026-02-09T08:40:57+00:00\",\"description\":\"Hockey-v\u00e6ddem\u00e5l hos 22Bet! En licenseret bookmaker, der tilbyder et bredt udvalg af sportsgrene, h\u00f8je odds og lukrative bonusser. Tilmeld dig og f\u00e5 adgang til et bredt udvalg af v\u00e6ddem\u00e5l og sikre betalinger, herunder kryptovaluta.\",\"breadcrumb\":{\"@id\":\"http:\/\/22bet.team\/da\/hockey\/#breadcrumb\"},\"inLanguage\":\"da-DK\",\"potentialAction\":[{\"@type\":\"ReadAction\",\"target\":[\"http:\/\/22bet.team\/da\/hockey\/\"]}]},{\"@type\":\"BreadcrumbList\",\"@id\":\"http:\/\/22bet.team\/da\/hockey\/#breadcrumb\",\"itemListElement\":[{\"@type\":\"ListItem\",\"position\":1,\"name\":\"Home\",\"item\":\"https:\/\/22bet.team\/da\/\"},{\"@type\":\"ListItem\",\"position\":2,\"name\":\"Hockey\"}]},{\"@type\":\"WebSite\",\"@id\":\"https:\/\/22bet.team\/da\/#website\",\"url\":\"https:\/\/22bet.team\/da\/\",\"name\":\"22bet Team da\",\"description\":\"\",\"potentialAction\":[{\"@type\":\"SearchAction\",\"target\":{\"@type\":\"EntryPoint\",\"urlTemplate\":\"https:\/\/22bet.team\/da\/?s={search_term_string}\"},\"query-input\":{\"@type\":\"PropertyValueSpecification\",\"valueRequired\":true,\"valueName\":\"search_term_string\"}}],\"inLanguage\":\"da-DK\"}]}<\/script>\n<!-- \/ Yoast SEO plugin. -->","yoast_head_json":{"title":"22Bet Ishockey-v\u00e6ddem\u00e5l \u1409 Bedste odds og live-v\u00e6ddem\u00e5l","description":"Hockey-v\u00e6ddem\u00e5l hos 22Bet! En licenseret bookmaker, der tilbyder et bredt udvalg af sportsgrene, h\u00f8je odds og lukrative bonusser. Tilmeld dig og f\u00e5 adgang til et bredt udvalg af v\u00e6ddem\u00e5l og sikre betalinger, herunder kryptovaluta.","robots":{"index":"index","follow":"follow","max-snippet":"max-snippet:-1","max-image-preview":"max-image-preview:large","max-video-preview":"max-video-preview:-1"},"canonical":"http:\/\/22bet.team\/da\/hockey\/","og_locale":"da_DK","og_type":"article","og_title":"22Bet Ishockey-v\u00e6ddem\u00e5l \u1409 Bedste odds og live-v\u00e6ddem\u00e5l","og_description":"Hockey-v\u00e6ddem\u00e5l hos 22Bet! En licenseret bookmaker, der tilbyder et bredt udvalg af sportsgrene, h\u00f8je odds og lukrative bonusser. Tilmeld dig og f\u00e5 adgang til et bredt udvalg af v\u00e6ddem\u00e5l og sikre betalinger, herunder kryptovaluta.","og_url":"http:\/\/22bet.team\/da\/hockey\/","og_site_name":"22bet Team da","article_modified_time":"2026-02-09T08:40:57+00:00","twitter_card":"summary_large_image","schema":{"@context":"https:\/\/schema.org","@graph":[{"@type":"WebPage","@id":"http:\/\/22bet.team\/da\/hockey\/","url":"http:\/\/22bet.team\/da\/hockey\/","name":"22Bet Ishockey-v\u00e6ddem\u00e5l \u1409 Bedste odds og live-v\u00e6ddem\u00e5l","isPartOf":{"@id":"https:\/\/22bet.team\/da\/#website"},"datePublished":"2026-01-28T15:35:04+00:00","dateModified":"2026-02-09T08:40:57+00:00","description":"Hockey-v\u00e6ddem\u00e5l hos 22Bet! En licenseret bookmaker, der tilbyder et bredt udvalg af sportsgrene, h\u00f8je odds og lukrative bonusser. Tilmeld dig og f\u00e5 adgang til et bredt udvalg af v\u00e6ddem\u00e5l og sikre betalinger, herunder kryptovaluta.","breadcrumb":{"@id":"http:\/\/22bet.team\/da\/hockey\/#breadcrumb"},"inLanguage":"da-DK","potentialAction":[{"@type":"ReadAction","target":["http:\/\/22bet.team\/da\/hockey\/"]}]},{"@type":"BreadcrumbList","@id":"http:\/\/22bet.team\/da\/hockey\/#breadcrumb","itemListElement":[{"@type":"ListItem","position":1,"name":"Home","item":"https:\/\/22bet.team\/da\/"},{"@type":"ListItem","position":2,"name":"Hockey"}]},{"@type":"WebSite","@id":"https:\/\/22bet.team\/da\/#website","url":"https:\/\/22bet.team\/da\/","name":"22bet Team da","description":"","potentialAction":[{"@type":"SearchAction","target":{"@type":"EntryPoint","urlTemplate":"https:\/\/22bet.team\/da\/?s={search_term_string}"},"query-input":{"@type":"PropertyValueSpecification","valueRequired":true,"valueName":"search_term_string"}}],"inLanguage":"da-DK"}]}},"_links":{"self":[{"href":"https:\/\/22bet.team\/da\/wp-json\/wp\/v2\/pages\/1177","targetHints":{"allow":["GET"]}}],"collection":[{"href":"https:\/\/22bet.team\/da\/wp-json\/wp\/v2\/pages"}],"about":[{"href":"https:\/\/22bet.team\/da\/wp-json\/wp\/v2\/types\/page"}],"author":[{"embeddable":true,"href":"https:\/\/22bet.team\/da\/wp-json\/wp\/v2\/users\/1"}],"replies":[{"embeddable":true,"href":"https:\/\/22bet.team\/da\/wp-json\/wp\/v2\/comments?post=1177"}],"version-history":[{"count":4,"href":"https:\/\/22bet.team\/da\/wp-json\/wp\/v2\/pages\/1177\/revisions"}],"predecessor-version":[{"id":1238,"href":"https:\/\/22bet.team\/da\/wp-json\/wp\/v2\/pages\/1177\/revisions\/1238"}],"wp:attachment":[{"href":"https:\/\/22bet.team\/da\/wp-json\/wp\/v2\/media?parent=1177"}],"curies":[{"name":"wp","href":"https:\/\/api.w.org\/{rel}","templated":true}]}}