{"id":2,"date":"2025-08-22T14:28:47","date_gmt":"2025-08-22T11:28:47","guid":{"rendered":"https:\/\/22bet.team\/de\/?page_id=2"},"modified":"2025-12-29T14:47:14","modified_gmt":"2025-12-29T11:47:14","slug":"home","status":"publish","type":"page","link":"https:\/\/22bet.team\/de\/","title":{"rendered":"Startseite"},"content":{"rendered":"","protected":false},"excerpt":{"rendered":"","protected":false},"author":1,"featured_media":0,"parent":0,"menu_order":0,"comment_status":"closed","ping_status":"closed","template":"","meta":{"_acf_changed":false,"footnotes":""},"class_list":["post-2","page","type-page","status-publish","hentry"],"acf":[],"yoast_head":"<!-- This site is optimized with the Yoast SEO plugin v26.1.1 - https:\/\/yoast.com\/wordpress\/plugins\/seo\/ -->\n<title>22Bet: Wetten &amp; Casino \ud83c\udfb2 Top Quoten, Spiele &amp; Boni<\/title>\n<meta name=\"description\" content=\"22Bet \u2013 f\u00fchrende Online-Wettplattform mit einer gro\u00dfen Auswahl an Sportwetten und einem au\u00dfergew\u00f6hnlichen Casino-Erlebnis. Entdecken Sie gro\u00dfz\u00fcgige Boni, Live-Wettfunktionen und wettbewerbsf\u00e4hige Quoten f\u00fcr neue und erfahrene Spieler.\" \/>\n<meta name=\"robots\" content=\"index, follow, max-snippet:-1, max-image-preview:large, max-video-preview:-1\" \/>\n<link rel=\"canonical\" href=\"https:\/\/22bet.team\/de\/\" \/>\n<meta property=\"og:locale\" content=\"de_DE\" \/>\n<meta property=\"og:type\" content=\"article\" \/>\n<meta property=\"og:title\" content=\"22Bet: Wetten &amp; Casino \ud83c\udfb2 Top Quoten, Spiele &amp; Boni\" \/>\n<meta property=\"og:description\" content=\"22Bet \u2013 f\u00fchrende Online-Wettplattform mit einer gro\u00dfen Auswahl an Sportwetten und einem au\u00dfergew\u00f6hnlichen Casino-Erlebnis. Entdecken Sie gro\u00dfz\u00fcgige Boni, Live-Wettfunktionen und wettbewerbsf\u00e4hige Quoten f\u00fcr neue und erfahrene Spieler.\" \/>\n<meta property=\"og:url\" content=\"https:\/\/22bet.team\/de\/\" \/>\n<meta property=\"og:site_name\" content=\"22bet Team de\" \/>\n<meta property=\"article:modified_time\" content=\"2025-12-29T11:47:14+00:00\" \/>\n<meta name=\"twitter:card\" content=\"summary_large_image\" \/>\n<script type=\"application\/ld+json\" class=\"yoast-schema-graph\">{\"@context\":\"https:\/\/schema.org\",\"@graph\":[{\"@type\":\"WebPage\",\"@id\":\"https:\/\/22bet.team\/de\/\",\"url\":\"https:\/\/22bet.team\/de\/\",\"name\":\"22Bet: Wetten & Casino \ud83c\udfb2 Top Quoten, Spiele & Boni\",\"isPartOf\":{\"@id\":\"https:\/\/22bet.team\/de\/#website\"},\"datePublished\":\"2025-08-22T11:28:47+00:00\",\"dateModified\":\"2025-12-29T11:47:14+00:00\",\"description\":\"22Bet \u2013 f\u00fchrende Online-Wettplattform mit einer gro\u00dfen Auswahl an Sportwetten und einem au\u00dfergew\u00f6hnlichen Casino-Erlebnis. Entdecken Sie gro\u00dfz\u00fcgige Boni, Live-Wettfunktionen und wettbewerbsf\u00e4hige Quoten f\u00fcr neue und erfahrene Spieler.\",\"breadcrumb\":{\"@id\":\"https:\/\/22bet.team\/de\/#breadcrumb\"},\"inLanguage\":\"de\",\"potentialAction\":[{\"@type\":\"ReadAction\",\"target\":[\"https:\/\/22bet.team\/de\/\"]}]},{\"@type\":\"BreadcrumbList\",\"@id\":\"https:\/\/22bet.team\/de\/#breadcrumb\",\"itemListElement\":[{\"@type\":\"ListItem\",\"position\":1,\"name\":\"Home\",\"item\":\"https:\/\/22bet.team\/de\/\"},{\"@type\":\"ListItem\",\"position\":2,\"name\":\"Startseite\"}]},{\"@type\":\"WebSite\",\"@id\":\"https:\/\/22bet.team\/de\/#website\",\"url\":\"https:\/\/22bet.team\/de\/\",\"name\":\"22bet Team de\",\"description\":\"\",\"potentialAction\":[{\"@type\":\"SearchAction\",\"target\":{\"@type\":\"EntryPoint\",\"urlTemplate\":\"https:\/\/22bet.team\/de\/?s={search_term_string}\"},\"query-input\":{\"@type\":\"PropertyValueSpecification\",\"valueRequired\":true,\"valueName\":\"search_term_string\"}}],\"inLanguage\":\"de\"}]}<\/script>\n<!-- \/ Yoast SEO plugin. -->","yoast_head_json":{"title":"22Bet: Wetten & Casino \ud83c\udfb2 Top Quoten, Spiele & Boni","description":"22Bet \u2013 f\u00fchrende Online-Wettplattform mit einer gro\u00dfen Auswahl an Sportwetten und einem au\u00dfergew\u00f6hnlichen Casino-Erlebnis. Entdecken Sie gro\u00dfz\u00fcgige Boni, Live-Wettfunktionen und wettbewerbsf\u00e4hige Quoten f\u00fcr neue und erfahrene Spieler.","robots":{"index":"index","follow":"follow","max-snippet":"max-snippet:-1","max-image-preview":"max-image-preview:large","max-video-preview":"max-video-preview:-1"},"canonical":"https:\/\/22bet.team\/de\/","og_locale":"de_DE","og_type":"article","og_title":"22Bet: Wetten & Casino \ud83c\udfb2 Top Quoten, Spiele & Boni","og_description":"22Bet \u2013 f\u00fchrende Online-Wettplattform mit einer gro\u00dfen Auswahl an Sportwetten und einem au\u00dfergew\u00f6hnlichen Casino-Erlebnis. Entdecken Sie gro\u00dfz\u00fcgige Boni, Live-Wettfunktionen und wettbewerbsf\u00e4hige Quoten f\u00fcr neue und erfahrene Spieler.","og_url":"https:\/\/22bet.team\/de\/","og_site_name":"22bet Team de","article_modified_time":"2025-12-29T11:47:14+00:00","twitter_card":"summary_large_image","schema":{"@context":"https:\/\/schema.org","@graph":[{"@type":"WebPage","@id":"https:\/\/22bet.team\/de\/","url":"https:\/\/22bet.team\/de\/","name":"22Bet: Wetten & Casino \ud83c\udfb2 Top Quoten, Spiele & Boni","isPartOf":{"@id":"https:\/\/22bet.team\/de\/#website"},"datePublished":"2025-08-22T11:28:47+00:00","dateModified":"2025-12-29T11:47:14+00:00","description":"22Bet \u2013 f\u00fchrende Online-Wettplattform mit einer gro\u00dfen Auswahl an Sportwetten und einem au\u00dfergew\u00f6hnlichen Casino-Erlebnis. Entdecken Sie gro\u00dfz\u00fcgige Boni, Live-Wettfunktionen und wettbewerbsf\u00e4hige Quoten f\u00fcr neue und erfahrene Spieler.","breadcrumb":{"@id":"https:\/\/22bet.team\/de\/#breadcrumb"},"inLanguage":"de","potentialAction":[{"@type":"ReadAction","target":["https:\/\/22bet.team\/de\/"]}]},{"@type":"BreadcrumbList","@id":"https:\/\/22bet.team\/de\/#breadcrumb","itemListElement":[{"@type":"ListItem","position":1,"name":"Home","item":"https:\/\/22bet.team\/de\/"},{"@type":"ListItem","position":2,"name":"Startseite"}]},{"@type":"WebSite","@id":"https:\/\/22bet.team\/de\/#website","url":"https:\/\/22bet.team\/de\/","name":"22bet Team de","description":"","potentialAction":[{"@type":"SearchAction","target":{"@type":"EntryPoint","urlTemplate":"https:\/\/22bet.team\/de\/?s={search_term_string}"},"query-input":{"@type":"PropertyValueSpecification","valueRequired":true,"valueName":"search_term_string"}}],"inLanguage":"de"}]}},"_links":{"self":[{"href":"https:\/\/22bet.team\/de\/wp-json\/wp\/v2\/pages\/2","targetHints":{"allow":["GET"]}}],"collection":[{"href":"https:\/\/22bet.team\/de\/wp-json\/wp\/v2\/pages"}],"about":[{"href":"https:\/\/22bet.team\/de\/wp-json\/wp\/v2\/types\/page"}],"author":[{"embeddable":true,"href":"https:\/\/22bet.team\/de\/wp-json\/wp\/v2\/users\/1"}],"replies":[{"embeddable":true,"href":"https:\/\/22bet.team\/de\/wp-json\/wp\/v2\/comments?post=2"}],"version-history":[{"count":87,"href":"https:\/\/22bet.team\/de\/wp-json\/wp\/v2\/pages\/2\/revisions"}],"predecessor-version":[{"id":1177,"href":"https:\/\/22bet.team\/de\/wp-json\/wp\/v2\/pages\/2\/revisions\/1177"}],"wp:attachment":[{"href":"https:\/\/22bet.team\/de\/wp-json\/wp\/v2\/media?parent=2"}],"curies":[{"name":"wp","href":"https:\/\/api.w.org\/{rel}","templated":true}]}}