{"id":961,"date":"2025-11-19T09:25:55","date_gmt":"2025-11-19T06:25:55","guid":{"rendered":"https:\/\/22bet.team\/es\/?page_id=961"},"modified":"2025-12-17T13:29:15","modified_gmt":"2025-12-17T10:29:15","slug":"apk","status":"publish","type":"page","link":"https:\/\/22bet.team\/es\/apk\/","title":{"rendered":"Apk"},"content":{"rendered":"","protected":false},"excerpt":{"rendered":"","protected":false},"author":1,"featured_media":0,"parent":0,"menu_order":0,"comment_status":"closed","ping_status":"closed","template":"","meta":{"_acf_changed":false,"footnotes":""},"class_list":["post-961","page","type-page","status-publish","hentry"],"acf":[],"yoast_head":"<!-- This site is optimized with the Yoast SEO plugin v26.1.1 - https:\/\/yoast.com\/wordpress\/plugins\/seo\/ -->\n<title>22Bet APK \u1409 Aplicaci\u00f3n r\u00e1pida para apuestas deportivas y casino<\/title>\n<meta name=\"description\" content=\"Descarga la aplicaci\u00f3n APK de 22Bet para apuestas deportivas y juegos de azar. Accede a m\u00e1s de 20 deportes, cuotas altas y bonificaciones \u00fanicas para nuevos usuarios. \u00a1Juega y gana directamente desde tu Android!\" \/>\n<meta name=\"robots\" content=\"index, follow, max-snippet:-1, max-image-preview:large, max-video-preview:-1\" \/>\n<link rel=\"canonical\" href=\"https:\/\/22bet.team\/es\/apk\/\" \/>\n<meta property=\"og:locale\" content=\"es_ES\" \/>\n<meta property=\"og:type\" content=\"article\" \/>\n<meta property=\"og:title\" content=\"22Bet APK \u1409 Aplicaci\u00f3n r\u00e1pida para apuestas deportivas y casino\" \/>\n<meta property=\"og:description\" content=\"Descarga la aplicaci\u00f3n APK de 22Bet para apuestas deportivas y juegos de azar. Accede a m\u00e1s de 20 deportes, cuotas altas y bonificaciones \u00fanicas para nuevos usuarios. \u00a1Juega y gana directamente desde tu Android!\" \/>\n<meta property=\"og:url\" content=\"https:\/\/22bet.team\/es\/apk\/\" \/>\n<meta property=\"og:site_name\" content=\"22Bet Team es\" \/>\n<meta property=\"article:modified_time\" content=\"2025-12-17T10:29:15+00:00\" \/>\n<meta name=\"twitter:card\" content=\"summary_large_image\" \/>\n<script type=\"application\/ld+json\" class=\"yoast-schema-graph\">{\"@context\":\"https:\/\/schema.org\",\"@graph\":[{\"@type\":\"WebPage\",\"@id\":\"https:\/\/22bet.team\/es\/apk\/\",\"url\":\"https:\/\/22bet.team\/es\/apk\/\",\"name\":\"22Bet APK \u1409 Aplicaci\u00f3n r\u00e1pida para apuestas deportivas y casino\",\"isPartOf\":{\"@id\":\"https:\/\/22bet.team\/es\/#website\"},\"datePublished\":\"2025-11-19T06:25:55+00:00\",\"dateModified\":\"2025-12-17T10:29:15+00:00\",\"description\":\"Descarga la aplicaci\u00f3n APK de 22Bet para apuestas deportivas y juegos de azar. Accede a m\u00e1s de 20 deportes, cuotas altas y bonificaciones \u00fanicas para nuevos usuarios. \u00a1Juega y gana directamente desde tu Android!\",\"breadcrumb\":{\"@id\":\"https:\/\/22bet.team\/es\/apk\/#breadcrumb\"},\"inLanguage\":\"es\",\"potentialAction\":[{\"@type\":\"ReadAction\",\"target\":[\"https:\/\/22bet.team\/es\/apk\/\"]}]},{\"@type\":\"BreadcrumbList\",\"@id\":\"https:\/\/22bet.team\/es\/apk\/#breadcrumb\",\"itemListElement\":[{\"@type\":\"ListItem\",\"position\":1,\"name\":\"Home\",\"item\":\"https:\/\/22bet.team\/es\/\"},{\"@type\":\"ListItem\",\"position\":2,\"name\":\"Apk\"}]},{\"@type\":\"WebSite\",\"@id\":\"https:\/\/22bet.team\/es\/#website\",\"url\":\"https:\/\/22bet.team\/es\/\",\"name\":\"22Bet Team es\",\"description\":\"\",\"potentialAction\":[{\"@type\":\"SearchAction\",\"target\":{\"@type\":\"EntryPoint\",\"urlTemplate\":\"https:\/\/22bet.team\/es\/?s={search_term_string}\"},\"query-input\":{\"@type\":\"PropertyValueSpecification\",\"valueRequired\":true,\"valueName\":\"search_term_string\"}}],\"inLanguage\":\"es\"}]}<\/script>\n<!-- \/ Yoast SEO plugin. -->","yoast_head_json":{"title":"22Bet APK \u1409 Aplicaci\u00f3n r\u00e1pida para apuestas deportivas y casino","description":"Descarga la aplicaci\u00f3n APK de 22Bet para apuestas deportivas y juegos de azar. Accede a m\u00e1s de 20 deportes, cuotas altas y bonificaciones \u00fanicas para nuevos usuarios. \u00a1Juega y gana directamente desde tu Android!","robots":{"index":"index","follow":"follow","max-snippet":"max-snippet:-1","max-image-preview":"max-image-preview:large","max-video-preview":"max-video-preview:-1"},"canonical":"https:\/\/22bet.team\/es\/apk\/","og_locale":"es_ES","og_type":"article","og_title":"22Bet APK \u1409 Aplicaci\u00f3n r\u00e1pida para apuestas deportivas y casino","og_description":"Descarga la aplicaci\u00f3n APK de 22Bet para apuestas deportivas y juegos de azar. Accede a m\u00e1s de 20 deportes, cuotas altas y bonificaciones \u00fanicas para nuevos usuarios. \u00a1Juega y gana directamente desde tu Android!","og_url":"https:\/\/22bet.team\/es\/apk\/","og_site_name":"22Bet Team es","article_modified_time":"2025-12-17T10:29:15+00:00","twitter_card":"summary_large_image","schema":{"@context":"https:\/\/schema.org","@graph":[{"@type":"WebPage","@id":"https:\/\/22bet.team\/es\/apk\/","url":"https:\/\/22bet.team\/es\/apk\/","name":"22Bet APK \u1409 Aplicaci\u00f3n r\u00e1pida para apuestas deportivas y casino","isPartOf":{"@id":"https:\/\/22bet.team\/es\/#website"},"datePublished":"2025-11-19T06:25:55+00:00","dateModified":"2025-12-17T10:29:15+00:00","description":"Descarga la aplicaci\u00f3n APK de 22Bet para apuestas deportivas y juegos de azar. Accede a m\u00e1s de 20 deportes, cuotas altas y bonificaciones \u00fanicas para nuevos usuarios. \u00a1Juega y gana directamente desde tu Android!","breadcrumb":{"@id":"https:\/\/22bet.team\/es\/apk\/#breadcrumb"},"inLanguage":"es","potentialAction":[{"@type":"ReadAction","target":["https:\/\/22bet.team\/es\/apk\/"]}]},{"@type":"BreadcrumbList","@id":"https:\/\/22bet.team\/es\/apk\/#breadcrumb","itemListElement":[{"@type":"ListItem","position":1,"name":"Home","item":"https:\/\/22bet.team\/es\/"},{"@type":"ListItem","position":2,"name":"Apk"}]},{"@type":"WebSite","@id":"https:\/\/22bet.team\/es\/#website","url":"https:\/\/22bet.team\/es\/","name":"22Bet Team es","description":"","potentialAction":[{"@type":"SearchAction","target":{"@type":"EntryPoint","urlTemplate":"https:\/\/22bet.team\/es\/?s={search_term_string}"},"query-input":{"@type":"PropertyValueSpecification","valueRequired":true,"valueName":"search_term_string"}}],"inLanguage":"es"}]}},"_links":{"self":[{"href":"https:\/\/22bet.team\/es\/wp-json\/wp\/v2\/pages\/961","targetHints":{"allow":["GET"]}}],"collection":[{"href":"https:\/\/22bet.team\/es\/wp-json\/wp\/v2\/pages"}],"about":[{"href":"https:\/\/22bet.team\/es\/wp-json\/wp\/v2\/types\/page"}],"author":[{"embeddable":true,"href":"https:\/\/22bet.team\/es\/wp-json\/wp\/v2\/users\/1"}],"replies":[{"embeddable":true,"href":"https:\/\/22bet.team\/es\/wp-json\/wp\/v2\/comments?post=961"}],"version-history":[{"count":9,"href":"https:\/\/22bet.team\/es\/wp-json\/wp\/v2\/pages\/961\/revisions"}],"predecessor-version":[{"id":1161,"href":"https:\/\/22bet.team\/es\/wp-json\/wp\/v2\/pages\/961\/revisions\/1161"}],"wp:attachment":[{"href":"https:\/\/22bet.team\/es\/wp-json\/wp\/v2\/media?parent=961"}],"curies":[{"name":"wp","href":"https:\/\/api.w.org\/{rel}","templated":true}]}}