{"id":830,"date":"2025-11-14T09:42:58","date_gmt":"2025-11-14T06:42:58","guid":{"rendered":"https:\/\/22bet.team\/fi\/?page_id=830"},"modified":"2026-02-27T15:04:02","modified_gmt":"2026-02-27T12:04:02","slug":"app","status":"publish","type":"page","link":"https:\/\/22bet.team\/fi\/app\/","title":{"rendered":"Sovellus"},"content":{"rendered":"","protected":false},"excerpt":{"rendered":"","protected":false},"author":1,"featured_media":0,"parent":0,"menu_order":0,"comment_status":"closed","ping_status":"closed","template":"","meta":{"_acf_changed":false,"footnotes":""},"class_list":["post-830","page","type-page","status-publish","hentry"],"acf":[],"yoast_head":"<!-- This site is optimized with the Yoast SEO plugin v26.1.1 - https:\/\/yoast.com\/wordpress\/plugins\/seo\/ -->\n<title>22Bet-sovellus \u2b07\ufe0f Vedonly\u00f6nnin ja kasinon ominaisuudet ja edut<\/title>\n<meta name=\"description\" content=\"22Bet-sovellus \u2013 lataa se Android- ja iOS-laitteille ja saat v\u00e4litt\u00f6m\u00e4n p\u00e4\u00e4syn live-vedonly\u00f6ntiin, kasinoon, bonuksiin ja nopeisiin maksuihin. Moderni, k\u00e4tev\u00e4 ja turvallinen mobiilik\u00e4ytt\u00f6liittym\u00e4.\" \/>\n<meta name=\"robots\" content=\"index, follow, max-snippet:-1, max-image-preview:large, max-video-preview:-1\" \/>\n<link rel=\"canonical\" href=\"http:\/\/22bet.team\/fi\/app\/\" \/>\n<meta property=\"og:locale\" content=\"fi_FI\" \/>\n<meta property=\"og:type\" content=\"article\" \/>\n<meta property=\"og:title\" content=\"22Bet-sovellus \u2b07\ufe0f Vedonly\u00f6nnin ja kasinon ominaisuudet ja edut\" \/>\n<meta property=\"og:description\" content=\"22Bet-sovellus \u2013 lataa se Android- ja iOS-laitteille ja saat v\u00e4litt\u00f6m\u00e4n p\u00e4\u00e4syn live-vedonly\u00f6ntiin, kasinoon, bonuksiin ja nopeisiin maksuihin. Moderni, k\u00e4tev\u00e4 ja turvallinen mobiilik\u00e4ytt\u00f6liittym\u00e4.\" \/>\n<meta property=\"og:url\" content=\"http:\/\/22bet.team\/fi\/app\/\" \/>\n<meta property=\"og:site_name\" content=\"22bet Team fi\" \/>\n<meta property=\"article:modified_time\" content=\"2026-02-27T12:04:02+00:00\" \/>\n<meta name=\"twitter:card\" content=\"summary_large_image\" \/>\n<script type=\"application\/ld+json\" class=\"yoast-schema-graph\">{\"@context\":\"https:\/\/schema.org\",\"@graph\":[{\"@type\":\"WebPage\",\"@id\":\"http:\/\/22bet.team\/fi\/app\/\",\"url\":\"http:\/\/22bet.team\/fi\/app\/\",\"name\":\"22Bet-sovellus \u2b07\ufe0f Vedonly\u00f6nnin ja kasinon ominaisuudet ja edut\",\"isPartOf\":{\"@id\":\"http:\/\/22bet.team\/fi\/#website\"},\"datePublished\":\"2025-11-14T06:42:58+00:00\",\"dateModified\":\"2026-02-27T12:04:02+00:00\",\"description\":\"22Bet-sovellus \u2013 lataa se Android- ja iOS-laitteille ja saat v\u00e4litt\u00f6m\u00e4n p\u00e4\u00e4syn live-vedonly\u00f6ntiin, kasinoon, bonuksiin ja nopeisiin maksuihin. Moderni, k\u00e4tev\u00e4 ja turvallinen mobiilik\u00e4ytt\u00f6liittym\u00e4.\",\"breadcrumb\":{\"@id\":\"http:\/\/22bet.team\/fi\/app\/#breadcrumb\"},\"inLanguage\":\"fi\",\"potentialAction\":[{\"@type\":\"ReadAction\",\"target\":[\"http:\/\/22bet.team\/fi\/app\/\"]}]},{\"@type\":\"BreadcrumbList\",\"@id\":\"http:\/\/22bet.team\/fi\/app\/#breadcrumb\",\"itemListElement\":[{\"@type\":\"ListItem\",\"position\":1,\"name\":\"Home\",\"item\":\"http:\/\/22bet.team\/fi\/\"},{\"@type\":\"ListItem\",\"position\":2,\"name\":\"Sovellus\"}]},{\"@type\":\"WebSite\",\"@id\":\"http:\/\/22bet.team\/fi\/#website\",\"url\":\"http:\/\/22bet.team\/fi\/\",\"name\":\"22bet Team fi\",\"description\":\"\",\"potentialAction\":[{\"@type\":\"SearchAction\",\"target\":{\"@type\":\"EntryPoint\",\"urlTemplate\":\"http:\/\/22bet.team\/fi\/?s={search_term_string}\"},\"query-input\":{\"@type\":\"PropertyValueSpecification\",\"valueRequired\":true,\"valueName\":\"search_term_string\"}}],\"inLanguage\":\"fi\"}]}<\/script>\n<!-- \/ Yoast SEO plugin. -->","yoast_head_json":{"title":"22Bet-sovellus \u2b07\ufe0f Vedonly\u00f6nnin ja kasinon ominaisuudet ja edut","description":"22Bet-sovellus \u2013 lataa se Android- ja iOS-laitteille ja saat v\u00e4litt\u00f6m\u00e4n p\u00e4\u00e4syn live-vedonly\u00f6ntiin, kasinoon, bonuksiin ja nopeisiin maksuihin. Moderni, k\u00e4tev\u00e4 ja turvallinen mobiilik\u00e4ytt\u00f6liittym\u00e4.","robots":{"index":"index","follow":"follow","max-snippet":"max-snippet:-1","max-image-preview":"max-image-preview:large","max-video-preview":"max-video-preview:-1"},"canonical":"http:\/\/22bet.team\/fi\/app\/","og_locale":"fi_FI","og_type":"article","og_title":"22Bet-sovellus \u2b07\ufe0f Vedonly\u00f6nnin ja kasinon ominaisuudet ja edut","og_description":"22Bet-sovellus \u2013 lataa se Android- ja iOS-laitteille ja saat v\u00e4litt\u00f6m\u00e4n p\u00e4\u00e4syn live-vedonly\u00f6ntiin, kasinoon, bonuksiin ja nopeisiin maksuihin. Moderni, k\u00e4tev\u00e4 ja turvallinen mobiilik\u00e4ytt\u00f6liittym\u00e4.","og_url":"http:\/\/22bet.team\/fi\/app\/","og_site_name":"22bet Team fi","article_modified_time":"2026-02-27T12:04:02+00:00","twitter_card":"summary_large_image","schema":{"@context":"https:\/\/schema.org","@graph":[{"@type":"WebPage","@id":"http:\/\/22bet.team\/fi\/app\/","url":"http:\/\/22bet.team\/fi\/app\/","name":"22Bet-sovellus \u2b07\ufe0f Vedonly\u00f6nnin ja kasinon ominaisuudet ja edut","isPartOf":{"@id":"http:\/\/22bet.team\/fi\/#website"},"datePublished":"2025-11-14T06:42:58+00:00","dateModified":"2026-02-27T12:04:02+00:00","description":"22Bet-sovellus \u2013 lataa se Android- ja iOS-laitteille ja saat v\u00e4litt\u00f6m\u00e4n p\u00e4\u00e4syn live-vedonly\u00f6ntiin, kasinoon, bonuksiin ja nopeisiin maksuihin. Moderni, k\u00e4tev\u00e4 ja turvallinen mobiilik\u00e4ytt\u00f6liittym\u00e4.","breadcrumb":{"@id":"http:\/\/22bet.team\/fi\/app\/#breadcrumb"},"inLanguage":"fi","potentialAction":[{"@type":"ReadAction","target":["http:\/\/22bet.team\/fi\/app\/"]}]},{"@type":"BreadcrumbList","@id":"http:\/\/22bet.team\/fi\/app\/#breadcrumb","itemListElement":[{"@type":"ListItem","position":1,"name":"Home","item":"http:\/\/22bet.team\/fi\/"},{"@type":"ListItem","position":2,"name":"Sovellus"}]},{"@type":"WebSite","@id":"http:\/\/22bet.team\/fi\/#website","url":"http:\/\/22bet.team\/fi\/","name":"22bet Team fi","description":"","potentialAction":[{"@type":"SearchAction","target":{"@type":"EntryPoint","urlTemplate":"http:\/\/22bet.team\/fi\/?s={search_term_string}"},"query-input":{"@type":"PropertyValueSpecification","valueRequired":true,"valueName":"search_term_string"}}],"inLanguage":"fi"}]}},"_links":{"self":[{"href":"https:\/\/22bet.team\/fi\/wp-json\/wp\/v2\/pages\/830","targetHints":{"allow":["GET"]}}],"collection":[{"href":"https:\/\/22bet.team\/fi\/wp-json\/wp\/v2\/pages"}],"about":[{"href":"https:\/\/22bet.team\/fi\/wp-json\/wp\/v2\/types\/page"}],"author":[{"embeddable":true,"href":"https:\/\/22bet.team\/fi\/wp-json\/wp\/v2\/users\/1"}],"replies":[{"embeddable":true,"href":"https:\/\/22bet.team\/fi\/wp-json\/wp\/v2\/comments?post=830"}],"version-history":[{"count":5,"href":"https:\/\/22bet.team\/fi\/wp-json\/wp\/v2\/pages\/830\/revisions"}],"predecessor-version":[{"id":1231,"href":"https:\/\/22bet.team\/fi\/wp-json\/wp\/v2\/pages\/830\/revisions\/1231"}],"wp:attachment":[{"href":"https:\/\/22bet.team\/fi\/wp-json\/wp\/v2\/media?parent=830"}],"curies":[{"name":"wp","href":"https:\/\/api.w.org\/{rel}","templated":true}]}}