{"id":961,"date":"2025-11-19T09:25:55","date_gmt":"2025-11-19T06:25:55","guid":{"rendered":"https:\/\/22bet.team\/fi\/?page_id=961"},"modified":"2026-02-27T14:47:33","modified_gmt":"2026-02-27T11:47:33","slug":"apk","status":"publish","type":"page","link":"https:\/\/22bet.team\/fi\/apk\/","title":{"rendered":"Apk"},"content":{"rendered":"","protected":false},"excerpt":{"rendered":"","protected":false},"author":1,"featured_media":0,"parent":0,"menu_order":0,"comment_status":"closed","ping_status":"closed","template":"","meta":{"_acf_changed":false,"footnotes":""},"class_list":["post-961","page","type-page","status-publish","hentry"],"acf":[],"yoast_head":"<!-- This site is optimized with the Yoast SEO plugin v26.1.1 - https:\/\/yoast.com\/wordpress\/plugins\/seo\/ -->\n<title>Lataa 22Bet APK \ud83d\udcf1 Nopea sovellus urheiluun ja kasinoon<\/title>\n<meta name=\"description\" content=\"Lataa 22Bet APK -sovellus urheiluvedonly\u00f6nti\u00e4 ja uhkapelej\u00e4 varten. Saat k\u00e4ytt\u00f6\u00f6si yli 20 urheilulajia, korkeat kertoimet ja ainutlaatuiset bonukset uusille k\u00e4ytt\u00e4jille. Pelaa ja voita suoraan Android-laitteellasi!\" \/>\n<meta name=\"robots\" content=\"index, follow, max-snippet:-1, max-image-preview:large, max-video-preview:-1\" \/>\n<link rel=\"canonical\" href=\"http:\/\/22bet.team\/fi\/apk\/\" \/>\n<meta property=\"og:locale\" content=\"fi_FI\" \/>\n<meta property=\"og:type\" content=\"article\" \/>\n<meta property=\"og:title\" content=\"Lataa 22Bet APK \ud83d\udcf1 Nopea sovellus urheiluun ja kasinoon\" \/>\n<meta property=\"og:description\" content=\"Lataa 22Bet APK -sovellus urheiluvedonly\u00f6nti\u00e4 ja uhkapelej\u00e4 varten. Saat k\u00e4ytt\u00f6\u00f6si yli 20 urheilulajia, korkeat kertoimet ja ainutlaatuiset bonukset uusille k\u00e4ytt\u00e4jille. Pelaa ja voita suoraan Android-laitteellasi!\" \/>\n<meta property=\"og:url\" content=\"http:\/\/22bet.team\/fi\/apk\/\" \/>\n<meta property=\"og:site_name\" content=\"22bet Team fi\" \/>\n<meta property=\"article:modified_time\" content=\"2026-02-27T11:47:33+00:00\" \/>\n<meta name=\"twitter:card\" content=\"summary_large_image\" \/>\n<script type=\"application\/ld+json\" class=\"yoast-schema-graph\">{\"@context\":\"https:\/\/schema.org\",\"@graph\":[{\"@type\":\"WebPage\",\"@id\":\"http:\/\/22bet.team\/fi\/apk\/\",\"url\":\"http:\/\/22bet.team\/fi\/apk\/\",\"name\":\"Lataa 22Bet APK \ud83d\udcf1 Nopea sovellus urheiluun ja kasinoon\",\"isPartOf\":{\"@id\":\"https:\/\/22bet.team\/fi\/#website\"},\"datePublished\":\"2025-11-19T06:25:55+00:00\",\"dateModified\":\"2026-02-27T11:47:33+00:00\",\"description\":\"Lataa 22Bet APK -sovellus urheiluvedonly\u00f6nti\u00e4 ja uhkapelej\u00e4 varten. Saat k\u00e4ytt\u00f6\u00f6si yli 20 urheilulajia, korkeat kertoimet ja ainutlaatuiset bonukset uusille k\u00e4ytt\u00e4jille. Pelaa ja voita suoraan Android-laitteellasi!\",\"breadcrumb\":{\"@id\":\"http:\/\/22bet.team\/fi\/apk\/#breadcrumb\"},\"inLanguage\":\"fi\",\"potentialAction\":[{\"@type\":\"ReadAction\",\"target\":[\"http:\/\/22bet.team\/fi\/apk\/\"]}]},{\"@type\":\"BreadcrumbList\",\"@id\":\"http:\/\/22bet.team\/fi\/apk\/#breadcrumb\",\"itemListElement\":[{\"@type\":\"ListItem\",\"position\":1,\"name\":\"Home\",\"item\":\"http:\/\/22bet.team\/fi\/\"},{\"@type\":\"ListItem\",\"position\":2,\"name\":\"Apk\"}]},{\"@type\":\"WebSite\",\"@id\":\"https:\/\/22bet.team\/fi\/#website\",\"url\":\"https:\/\/22bet.team\/fi\/\",\"name\":\"22bet Team fi\",\"description\":\"\",\"potentialAction\":[{\"@type\":\"SearchAction\",\"target\":{\"@type\":\"EntryPoint\",\"urlTemplate\":\"https:\/\/22bet.team\/fi\/?s={search_term_string}\"},\"query-input\":{\"@type\":\"PropertyValueSpecification\",\"valueRequired\":true,\"valueName\":\"search_term_string\"}}],\"inLanguage\":\"fi\"}]}<\/script>\n<!-- \/ Yoast SEO plugin. -->","yoast_head_json":{"title":"Lataa 22Bet APK \ud83d\udcf1 Nopea sovellus urheiluun ja kasinoon","description":"Lataa 22Bet APK -sovellus urheiluvedonly\u00f6nti\u00e4 ja uhkapelej\u00e4 varten. Saat k\u00e4ytt\u00f6\u00f6si yli 20 urheilulajia, korkeat kertoimet ja ainutlaatuiset bonukset uusille k\u00e4ytt\u00e4jille. Pelaa ja voita suoraan Android-laitteellasi!","robots":{"index":"index","follow":"follow","max-snippet":"max-snippet:-1","max-image-preview":"max-image-preview:large","max-video-preview":"max-video-preview:-1"},"canonical":"http:\/\/22bet.team\/fi\/apk\/","og_locale":"fi_FI","og_type":"article","og_title":"Lataa 22Bet APK \ud83d\udcf1 Nopea sovellus urheiluun ja kasinoon","og_description":"Lataa 22Bet APK -sovellus urheiluvedonly\u00f6nti\u00e4 ja uhkapelej\u00e4 varten. Saat k\u00e4ytt\u00f6\u00f6si yli 20 urheilulajia, korkeat kertoimet ja ainutlaatuiset bonukset uusille k\u00e4ytt\u00e4jille. Pelaa ja voita suoraan Android-laitteellasi!","og_url":"http:\/\/22bet.team\/fi\/apk\/","og_site_name":"22bet Team fi","article_modified_time":"2026-02-27T11:47:33+00:00","twitter_card":"summary_large_image","schema":{"@context":"https:\/\/schema.org","@graph":[{"@type":"WebPage","@id":"http:\/\/22bet.team\/fi\/apk\/","url":"http:\/\/22bet.team\/fi\/apk\/","name":"Lataa 22Bet APK \ud83d\udcf1 Nopea sovellus urheiluun ja kasinoon","isPartOf":{"@id":"https:\/\/22bet.team\/fi\/#website"},"datePublished":"2025-11-19T06:25:55+00:00","dateModified":"2026-02-27T11:47:33+00:00","description":"Lataa 22Bet APK -sovellus urheiluvedonly\u00f6nti\u00e4 ja uhkapelej\u00e4 varten. Saat k\u00e4ytt\u00f6\u00f6si yli 20 urheilulajia, korkeat kertoimet ja ainutlaatuiset bonukset uusille k\u00e4ytt\u00e4jille. Pelaa ja voita suoraan Android-laitteellasi!","breadcrumb":{"@id":"http:\/\/22bet.team\/fi\/apk\/#breadcrumb"},"inLanguage":"fi","potentialAction":[{"@type":"ReadAction","target":["http:\/\/22bet.team\/fi\/apk\/"]}]},{"@type":"BreadcrumbList","@id":"http:\/\/22bet.team\/fi\/apk\/#breadcrumb","itemListElement":[{"@type":"ListItem","position":1,"name":"Home","item":"http:\/\/22bet.team\/fi\/"},{"@type":"ListItem","position":2,"name":"Apk"}]},{"@type":"WebSite","@id":"https:\/\/22bet.team\/fi\/#website","url":"https:\/\/22bet.team\/fi\/","name":"22bet Team fi","description":"","potentialAction":[{"@type":"SearchAction","target":{"@type":"EntryPoint","urlTemplate":"https:\/\/22bet.team\/fi\/?s={search_term_string}"},"query-input":{"@type":"PropertyValueSpecification","valueRequired":true,"valueName":"search_term_string"}}],"inLanguage":"fi"}]}},"_links":{"self":[{"href":"https:\/\/22bet.team\/fi\/wp-json\/wp\/v2\/pages\/961","targetHints":{"allow":["GET"]}}],"collection":[{"href":"https:\/\/22bet.team\/fi\/wp-json\/wp\/v2\/pages"}],"about":[{"href":"https:\/\/22bet.team\/fi\/wp-json\/wp\/v2\/types\/page"}],"author":[{"embeddable":true,"href":"https:\/\/22bet.team\/fi\/wp-json\/wp\/v2\/users\/1"}],"replies":[{"embeddable":true,"href":"https:\/\/22bet.team\/fi\/wp-json\/wp\/v2\/comments?post=961"}],"version-history":[{"count":5,"href":"https:\/\/22bet.team\/fi\/wp-json\/wp\/v2\/pages\/961\/revisions"}],"predecessor-version":[{"id":1230,"href":"https:\/\/22bet.team\/fi\/wp-json\/wp\/v2\/pages\/961\/revisions\/1230"}],"wp:attachment":[{"href":"https:\/\/22bet.team\/fi\/wp-json\/wp\/v2\/media?parent=961"}],"curies":[{"name":"wp","href":"https:\/\/api.w.org\/{rel}","templated":true}]}}