{"id":1021,"date":"2025-11-24T16:18:29","date_gmt":"2025-11-24T13:18:29","guid":{"rendered":"https:\/\/22bet.team\/fr\/?page_id=1021"},"modified":"2026-04-22T21:31:01","modified_gmt":"2026-04-22T18:31:01","slug":"bonus","status":"publish","type":"page","link":"https:\/\/22bet.team\/fr\/bonus\/","title":{"rendered":"Bonus"},"content":{"rendered":"","protected":false},"excerpt":{"rendered":"","protected":false},"author":1,"featured_media":0,"parent":0,"menu_order":0,"comment_status":"closed","ping_status":"closed","template":"","meta":{"_acf_changed":false,"footnotes":""},"class_list":["post-1021","page","type-page","status-publish","hentry"],"acf":[],"yoast_head":"<!-- This site is optimized with the Yoast SEO plugin v26.1.1 - https:\/\/yoast.com\/wordpress\/plugins\/seo\/ -->\n<title>Bonus 22Bet \u1409 Offres de bienvenue jusqu&#039;\u00e0 122 \u20ac et promotions sp\u00e9ciales<\/title>\n<meta name=\"description\" content=\"Bonus 22Bet \u2014 bonus de bienvenue pouvant atteindre 122 \u20ac pour les paris sportifs et 300 \u20ac pour le casino, bonus de recharge du vendredi, cashback, bonus en cas de s\u00e9rie de paris perdants et bien plus encore. Nous analysons les r\u00e8gles, les conditions de mise et les conditions de d\u00e9blocage.\" \/>\n<meta name=\"robots\" content=\"index, follow, max-snippet:-1, max-image-preview:large, max-video-preview:-1\" \/>\n<link rel=\"canonical\" href=\"https:\/\/22bet.team\/fr\/bonus\/\" \/>\n<meta property=\"og:locale\" content=\"fr_FR\" \/>\n<meta property=\"og:type\" content=\"article\" \/>\n<meta property=\"og:title\" content=\"Bonus 22Bet \u1409 Offres de bienvenue jusqu&#039;\u00e0 122 \u20ac et promotions sp\u00e9ciales\" \/>\n<meta property=\"og:description\" content=\"Bonus 22Bet \u2014 bonus de bienvenue pouvant atteindre 122 \u20ac pour les paris sportifs et 300 \u20ac pour le casino, bonus de recharge du vendredi, cashback, bonus en cas de s\u00e9rie de paris perdants et bien plus encore. Nous analysons les r\u00e8gles, les conditions de mise et les conditions de d\u00e9blocage.\" \/>\n<meta property=\"og:url\" content=\"https:\/\/22bet.team\/fr\/bonus\/\" \/>\n<meta property=\"og:site_name\" content=\"22Bet Team FR\" \/>\n<meta property=\"article:modified_time\" content=\"2026-04-22T18:31:01+00:00\" \/>\n<meta name=\"twitter:card\" content=\"summary_large_image\" \/>\n<script type=\"application\/ld+json\" class=\"yoast-schema-graph\">{\"@context\":\"https:\/\/schema.org\",\"@graph\":[{\"@type\":\"WebPage\",\"@id\":\"https:\/\/22bet.team\/fr\/bonus\/\",\"url\":\"https:\/\/22bet.team\/fr\/bonus\/\",\"name\":\"Bonus 22Bet \u1409 Offres de bienvenue jusqu'\u00e0 122 \u20ac et promotions sp\u00e9ciales\",\"isPartOf\":{\"@id\":\"https:\/\/22bet.team\/fr\/#website\"},\"datePublished\":\"2025-11-24T13:18:29+00:00\",\"dateModified\":\"2026-04-22T18:31:01+00:00\",\"description\":\"Bonus 22Bet \u2014 bonus de bienvenue pouvant atteindre 122 \u20ac pour les paris sportifs et 300 \u20ac pour le casino, bonus de recharge du vendredi, cashback, bonus en cas de s\u00e9rie de paris perdants et bien plus encore. Nous analysons les r\u00e8gles, les conditions de mise et les conditions de d\u00e9blocage.\",\"breadcrumb\":{\"@id\":\"https:\/\/22bet.team\/fr\/bonus\/#breadcrumb\"},\"inLanguage\":\"fr-FR\",\"potentialAction\":[{\"@type\":\"ReadAction\",\"target\":[\"https:\/\/22bet.team\/fr\/bonus\/\"]}]},{\"@type\":\"BreadcrumbList\",\"@id\":\"https:\/\/22bet.team\/fr\/bonus\/#breadcrumb\",\"itemListElement\":[{\"@type\":\"ListItem\",\"position\":1,\"name\":\"Home\",\"item\":\"https:\/\/22bet.team\/fr\/\"},{\"@type\":\"ListItem\",\"position\":2,\"name\":\"Bonus\"}]},{\"@type\":\"WebSite\",\"@id\":\"https:\/\/22bet.team\/fr\/#website\",\"url\":\"https:\/\/22bet.team\/fr\/\",\"name\":\"22Bet Team FR\",\"description\":\"\",\"potentialAction\":[{\"@type\":\"SearchAction\",\"target\":{\"@type\":\"EntryPoint\",\"urlTemplate\":\"https:\/\/22bet.team\/fr\/?s={search_term_string}\"},\"query-input\":{\"@type\":\"PropertyValueSpecification\",\"valueRequired\":true,\"valueName\":\"search_term_string\"}}],\"inLanguage\":\"fr-FR\"}]}<\/script>\n<!-- \/ Yoast SEO plugin. -->","yoast_head_json":{"title":"Bonus 22Bet \u1409 Offres de bienvenue jusqu'\u00e0 122 \u20ac et promotions sp\u00e9ciales","description":"Bonus 22Bet \u2014 bonus de bienvenue pouvant atteindre 122 \u20ac pour les paris sportifs et 300 \u20ac pour le casino, bonus de recharge du vendredi, cashback, bonus en cas de s\u00e9rie de paris perdants et bien plus encore. Nous analysons les r\u00e8gles, les conditions de mise et les conditions de d\u00e9blocage.","robots":{"index":"index","follow":"follow","max-snippet":"max-snippet:-1","max-image-preview":"max-image-preview:large","max-video-preview":"max-video-preview:-1"},"canonical":"https:\/\/22bet.team\/fr\/bonus\/","og_locale":"fr_FR","og_type":"article","og_title":"Bonus 22Bet \u1409 Offres de bienvenue jusqu'\u00e0 122 \u20ac et promotions sp\u00e9ciales","og_description":"Bonus 22Bet \u2014 bonus de bienvenue pouvant atteindre 122 \u20ac pour les paris sportifs et 300 \u20ac pour le casino, bonus de recharge du vendredi, cashback, bonus en cas de s\u00e9rie de paris perdants et bien plus encore. Nous analysons les r\u00e8gles, les conditions de mise et les conditions de d\u00e9blocage.","og_url":"https:\/\/22bet.team\/fr\/bonus\/","og_site_name":"22Bet Team FR","article_modified_time":"2026-04-22T18:31:01+00:00","twitter_card":"summary_large_image","schema":{"@context":"https:\/\/schema.org","@graph":[{"@type":"WebPage","@id":"https:\/\/22bet.team\/fr\/bonus\/","url":"https:\/\/22bet.team\/fr\/bonus\/","name":"Bonus 22Bet \u1409 Offres de bienvenue jusqu'\u00e0 122 \u20ac et promotions sp\u00e9ciales","isPartOf":{"@id":"https:\/\/22bet.team\/fr\/#website"},"datePublished":"2025-11-24T13:18:29+00:00","dateModified":"2026-04-22T18:31:01+00:00","description":"Bonus 22Bet \u2014 bonus de bienvenue pouvant atteindre 122 \u20ac pour les paris sportifs et 300 \u20ac pour le casino, bonus de recharge du vendredi, cashback, bonus en cas de s\u00e9rie de paris perdants et bien plus encore. Nous analysons les r\u00e8gles, les conditions de mise et les conditions de d\u00e9blocage.","breadcrumb":{"@id":"https:\/\/22bet.team\/fr\/bonus\/#breadcrumb"},"inLanguage":"fr-FR","potentialAction":[{"@type":"ReadAction","target":["https:\/\/22bet.team\/fr\/bonus\/"]}]},{"@type":"BreadcrumbList","@id":"https:\/\/22bet.team\/fr\/bonus\/#breadcrumb","itemListElement":[{"@type":"ListItem","position":1,"name":"Home","item":"https:\/\/22bet.team\/fr\/"},{"@type":"ListItem","position":2,"name":"Bonus"}]},{"@type":"WebSite","@id":"https:\/\/22bet.team\/fr\/#website","url":"https:\/\/22bet.team\/fr\/","name":"22Bet Team FR","description":"","potentialAction":[{"@type":"SearchAction","target":{"@type":"EntryPoint","urlTemplate":"https:\/\/22bet.team\/fr\/?s={search_term_string}"},"query-input":{"@type":"PropertyValueSpecification","valueRequired":true,"valueName":"search_term_string"}}],"inLanguage":"fr-FR"}]}},"_links":{"self":[{"href":"https:\/\/22bet.team\/fr\/wp-json\/wp\/v2\/pages\/1021","targetHints":{"allow":["GET"]}}],"collection":[{"href":"https:\/\/22bet.team\/fr\/wp-json\/wp\/v2\/pages"}],"about":[{"href":"https:\/\/22bet.team\/fr\/wp-json\/wp\/v2\/types\/page"}],"author":[{"embeddable":true,"href":"https:\/\/22bet.team\/fr\/wp-json\/wp\/v2\/users\/1"}],"replies":[{"embeddable":true,"href":"https:\/\/22bet.team\/fr\/wp-json\/wp\/v2\/comments?post=1021"}],"version-history":[{"count":5,"href":"https:\/\/22bet.team\/fr\/wp-json\/wp\/v2\/pages\/1021\/revisions"}],"predecessor-version":[{"id":1249,"href":"https:\/\/22bet.team\/fr\/wp-json\/wp\/v2\/pages\/1021\/revisions\/1249"}],"wp:attachment":[{"href":"https:\/\/22bet.team\/fr\/wp-json\/wp\/v2\/media?parent=1021"}],"curies":[{"name":"wp","href":"https:\/\/api.w.org\/{rel}","templated":true}]}}