{"id":1044,"date":"2025-11-25T09:38:51","date_gmt":"2025-11-25T06:38:51","guid":{"rendered":"https:\/\/22bet.team\/fr\/?page_id=1044"},"modified":"2026-04-22T23:37:28","modified_gmt":"2026-04-22T20:37:28","slug":"promo-code","status":"publish","type":"page","link":"https:\/\/22bet.team\/fr\/promo-code\/","title":{"rendered":"Code promotionnel"},"content":{"rendered":"","protected":false},"excerpt":{"rendered":"","protected":false},"author":1,"featured_media":0,"parent":0,"menu_order":0,"comment_status":"closed","ping_status":"closed","template":"","meta":{"_acf_changed":false,"footnotes":""},"class_list":["post-1044","page","type-page","status-publish","hentry"],"acf":[],"yoast_head":"<!-- This site is optimized with the Yoast SEO plugin v26.1.1 - https:\/\/yoast.com\/wordpress\/plugins\/seo\/ -->\n<title>Code promo 22Bet \u1409 Comment obtenir un bonus de 100 % jusqu&#039;\u00e0 1 500 \u20ac<\/title>\n<meta name=\"description\" content=\"B\u00e9n\u00e9ficiez d&#039;un bonus pouvant aller jusqu&#039;\u00e0 1 500 \u20ac gr\u00e2ce au code promo 22Bet ! Vous \u00eates un nouveau joueur ? Gagnez 30 tours gratuits sans d\u00e9p\u00f4t et profitez d&#039;offres exclusives. D\u00e9couvrez comment vous inscrire et activer vos bonus.\" \/>\n<meta name=\"robots\" content=\"index, follow, max-snippet:-1, max-image-preview:large, max-video-preview:-1\" \/>\n<link rel=\"canonical\" href=\"https:\/\/22bet.team\/fr\/promo-code\/\" \/>\n<meta property=\"og:locale\" content=\"fr_FR\" \/>\n<meta property=\"og:type\" content=\"article\" \/>\n<meta property=\"og:title\" content=\"Code promo 22Bet \u1409 Comment obtenir un bonus de 100 % jusqu&#039;\u00e0 1 500 \u20ac\" \/>\n<meta property=\"og:description\" content=\"B\u00e9n\u00e9ficiez d&#039;un bonus pouvant aller jusqu&#039;\u00e0 1 500 \u20ac gr\u00e2ce au code promo 22Bet ! Vous \u00eates un nouveau joueur ? Gagnez 30 tours gratuits sans d\u00e9p\u00f4t et profitez d&#039;offres exclusives. D\u00e9couvrez comment vous inscrire et activer vos bonus.\" \/>\n<meta property=\"og:url\" content=\"https:\/\/22bet.team\/fr\/promo-code\/\" \/>\n<meta property=\"og:site_name\" content=\"22Bet Team FR\" \/>\n<meta property=\"article:modified_time\" content=\"2026-04-22T20:37:28+00:00\" \/>\n<meta name=\"twitter:card\" content=\"summary_large_image\" \/>\n<script type=\"application\/ld+json\" class=\"yoast-schema-graph\">{\"@context\":\"https:\/\/schema.org\",\"@graph\":[{\"@type\":\"WebPage\",\"@id\":\"https:\/\/22bet.team\/fr\/promo-code\/\",\"url\":\"https:\/\/22bet.team\/fr\/promo-code\/\",\"name\":\"Code promo 22Bet \u1409 Comment obtenir un bonus de 100 % jusqu'\u00e0 1 500 \u20ac\",\"isPartOf\":{\"@id\":\"https:\/\/22bet.team\/fr\/#website\"},\"datePublished\":\"2025-11-25T06:38:51+00:00\",\"dateModified\":\"2026-04-22T20:37:28+00:00\",\"description\":\"B\u00e9n\u00e9ficiez d'un bonus pouvant aller jusqu'\u00e0 1 500 \u20ac gr\u00e2ce au code promo 22Bet ! Vous \u00eates un nouveau joueur ? Gagnez 30 tours gratuits sans d\u00e9p\u00f4t et profitez d'offres exclusives. D\u00e9couvrez comment vous inscrire et activer vos bonus.\",\"breadcrumb\":{\"@id\":\"https:\/\/22bet.team\/fr\/promo-code\/#breadcrumb\"},\"inLanguage\":\"fr-FR\",\"potentialAction\":[{\"@type\":\"ReadAction\",\"target\":[\"https:\/\/22bet.team\/fr\/promo-code\/\"]}]},{\"@type\":\"BreadcrumbList\",\"@id\":\"https:\/\/22bet.team\/fr\/promo-code\/#breadcrumb\",\"itemListElement\":[{\"@type\":\"ListItem\",\"position\":1,\"name\":\"Home\",\"item\":\"https:\/\/22bet.team\/fr\/\"},{\"@type\":\"ListItem\",\"position\":2,\"name\":\"Code promotionnel\"}]},{\"@type\":\"WebSite\",\"@id\":\"https:\/\/22bet.team\/fr\/#website\",\"url\":\"https:\/\/22bet.team\/fr\/\",\"name\":\"22Bet Team FR\",\"description\":\"\",\"potentialAction\":[{\"@type\":\"SearchAction\",\"target\":{\"@type\":\"EntryPoint\",\"urlTemplate\":\"https:\/\/22bet.team\/fr\/?s={search_term_string}\"},\"query-input\":{\"@type\":\"PropertyValueSpecification\",\"valueRequired\":true,\"valueName\":\"search_term_string\"}}],\"inLanguage\":\"fr-FR\"}]}<\/script>\n<!-- \/ Yoast SEO plugin. -->","yoast_head_json":{"title":"Code promo 22Bet \u1409 Comment obtenir un bonus de 100 % jusqu'\u00e0 1 500 \u20ac","description":"B\u00e9n\u00e9ficiez d'un bonus pouvant aller jusqu'\u00e0 1 500 \u20ac gr\u00e2ce au code promo 22Bet ! Vous \u00eates un nouveau joueur ? Gagnez 30 tours gratuits sans d\u00e9p\u00f4t et profitez d'offres exclusives. D\u00e9couvrez comment vous inscrire et activer vos bonus.","robots":{"index":"index","follow":"follow","max-snippet":"max-snippet:-1","max-image-preview":"max-image-preview:large","max-video-preview":"max-video-preview:-1"},"canonical":"https:\/\/22bet.team\/fr\/promo-code\/","og_locale":"fr_FR","og_type":"article","og_title":"Code promo 22Bet \u1409 Comment obtenir un bonus de 100 % jusqu'\u00e0 1 500 \u20ac","og_description":"B\u00e9n\u00e9ficiez d'un bonus pouvant aller jusqu'\u00e0 1 500 \u20ac gr\u00e2ce au code promo 22Bet ! Vous \u00eates un nouveau joueur ? Gagnez 30 tours gratuits sans d\u00e9p\u00f4t et profitez d'offres exclusives. D\u00e9couvrez comment vous inscrire et activer vos bonus.","og_url":"https:\/\/22bet.team\/fr\/promo-code\/","og_site_name":"22Bet Team FR","article_modified_time":"2026-04-22T20:37:28+00:00","twitter_card":"summary_large_image","schema":{"@context":"https:\/\/schema.org","@graph":[{"@type":"WebPage","@id":"https:\/\/22bet.team\/fr\/promo-code\/","url":"https:\/\/22bet.team\/fr\/promo-code\/","name":"Code promo 22Bet \u1409 Comment obtenir un bonus de 100 % jusqu'\u00e0 1 500 \u20ac","isPartOf":{"@id":"https:\/\/22bet.team\/fr\/#website"},"datePublished":"2025-11-25T06:38:51+00:00","dateModified":"2026-04-22T20:37:28+00:00","description":"B\u00e9n\u00e9ficiez d'un bonus pouvant aller jusqu'\u00e0 1 500 \u20ac gr\u00e2ce au code promo 22Bet ! Vous \u00eates un nouveau joueur ? Gagnez 30 tours gratuits sans d\u00e9p\u00f4t et profitez d'offres exclusives. D\u00e9couvrez comment vous inscrire et activer vos bonus.","breadcrumb":{"@id":"https:\/\/22bet.team\/fr\/promo-code\/#breadcrumb"},"inLanguage":"fr-FR","potentialAction":[{"@type":"ReadAction","target":["https:\/\/22bet.team\/fr\/promo-code\/"]}]},{"@type":"BreadcrumbList","@id":"https:\/\/22bet.team\/fr\/promo-code\/#breadcrumb","itemListElement":[{"@type":"ListItem","position":1,"name":"Home","item":"https:\/\/22bet.team\/fr\/"},{"@type":"ListItem","position":2,"name":"Code promotionnel"}]},{"@type":"WebSite","@id":"https:\/\/22bet.team\/fr\/#website","url":"https:\/\/22bet.team\/fr\/","name":"22Bet Team FR","description":"","potentialAction":[{"@type":"SearchAction","target":{"@type":"EntryPoint","urlTemplate":"https:\/\/22bet.team\/fr\/?s={search_term_string}"},"query-input":{"@type":"PropertyValueSpecification","valueRequired":true,"valueName":"search_term_string"}}],"inLanguage":"fr-FR"}]}},"_links":{"self":[{"href":"https:\/\/22bet.team\/fr\/wp-json\/wp\/v2\/pages\/1044","targetHints":{"allow":["GET"]}}],"collection":[{"href":"https:\/\/22bet.team\/fr\/wp-json\/wp\/v2\/pages"}],"about":[{"href":"https:\/\/22bet.team\/fr\/wp-json\/wp\/v2\/types\/page"}],"author":[{"embeddable":true,"href":"https:\/\/22bet.team\/fr\/wp-json\/wp\/v2\/users\/1"}],"replies":[{"embeddable":true,"href":"https:\/\/22bet.team\/fr\/wp-json\/wp\/v2\/comments?post=1044"}],"version-history":[{"count":5,"href":"https:\/\/22bet.team\/fr\/wp-json\/wp\/v2\/pages\/1044\/revisions"}],"predecessor-version":[{"id":1255,"href":"https:\/\/22bet.team\/fr\/wp-json\/wp\/v2\/pages\/1044\/revisions\/1255"}],"wp:attachment":[{"href":"https:\/\/22bet.team\/fr\/wp-json\/wp\/v2\/media?parent=1044"}],"curies":[{"name":"wp","href":"https:\/\/api.w.org\/{rel}","templated":true}]}}