{"id":1063,"date":"2025-12-01T12:37:13","date_gmt":"2025-12-01T09:37:13","guid":{"rendered":"https:\/\/22bet.team\/fr\/?page_id=1063"},"modified":"2026-04-22T23:24:09","modified_gmt":"2026-04-22T20:24:09","slug":"login","status":"publish","type":"page","link":"https:\/\/22bet.team\/fr\/login\/","title":{"rendered":"Connexion"},"content":{"rendered":"","protected":false},"excerpt":{"rendered":"","protected":false},"author":1,"featured_media":0,"parent":0,"menu_order":0,"comment_status":"closed","ping_status":"closed","template":"","meta":{"_acf_changed":false,"footnotes":""},"class_list":["post-1063","page","type-page","status-publish","hentry"],"acf":[],"yoast_head":"<!-- This site is optimized with the Yoast SEO plugin v26.1.1 - https:\/\/yoast.com\/wordpress\/plugins\/seo\/ -->\n<title>Connexion \u00e0 22Bet \u1409 Compte personnel, site officiel et inscription<\/title>\n<meta name=\"description\" content=\"Connexion \u00e0 votre compte personnel 22Bet : acc\u00e9dez \u00e0 votre compte via le site officiel ou un site miroir op\u00e9rationnel. Instructions d\u00e9taill\u00e9es pour la connexion, la r\u00e9cup\u00e9ration du mot de passe et l&#039;inscription avec un bonus de 100 %. D\u00e9couvrez comment vous connecter via l&#039;application mobile.\" \/>\n<meta name=\"robots\" content=\"index, follow, max-snippet:-1, max-image-preview:large, max-video-preview:-1\" \/>\n<link rel=\"canonical\" href=\"https:\/\/22bet.team\/fr\/login\/\" \/>\n<meta property=\"og:locale\" content=\"fr_FR\" \/>\n<meta property=\"og:type\" content=\"article\" \/>\n<meta property=\"og:title\" content=\"Connexion \u00e0 22Bet \u1409 Compte personnel, site officiel et inscription\" \/>\n<meta property=\"og:description\" content=\"Connexion \u00e0 votre compte personnel 22Bet : acc\u00e9dez \u00e0 votre compte via le site officiel ou un site miroir op\u00e9rationnel. Instructions d\u00e9taill\u00e9es pour la connexion, la r\u00e9cup\u00e9ration du mot de passe et l&#039;inscription avec un bonus de 100 %. D\u00e9couvrez comment vous connecter via l&#039;application mobile.\" \/>\n<meta property=\"og:url\" content=\"https:\/\/22bet.team\/fr\/login\/\" \/>\n<meta property=\"og:site_name\" content=\"22Bet Team FR\" \/>\n<meta property=\"article:modified_time\" content=\"2026-04-22T20:24:09+00:00\" \/>\n<meta name=\"twitter:card\" content=\"summary_large_image\" \/>\n<script type=\"application\/ld+json\" class=\"yoast-schema-graph\">{\"@context\":\"https:\/\/schema.org\",\"@graph\":[{\"@type\":\"WebPage\",\"@id\":\"https:\/\/22bet.team\/fr\/login\/\",\"url\":\"https:\/\/22bet.team\/fr\/login\/\",\"name\":\"Connexion \u00e0 22Bet \u1409 Compte personnel, site officiel et inscription\",\"isPartOf\":{\"@id\":\"https:\/\/22bet.team\/fr\/#website\"},\"datePublished\":\"2025-12-01T09:37:13+00:00\",\"dateModified\":\"2026-04-22T20:24:09+00:00\",\"description\":\"Connexion \u00e0 votre compte personnel 22Bet : acc\u00e9dez \u00e0 votre compte via le site officiel ou un site miroir op\u00e9rationnel. Instructions d\u00e9taill\u00e9es pour la connexion, la r\u00e9cup\u00e9ration du mot de passe et l'inscription avec un bonus de 100 %. D\u00e9couvrez comment vous connecter via l'application mobile.\",\"breadcrumb\":{\"@id\":\"https:\/\/22bet.team\/fr\/login\/#breadcrumb\"},\"inLanguage\":\"fr-FR\",\"potentialAction\":[{\"@type\":\"ReadAction\",\"target\":[\"https:\/\/22bet.team\/fr\/login\/\"]}]},{\"@type\":\"BreadcrumbList\",\"@id\":\"https:\/\/22bet.team\/fr\/login\/#breadcrumb\",\"itemListElement\":[{\"@type\":\"ListItem\",\"position\":1,\"name\":\"Home\",\"item\":\"https:\/\/22bet.team\/fr\/\"},{\"@type\":\"ListItem\",\"position\":2,\"name\":\"Connexion\"}]},{\"@type\":\"WebSite\",\"@id\":\"https:\/\/22bet.team\/fr\/#website\",\"url\":\"https:\/\/22bet.team\/fr\/\",\"name\":\"22Bet Team FR\",\"description\":\"\",\"potentialAction\":[{\"@type\":\"SearchAction\",\"target\":{\"@type\":\"EntryPoint\",\"urlTemplate\":\"https:\/\/22bet.team\/fr\/?s={search_term_string}\"},\"query-input\":{\"@type\":\"PropertyValueSpecification\",\"valueRequired\":true,\"valueName\":\"search_term_string\"}}],\"inLanguage\":\"fr-FR\"}]}<\/script>\n<!-- \/ Yoast SEO plugin. -->","yoast_head_json":{"title":"Connexion \u00e0 22Bet \u1409 Compte personnel, site officiel et inscription","description":"Connexion \u00e0 votre compte personnel 22Bet : acc\u00e9dez \u00e0 votre compte via le site officiel ou un site miroir op\u00e9rationnel. Instructions d\u00e9taill\u00e9es pour la connexion, la r\u00e9cup\u00e9ration du mot de passe et l'inscription avec un bonus de 100 %. D\u00e9couvrez comment vous connecter via l'application mobile.","robots":{"index":"index","follow":"follow","max-snippet":"max-snippet:-1","max-image-preview":"max-image-preview:large","max-video-preview":"max-video-preview:-1"},"canonical":"https:\/\/22bet.team\/fr\/login\/","og_locale":"fr_FR","og_type":"article","og_title":"Connexion \u00e0 22Bet \u1409 Compte personnel, site officiel et inscription","og_description":"Connexion \u00e0 votre compte personnel 22Bet : acc\u00e9dez \u00e0 votre compte via le site officiel ou un site miroir op\u00e9rationnel. Instructions d\u00e9taill\u00e9es pour la connexion, la r\u00e9cup\u00e9ration du mot de passe et l'inscription avec un bonus de 100 %. D\u00e9couvrez comment vous connecter via l'application mobile.","og_url":"https:\/\/22bet.team\/fr\/login\/","og_site_name":"22Bet Team FR","article_modified_time":"2026-04-22T20:24:09+00:00","twitter_card":"summary_large_image","schema":{"@context":"https:\/\/schema.org","@graph":[{"@type":"WebPage","@id":"https:\/\/22bet.team\/fr\/login\/","url":"https:\/\/22bet.team\/fr\/login\/","name":"Connexion \u00e0 22Bet \u1409 Compte personnel, site officiel et inscription","isPartOf":{"@id":"https:\/\/22bet.team\/fr\/#website"},"datePublished":"2025-12-01T09:37:13+00:00","dateModified":"2026-04-22T20:24:09+00:00","description":"Connexion \u00e0 votre compte personnel 22Bet : acc\u00e9dez \u00e0 votre compte via le site officiel ou un site miroir op\u00e9rationnel. Instructions d\u00e9taill\u00e9es pour la connexion, la r\u00e9cup\u00e9ration du mot de passe et l'inscription avec un bonus de 100 %. D\u00e9couvrez comment vous connecter via l'application mobile.","breadcrumb":{"@id":"https:\/\/22bet.team\/fr\/login\/#breadcrumb"},"inLanguage":"fr-FR","potentialAction":[{"@type":"ReadAction","target":["https:\/\/22bet.team\/fr\/login\/"]}]},{"@type":"BreadcrumbList","@id":"https:\/\/22bet.team\/fr\/login\/#breadcrumb","itemListElement":[{"@type":"ListItem","position":1,"name":"Home","item":"https:\/\/22bet.team\/fr\/"},{"@type":"ListItem","position":2,"name":"Connexion"}]},{"@type":"WebSite","@id":"https:\/\/22bet.team\/fr\/#website","url":"https:\/\/22bet.team\/fr\/","name":"22Bet Team FR","description":"","potentialAction":[{"@type":"SearchAction","target":{"@type":"EntryPoint","urlTemplate":"https:\/\/22bet.team\/fr\/?s={search_term_string}"},"query-input":{"@type":"PropertyValueSpecification","valueRequired":true,"valueName":"search_term_string"}}],"inLanguage":"fr-FR"}]}},"_links":{"self":[{"href":"https:\/\/22bet.team\/fr\/wp-json\/wp\/v2\/pages\/1063","targetHints":{"allow":["GET"]}}],"collection":[{"href":"https:\/\/22bet.team\/fr\/wp-json\/wp\/v2\/pages"}],"about":[{"href":"https:\/\/22bet.team\/fr\/wp-json\/wp\/v2\/types\/page"}],"author":[{"embeddable":true,"href":"https:\/\/22bet.team\/fr\/wp-json\/wp\/v2\/users\/1"}],"replies":[{"embeddable":true,"href":"https:\/\/22bet.team\/fr\/wp-json\/wp\/v2\/comments?post=1063"}],"version-history":[{"count":5,"href":"https:\/\/22bet.team\/fr\/wp-json\/wp\/v2\/pages\/1063\/revisions"}],"predecessor-version":[{"id":1254,"href":"https:\/\/22bet.team\/fr\/wp-json\/wp\/v2\/pages\/1063\/revisions\/1254"}],"wp:attachment":[{"href":"https:\/\/22bet.team\/fr\/wp-json\/wp\/v2\/media?parent=1063"}],"curies":[{"name":"wp","href":"https:\/\/api.w.org\/{rel}","templated":true}]}}