{"id":1094,"date":"2025-12-02T17:34:13","date_gmt":"2025-12-02T14:34:13","guid":{"rendered":"https:\/\/22bet.team\/fr\/?page_id=1094"},"modified":"2026-04-22T23:57:38","modified_gmt":"2026-04-22T20:57:38","slug":"registration","status":"publish","type":"page","link":"https:\/\/22bet.team\/fr\/registration\/","title":{"rendered":"Inscription"},"content":{"rendered":"","protected":false},"excerpt":{"rendered":"","protected":false},"author":1,"featured_media":0,"parent":0,"menu_order":0,"comment_status":"closed","ping_status":"closed","template":"","meta":{"_acf_changed":false,"footnotes":""},"class_list":["post-1094","page","type-page","status-publish","hentry"],"acf":[],"yoast_head":"<!-- This site is optimized with the Yoast SEO plugin v26.1.1 - https:\/\/yoast.com\/wordpress\/plugins\/seo\/ -->\n<title>Inscrivez-vous sur 22Bet \u1409 Bonus de 100 % jusqu&#039;\u00e0 105 \u20ac sur votre premier d\u00e9p\u00f4t<\/title>\n<meta name=\"description\" content=\"Comment s&#039;inscrire sur 22Bet et b\u00e9n\u00e9ficier d&#039;un bonus de bienvenue ? Guide \u00e9tape par \u00e9tape : inscription rapide par num\u00e9ro de t\u00e9l\u00e9phone, via les r\u00e9seaux sociaux ou par e-mail. Connexion \u00e0 votre compte personnel, v\u00e9rification et conditions g\u00e9n\u00e9rales du bonus Ann\u00e9e en cours.\" \/>\n<meta name=\"robots\" content=\"index, follow, max-snippet:-1, max-image-preview:large, max-video-preview:-1\" \/>\n<link rel=\"canonical\" href=\"https:\/\/22bet.team\/fr\/registration\/\" \/>\n<meta property=\"og:locale\" content=\"fr_FR\" \/>\n<meta property=\"og:type\" content=\"article\" \/>\n<meta property=\"og:title\" content=\"Inscrivez-vous sur 22Bet \u1409 Bonus de 100 % jusqu&#039;\u00e0 105 \u20ac sur votre premier d\u00e9p\u00f4t\" \/>\n<meta property=\"og:description\" content=\"Comment s&#039;inscrire sur 22Bet et b\u00e9n\u00e9ficier d&#039;un bonus de bienvenue ? Guide \u00e9tape par \u00e9tape : inscription rapide par num\u00e9ro de t\u00e9l\u00e9phone, via les r\u00e9seaux sociaux ou par e-mail. Connexion \u00e0 votre compte personnel, v\u00e9rification et conditions g\u00e9n\u00e9rales du bonus Ann\u00e9e en cours.\" \/>\n<meta property=\"og:url\" content=\"https:\/\/22bet.team\/fr\/registration\/\" \/>\n<meta property=\"og:site_name\" content=\"22Bet Team FR\" \/>\n<meta property=\"article:modified_time\" content=\"2026-04-22T20:57:38+00:00\" \/>\n<meta name=\"twitter:card\" content=\"summary_large_image\" \/>\n<script type=\"application\/ld+json\" class=\"yoast-schema-graph\">{\"@context\":\"https:\/\/schema.org\",\"@graph\":[{\"@type\":\"WebPage\",\"@id\":\"https:\/\/22bet.team\/fr\/registration\/\",\"url\":\"https:\/\/22bet.team\/fr\/registration\/\",\"name\":\"Inscrivez-vous sur 22Bet \u1409 Bonus de 100 % jusqu'\u00e0 105 \u20ac sur votre premier d\u00e9p\u00f4t\",\"isPartOf\":{\"@id\":\"https:\/\/22bet.team\/fr\/#website\"},\"datePublished\":\"2025-12-02T14:34:13+00:00\",\"dateModified\":\"2026-04-22T20:57:38+00:00\",\"description\":\"Comment s'inscrire sur 22Bet et b\u00e9n\u00e9ficier d'un bonus de bienvenue ? Guide \u00e9tape par \u00e9tape : inscription rapide par num\u00e9ro de t\u00e9l\u00e9phone, via les r\u00e9seaux sociaux ou par e-mail. Connexion \u00e0 votre compte personnel, v\u00e9rification et conditions g\u00e9n\u00e9rales du bonus Ann\u00e9e en cours.\",\"breadcrumb\":{\"@id\":\"https:\/\/22bet.team\/fr\/registration\/#breadcrumb\"},\"inLanguage\":\"fr-FR\",\"potentialAction\":[{\"@type\":\"ReadAction\",\"target\":[\"https:\/\/22bet.team\/fr\/registration\/\"]}]},{\"@type\":\"BreadcrumbList\",\"@id\":\"https:\/\/22bet.team\/fr\/registration\/#breadcrumb\",\"itemListElement\":[{\"@type\":\"ListItem\",\"position\":1,\"name\":\"Home\",\"item\":\"https:\/\/22bet.team\/fr\/\"},{\"@type\":\"ListItem\",\"position\":2,\"name\":\"Inscription\"}]},{\"@type\":\"WebSite\",\"@id\":\"https:\/\/22bet.team\/fr\/#website\",\"url\":\"https:\/\/22bet.team\/fr\/\",\"name\":\"22Bet Team FR\",\"description\":\"\",\"potentialAction\":[{\"@type\":\"SearchAction\",\"target\":{\"@type\":\"EntryPoint\",\"urlTemplate\":\"https:\/\/22bet.team\/fr\/?s={search_term_string}\"},\"query-input\":{\"@type\":\"PropertyValueSpecification\",\"valueRequired\":true,\"valueName\":\"search_term_string\"}}],\"inLanguage\":\"fr-FR\"}]}<\/script>\n<!-- \/ Yoast SEO plugin. -->","yoast_head_json":{"title":"Inscrivez-vous sur 22Bet \u1409 Bonus de 100 % jusqu'\u00e0 105 \u20ac sur votre premier d\u00e9p\u00f4t","description":"Comment s'inscrire sur 22Bet et b\u00e9n\u00e9ficier d'un bonus de bienvenue ? Guide \u00e9tape par \u00e9tape : inscription rapide par num\u00e9ro de t\u00e9l\u00e9phone, via les r\u00e9seaux sociaux ou par e-mail. Connexion \u00e0 votre compte personnel, v\u00e9rification et conditions g\u00e9n\u00e9rales du bonus Ann\u00e9e en cours.","robots":{"index":"index","follow":"follow","max-snippet":"max-snippet:-1","max-image-preview":"max-image-preview:large","max-video-preview":"max-video-preview:-1"},"canonical":"https:\/\/22bet.team\/fr\/registration\/","og_locale":"fr_FR","og_type":"article","og_title":"Inscrivez-vous sur 22Bet \u1409 Bonus de 100 % jusqu'\u00e0 105 \u20ac sur votre premier d\u00e9p\u00f4t","og_description":"Comment s'inscrire sur 22Bet et b\u00e9n\u00e9ficier d'un bonus de bienvenue ? Guide \u00e9tape par \u00e9tape : inscription rapide par num\u00e9ro de t\u00e9l\u00e9phone, via les r\u00e9seaux sociaux ou par e-mail. Connexion \u00e0 votre compte personnel, v\u00e9rification et conditions g\u00e9n\u00e9rales du bonus Ann\u00e9e en cours.","og_url":"https:\/\/22bet.team\/fr\/registration\/","og_site_name":"22Bet Team FR","article_modified_time":"2026-04-22T20:57:38+00:00","twitter_card":"summary_large_image","schema":{"@context":"https:\/\/schema.org","@graph":[{"@type":"WebPage","@id":"https:\/\/22bet.team\/fr\/registration\/","url":"https:\/\/22bet.team\/fr\/registration\/","name":"Inscrivez-vous sur 22Bet \u1409 Bonus de 100 % jusqu'\u00e0 105 \u20ac sur votre premier d\u00e9p\u00f4t","isPartOf":{"@id":"https:\/\/22bet.team\/fr\/#website"},"datePublished":"2025-12-02T14:34:13+00:00","dateModified":"2026-04-22T20:57:38+00:00","description":"Comment s'inscrire sur 22Bet et b\u00e9n\u00e9ficier d'un bonus de bienvenue ? Guide \u00e9tape par \u00e9tape : inscription rapide par num\u00e9ro de t\u00e9l\u00e9phone, via les r\u00e9seaux sociaux ou par e-mail. Connexion \u00e0 votre compte personnel, v\u00e9rification et conditions g\u00e9n\u00e9rales du bonus Ann\u00e9e en cours.","breadcrumb":{"@id":"https:\/\/22bet.team\/fr\/registration\/#breadcrumb"},"inLanguage":"fr-FR","potentialAction":[{"@type":"ReadAction","target":["https:\/\/22bet.team\/fr\/registration\/"]}]},{"@type":"BreadcrumbList","@id":"https:\/\/22bet.team\/fr\/registration\/#breadcrumb","itemListElement":[{"@type":"ListItem","position":1,"name":"Home","item":"https:\/\/22bet.team\/fr\/"},{"@type":"ListItem","position":2,"name":"Inscription"}]},{"@type":"WebSite","@id":"https:\/\/22bet.team\/fr\/#website","url":"https:\/\/22bet.team\/fr\/","name":"22Bet Team FR","description":"","potentialAction":[{"@type":"SearchAction","target":{"@type":"EntryPoint","urlTemplate":"https:\/\/22bet.team\/fr\/?s={search_term_string}"},"query-input":{"@type":"PropertyValueSpecification","valueRequired":true,"valueName":"search_term_string"}}],"inLanguage":"fr-FR"}]}},"_links":{"self":[{"href":"https:\/\/22bet.team\/fr\/wp-json\/wp\/v2\/pages\/1094","targetHints":{"allow":["GET"]}}],"collection":[{"href":"https:\/\/22bet.team\/fr\/wp-json\/wp\/v2\/pages"}],"about":[{"href":"https:\/\/22bet.team\/fr\/wp-json\/wp\/v2\/types\/page"}],"author":[{"embeddable":true,"href":"https:\/\/22bet.team\/fr\/wp-json\/wp\/v2\/users\/1"}],"replies":[{"embeddable":true,"href":"https:\/\/22bet.team\/fr\/wp-json\/wp\/v2\/comments?post=1094"}],"version-history":[{"count":5,"href":"https:\/\/22bet.team\/fr\/wp-json\/wp\/v2\/pages\/1094\/revisions"}],"predecessor-version":[{"id":1257,"href":"https:\/\/22bet.team\/fr\/wp-json\/wp\/v2\/pages\/1094\/revisions\/1257"}],"wp:attachment":[{"href":"https:\/\/22bet.team\/fr\/wp-json\/wp\/v2\/media?parent=1094"}],"curies":[{"name":"wp","href":"https:\/\/api.w.org\/{rel}","templated":true}]}}