{"id":1122,"date":"2025-12-03T16:37:12","date_gmt":"2025-12-03T13:37:12","guid":{"rendered":"https:\/\/22bet.team\/fr\/?page_id=1122"},"modified":"2026-04-22T15:02:14","modified_gmt":"2026-04-22T12:02:14","slug":"affiliate","status":"publish","type":"page","link":"https:\/\/22bet.team\/fr\/affiliate\/","title":{"rendered":"Affili\u00e9"},"content":{"rendered":"","protected":false},"excerpt":{"rendered":"","protected":false},"author":1,"featured_media":0,"parent":0,"menu_order":0,"comment_status":"closed","ping_status":"closed","template":"","meta":{"_acf_changed":false,"footnotes":""},"class_list":["post-1122","page","type-page","status-publish","hentry"],"acf":[],"yoast_head":"<!-- This site is optimized with the Yoast SEO plugin v26.1.1 - https:\/\/yoast.com\/wordpress\/plugins\/seo\/ -->\n<title>Programme d&#039;affiliation 22Bet \u1409 Gagnez jusqu&#039;\u00e0 50 % de commission sur le chiffre d&#039;affaires (RevShare) ou de r\u00e9mun\u00e9ration par action (CPA)<\/title>\n<meta name=\"description\" content=\"Devenez partenaire de 22Bet et b\u00e9n\u00e9ficiez d&#039;une commission de partage des revenus (RevShare) pouvant atteindre 50 % ou de commissions CPA tr\u00e8s avantageuses. Programme d&#039;affiliation officiel des partenaires 22Bet : paiements mensuels \u00e0 partir de 100 \u20ac, conditions personnalis\u00e9es. Inscrivez-vous d\u00e8s maintenant !\" \/>\n<meta name=\"robots\" content=\"index, follow, max-snippet:-1, max-image-preview:large, max-video-preview:-1\" \/>\n<link rel=\"canonical\" href=\"https:\/\/22bet.team\/fr\/affiliate\/\" \/>\n<meta property=\"og:locale\" content=\"fr_FR\" \/>\n<meta property=\"og:type\" content=\"article\" \/>\n<meta property=\"og:title\" content=\"Programme d&#039;affiliation 22Bet \u1409 Gagnez jusqu&#039;\u00e0 50 % de commission sur le chiffre d&#039;affaires (RevShare) ou de r\u00e9mun\u00e9ration par action (CPA)\" \/>\n<meta property=\"og:description\" content=\"Devenez partenaire de 22Bet et b\u00e9n\u00e9ficiez d&#039;une commission de partage des revenus (RevShare) pouvant atteindre 50 % ou de commissions CPA tr\u00e8s avantageuses. Programme d&#039;affiliation officiel des partenaires 22Bet : paiements mensuels \u00e0 partir de 100 \u20ac, conditions personnalis\u00e9es. Inscrivez-vous d\u00e8s maintenant !\" \/>\n<meta property=\"og:url\" content=\"https:\/\/22bet.team\/fr\/affiliate\/\" \/>\n<meta property=\"og:site_name\" content=\"22Bet Team FR\" \/>\n<meta property=\"article:modified_time\" content=\"2026-04-22T12:02:14+00:00\" \/>\n<meta name=\"twitter:card\" content=\"summary_large_image\" \/>\n<script type=\"application\/ld+json\" class=\"yoast-schema-graph\">{\"@context\":\"https:\/\/schema.org\",\"@graph\":[{\"@type\":\"WebPage\",\"@id\":\"https:\/\/22bet.team\/fr\/affiliate\/\",\"url\":\"https:\/\/22bet.team\/fr\/affiliate\/\",\"name\":\"Programme d'affiliation 22Bet \u1409 Gagnez jusqu'\u00e0 50 % de commission sur le chiffre d'affaires (RevShare) ou de r\u00e9mun\u00e9ration par action (CPA)\",\"isPartOf\":{\"@id\":\"https:\/\/22bet.team\/fr\/#website\"},\"datePublished\":\"2025-12-03T13:37:12+00:00\",\"dateModified\":\"2026-04-22T12:02:14+00:00\",\"description\":\"Devenez partenaire de 22Bet et b\u00e9n\u00e9ficiez d'une commission de partage des revenus (RevShare) pouvant atteindre 50 % ou de commissions CPA tr\u00e8s avantageuses. Programme d'affiliation officiel des partenaires 22Bet : paiements mensuels \u00e0 partir de 100 \u20ac, conditions personnalis\u00e9es. Inscrivez-vous d\u00e8s maintenant !\",\"breadcrumb\":{\"@id\":\"https:\/\/22bet.team\/fr\/affiliate\/#breadcrumb\"},\"inLanguage\":\"fr-FR\",\"potentialAction\":[{\"@type\":\"ReadAction\",\"target\":[\"https:\/\/22bet.team\/fr\/affiliate\/\"]}]},{\"@type\":\"BreadcrumbList\",\"@id\":\"https:\/\/22bet.team\/fr\/affiliate\/#breadcrumb\",\"itemListElement\":[{\"@type\":\"ListItem\",\"position\":1,\"name\":\"Home\",\"item\":\"https:\/\/22bet.team\/fr\/\"},{\"@type\":\"ListItem\",\"position\":2,\"name\":\"Affili\u00e9\"}]},{\"@type\":\"WebSite\",\"@id\":\"https:\/\/22bet.team\/fr\/#website\",\"url\":\"https:\/\/22bet.team\/fr\/\",\"name\":\"22Bet Team FR\",\"description\":\"\",\"potentialAction\":[{\"@type\":\"SearchAction\",\"target\":{\"@type\":\"EntryPoint\",\"urlTemplate\":\"https:\/\/22bet.team\/fr\/?s={search_term_string}\"},\"query-input\":{\"@type\":\"PropertyValueSpecification\",\"valueRequired\":true,\"valueName\":\"search_term_string\"}}],\"inLanguage\":\"fr-FR\"}]}<\/script>\n<!-- \/ Yoast SEO plugin. -->","yoast_head_json":{"title":"Programme d'affiliation 22Bet \u1409 Gagnez jusqu'\u00e0 50 % de commission sur le chiffre d'affaires (RevShare) ou de r\u00e9mun\u00e9ration par action (CPA)","description":"Devenez partenaire de 22Bet et b\u00e9n\u00e9ficiez d'une commission de partage des revenus (RevShare) pouvant atteindre 50 % ou de commissions CPA tr\u00e8s avantageuses. Programme d'affiliation officiel des partenaires 22Bet : paiements mensuels \u00e0 partir de 100 \u20ac, conditions personnalis\u00e9es. Inscrivez-vous d\u00e8s maintenant !","robots":{"index":"index","follow":"follow","max-snippet":"max-snippet:-1","max-image-preview":"max-image-preview:large","max-video-preview":"max-video-preview:-1"},"canonical":"https:\/\/22bet.team\/fr\/affiliate\/","og_locale":"fr_FR","og_type":"article","og_title":"Programme d'affiliation 22Bet \u1409 Gagnez jusqu'\u00e0 50 % de commission sur le chiffre d'affaires (RevShare) ou de r\u00e9mun\u00e9ration par action (CPA)","og_description":"Devenez partenaire de 22Bet et b\u00e9n\u00e9ficiez d'une commission de partage des revenus (RevShare) pouvant atteindre 50 % ou de commissions CPA tr\u00e8s avantageuses. Programme d'affiliation officiel des partenaires 22Bet : paiements mensuels \u00e0 partir de 100 \u20ac, conditions personnalis\u00e9es. Inscrivez-vous d\u00e8s maintenant !","og_url":"https:\/\/22bet.team\/fr\/affiliate\/","og_site_name":"22Bet Team FR","article_modified_time":"2026-04-22T12:02:14+00:00","twitter_card":"summary_large_image","schema":{"@context":"https:\/\/schema.org","@graph":[{"@type":"WebPage","@id":"https:\/\/22bet.team\/fr\/affiliate\/","url":"https:\/\/22bet.team\/fr\/affiliate\/","name":"Programme d'affiliation 22Bet \u1409 Gagnez jusqu'\u00e0 50 % de commission sur le chiffre d'affaires (RevShare) ou de r\u00e9mun\u00e9ration par action (CPA)","isPartOf":{"@id":"https:\/\/22bet.team\/fr\/#website"},"datePublished":"2025-12-03T13:37:12+00:00","dateModified":"2026-04-22T12:02:14+00:00","description":"Devenez partenaire de 22Bet et b\u00e9n\u00e9ficiez d'une commission de partage des revenus (RevShare) pouvant atteindre 50 % ou de commissions CPA tr\u00e8s avantageuses. Programme d'affiliation officiel des partenaires 22Bet : paiements mensuels \u00e0 partir de 100 \u20ac, conditions personnalis\u00e9es. Inscrivez-vous d\u00e8s maintenant !","breadcrumb":{"@id":"https:\/\/22bet.team\/fr\/affiliate\/#breadcrumb"},"inLanguage":"fr-FR","potentialAction":[{"@type":"ReadAction","target":["https:\/\/22bet.team\/fr\/affiliate\/"]}]},{"@type":"BreadcrumbList","@id":"https:\/\/22bet.team\/fr\/affiliate\/#breadcrumb","itemListElement":[{"@type":"ListItem","position":1,"name":"Home","item":"https:\/\/22bet.team\/fr\/"},{"@type":"ListItem","position":2,"name":"Affili\u00e9"}]},{"@type":"WebSite","@id":"https:\/\/22bet.team\/fr\/#website","url":"https:\/\/22bet.team\/fr\/","name":"22Bet Team FR","description":"","potentialAction":[{"@type":"SearchAction","target":{"@type":"EntryPoint","urlTemplate":"https:\/\/22bet.team\/fr\/?s={search_term_string}"},"query-input":{"@type":"PropertyValueSpecification","valueRequired":true,"valueName":"search_term_string"}}],"inLanguage":"fr-FR"}]}},"_links":{"self":[{"href":"https:\/\/22bet.team\/fr\/wp-json\/wp\/v2\/pages\/1122","targetHints":{"allow":["GET"]}}],"collection":[{"href":"https:\/\/22bet.team\/fr\/wp-json\/wp\/v2\/pages"}],"about":[{"href":"https:\/\/22bet.team\/fr\/wp-json\/wp\/v2\/types\/page"}],"author":[{"embeddable":true,"href":"https:\/\/22bet.team\/fr\/wp-json\/wp\/v2\/users\/1"}],"replies":[{"embeddable":true,"href":"https:\/\/22bet.team\/fr\/wp-json\/wp\/v2\/comments?post=1122"}],"version-history":[{"count":5,"href":"https:\/\/22bet.team\/fr\/wp-json\/wp\/v2\/pages\/1122\/revisions"}],"predecessor-version":[{"id":1236,"href":"https:\/\/22bet.team\/fr\/wp-json\/wp\/v2\/pages\/1122\/revisions\/1236"}],"wp:attachment":[{"href":"https:\/\/22bet.team\/fr\/wp-json\/wp\/v2\/media?parent=1122"}],"curies":[{"name":"wp","href":"https:\/\/api.w.org\/{rel}","templated":true}]}}