{"id":1182,"date":"2026-01-28T18:54:34","date_gmt":"2026-01-28T15:54:34","guid":{"rendered":"https:\/\/22bet.team\/fr\/?page_id=1182"},"modified":"2026-04-22T18:46:55","modified_gmt":"2026-04-22T15:46:55","slug":"tennis","status":"publish","type":"page","link":"https:\/\/22bet.team\/fr\/tennis\/","title":{"rendered":"Tennis"},"content":{"rendered":"","protected":false},"excerpt":{"rendered":"","protected":false},"author":1,"featured_media":0,"parent":0,"menu_order":0,"comment_status":"closed","ping_status":"closed","template":"","meta":{"_acf_changed":false,"footnotes":""},"class_list":["post-1182","page","type-page","status-publish","hentry"],"acf":[],"yoast_head":"<!-- This site is optimized with the Yoast SEO plugin v26.1.1 - https:\/\/yoast.com\/wordpress\/plugins\/seo\/ -->\n<title>22Bet : les meilleurs paris sur le tennis avec des cotes \u00e9lev\u00e9es et des bonus<\/title>\n<meta name=\"description\" content=\"Pariez sur le tennis avec 22Bet ! D\u00e9couvrez des cotes \u00e9lev\u00e9es, des bonus exclusifs et un large choix d&#039;options de paris. Pariez sur vos tournois pr\u00e9f\u00e9r\u00e9s et vivez le frisson du jeu \u00e0 tout moment !\" \/>\n<meta name=\"robots\" content=\"index, follow, max-snippet:-1, max-image-preview:large, max-video-preview:-1\" \/>\n<link rel=\"canonical\" href=\"https:\/\/22bet.team\/fr\/tennis\/\" \/>\n<meta property=\"og:locale\" content=\"fr_FR\" \/>\n<meta property=\"og:type\" content=\"article\" \/>\n<meta property=\"og:title\" content=\"22Bet : les meilleurs paris sur le tennis avec des cotes \u00e9lev\u00e9es et des bonus\" \/>\n<meta property=\"og:description\" content=\"Pariez sur le tennis avec 22Bet ! D\u00e9couvrez des cotes \u00e9lev\u00e9es, des bonus exclusifs et un large choix d&#039;options de paris. Pariez sur vos tournois pr\u00e9f\u00e9r\u00e9s et vivez le frisson du jeu \u00e0 tout moment !\" \/>\n<meta property=\"og:url\" content=\"https:\/\/22bet.team\/fr\/tennis\/\" \/>\n<meta property=\"og:site_name\" content=\"22Bet Team FR\" \/>\n<meta property=\"article:modified_time\" content=\"2026-04-22T15:46:55+00:00\" \/>\n<meta name=\"twitter:card\" content=\"summary_large_image\" \/>\n<script type=\"application\/ld+json\" class=\"yoast-schema-graph\">{\"@context\":\"https:\/\/schema.org\",\"@graph\":[{\"@type\":\"WebPage\",\"@id\":\"https:\/\/22bet.team\/fr\/tennis\/\",\"url\":\"https:\/\/22bet.team\/fr\/tennis\/\",\"name\":\"22Bet : les meilleurs paris sur le tennis avec des cotes \u00e9lev\u00e9es et des bonus\",\"isPartOf\":{\"@id\":\"https:\/\/22bet.team\/fr\/#website\"},\"datePublished\":\"2026-01-28T15:54:34+00:00\",\"dateModified\":\"2026-04-22T15:46:55+00:00\",\"description\":\"Pariez sur le tennis avec 22Bet ! D\u00e9couvrez des cotes \u00e9lev\u00e9es, des bonus exclusifs et un large choix d'options de paris. Pariez sur vos tournois pr\u00e9f\u00e9r\u00e9s et vivez le frisson du jeu \u00e0 tout moment !\",\"breadcrumb\":{\"@id\":\"https:\/\/22bet.team\/fr\/tennis\/#breadcrumb\"},\"inLanguage\":\"fr-FR\",\"potentialAction\":[{\"@type\":\"ReadAction\",\"target\":[\"https:\/\/22bet.team\/fr\/tennis\/\"]}]},{\"@type\":\"BreadcrumbList\",\"@id\":\"https:\/\/22bet.team\/fr\/tennis\/#breadcrumb\",\"itemListElement\":[{\"@type\":\"ListItem\",\"position\":1,\"name\":\"Home\",\"item\":\"https:\/\/22bet.team\/fr\/\"},{\"@type\":\"ListItem\",\"position\":2,\"name\":\"Tennis\"}]},{\"@type\":\"WebSite\",\"@id\":\"https:\/\/22bet.team\/fr\/#website\",\"url\":\"https:\/\/22bet.team\/fr\/\",\"name\":\"22Bet Team FR\",\"description\":\"\",\"potentialAction\":[{\"@type\":\"SearchAction\",\"target\":{\"@type\":\"EntryPoint\",\"urlTemplate\":\"https:\/\/22bet.team\/fr\/?s={search_term_string}\"},\"query-input\":{\"@type\":\"PropertyValueSpecification\",\"valueRequired\":true,\"valueName\":\"search_term_string\"}}],\"inLanguage\":\"fr-FR\"}]}<\/script>\n<!-- \/ Yoast SEO plugin. -->","yoast_head_json":{"title":"22Bet : les meilleurs paris sur le tennis avec des cotes \u00e9lev\u00e9es et des bonus","description":"Pariez sur le tennis avec 22Bet ! D\u00e9couvrez des cotes \u00e9lev\u00e9es, des bonus exclusifs et un large choix d'options de paris. Pariez sur vos tournois pr\u00e9f\u00e9r\u00e9s et vivez le frisson du jeu \u00e0 tout moment !","robots":{"index":"index","follow":"follow","max-snippet":"max-snippet:-1","max-image-preview":"max-image-preview:large","max-video-preview":"max-video-preview:-1"},"canonical":"https:\/\/22bet.team\/fr\/tennis\/","og_locale":"fr_FR","og_type":"article","og_title":"22Bet : les meilleurs paris sur le tennis avec des cotes \u00e9lev\u00e9es et des bonus","og_description":"Pariez sur le tennis avec 22Bet ! D\u00e9couvrez des cotes \u00e9lev\u00e9es, des bonus exclusifs et un large choix d'options de paris. Pariez sur vos tournois pr\u00e9f\u00e9r\u00e9s et vivez le frisson du jeu \u00e0 tout moment !","og_url":"https:\/\/22bet.team\/fr\/tennis\/","og_site_name":"22Bet Team FR","article_modified_time":"2026-04-22T15:46:55+00:00","twitter_card":"summary_large_image","schema":{"@context":"https:\/\/schema.org","@graph":[{"@type":"WebPage","@id":"https:\/\/22bet.team\/fr\/tennis\/","url":"https:\/\/22bet.team\/fr\/tennis\/","name":"22Bet : les meilleurs paris sur le tennis avec des cotes \u00e9lev\u00e9es et des bonus","isPartOf":{"@id":"https:\/\/22bet.team\/fr\/#website"},"datePublished":"2026-01-28T15:54:34+00:00","dateModified":"2026-04-22T15:46:55+00:00","description":"Pariez sur le tennis avec 22Bet ! D\u00e9couvrez des cotes \u00e9lev\u00e9es, des bonus exclusifs et un large choix d'options de paris. Pariez sur vos tournois pr\u00e9f\u00e9r\u00e9s et vivez le frisson du jeu \u00e0 tout moment !","breadcrumb":{"@id":"https:\/\/22bet.team\/fr\/tennis\/#breadcrumb"},"inLanguage":"fr-FR","potentialAction":[{"@type":"ReadAction","target":["https:\/\/22bet.team\/fr\/tennis\/"]}]},{"@type":"BreadcrumbList","@id":"https:\/\/22bet.team\/fr\/tennis\/#breadcrumb","itemListElement":[{"@type":"ListItem","position":1,"name":"Home","item":"https:\/\/22bet.team\/fr\/"},{"@type":"ListItem","position":2,"name":"Tennis"}]},{"@type":"WebSite","@id":"https:\/\/22bet.team\/fr\/#website","url":"https:\/\/22bet.team\/fr\/","name":"22Bet Team FR","description":"","potentialAction":[{"@type":"SearchAction","target":{"@type":"EntryPoint","urlTemplate":"https:\/\/22bet.team\/fr\/?s={search_term_string}"},"query-input":{"@type":"PropertyValueSpecification","valueRequired":true,"valueName":"search_term_string"}}],"inLanguage":"fr-FR"}]}},"_links":{"self":[{"href":"https:\/\/22bet.team\/fr\/wp-json\/wp\/v2\/pages\/1182","targetHints":{"allow":["GET"]}}],"collection":[{"href":"https:\/\/22bet.team\/fr\/wp-json\/wp\/v2\/pages"}],"about":[{"href":"https:\/\/22bet.team\/fr\/wp-json\/wp\/v2\/types\/page"}],"author":[{"embeddable":true,"href":"https:\/\/22bet.team\/fr\/wp-json\/wp\/v2\/users\/1"}],"replies":[{"embeddable":true,"href":"https:\/\/22bet.team\/fr\/wp-json\/wp\/v2\/comments?post=1182"}],"version-history":[{"count":3,"href":"https:\/\/22bet.team\/fr\/wp-json\/wp\/v2\/pages\/1182\/revisions"}],"predecessor-version":[{"id":1247,"href":"https:\/\/22bet.team\/fr\/wp-json\/wp\/v2\/pages\/1182\/revisions\/1247"}],"wp:attachment":[{"href":"https:\/\/22bet.team\/fr\/wp-json\/wp\/v2\/media?parent=1182"}],"curies":[{"name":"wp","href":"https:\/\/api.w.org\/{rel}","templated":true}]}}