{"id":1186,"date":"2026-01-28T20:35:39","date_gmt":"2026-01-28T17:35:39","guid":{"rendered":"https:\/\/22bet.team\/fr\/?page_id=1186"},"modified":"2026-04-22T18:29:08","modified_gmt":"2026-04-22T15:29:08","slug":"esports","status":"publish","type":"page","link":"https:\/\/22bet.team\/fr\/esports\/","title":{"rendered":"e-sport"},"content":{"rendered":"","protected":false},"excerpt":{"rendered":"","protected":false},"author":1,"featured_media":0,"parent":0,"menu_order":0,"comment_status":"closed","ping_status":"closed","template":"","meta":{"_acf_changed":false,"footnotes":""},"class_list":["post-1186","page","type-page","status-publish","hentry"],"acf":[],"yoast_head":"<!-- This site is optimized with the Yoast SEO plugin v26.1.1 - https:\/\/yoast.com\/wordpress\/plugins\/seo\/ -->\n<title>Esports 22bet \u2714\ufe0f Paris et pronostics sur les plus grands tournois<\/title>\n<meta name=\"description\" content=\"Pariez sur l&#039;e-sport chez 22bet ! Faites vos pronostics sur les tournois de Dota 2, CS2 et LoL, profitez de cotes \u00e9lev\u00e9es et remportez des gains. Un bookmaker sp\u00e9cialis\u00e9 dans l&#039;e-sport vous attend.\" \/>\n<meta name=\"robots\" content=\"index, follow, max-snippet:-1, max-image-preview:large, max-video-preview:-1\" \/>\n<link rel=\"canonical\" href=\"https:\/\/22bet.team\/fr\/esports\/\" \/>\n<meta property=\"og:locale\" content=\"fr_FR\" \/>\n<meta property=\"og:type\" content=\"article\" \/>\n<meta property=\"og:title\" content=\"Esports 22bet \u2714\ufe0f Paris et pronostics sur les plus grands tournois\" \/>\n<meta property=\"og:description\" content=\"Pariez sur l&#039;e-sport chez 22bet ! Faites vos pronostics sur les tournois de Dota 2, CS2 et LoL, profitez de cotes \u00e9lev\u00e9es et remportez des gains. Un bookmaker sp\u00e9cialis\u00e9 dans l&#039;e-sport vous attend.\" \/>\n<meta property=\"og:url\" content=\"https:\/\/22bet.team\/fr\/esports\/\" \/>\n<meta property=\"og:site_name\" content=\"22Bet Team FR\" \/>\n<meta property=\"article:modified_time\" content=\"2026-04-22T15:29:08+00:00\" \/>\n<meta name=\"twitter:card\" content=\"summary_large_image\" \/>\n<script type=\"application\/ld+json\" class=\"yoast-schema-graph\">{\"@context\":\"https:\/\/schema.org\",\"@graph\":[{\"@type\":\"WebPage\",\"@id\":\"https:\/\/22bet.team\/fr\/esports\/\",\"url\":\"https:\/\/22bet.team\/fr\/esports\/\",\"name\":\"Esports 22bet \u2714\ufe0f Paris et pronostics sur les plus grands tournois\",\"isPartOf\":{\"@id\":\"https:\/\/22bet.team\/fr\/#website\"},\"datePublished\":\"2026-01-28T17:35:39+00:00\",\"dateModified\":\"2026-04-22T15:29:08+00:00\",\"description\":\"Pariez sur l'e-sport chez 22bet ! Faites vos pronostics sur les tournois de Dota 2, CS2 et LoL, profitez de cotes \u00e9lev\u00e9es et remportez des gains. Un bookmaker sp\u00e9cialis\u00e9 dans l'e-sport vous attend.\",\"breadcrumb\":{\"@id\":\"https:\/\/22bet.team\/fr\/esports\/#breadcrumb\"},\"inLanguage\":\"fr-FR\",\"potentialAction\":[{\"@type\":\"ReadAction\",\"target\":[\"https:\/\/22bet.team\/fr\/esports\/\"]}]},{\"@type\":\"BreadcrumbList\",\"@id\":\"https:\/\/22bet.team\/fr\/esports\/#breadcrumb\",\"itemListElement\":[{\"@type\":\"ListItem\",\"position\":1,\"name\":\"Home\",\"item\":\"https:\/\/22bet.team\/fr\/\"},{\"@type\":\"ListItem\",\"position\":2,\"name\":\"e-sport\"}]},{\"@type\":\"WebSite\",\"@id\":\"https:\/\/22bet.team\/fr\/#website\",\"url\":\"https:\/\/22bet.team\/fr\/\",\"name\":\"22Bet Team FR\",\"description\":\"\",\"potentialAction\":[{\"@type\":\"SearchAction\",\"target\":{\"@type\":\"EntryPoint\",\"urlTemplate\":\"https:\/\/22bet.team\/fr\/?s={search_term_string}\"},\"query-input\":{\"@type\":\"PropertyValueSpecification\",\"valueRequired\":true,\"valueName\":\"search_term_string\"}}],\"inLanguage\":\"fr-FR\"}]}<\/script>\n<!-- \/ Yoast SEO plugin. -->","yoast_head_json":{"title":"Esports 22bet \u2714\ufe0f Paris et pronostics sur les plus grands tournois","description":"Pariez sur l'e-sport chez 22bet ! Faites vos pronostics sur les tournois de Dota 2, CS2 et LoL, profitez de cotes \u00e9lev\u00e9es et remportez des gains. Un bookmaker sp\u00e9cialis\u00e9 dans l'e-sport vous attend.","robots":{"index":"index","follow":"follow","max-snippet":"max-snippet:-1","max-image-preview":"max-image-preview:large","max-video-preview":"max-video-preview:-1"},"canonical":"https:\/\/22bet.team\/fr\/esports\/","og_locale":"fr_FR","og_type":"article","og_title":"Esports 22bet \u2714\ufe0f Paris et pronostics sur les plus grands tournois","og_description":"Pariez sur l'e-sport chez 22bet ! Faites vos pronostics sur les tournois de Dota 2, CS2 et LoL, profitez de cotes \u00e9lev\u00e9es et remportez des gains. Un bookmaker sp\u00e9cialis\u00e9 dans l'e-sport vous attend.","og_url":"https:\/\/22bet.team\/fr\/esports\/","og_site_name":"22Bet Team FR","article_modified_time":"2026-04-22T15:29:08+00:00","twitter_card":"summary_large_image","schema":{"@context":"https:\/\/schema.org","@graph":[{"@type":"WebPage","@id":"https:\/\/22bet.team\/fr\/esports\/","url":"https:\/\/22bet.team\/fr\/esports\/","name":"Esports 22bet \u2714\ufe0f Paris et pronostics sur les plus grands tournois","isPartOf":{"@id":"https:\/\/22bet.team\/fr\/#website"},"datePublished":"2026-01-28T17:35:39+00:00","dateModified":"2026-04-22T15:29:08+00:00","description":"Pariez sur l'e-sport chez 22bet ! Faites vos pronostics sur les tournois de Dota 2, CS2 et LoL, profitez de cotes \u00e9lev\u00e9es et remportez des gains. Un bookmaker sp\u00e9cialis\u00e9 dans l'e-sport vous attend.","breadcrumb":{"@id":"https:\/\/22bet.team\/fr\/esports\/#breadcrumb"},"inLanguage":"fr-FR","potentialAction":[{"@type":"ReadAction","target":["https:\/\/22bet.team\/fr\/esports\/"]}]},{"@type":"BreadcrumbList","@id":"https:\/\/22bet.team\/fr\/esports\/#breadcrumb","itemListElement":[{"@type":"ListItem","position":1,"name":"Home","item":"https:\/\/22bet.team\/fr\/"},{"@type":"ListItem","position":2,"name":"e-sport"}]},{"@type":"WebSite","@id":"https:\/\/22bet.team\/fr\/#website","url":"https:\/\/22bet.team\/fr\/","name":"22Bet Team FR","description":"","potentialAction":[{"@type":"SearchAction","target":{"@type":"EntryPoint","urlTemplate":"https:\/\/22bet.team\/fr\/?s={search_term_string}"},"query-input":{"@type":"PropertyValueSpecification","valueRequired":true,"valueName":"search_term_string"}}],"inLanguage":"fr-FR"}]}},"_links":{"self":[{"href":"https:\/\/22bet.team\/fr\/wp-json\/wp\/v2\/pages\/1186","targetHints":{"allow":["GET"]}}],"collection":[{"href":"https:\/\/22bet.team\/fr\/wp-json\/wp\/v2\/pages"}],"about":[{"href":"https:\/\/22bet.team\/fr\/wp-json\/wp\/v2\/types\/page"}],"author":[{"embeddable":true,"href":"https:\/\/22bet.team\/fr\/wp-json\/wp\/v2\/users\/1"}],"replies":[{"embeddable":true,"href":"https:\/\/22bet.team\/fr\/wp-json\/wp\/v2\/comments?post=1186"}],"version-history":[{"count":4,"href":"https:\/\/22bet.team\/fr\/wp-json\/wp\/v2\/pages\/1186\/revisions"}],"predecessor-version":[{"id":1243,"href":"https:\/\/22bet.team\/fr\/wp-json\/wp\/v2\/pages\/1186\/revisions\/1243"}],"wp:attachment":[{"href":"https:\/\/22bet.team\/fr\/wp-json\/wp\/v2\/media?parent=1186"}],"curies":[{"name":"wp","href":"https:\/\/api.w.org\/{rel}","templated":true}]}}