{"id":2,"date":"2025-08-22T14:28:47","date_gmt":"2025-08-22T11:28:47","guid":{"rendered":"https:\/\/22bet.team\/fr\/?page_id=2"},"modified":"2026-04-22T23:04:35","modified_gmt":"2026-04-22T20:04:35","slug":"home","status":"publish","type":"page","link":"https:\/\/22bet.team\/fr\/","title":{"rendered":"Accueil"},"content":{"rendered":"","protected":false},"excerpt":{"rendered":"","protected":false},"author":1,"featured_media":1156,"parent":0,"menu_order":0,"comment_status":"closed","ping_status":"closed","template":"","meta":{"_acf_changed":false,"footnotes":""},"class_list":["post-2","page","type-page","status-publish","has-post-thumbnail","hentry"],"acf":[],"yoast_head":"<!-- This site is optimized with the Yoast SEO plugin v26.1.1 - https:\/\/yoast.com\/wordpress\/plugins\/seo\/ -->\n<title>22Bet : Paris et Casino | Les meilleures cotes sportives, jeux et bonus<\/title>\n<meta name=\"description\" content=\"22Bet - la premi\u00e8re plateforme de paris en ligne proposant un large \u00e9ventail de paris sportifs et une exp\u00e9rience de casino exceptionnelle. D\u00e9couvrez des bonus g\u00e9n\u00e9reux, des fonctionnalit\u00e9s de paris en direct et des cotes comp\u00e9titives, tant pour les nouveaux joueurs que pour les parieurs confirm\u00e9s.\" \/>\n<meta name=\"robots\" content=\"index, follow, max-snippet:-1, max-image-preview:large, max-video-preview:-1\" \/>\n<link rel=\"canonical\" href=\"https:\/\/22bet.team\/fr\/\" \/>\n<meta property=\"og:locale\" content=\"fr_FR\" \/>\n<meta property=\"og:type\" content=\"article\" \/>\n<meta property=\"og:title\" content=\"22Bet : Paris et Casino | Les meilleures cotes sportives, jeux et bonus\" \/>\n<meta property=\"og:description\" content=\"22Bet - la premi\u00e8re plateforme de paris en ligne proposant un large \u00e9ventail de paris sportifs et une exp\u00e9rience de casino exceptionnelle. D\u00e9couvrez des bonus g\u00e9n\u00e9reux, des fonctionnalit\u00e9s de paris en direct et des cotes comp\u00e9titives, tant pour les nouveaux joueurs que pour les parieurs confirm\u00e9s.\" \/>\n<meta property=\"og:url\" content=\"https:\/\/22bet.team\/fr\/\" \/>\n<meta property=\"og:site_name\" content=\"22Bet Team FR\" \/>\n<meta property=\"article:modified_time\" content=\"2026-04-22T20:04:35+00:00\" \/>\n<meta property=\"og:image\" content=\"http:\/\/22bet.team\/fr\/wp-content\/uploads\/sites\/48\/22bet-team-001-1-1.webp\" \/>\n\t<meta property=\"og:image:width\" content=\"600\" \/>\n\t<meta property=\"og:image:height\" content=\"420\" \/>\n\t<meta property=\"og:image:type\" content=\"image\/webp\" \/>\n<meta name=\"twitter:card\" content=\"summary_large_image\" \/>\n<meta name=\"twitter:label1\" content=\"Dur\u00e9e de lecture estim\u00e9e\" \/>\n\t<meta name=\"twitter:data1\" content=\"1 minute\" \/>\n<script type=\"application\/ld+json\" class=\"yoast-schema-graph\">{\"@context\":\"https:\/\/schema.org\",\"@graph\":[{\"@type\":\"WebPage\",\"@id\":\"https:\/\/22bet.team\/fr\/\",\"url\":\"https:\/\/22bet.team\/fr\/\",\"name\":\"22Bet : Paris et Casino | Les meilleures cotes sportives, jeux et bonus\",\"isPartOf\":{\"@id\":\"https:\/\/22bet.team\/fr\/#website\"},\"primaryImageOfPage\":{\"@id\":\"https:\/\/22bet.team\/fr\/#primaryimage\"},\"image\":{\"@id\":\"https:\/\/22bet.team\/fr\/#primaryimage\"},\"thumbnailUrl\":\"https:\/\/22bet.team\/fr\/wp-content\/uploads\/sites\/48\/22bet-team-001-1-1.webp\",\"datePublished\":\"2025-08-22T11:28:47+00:00\",\"dateModified\":\"2026-04-22T20:04:35+00:00\",\"description\":\"22Bet - la premi\u00e8re plateforme de paris en ligne proposant un large \u00e9ventail de paris sportifs et une exp\u00e9rience de casino exceptionnelle. D\u00e9couvrez des bonus g\u00e9n\u00e9reux, des fonctionnalit\u00e9s de paris en direct et des cotes comp\u00e9titives, tant pour les nouveaux joueurs que pour les parieurs confirm\u00e9s.\",\"breadcrumb\":{\"@id\":\"https:\/\/22bet.team\/fr\/#breadcrumb\"},\"inLanguage\":\"fr-FR\",\"potentialAction\":[{\"@type\":\"ReadAction\",\"target\":[\"https:\/\/22bet.team\/fr\/\"]}]},{\"@type\":\"ImageObject\",\"inLanguage\":\"fr-FR\",\"@id\":\"https:\/\/22bet.team\/fr\/#primaryimage\",\"url\":\"https:\/\/22bet.team\/fr\/wp-content\/uploads\/sites\/48\/22bet-team-001-1-1.webp\",\"contentUrl\":\"https:\/\/22bet.team\/fr\/wp-content\/uploads\/sites\/48\/22bet-team-001-1-1.webp\",\"width\":600,\"height\":420},{\"@type\":\"BreadcrumbList\",\"@id\":\"https:\/\/22bet.team\/fr\/#breadcrumb\",\"itemListElement\":[{\"@type\":\"ListItem\",\"position\":1,\"name\":\"Home\",\"item\":\"https:\/\/22bet.team\/fr\/\"},{\"@type\":\"ListItem\",\"position\":2,\"name\":\"Accueil\"}]},{\"@type\":\"WebSite\",\"@id\":\"https:\/\/22bet.team\/fr\/#website\",\"url\":\"https:\/\/22bet.team\/fr\/\",\"name\":\"22Bet Team FR\",\"description\":\"\",\"potentialAction\":[{\"@type\":\"SearchAction\",\"target\":{\"@type\":\"EntryPoint\",\"urlTemplate\":\"https:\/\/22bet.team\/fr\/?s={search_term_string}\"},\"query-input\":{\"@type\":\"PropertyValueSpecification\",\"valueRequired\":true,\"valueName\":\"search_term_string\"}}],\"inLanguage\":\"fr-FR\"}]}<\/script>\n<!-- \/ Yoast SEO plugin. -->","yoast_head_json":{"title":"22Bet : Paris et Casino | Les meilleures cotes sportives, jeux et bonus","description":"22Bet - la premi\u00e8re plateforme de paris en ligne proposant un large \u00e9ventail de paris sportifs et une exp\u00e9rience de casino exceptionnelle. D\u00e9couvrez des bonus g\u00e9n\u00e9reux, des fonctionnalit\u00e9s de paris en direct et des cotes comp\u00e9titives, tant pour les nouveaux joueurs que pour les parieurs confirm\u00e9s.","robots":{"index":"index","follow":"follow","max-snippet":"max-snippet:-1","max-image-preview":"max-image-preview:large","max-video-preview":"max-video-preview:-1"},"canonical":"https:\/\/22bet.team\/fr\/","og_locale":"fr_FR","og_type":"article","og_title":"22Bet : Paris et Casino | Les meilleures cotes sportives, jeux et bonus","og_description":"22Bet - la premi\u00e8re plateforme de paris en ligne proposant un large \u00e9ventail de paris sportifs et une exp\u00e9rience de casino exceptionnelle. D\u00e9couvrez des bonus g\u00e9n\u00e9reux, des fonctionnalit\u00e9s de paris en direct et des cotes comp\u00e9titives, tant pour les nouveaux joueurs que pour les parieurs confirm\u00e9s.","og_url":"https:\/\/22bet.team\/fr\/","og_site_name":"22Bet Team FR","article_modified_time":"2026-04-22T20:04:35+00:00","og_image":[{"width":600,"height":420,"url":"http:\/\/22bet.team\/fr\/wp-content\/uploads\/sites\/48\/22bet-team-001-1-1.webp","type":"image\/webp"}],"twitter_card":"summary_large_image","twitter_misc":{"Dur\u00e9e de lecture estim\u00e9e":"1 minute"},"schema":{"@context":"https:\/\/schema.org","@graph":[{"@type":"WebPage","@id":"https:\/\/22bet.team\/fr\/","url":"https:\/\/22bet.team\/fr\/","name":"22Bet : Paris et Casino | Les meilleures cotes sportives, jeux et bonus","isPartOf":{"@id":"https:\/\/22bet.team\/fr\/#website"},"primaryImageOfPage":{"@id":"https:\/\/22bet.team\/fr\/#primaryimage"},"image":{"@id":"https:\/\/22bet.team\/fr\/#primaryimage"},"thumbnailUrl":"https:\/\/22bet.team\/fr\/wp-content\/uploads\/sites\/48\/22bet-team-001-1-1.webp","datePublished":"2025-08-22T11:28:47+00:00","dateModified":"2026-04-22T20:04:35+00:00","description":"22Bet - la premi\u00e8re plateforme de paris en ligne proposant un large \u00e9ventail de paris sportifs et une exp\u00e9rience de casino exceptionnelle. D\u00e9couvrez des bonus g\u00e9n\u00e9reux, des fonctionnalit\u00e9s de paris en direct et des cotes comp\u00e9titives, tant pour les nouveaux joueurs que pour les parieurs confirm\u00e9s.","breadcrumb":{"@id":"https:\/\/22bet.team\/fr\/#breadcrumb"},"inLanguage":"fr-FR","potentialAction":[{"@type":"ReadAction","target":["https:\/\/22bet.team\/fr\/"]}]},{"@type":"ImageObject","inLanguage":"fr-FR","@id":"https:\/\/22bet.team\/fr\/#primaryimage","url":"https:\/\/22bet.team\/fr\/wp-content\/uploads\/sites\/48\/22bet-team-001-1-1.webp","contentUrl":"https:\/\/22bet.team\/fr\/wp-content\/uploads\/sites\/48\/22bet-team-001-1-1.webp","width":600,"height":420},{"@type":"BreadcrumbList","@id":"https:\/\/22bet.team\/fr\/#breadcrumb","itemListElement":[{"@type":"ListItem","position":1,"name":"Home","item":"https:\/\/22bet.team\/fr\/"},{"@type":"ListItem","position":2,"name":"Accueil"}]},{"@type":"WebSite","@id":"https:\/\/22bet.team\/fr\/#website","url":"https:\/\/22bet.team\/fr\/","name":"22Bet Team FR","description":"","potentialAction":[{"@type":"SearchAction","target":{"@type":"EntryPoint","urlTemplate":"https:\/\/22bet.team\/fr\/?s={search_term_string}"},"query-input":{"@type":"PropertyValueSpecification","valueRequired":true,"valueName":"search_term_string"}}],"inLanguage":"fr-FR"}]}},"_links":{"self":[{"href":"https:\/\/22bet.team\/fr\/wp-json\/wp\/v2\/pages\/2","targetHints":{"allow":["GET"]}}],"collection":[{"href":"https:\/\/22bet.team\/fr\/wp-json\/wp\/v2\/pages"}],"about":[{"href":"https:\/\/22bet.team\/fr\/wp-json\/wp\/v2\/types\/page"}],"author":[{"embeddable":true,"href":"https:\/\/22bet.team\/fr\/wp-json\/wp\/v2\/users\/1"}],"replies":[{"embeddable":true,"href":"https:\/\/22bet.team\/fr\/wp-json\/wp\/v2\/comments?post=2"}],"version-history":[{"count":5,"href":"https:\/\/22bet.team\/fr\/wp-json\/wp\/v2\/pages\/2\/revisions"}],"predecessor-version":[{"id":1252,"href":"https:\/\/22bet.team\/fr\/wp-json\/wp\/v2\/pages\/2\/revisions\/1252"}],"wp:featuredmedia":[{"embeddable":true,"href":"https:\/\/22bet.team\/fr\/wp-json\/wp\/v2\/media\/1156"}],"wp:attachment":[{"href":"https:\/\/22bet.team\/fr\/wp-json\/wp\/v2\/media?parent=2"}],"curies":[{"name":"wp","href":"https:\/\/api.w.org\/{rel}","templated":true}]}}