{"id":830,"date":"2025-11-14T09:42:58","date_gmt":"2025-11-14T06:42:58","guid":{"rendered":"https:\/\/22bet.team\/fr\/?page_id=830"},"modified":"2026-04-22T18:19:18","modified_gmt":"2026-04-22T15:19:18","slug":"app","status":"publish","type":"page","link":"https:\/\/22bet.team\/fr\/app\/","title":{"rendered":"Application"},"content":{"rendered":"","protected":false},"excerpt":{"rendered":"","protected":false},"author":1,"featured_media":0,"parent":0,"menu_order":0,"comment_status":"closed","ping_status":"closed","template":"","meta":{"_acf_changed":false,"footnotes":""},"class_list":["post-830","page","type-page","status-publish","hentry"],"acf":[],"yoast_head":"<!-- This site is optimized with the Yoast SEO plugin v26.1.1 - https:\/\/yoast.com\/wordpress\/plugins\/seo\/ -->\n<title>Application 22Bet \u2b07\ufe0f Fonctionnalit\u00e9s et avantages pour les paris et le casino<\/title>\n<meta name=\"description\" content=\"Application 22Bet \u2014 t\u00e9l\u00e9chargez-la sur Android et iOS et profitez d&#039;un acc\u00e8s imm\u00e9diat aux paris en direct, au casino, aux bonus et aux paiements rapides. Une interface mobile moderne, pratique et s\u00e9curis\u00e9e.\" \/>\n<meta name=\"robots\" content=\"index, follow, max-snippet:-1, max-image-preview:large, max-video-preview:-1\" \/>\n<link rel=\"canonical\" href=\"https:\/\/22bet.team\/fr\/app\/\" \/>\n<meta property=\"og:locale\" content=\"fr_FR\" \/>\n<meta property=\"og:type\" content=\"article\" \/>\n<meta property=\"og:title\" content=\"Application 22Bet \u2b07\ufe0f Fonctionnalit\u00e9s et avantages pour les paris et le casino\" \/>\n<meta property=\"og:description\" content=\"Application 22Bet \u2014 t\u00e9l\u00e9chargez-la sur Android et iOS et profitez d&#039;un acc\u00e8s imm\u00e9diat aux paris en direct, au casino, aux bonus et aux paiements rapides. Une interface mobile moderne, pratique et s\u00e9curis\u00e9e.\" \/>\n<meta property=\"og:url\" content=\"https:\/\/22bet.team\/fr\/app\/\" \/>\n<meta property=\"og:site_name\" content=\"22Bet Team FR\" \/>\n<meta property=\"article:modified_time\" content=\"2026-04-22T15:19:18+00:00\" \/>\n<meta name=\"twitter:card\" content=\"summary_large_image\" \/>\n<script type=\"application\/ld+json\" class=\"yoast-schema-graph\">{\"@context\":\"https:\/\/schema.org\",\"@graph\":[{\"@type\":\"WebPage\",\"@id\":\"https:\/\/22bet.team\/fr\/app\/\",\"url\":\"https:\/\/22bet.team\/fr\/app\/\",\"name\":\"Application 22Bet \u2b07\ufe0f Fonctionnalit\u00e9s et avantages pour les paris et le casino\",\"isPartOf\":{\"@id\":\"https:\/\/22bet.team\/fr\/#website\"},\"datePublished\":\"2025-11-14T06:42:58+00:00\",\"dateModified\":\"2026-04-22T15:19:18+00:00\",\"description\":\"Application 22Bet \u2014 t\u00e9l\u00e9chargez-la sur Android et iOS et profitez d'un acc\u00e8s imm\u00e9diat aux paris en direct, au casino, aux bonus et aux paiements rapides. Une interface mobile moderne, pratique et s\u00e9curis\u00e9e.\",\"breadcrumb\":{\"@id\":\"https:\/\/22bet.team\/fr\/app\/#breadcrumb\"},\"inLanguage\":\"fr-FR\",\"potentialAction\":[{\"@type\":\"ReadAction\",\"target\":[\"https:\/\/22bet.team\/fr\/app\/\"]}]},{\"@type\":\"BreadcrumbList\",\"@id\":\"https:\/\/22bet.team\/fr\/app\/#breadcrumb\",\"itemListElement\":[{\"@type\":\"ListItem\",\"position\":1,\"name\":\"Home\",\"item\":\"https:\/\/22bet.team\/fr\/\"},{\"@type\":\"ListItem\",\"position\":2,\"name\":\"Application\"}]},{\"@type\":\"WebSite\",\"@id\":\"https:\/\/22bet.team\/fr\/#website\",\"url\":\"https:\/\/22bet.team\/fr\/\",\"name\":\"22Bet Team FR\",\"description\":\"\",\"potentialAction\":[{\"@type\":\"SearchAction\",\"target\":{\"@type\":\"EntryPoint\",\"urlTemplate\":\"https:\/\/22bet.team\/fr\/?s={search_term_string}\"},\"query-input\":{\"@type\":\"PropertyValueSpecification\",\"valueRequired\":true,\"valueName\":\"search_term_string\"}}],\"inLanguage\":\"fr-FR\"}]}<\/script>\n<!-- \/ Yoast SEO plugin. -->","yoast_head_json":{"title":"Application 22Bet \u2b07\ufe0f Fonctionnalit\u00e9s et avantages pour les paris et le casino","description":"Application 22Bet \u2014 t\u00e9l\u00e9chargez-la sur Android et iOS et profitez d'un acc\u00e8s imm\u00e9diat aux paris en direct, au casino, aux bonus et aux paiements rapides. Une interface mobile moderne, pratique et s\u00e9curis\u00e9e.","robots":{"index":"index","follow":"follow","max-snippet":"max-snippet:-1","max-image-preview":"max-image-preview:large","max-video-preview":"max-video-preview:-1"},"canonical":"https:\/\/22bet.team\/fr\/app\/","og_locale":"fr_FR","og_type":"article","og_title":"Application 22Bet \u2b07\ufe0f Fonctionnalit\u00e9s et avantages pour les paris et le casino","og_description":"Application 22Bet \u2014 t\u00e9l\u00e9chargez-la sur Android et iOS et profitez d'un acc\u00e8s imm\u00e9diat aux paris en direct, au casino, aux bonus et aux paiements rapides. Une interface mobile moderne, pratique et s\u00e9curis\u00e9e.","og_url":"https:\/\/22bet.team\/fr\/app\/","og_site_name":"22Bet Team FR","article_modified_time":"2026-04-22T15:19:18+00:00","twitter_card":"summary_large_image","schema":{"@context":"https:\/\/schema.org","@graph":[{"@type":"WebPage","@id":"https:\/\/22bet.team\/fr\/app\/","url":"https:\/\/22bet.team\/fr\/app\/","name":"Application 22Bet \u2b07\ufe0f Fonctionnalit\u00e9s et avantages pour les paris et le casino","isPartOf":{"@id":"https:\/\/22bet.team\/fr\/#website"},"datePublished":"2025-11-14T06:42:58+00:00","dateModified":"2026-04-22T15:19:18+00:00","description":"Application 22Bet \u2014 t\u00e9l\u00e9chargez-la sur Android et iOS et profitez d'un acc\u00e8s imm\u00e9diat aux paris en direct, au casino, aux bonus et aux paiements rapides. Une interface mobile moderne, pratique et s\u00e9curis\u00e9e.","breadcrumb":{"@id":"https:\/\/22bet.team\/fr\/app\/#breadcrumb"},"inLanguage":"fr-FR","potentialAction":[{"@type":"ReadAction","target":["https:\/\/22bet.team\/fr\/app\/"]}]},{"@type":"BreadcrumbList","@id":"https:\/\/22bet.team\/fr\/app\/#breadcrumb","itemListElement":[{"@type":"ListItem","position":1,"name":"Home","item":"https:\/\/22bet.team\/fr\/"},{"@type":"ListItem","position":2,"name":"Application"}]},{"@type":"WebSite","@id":"https:\/\/22bet.team\/fr\/#website","url":"https:\/\/22bet.team\/fr\/","name":"22Bet Team FR","description":"","potentialAction":[{"@type":"SearchAction","target":{"@type":"EntryPoint","urlTemplate":"https:\/\/22bet.team\/fr\/?s={search_term_string}"},"query-input":{"@type":"PropertyValueSpecification","valueRequired":true,"valueName":"search_term_string"}}],"inLanguage":"fr-FR"}]}},"_links":{"self":[{"href":"https:\/\/22bet.team\/fr\/wp-json\/wp\/v2\/pages\/830","targetHints":{"allow":["GET"]}}],"collection":[{"href":"https:\/\/22bet.team\/fr\/wp-json\/wp\/v2\/pages"}],"about":[{"href":"https:\/\/22bet.team\/fr\/wp-json\/wp\/v2\/types\/page"}],"author":[{"embeddable":true,"href":"https:\/\/22bet.team\/fr\/wp-json\/wp\/v2\/users\/1"}],"replies":[{"embeddable":true,"href":"https:\/\/22bet.team\/fr\/wp-json\/wp\/v2\/comments?post=830"}],"version-history":[{"count":5,"href":"https:\/\/22bet.team\/fr\/wp-json\/wp\/v2\/pages\/830\/revisions"}],"predecessor-version":[{"id":1239,"href":"https:\/\/22bet.team\/fr\/wp-json\/wp\/v2\/pages\/830\/revisions\/1239"}],"wp:attachment":[{"href":"https:\/\/22bet.team\/fr\/wp-json\/wp\/v2\/media?parent=830"}],"curies":[{"name":"wp","href":"https:\/\/api.w.org\/{rel}","templated":true}]}}