{"id":961,"date":"2025-11-19T09:25:55","date_gmt":"2025-11-19T06:25:55","guid":{"rendered":"https:\/\/22bet.team\/fr\/?page_id=961"},"modified":"2026-04-22T18:02:04","modified_gmt":"2026-04-22T15:02:04","slug":"apk","status":"publish","type":"page","link":"https:\/\/22bet.team\/fr\/apk\/","title":{"rendered":"APK"},"content":{"rendered":"","protected":false},"excerpt":{"rendered":"","protected":false},"author":1,"featured_media":0,"parent":0,"menu_order":0,"comment_status":"closed","ping_status":"closed","template":"","meta":{"_acf_changed":false,"footnotes":""},"class_list":["post-961","page","type-page","status-publish","hentry"],"acf":[],"yoast_head":"<!-- This site is optimized with the Yoast SEO plugin v26.1.1 - https:\/\/yoast.com\/wordpress\/plugins\/seo\/ -->\n<title>T\u00e9l\u00e9charger l&#039;APK 22Bet \u1409 Une application rapide pour les paris sportifs et le casino<\/title>\n<meta name=\"description\" content=\"T\u00e9l\u00e9chargez l&#039;application 22Bet APK pour parier sur le sport et jouer \u00e0 des jeux d&#039;argent. Acc\u00e9dez \u00e0 plus de 20 sports, \u00e0 des cotes \u00e9lev\u00e9es et \u00e0 des bonus exclusifs r\u00e9serv\u00e9s aux nouveaux utilisateurs. Jouez et gagnez directement sur votre Android !\" \/>\n<meta name=\"robots\" content=\"index, follow, max-snippet:-1, max-image-preview:large, max-video-preview:-1\" \/>\n<link rel=\"canonical\" href=\"https:\/\/22bet.team\/fr\/apk\/\" \/>\n<meta property=\"og:locale\" content=\"fr_FR\" \/>\n<meta property=\"og:type\" content=\"article\" \/>\n<meta property=\"og:title\" content=\"T\u00e9l\u00e9charger l&#039;APK 22Bet \u1409 Une application rapide pour les paris sportifs et le casino\" \/>\n<meta property=\"og:description\" content=\"T\u00e9l\u00e9chargez l&#039;application 22Bet APK pour parier sur le sport et jouer \u00e0 des jeux d&#039;argent. Acc\u00e9dez \u00e0 plus de 20 sports, \u00e0 des cotes \u00e9lev\u00e9es et \u00e0 des bonus exclusifs r\u00e9serv\u00e9s aux nouveaux utilisateurs. Jouez et gagnez directement sur votre Android !\" \/>\n<meta property=\"og:url\" content=\"https:\/\/22bet.team\/fr\/apk\/\" \/>\n<meta property=\"og:site_name\" content=\"22Bet Team FR\" \/>\n<meta property=\"article:modified_time\" content=\"2026-04-22T15:02:04+00:00\" \/>\n<meta name=\"twitter:card\" content=\"summary_large_image\" \/>\n<script type=\"application\/ld+json\" class=\"yoast-schema-graph\">{\"@context\":\"https:\/\/schema.org\",\"@graph\":[{\"@type\":\"WebPage\",\"@id\":\"https:\/\/22bet.team\/fr\/apk\/\",\"url\":\"https:\/\/22bet.team\/fr\/apk\/\",\"name\":\"T\u00e9l\u00e9charger l'APK 22Bet \u1409 Une application rapide pour les paris sportifs et le casino\",\"isPartOf\":{\"@id\":\"https:\/\/22bet.team\/fr\/#website\"},\"datePublished\":\"2025-11-19T06:25:55+00:00\",\"dateModified\":\"2026-04-22T15:02:04+00:00\",\"description\":\"T\u00e9l\u00e9chargez l'application 22Bet APK pour parier sur le sport et jouer \u00e0 des jeux d'argent. Acc\u00e9dez \u00e0 plus de 20 sports, \u00e0 des cotes \u00e9lev\u00e9es et \u00e0 des bonus exclusifs r\u00e9serv\u00e9s aux nouveaux utilisateurs. Jouez et gagnez directement sur votre Android !\",\"breadcrumb\":{\"@id\":\"https:\/\/22bet.team\/fr\/apk\/#breadcrumb\"},\"inLanguage\":\"fr-FR\",\"potentialAction\":[{\"@type\":\"ReadAction\",\"target\":[\"https:\/\/22bet.team\/fr\/apk\/\"]}]},{\"@type\":\"BreadcrumbList\",\"@id\":\"https:\/\/22bet.team\/fr\/apk\/#breadcrumb\",\"itemListElement\":[{\"@type\":\"ListItem\",\"position\":1,\"name\":\"Home\",\"item\":\"https:\/\/22bet.team\/fr\/\"},{\"@type\":\"ListItem\",\"position\":2,\"name\":\"APK\"}]},{\"@type\":\"WebSite\",\"@id\":\"https:\/\/22bet.team\/fr\/#website\",\"url\":\"https:\/\/22bet.team\/fr\/\",\"name\":\"22Bet Team FR\",\"description\":\"\",\"potentialAction\":[{\"@type\":\"SearchAction\",\"target\":{\"@type\":\"EntryPoint\",\"urlTemplate\":\"https:\/\/22bet.team\/fr\/?s={search_term_string}\"},\"query-input\":{\"@type\":\"PropertyValueSpecification\",\"valueRequired\":true,\"valueName\":\"search_term_string\"}}],\"inLanguage\":\"fr-FR\"}]}<\/script>\n<!-- \/ Yoast SEO plugin. -->","yoast_head_json":{"title":"T\u00e9l\u00e9charger l'APK 22Bet \u1409 Une application rapide pour les paris sportifs et le casino","description":"T\u00e9l\u00e9chargez l'application 22Bet APK pour parier sur le sport et jouer \u00e0 des jeux d'argent. Acc\u00e9dez \u00e0 plus de 20 sports, \u00e0 des cotes \u00e9lev\u00e9es et \u00e0 des bonus exclusifs r\u00e9serv\u00e9s aux nouveaux utilisateurs. Jouez et gagnez directement sur votre Android !","robots":{"index":"index","follow":"follow","max-snippet":"max-snippet:-1","max-image-preview":"max-image-preview:large","max-video-preview":"max-video-preview:-1"},"canonical":"https:\/\/22bet.team\/fr\/apk\/","og_locale":"fr_FR","og_type":"article","og_title":"T\u00e9l\u00e9charger l'APK 22Bet \u1409 Une application rapide pour les paris sportifs et le casino","og_description":"T\u00e9l\u00e9chargez l'application 22Bet APK pour parier sur le sport et jouer \u00e0 des jeux d'argent. Acc\u00e9dez \u00e0 plus de 20 sports, \u00e0 des cotes \u00e9lev\u00e9es et \u00e0 des bonus exclusifs r\u00e9serv\u00e9s aux nouveaux utilisateurs. Jouez et gagnez directement sur votre Android !","og_url":"https:\/\/22bet.team\/fr\/apk\/","og_site_name":"22Bet Team FR","article_modified_time":"2026-04-22T15:02:04+00:00","twitter_card":"summary_large_image","schema":{"@context":"https:\/\/schema.org","@graph":[{"@type":"WebPage","@id":"https:\/\/22bet.team\/fr\/apk\/","url":"https:\/\/22bet.team\/fr\/apk\/","name":"T\u00e9l\u00e9charger l'APK 22Bet \u1409 Une application rapide pour les paris sportifs et le casino","isPartOf":{"@id":"https:\/\/22bet.team\/fr\/#website"},"datePublished":"2025-11-19T06:25:55+00:00","dateModified":"2026-04-22T15:02:04+00:00","description":"T\u00e9l\u00e9chargez l'application 22Bet APK pour parier sur le sport et jouer \u00e0 des jeux d'argent. Acc\u00e9dez \u00e0 plus de 20 sports, \u00e0 des cotes \u00e9lev\u00e9es et \u00e0 des bonus exclusifs r\u00e9serv\u00e9s aux nouveaux utilisateurs. Jouez et gagnez directement sur votre Android !","breadcrumb":{"@id":"https:\/\/22bet.team\/fr\/apk\/#breadcrumb"},"inLanguage":"fr-FR","potentialAction":[{"@type":"ReadAction","target":["https:\/\/22bet.team\/fr\/apk\/"]}]},{"@type":"BreadcrumbList","@id":"https:\/\/22bet.team\/fr\/apk\/#breadcrumb","itemListElement":[{"@type":"ListItem","position":1,"name":"Home","item":"https:\/\/22bet.team\/fr\/"},{"@type":"ListItem","position":2,"name":"APK"}]},{"@type":"WebSite","@id":"https:\/\/22bet.team\/fr\/#website","url":"https:\/\/22bet.team\/fr\/","name":"22Bet Team FR","description":"","potentialAction":[{"@type":"SearchAction","target":{"@type":"EntryPoint","urlTemplate":"https:\/\/22bet.team\/fr\/?s={search_term_string}"},"query-input":{"@type":"PropertyValueSpecification","valueRequired":true,"valueName":"search_term_string"}}],"inLanguage":"fr-FR"}]}},"_links":{"self":[{"href":"https:\/\/22bet.team\/fr\/wp-json\/wp\/v2\/pages\/961","targetHints":{"allow":["GET"]}}],"collection":[{"href":"https:\/\/22bet.team\/fr\/wp-json\/wp\/v2\/pages"}],"about":[{"href":"https:\/\/22bet.team\/fr\/wp-json\/wp\/v2\/types\/page"}],"author":[{"embeddable":true,"href":"https:\/\/22bet.team\/fr\/wp-json\/wp\/v2\/users\/1"}],"replies":[{"embeddable":true,"href":"https:\/\/22bet.team\/fr\/wp-json\/wp\/v2\/comments?post=961"}],"version-history":[{"count":5,"href":"https:\/\/22bet.team\/fr\/wp-json\/wp\/v2\/pages\/961\/revisions"}],"predecessor-version":[{"id":1238,"href":"https:\/\/22bet.team\/fr\/wp-json\/wp\/v2\/pages\/961\/revisions\/1238"}],"wp:attachment":[{"href":"https:\/\/22bet.team\/fr\/wp-json\/wp\/v2\/media?parent=961"}],"curies":[{"name":"wp","href":"https:\/\/api.w.org\/{rel}","templated":true}]}}