{"id":1021,"date":"2025-11-24T16:18:29","date_gmt":"2025-11-24T13:18:29","guid":{"rendered":"https:\/\/22bet.team\/hr\/?page_id=1021"},"modified":"2026-02-25T14:32:06","modified_gmt":"2026-02-25T11:32:06","slug":"bonus","status":"publish","type":"page","link":"https:\/\/22bet.team\/hr\/bonus\/","title":{"rendered":"Bonus"},"content":{"rendered":"","protected":false},"excerpt":{"rendered":"","protected":false},"author":1,"featured_media":0,"parent":0,"menu_order":0,"comment_status":"closed","ping_status":"closed","template":"","meta":{"_acf_changed":false,"footnotes":""},"class_list":["post-1021","page","type-page","status-publish","hentry"],"acf":[],"yoast_head":"<!-- This site is optimized with the Yoast SEO plugin v26.1.1 - https:\/\/yoast.com\/wordpress\/plugins\/seo\/ -->\n<title>22Bet bonusi \u1409 Ponude za dobrodo\u0161licu \u20ac122 i posebne promocije<\/title>\n<meta name=\"description\" content=\"22Bet bonusi \u2014 bonus dobrodo\u0161lice do 122 \u20ac za kla\u0111enje i do 300 \u20ac za kasino, petak ponovno punjenje, povrat novca, bonus za niz neuspje\u0161nih oklada i jo\u0161 mnogo toga. Analiziramo pravila, uvjete i kriterije kla\u0111enja.\" \/>\n<meta name=\"robots\" content=\"index, follow, max-snippet:-1, max-image-preview:large, max-video-preview:-1\" \/>\n<link rel=\"canonical\" href=\"https:\/\/22bet.team\/hr\/bonus\/\" \/>\n<meta property=\"og:locale\" content=\"hr_HR\" \/>\n<meta property=\"og:type\" content=\"article\" \/>\n<meta property=\"og:title\" content=\"22Bet bonusi \u1409 Ponude za dobrodo\u0161licu \u20ac122 i posebne promocije\" \/>\n<meta property=\"og:description\" content=\"22Bet bonusi \u2014 bonus dobrodo\u0161lice do 122 \u20ac za kla\u0111enje i do 300 \u20ac za kasino, petak ponovno punjenje, povrat novca, bonus za niz neuspje\u0161nih oklada i jo\u0161 mnogo toga. Analiziramo pravila, uvjete i kriterije kla\u0111enja.\" \/>\n<meta property=\"og:url\" content=\"https:\/\/22bet.team\/hr\/bonus\/\" \/>\n<meta property=\"og:site_name\" content=\"22Bet Team hr\" \/>\n<meta property=\"article:modified_time\" content=\"2026-02-25T11:32:06+00:00\" \/>\n<meta name=\"twitter:card\" content=\"summary_large_image\" \/>\n<script type=\"application\/ld+json\" class=\"yoast-schema-graph\">{\"@context\":\"https:\/\/schema.org\",\"@graph\":[{\"@type\":\"WebPage\",\"@id\":\"https:\/\/22bet.team\/hr\/bonus\/\",\"url\":\"https:\/\/22bet.team\/hr\/bonus\/\",\"name\":\"22Bet bonusi \u1409 Ponude za dobrodo\u0161licu \u20ac122 i posebne promocije\",\"isPartOf\":{\"@id\":\"http:\/\/22bet.team\/hr\/#website\"},\"datePublished\":\"2025-11-24T13:18:29+00:00\",\"dateModified\":\"2026-02-25T11:32:06+00:00\",\"description\":\"22Bet bonusi \u2014 bonus dobrodo\u0161lice do 122 \u20ac za kla\u0111enje i do 300 \u20ac za kasino, petak ponovno punjenje, povrat novca, bonus za niz neuspje\u0161nih oklada i jo\u0161 mnogo toga. Analiziramo pravila, uvjete i kriterije kla\u0111enja.\",\"breadcrumb\":{\"@id\":\"https:\/\/22bet.team\/hr\/bonus\/#breadcrumb\"},\"inLanguage\":\"hr\",\"potentialAction\":[{\"@type\":\"ReadAction\",\"target\":[\"https:\/\/22bet.team\/hr\/bonus\/\"]}]},{\"@type\":\"BreadcrumbList\",\"@id\":\"https:\/\/22bet.team\/hr\/bonus\/#breadcrumb\",\"itemListElement\":[{\"@type\":\"ListItem\",\"position\":1,\"name\":\"Home\",\"item\":\"http:\/\/22bet.team\/hr\/\"},{\"@type\":\"ListItem\",\"position\":2,\"name\":\"Bonus\"}]},{\"@type\":\"WebSite\",\"@id\":\"http:\/\/22bet.team\/hr\/#website\",\"url\":\"http:\/\/22bet.team\/hr\/\",\"name\":\"22Bet Team hr\",\"description\":\"\",\"potentialAction\":[{\"@type\":\"SearchAction\",\"target\":{\"@type\":\"EntryPoint\",\"urlTemplate\":\"http:\/\/22bet.team\/hr\/?s={search_term_string}\"},\"query-input\":{\"@type\":\"PropertyValueSpecification\",\"valueRequired\":true,\"valueName\":\"search_term_string\"}}],\"inLanguage\":\"hr\"}]}<\/script>\n<!-- \/ Yoast SEO plugin. -->","yoast_head_json":{"title":"22Bet bonusi \u1409 Ponude za dobrodo\u0161licu \u20ac122 i posebne promocije","description":"22Bet bonusi \u2014 bonus dobrodo\u0161lice do 122 \u20ac za kla\u0111enje i do 300 \u20ac za kasino, petak ponovno punjenje, povrat novca, bonus za niz neuspje\u0161nih oklada i jo\u0161 mnogo toga. Analiziramo pravila, uvjete i kriterije kla\u0111enja.","robots":{"index":"index","follow":"follow","max-snippet":"max-snippet:-1","max-image-preview":"max-image-preview:large","max-video-preview":"max-video-preview:-1"},"canonical":"https:\/\/22bet.team\/hr\/bonus\/","og_locale":"hr_HR","og_type":"article","og_title":"22Bet bonusi \u1409 Ponude za dobrodo\u0161licu \u20ac122 i posebne promocije","og_description":"22Bet bonusi \u2014 bonus dobrodo\u0161lice do 122 \u20ac za kla\u0111enje i do 300 \u20ac za kasino, petak ponovno punjenje, povrat novca, bonus za niz neuspje\u0161nih oklada i jo\u0161 mnogo toga. Analiziramo pravila, uvjete i kriterije kla\u0111enja.","og_url":"https:\/\/22bet.team\/hr\/bonus\/","og_site_name":"22Bet Team hr","article_modified_time":"2026-02-25T11:32:06+00:00","twitter_card":"summary_large_image","schema":{"@context":"https:\/\/schema.org","@graph":[{"@type":"WebPage","@id":"https:\/\/22bet.team\/hr\/bonus\/","url":"https:\/\/22bet.team\/hr\/bonus\/","name":"22Bet bonusi \u1409 Ponude za dobrodo\u0161licu \u20ac122 i posebne promocije","isPartOf":{"@id":"http:\/\/22bet.team\/hr\/#website"},"datePublished":"2025-11-24T13:18:29+00:00","dateModified":"2026-02-25T11:32:06+00:00","description":"22Bet bonusi \u2014 bonus dobrodo\u0161lice do 122 \u20ac za kla\u0111enje i do 300 \u20ac za kasino, petak ponovno punjenje, povrat novca, bonus za niz neuspje\u0161nih oklada i jo\u0161 mnogo toga. Analiziramo pravila, uvjete i kriterije kla\u0111enja.","breadcrumb":{"@id":"https:\/\/22bet.team\/hr\/bonus\/#breadcrumb"},"inLanguage":"hr","potentialAction":[{"@type":"ReadAction","target":["https:\/\/22bet.team\/hr\/bonus\/"]}]},{"@type":"BreadcrumbList","@id":"https:\/\/22bet.team\/hr\/bonus\/#breadcrumb","itemListElement":[{"@type":"ListItem","position":1,"name":"Home","item":"http:\/\/22bet.team\/hr\/"},{"@type":"ListItem","position":2,"name":"Bonus"}]},{"@type":"WebSite","@id":"http:\/\/22bet.team\/hr\/#website","url":"http:\/\/22bet.team\/hr\/","name":"22Bet Team hr","description":"","potentialAction":[{"@type":"SearchAction","target":{"@type":"EntryPoint","urlTemplate":"http:\/\/22bet.team\/hr\/?s={search_term_string}"},"query-input":{"@type":"PropertyValueSpecification","valueRequired":true,"valueName":"search_term_string"}}],"inLanguage":"hr"}]}},"_links":{"self":[{"href":"https:\/\/22bet.team\/hr\/wp-json\/wp\/v2\/pages\/1021","targetHints":{"allow":["GET"]}}],"collection":[{"href":"https:\/\/22bet.team\/hr\/wp-json\/wp\/v2\/pages"}],"about":[{"href":"https:\/\/22bet.team\/hr\/wp-json\/wp\/v2\/types\/page"}],"author":[{"embeddable":true,"href":"https:\/\/22bet.team\/hr\/wp-json\/wp\/v2\/users\/1"}],"replies":[{"embeddable":true,"href":"https:\/\/22bet.team\/hr\/wp-json\/wp\/v2\/comments?post=1021"}],"version-history":[{"count":5,"href":"https:\/\/22bet.team\/hr\/wp-json\/wp\/v2\/pages\/1021\/revisions"}],"predecessor-version":[{"id":1234,"href":"https:\/\/22bet.team\/hr\/wp-json\/wp\/v2\/pages\/1021\/revisions\/1234"}],"wp:attachment":[{"href":"https:\/\/22bet.team\/hr\/wp-json\/wp\/v2\/media?parent=1021"}],"curies":[{"name":"wp","href":"https:\/\/api.w.org\/{rel}","templated":true}]}}