{"id":1177,"date":"2026-01-28T18:35:04","date_gmt":"2026-01-28T15:35:04","guid":{"rendered":"https:\/\/22bet.team\/hr\/?page_id=1177"},"modified":"2026-02-25T15:34:51","modified_gmt":"2026-02-25T12:34:51","slug":"hockey","status":"publish","type":"page","link":"https:\/\/22bet.team\/hr\/hockey\/","title":{"rendered":"Hokeja"},"content":{"rendered":"","protected":false},"excerpt":{"rendered":"","protected":false},"author":1,"featured_media":0,"parent":0,"menu_order":0,"comment_status":"closed","ping_status":"closed","template":"","meta":{"_acf_changed":false,"footnotes":""},"class_list":["post-1177","page","type-page","status-publish","hentry"],"acf":[],"yoast_head":"<!-- This site is optimized with the Yoast SEO plugin v26.1.1 - https:\/\/yoast.com\/wordpress\/plugins\/seo\/ -->\n<title>22Bet kladjenje na hokej na ledu \u1409 Najbolje kvote i kla\u0111enje u\u017eivo<\/title>\n<meta name=\"description\" content=\"Kla\u0111enje na hokej s 22Betom! Licencirani kladioni\u010dar nudi \u0161irok izbor sportova, visoke kvote i unosne bonuse. Pridru\u017eite nam se za \u0161irok izbor oklada i sigurne uplate, uklju\u010duju\u0107i kriptovalute.\" \/>\n<meta name=\"robots\" content=\"index, follow, max-snippet:-1, max-image-preview:large, max-video-preview:-1\" \/>\n<link rel=\"canonical\" href=\"https:\/\/22bet.team\/hr\/hockey\/\" \/>\n<meta property=\"og:locale\" content=\"hr_HR\" \/>\n<meta property=\"og:type\" content=\"article\" \/>\n<meta property=\"og:title\" content=\"22Bet kladjenje na hokej na ledu \u1409 Najbolje kvote i kla\u0111enje u\u017eivo\" \/>\n<meta property=\"og:description\" content=\"Kla\u0111enje na hokej s 22Betom! Licencirani kladioni\u010dar nudi \u0161irok izbor sportova, visoke kvote i unosne bonuse. Pridru\u017eite nam se za \u0161irok izbor oklada i sigurne uplate, uklju\u010duju\u0107i kriptovalute.\" \/>\n<meta property=\"og:url\" content=\"https:\/\/22bet.team\/hr\/hockey\/\" \/>\n<meta property=\"og:site_name\" content=\"22Bet Team hr\" \/>\n<meta property=\"article:modified_time\" content=\"2026-02-25T12:34:51+00:00\" \/>\n<meta name=\"twitter:card\" content=\"summary_large_image\" \/>\n<script type=\"application\/ld+json\" class=\"yoast-schema-graph\">{\"@context\":\"https:\/\/schema.org\",\"@graph\":[{\"@type\":\"WebPage\",\"@id\":\"https:\/\/22bet.team\/hr\/hockey\/\",\"url\":\"https:\/\/22bet.team\/hr\/hockey\/\",\"name\":\"22Bet kladjenje na hokej na ledu \u1409 Najbolje kvote i kla\u0111enje u\u017eivo\",\"isPartOf\":{\"@id\":\"http:\/\/22bet.team\/hr\/#website\"},\"datePublished\":\"2026-01-28T15:35:04+00:00\",\"dateModified\":\"2026-02-25T12:34:51+00:00\",\"description\":\"Kla\u0111enje na hokej s 22Betom! Licencirani kladioni\u010dar nudi \u0161irok izbor sportova, visoke kvote i unosne bonuse. Pridru\u017eite nam se za \u0161irok izbor oklada i sigurne uplate, uklju\u010duju\u0107i kriptovalute.\",\"breadcrumb\":{\"@id\":\"https:\/\/22bet.team\/hr\/hockey\/#breadcrumb\"},\"inLanguage\":\"hr\",\"potentialAction\":[{\"@type\":\"ReadAction\",\"target\":[\"https:\/\/22bet.team\/hr\/hockey\/\"]}]},{\"@type\":\"BreadcrumbList\",\"@id\":\"https:\/\/22bet.team\/hr\/hockey\/#breadcrumb\",\"itemListElement\":[{\"@type\":\"ListItem\",\"position\":1,\"name\":\"Home\",\"item\":\"http:\/\/22bet.team\/hr\/\"},{\"@type\":\"ListItem\",\"position\":2,\"name\":\"Hokeja\"}]},{\"@type\":\"WebSite\",\"@id\":\"http:\/\/22bet.team\/hr\/#website\",\"url\":\"http:\/\/22bet.team\/hr\/\",\"name\":\"22Bet Team hr\",\"description\":\"\",\"potentialAction\":[{\"@type\":\"SearchAction\",\"target\":{\"@type\":\"EntryPoint\",\"urlTemplate\":\"http:\/\/22bet.team\/hr\/?s={search_term_string}\"},\"query-input\":{\"@type\":\"PropertyValueSpecification\",\"valueRequired\":true,\"valueName\":\"search_term_string\"}}],\"inLanguage\":\"hr\"}]}<\/script>\n<!-- \/ Yoast SEO plugin. -->","yoast_head_json":{"title":"22Bet kladjenje na hokej na ledu \u1409 Najbolje kvote i kla\u0111enje u\u017eivo","description":"Kla\u0111enje na hokej s 22Betom! Licencirani kladioni\u010dar nudi \u0161irok izbor sportova, visoke kvote i unosne bonuse. Pridru\u017eite nam se za \u0161irok izbor oklada i sigurne uplate, uklju\u010duju\u0107i kriptovalute.","robots":{"index":"index","follow":"follow","max-snippet":"max-snippet:-1","max-image-preview":"max-image-preview:large","max-video-preview":"max-video-preview:-1"},"canonical":"https:\/\/22bet.team\/hr\/hockey\/","og_locale":"hr_HR","og_type":"article","og_title":"22Bet kladjenje na hokej na ledu \u1409 Najbolje kvote i kla\u0111enje u\u017eivo","og_description":"Kla\u0111enje na hokej s 22Betom! Licencirani kladioni\u010dar nudi \u0161irok izbor sportova, visoke kvote i unosne bonuse. Pridru\u017eite nam se za \u0161irok izbor oklada i sigurne uplate, uklju\u010duju\u0107i kriptovalute.","og_url":"https:\/\/22bet.team\/hr\/hockey\/","og_site_name":"22Bet Team hr","article_modified_time":"2026-02-25T12:34:51+00:00","twitter_card":"summary_large_image","schema":{"@context":"https:\/\/schema.org","@graph":[{"@type":"WebPage","@id":"https:\/\/22bet.team\/hr\/hockey\/","url":"https:\/\/22bet.team\/hr\/hockey\/","name":"22Bet kladjenje na hokej na ledu \u1409 Najbolje kvote i kla\u0111enje u\u017eivo","isPartOf":{"@id":"http:\/\/22bet.team\/hr\/#website"},"datePublished":"2026-01-28T15:35:04+00:00","dateModified":"2026-02-25T12:34:51+00:00","description":"Kla\u0111enje na hokej s 22Betom! Licencirani kladioni\u010dar nudi \u0161irok izbor sportova, visoke kvote i unosne bonuse. Pridru\u017eite nam se za \u0161irok izbor oklada i sigurne uplate, uklju\u010duju\u0107i kriptovalute.","breadcrumb":{"@id":"https:\/\/22bet.team\/hr\/hockey\/#breadcrumb"},"inLanguage":"hr","potentialAction":[{"@type":"ReadAction","target":["https:\/\/22bet.team\/hr\/hockey\/"]}]},{"@type":"BreadcrumbList","@id":"https:\/\/22bet.team\/hr\/hockey\/#breadcrumb","itemListElement":[{"@type":"ListItem","position":1,"name":"Home","item":"http:\/\/22bet.team\/hr\/"},{"@type":"ListItem","position":2,"name":"Hokeja"}]},{"@type":"WebSite","@id":"http:\/\/22bet.team\/hr\/#website","url":"http:\/\/22bet.team\/hr\/","name":"22Bet Team hr","description":"","potentialAction":[{"@type":"SearchAction","target":{"@type":"EntryPoint","urlTemplate":"http:\/\/22bet.team\/hr\/?s={search_term_string}"},"query-input":{"@type":"PropertyValueSpecification","valueRequired":true,"valueName":"search_term_string"}}],"inLanguage":"hr"}]}},"_links":{"self":[{"href":"https:\/\/22bet.team\/hr\/wp-json\/wp\/v2\/pages\/1177","targetHints":{"allow":["GET"]}}],"collection":[{"href":"https:\/\/22bet.team\/hr\/wp-json\/wp\/v2\/pages"}],"about":[{"href":"https:\/\/22bet.team\/hr\/wp-json\/wp\/v2\/types\/page"}],"author":[{"embeddable":true,"href":"https:\/\/22bet.team\/hr\/wp-json\/wp\/v2\/users\/1"}],"replies":[{"embeddable":true,"href":"https:\/\/22bet.team\/hr\/wp-json\/wp\/v2\/comments?post=1177"}],"version-history":[{"count":5,"href":"https:\/\/22bet.team\/hr\/wp-json\/wp\/v2\/pages\/1177\/revisions"}],"predecessor-version":[{"id":1243,"href":"https:\/\/22bet.team\/hr\/wp-json\/wp\/v2\/pages\/1177\/revisions\/1243"}],"wp:attachment":[{"href":"https:\/\/22bet.team\/hr\/wp-json\/wp\/v2\/media?parent=1177"}],"curies":[{"name":"wp","href":"https:\/\/api.w.org\/{rel}","templated":true}]}}